{"id":22,"date":"2014-09-18T12:19:57","date_gmt":"2014-09-18T11:19:57","guid":{"rendered":"http:\/\/agora.xtec.cat\/ceiptorreroja\/?page_id=22"},"modified":"2022-05-26T13:06:03","modified_gmt":"2022-05-26T11:06:03","slug":"lescola","status":"publish","type":"page","link":"https:\/\/agora.xtec.cat\/ceiptorreroja\/lescola\/","title":{"rendered":"L&#8217;escola"},"content":{"rendered":"<p style=\"text-align: justify;\"><span style=\"font-size: medium;\">L&#8217;escola Torre Roja est\u00e0 situada al municipi de Sant Pere de Vilamajor. Durant els \u00faltims vint-i-cinc anys ha crescut de forma considerable passant d&#8217;\u00e9sser una petita escola rural a una escola de dues l\u00ednies.<\/span><\/p>\n<p style=\"text-align: justify;\"><span style=\"font-size: medium;\">Despr\u00e9s de passar per diferents canvis, ampliacions i empla\u00e7aments, la nostra escola compta actualment amb un <a href=\"https:\/\/agora.xtec.cat\/ceiptorreroja\/lescola\/instal%c2%b7lacions\/\" target=\"_blank\" rel=\"noopener\">edifici complet i definitiu, amb tots els equipaments<\/a>.<\/span><\/p>\n<p style=\"text-align: justify;\"><span style=\"font-family: Arial; font-size: small;\"><span style=\"font-size: medium;\">Si per alguna cosa es caracteritza l&#8217;escola Torre Roja \u00e9s per la seva peculiaritat. Tot i cr\u00e9ixer, ha volgut continuar mantenint trets d&#8217;una escola rural que queden reflectits en la distribuci\u00f3 d&#8217;espais, alumnes i en les activitats que s&#8217;hi desenvolupen.<\/span><\/span><\/p>\n<p><a href=\"https:\/\/agora.xtec.cat\/ceiptorreroja\/wp-content\/uploads\/usu1673\/2021\/12\/Imagen1.png\"><img loading=\"lazy\" decoding=\"async\" class=\"alignnone size-full wp-image-3273\" src=\"https:\/\/agora.xtec.cat\/ceiptorreroja\/wp-content\/uploads\/usu1673\/2021\/12\/Imagen1.png\" alt=\"\" width=\"2000\" height=\"666\" srcset=\"https:\/\/agora.xtec.cat\/ceiptorreroja\/wp-content\/uploads\/usu1673\/2021\/12\/Imagen1.png 2000w, https:\/\/agora.xtec.cat\/ceiptorreroja\/wp-content\/uploads\/usu1673\/2021\/12\/Imagen1-300x100.png 300w, https:\/\/agora.xtec.cat\/ceiptorreroja\/wp-content\/uploads\/usu1673\/2021\/12\/Imagen1-1024x341.png 1024w, https:\/\/agora.xtec.cat\/ceiptorreroja\/wp-content\/uploads\/usu1673\/2021\/12\/Imagen1-768x256.png 768w, https:\/\/agora.xtec.cat\/ceiptorreroja\/wp-content\/uploads\/usu1673\/2021\/12\/Imagen1-1536x511.png 1536w\" sizes=\"auto, (max-width: 2000px) 100vw, 2000px\" \/><\/a><\/p>\n","protected":false},"excerpt":{"rendered":"<p>L&#8217;escola Torre Roja est\u00e0 situada al municipi de Sant Pere de Vilamajor. Durant els \u00faltims vint-i-cinc anys ha crescut de forma considerable passant d&#8217;\u00e9sser una petita escola rural a una escola de dues l\u00ednies.<br \/>\nDespr\u00e9s de passar per diferents canvis, ampliacions i empla\u00e7aments, la nostra escola&hellip;  <a href=\"https:\/\/agora.xtec.cat\/ceiptorreroja\/lescola\/\" title=\"Read L&#8217;escola\">Llegeix m\u00e9s\u00bb<\/a><\/p>\n","protected":false},"author":1,"featured_media":0,"parent":0,"menu_order":0,"comment_status":"closed","ping_status":"closed","template":"page-templates\/side-menu.php","meta":{"_bbp_topic_count":0,"_bbp_reply_count":0,"_bbp_total_topic_count":0,"_bbp_total_reply_count":0,"_bbp_voice_count":0,"_bbp_anonymous_reply_count":0,"_bbp_topic_count_hidden":0,"_bbp_reply_count_hidden":0,"_bbp_forum_subforum_count":0,"footnotes":""},"class_list":["post-22","page","type-page","status-publish","hentry"],"post_mailing_queue_ids":[],"_links":{"self":[{"href":"https:\/\/agora.xtec.cat\/ceiptorreroja\/wp-json\/wp\/v2\/pages\/22","targetHints":{"allow":["GET"]}}],"collection":[{"href":"https:\/\/agora.xtec.cat\/ceiptorreroja\/wp-json\/wp\/v2\/pages"}],"about":[{"href":"https:\/\/agora.xtec.cat\/ceiptorreroja\/wp-json\/wp\/v2\/types\/page"}],"author":[{"embeddable":true,"href":"https:\/\/agora.xtec.cat\/ceiptorreroja\/wp-json\/wp\/v2\/users\/1"}],"replies":[{"embeddable":true,"href":"https:\/\/agora.xtec.cat\/ceiptorreroja\/wp-json\/wp\/v2\/comments?post=22"}],"version-history":[{"count":3,"href":"https:\/\/agora.xtec.cat\/ceiptorreroja\/wp-json\/wp\/v2\/pages\/22\/revisions"}],"predecessor-version":[{"id":4191,"href":"https:\/\/agora.xtec.cat\/ceiptorreroja\/wp-json\/wp\/v2\/pages\/22\/revisions\/4191"}],"wp:attachment":[{"href":"https:\/\/agora.xtec.cat\/ceiptorreroja\/wp-json\/wp\/v2\/media?parent=22"}],"curies":[{"name":"wp","href":"https:\/\/api.w.org\/{rel}","templated":true}]}}