{"id":682,"date":"2020-11-29T19:07:39","date_gmt":"2020-11-29T18:07:39","guid":{"rendered":"https:\/\/agora.xtec.cat\/ceiptorrentdenmelis\/?page_id=682"},"modified":"2020-11-29T19:07:39","modified_gmt":"2020-11-29T18:07:39","slug":"fundacio-johan-cruyff","status":"publish","type":"page","link":"https:\/\/agora.xtec.cat\/ceiptorrentdenmelis\/lescola-participa-a\/fundacio-johan-cruyff\/","title":{"rendered":"Fundaci\u00f3 Johan Cruyff"},"content":{"rendered":"<h6>Esports adaptats<\/h6>\n<p>L&#8217;alumnat de 6\u00e8 participa en una jornada de sensibilitzaci\u00f3 i de descoberta de l\u2019esport adaptat. \u00c9s una activitat presentada i dirigida per membres de la Fundaci\u00f3 Cruyff dedicada a engegar diferents projectes amb l\u2019esport com a eina d\u2019inclusi\u00f3.<\/p>\n<p>A trav\u00e9s d\u2019una presentaci\u00f3 inicial, els alumnes poden con\u00e8ixer la figura de Johan Cruyff, els objectius i els projectes de la Fundaci\u00f3, i en concret les activitats d\u2019esport adaptat per a les diferents tipologies de discapacitat: f\u00edsiques, ps\u00edquiques i sensorials. \u00c9s una manera de valorar l\u2019esport com a eina d\u2019inclusi\u00f3 i de superaci\u00f3, i que amb majors o menors adaptacions qualsevol persona pot practicar un esport que li agradi.<\/p>\n<p>La part central de la sessi\u00f3 consisteix en un taller pr\u00e0ctic de diferents activitats adaptades, on els nens i nenes experimenten el b\u00e0squet amb cadira de rodes, el voleibol per a persones amb discapacitat f\u00edsica de cames, el Goalball per a persones amb discapacitat visual, i una ginkana dedicada a discapacitat ps\u00edquica.<\/p>\n<p>L&#8217;experi\u00e8ncia dels darrers anys ens diu que els infants gaudeixen molt amb les explicacions i l\u2019activitat, i que de ben segur els ajuda a ser m\u00e9s sensibles i estar m\u00e9s informats al voltant d\u2019aquestes activitats.<\/p>\n<p><a href=\"https:\/\/agora.xtec.cat\/ceiptorrentdenmelis\/wp-content\/uploads\/usu2278\/2020\/11\/Eduquem-a-trav\u00e9sd-lEsport-la-Caixa-Fundaci\u00f3-Cruyff.jpg\" target=\"_blank\" rel=\"noopener noreferrer\"><img loading=\"lazy\" decoding=\"async\" class=\"https:\/\/www.cruyff-foundation.org\/ca\/news\/seguirem-educant-a-traves-de-lesport\/ aligncenter wp-image-683\" src=\"https:\/\/agora.xtec.cat\/ceiptorrentdenmelis\/wp-content\/uploads\/usu2278\/2020\/11\/Eduquem-a-trav\u00e9sd-lEsport-la-Caixa-Fundaci\u00f3-Cruyff-983x1024.jpg\" alt=\"\" width=\"233\" height=\"243\" srcset=\"https:\/\/agora.xtec.cat\/ceiptorrentdenmelis\/wp-content\/uploads\/usu2278\/2020\/11\/Eduquem-a-trav\u00e9sd-lEsport-la-Caixa-Fundaci\u00f3-Cruyff-983x1024.jpg 983w, https:\/\/agora.xtec.cat\/ceiptorrentdenmelis\/wp-content\/uploads\/usu2278\/2020\/11\/Eduquem-a-trav\u00e9sd-lEsport-la-Caixa-Fundaci\u00f3-Cruyff-288x300.jpg 288w, https:\/\/agora.xtec.cat\/ceiptorrentdenmelis\/wp-content\/uploads\/usu2278\/2020\/11\/Eduquem-a-trav\u00e9sd-lEsport-la-Caixa-Fundaci\u00f3-Cruyff-768x800.jpg 768w, https:\/\/agora.xtec.cat\/ceiptorrentdenmelis\/wp-content\/uploads\/usu2278\/2020\/11\/Eduquem-a-trav\u00e9sd-lEsport-la-Caixa-Fundaci\u00f3-Cruyff.jpg 1260w\" sizes=\"auto, (max-width: 233px) 100vw, 233px\" \/><\/a><\/p>\n","protected":false},"excerpt":{"rendered":"<p>Esports adaptats L&#8217;alumnat de 6\u00e8 participa en una jornada de sensibilitzaci\u00f3 i de descoberta de l\u2019esport adaptat. \u00c9s una activitat presentada i dirigida per membres de la Fundaci\u00f3 Cruyff dedicada a engegar diferents projectes amb l\u2019esport com a eina d\u2019inclusi\u00f3. A trav\u00e9s d\u2019una presentaci\u00f3 inicial, els alumnes poden con\u00e8ixer la figura de Johan Cruyff, els [&hellip;]<\/p>\n","protected":false},"author":1,"featured_media":0,"parent":647,"menu_order":4,"comment_status":"closed","ping_status":"closed","template":"","meta":{"_bbp_topic_count":0,"_bbp_reply_count":0,"_bbp_total_topic_count":0,"_bbp_total_reply_count":0,"_bbp_voice_count":0,"_bbp_anonymous_reply_count":0,"_bbp_topic_count_hidden":0,"_bbp_reply_count_hidden":0,"_bbp_forum_subforum_count":0,"site-sidebar-layout":"default","site-content-layout":"","ast-site-content-layout":"","site-content-style":"default","site-sidebar-style":"default","ast-global-header-display":"","ast-banner-title-visibility":"","ast-main-header-display":"","ast-hfb-above-header-display":"","ast-hfb-below-header-display":"","ast-hfb-mobile-header-display":"","site-post-title":"","ast-breadcrumbs-content":"","ast-featured-img":"","footer-sml-layout":"","theme-transparent-header-meta":"","adv-header-id-meta":"","stick-header-meta":"","header-above-stick-meta":"","header-main-stick-meta":"","header-below-stick-meta":"","astra-migrate-meta-layouts":"default","ast-page-background-enabled":"default","ast-page-background-meta":{"desktop":{"background-color":"var(--ast-global-color-4)","background-image":"","background-repeat":"repeat","background-position":"center center","background-size":"auto","background-attachment":"scroll","background-type":"","background-media":"","overlay-type":"","overlay-color":"","overlay-opacity":"","overlay-gradient":""},"tablet":{"background-color":"","background-image":"","background-repeat":"repeat","background-position":"center center","background-size":"auto","background-attachment":"scroll","background-type":"","background-media":"","overlay-type":"","overlay-color":"","overlay-opacity":"","overlay-gradient":""},"mobile":{"background-color":"","background-image":"","background-repeat":"repeat","background-position":"center center","background-size":"auto","background-attachment":"scroll","background-type":"","background-media":"","overlay-type":"","overlay-color":"","overlay-opacity":"","overlay-gradient":""}},"ast-content-background-meta":{"desktop":{"background-color":"var(--ast-global-color-5)","background-image":"","background-repeat":"repeat","background-position":"center center","background-size":"auto","background-attachment":"scroll","background-type":"","background-media":"","overlay-type":"","overlay-color":"","overlay-opacity":"","overlay-gradient":""},"tablet":{"background-color":"var(--ast-global-color-5)","background-image":"","background-repeat":"repeat","background-position":"center center","background-size":"auto","background-attachment":"scroll","background-type":"","background-media":"","overlay-type":"","overlay-color":"","overlay-opacity":"","overlay-gradient":""},"mobile":{"background-color":"var(--ast-global-color-5)","background-image":"","background-repeat":"repeat","background-position":"center center","background-size":"auto","background-attachment":"scroll","background-type":"","background-media":"","overlay-type":"","overlay-color":"","overlay-opacity":"","overlay-gradient":""}},"footnotes":""},"class_list":["post-682","page","type-page","status-publish","hentry"],"post_mailing_queue_ids":[],"_links":{"self":[{"href":"https:\/\/agora.xtec.cat\/ceiptorrentdenmelis\/wp-json\/wp\/v2\/pages\/682","targetHints":{"allow":["GET"]}}],"collection":[{"href":"https:\/\/agora.xtec.cat\/ceiptorrentdenmelis\/wp-json\/wp\/v2\/pages"}],"about":[{"href":"https:\/\/agora.xtec.cat\/ceiptorrentdenmelis\/wp-json\/wp\/v2\/types\/page"}],"author":[{"embeddable":true,"href":"https:\/\/agora.xtec.cat\/ceiptorrentdenmelis\/wp-json\/wp\/v2\/users\/1"}],"replies":[{"embeddable":true,"href":"https:\/\/agora.xtec.cat\/ceiptorrentdenmelis\/wp-json\/wp\/v2\/comments?post=682"}],"version-history":[{"count":1,"href":"https:\/\/agora.xtec.cat\/ceiptorrentdenmelis\/wp-json\/wp\/v2\/pages\/682\/revisions"}],"predecessor-version":[{"id":684,"href":"https:\/\/agora.xtec.cat\/ceiptorrentdenmelis\/wp-json\/wp\/v2\/pages\/682\/revisions\/684"}],"up":[{"embeddable":true,"href":"https:\/\/agora.xtec.cat\/ceiptorrentdenmelis\/wp-json\/wp\/v2\/pages\/647"}],"wp:attachment":[{"href":"https:\/\/agora.xtec.cat\/ceiptorrentdenmelis\/wp-json\/wp\/v2\/media?parent=682"}],"curies":[{"name":"wp","href":"https:\/\/api.w.org\/{rel}","templated":true}]}}