{"id":649,"date":"2020-11-22T11:42:41","date_gmt":"2020-11-22T10:42:41","guid":{"rendered":"https:\/\/agora.xtec.cat\/ceiptorrentdenmelis\/?page_id=649"},"modified":"2020-11-29T11:21:27","modified_gmt":"2020-11-29T10:21:27","slug":"dansa-ara","status":"publish","type":"page","link":"https:\/\/agora.xtec.cat\/ceiptorrentdenmelis\/lescola-participa-a\/dansa-ara\/","title":{"rendered":"Dansa Ara"},"content":{"rendered":"<p>Dansa Ara \u00e9s un gran esdeveniment de dansa contempor\u00e0nia organitzat per l\u2019<a href=\"http:\/\/www.barcelona.cat\/\" target=\"_blank\" rel=\"noopener noreferrer\" data-aalisten=\"1\">Ajuntament de Barcelona<\/a> i adre\u00e7at a l\u2019alumnat de cicle inicial d\u2019escoles de Barcelona. En aquest cas,s\u00f3n els nostres infants de segon de prim\u00e0ria els participants i els encarregats de gaudir d&#8217;aquesta experi\u00e8ncia amb tant de ritme.<a href=\"https:\/\/agora.xtec.cat\/ceiptorrentdenmelis\/wp-content\/uploads\/usu2278\/2020\/11\/maxresdefault.jpg\"><img loading=\"lazy\" decoding=\"async\" class=\"wp-image-650 alignright\" src=\"https:\/\/agora.xtec.cat\/ceiptorrentdenmelis\/wp-content\/uploads\/usu2278\/2020\/11\/maxresdefault-300x169.jpg\" alt=\"\" width=\"355\" height=\"200\" srcset=\"https:\/\/agora.xtec.cat\/ceiptorrentdenmelis\/wp-content\/uploads\/usu2278\/2020\/11\/maxresdefault-300x169.jpg 300w, https:\/\/agora.xtec.cat\/ceiptorrentdenmelis\/wp-content\/uploads\/usu2278\/2020\/11\/maxresdefault-768x432.jpg 768w, https:\/\/agora.xtec.cat\/ceiptorrentdenmelis\/wp-content\/uploads\/usu2278\/2020\/11\/maxresdefault-1024x576.jpg 1024w, https:\/\/agora.xtec.cat\/ceiptorrentdenmelis\/wp-content\/uploads\/usu2278\/2020\/11\/maxresdefault.jpg 1280w\" sizes=\"auto, (max-width: 355px) 100vw, 355px\" \/><\/a><\/p>\n<p>T\u00e9 l&#8217;objectiu de promocionar l\u2019aprenentatge de les habilitats r\u00edtmiques i art\u00edstiques dels infants mitjan\u00e7ant la dansa contempor\u00e0nia.<\/p>\n<p>Despr\u00e9s del treball d\u2019aprenentatge d\u2019un repertori de danses amb el professorat al centre educatiu, l\u2019alumnat participa a una jornada de dansa en la qual els nens i les nenes s\u00f3n protagonistes d\u2019un gran espectacle de dansa contempor\u00e0nia que t\u00e9 lloc al <a href=\"http:\/\/www.palausantjordi.cat\/\" target=\"_blank\" rel=\"noopener noreferrer\" data-aalisten=\"1\">Palau Sant Jordi<\/a>. Degut a la COVID-19, la jornada d&#8217;aquest any es far\u00e0 de manera virtual.<\/p>\n<p>Aquesta activitat tamb\u00e9 compta amb la col\u00b7laboraci\u00f3 de les seg\u00fcents entitats: <a href=\"http:\/\/www.institutdelteatre.cat\/ca\/thm28\/graduats.htm\" target=\"_blank\" rel=\"noopener noreferrer\" data-aalisten=\"1\">Companyia IT Dansa de l\u2019Institut del Teatre<\/a>, <a href=\"https:\/\/factoriamascaro.wordpress.com\/\" target=\"_blank\" rel=\"noopener noreferrer\" data-aalisten=\"1\">Factoria Mascar\u00f3<\/a>, Palau Sant Jordi-BSM i Barcelona Promoci\u00f3- Anella Ol\u00edmpica.<\/p>\n<p>\u00c9s una de les activitats que estan incloses en el \u00a0<a href=\"http:\/\/w13.bcn.cat\/APPS\/wprpae\/general\/homeInit.do?method=cargar\" target=\"_blank\" rel=\"noopener noreferrer\" data-aalisten=\"1\">PAE (Programa d\u2019activitats escolars)<\/a>.<\/p>\n<p>&nbsp;<\/p>\n","protected":false},"excerpt":{"rendered":"<p>Dansa Ara \u00e9s un gran esdeveniment de dansa contempor\u00e0nia organitzat per l\u2019Ajuntament de Barcelona i adre\u00e7at a l\u2019alumnat de cicle inicial d\u2019escoles de Barcelona. En aquest cas,s\u00f3n els nostres infants de segon de prim\u00e0ria els participants i els encarregats de gaudir d&#8217;aquesta experi\u00e8ncia amb tant de ritme. T\u00e9 l&#8217;objectiu de promocionar l\u2019aprenentatge de les habilitats [&hellip;]<\/p>\n","protected":false},"author":1,"featured_media":0,"parent":647,"menu_order":0,"comment_status":"closed","ping_status":"closed","template":"","meta":{"_bbp_topic_count":0,"_bbp_reply_count":0,"_bbp_total_topic_count":0,"_bbp_total_reply_count":0,"_bbp_voice_count":0,"_bbp_anonymous_reply_count":0,"_bbp_topic_count_hidden":0,"_bbp_reply_count_hidden":0,"_bbp_forum_subforum_count":0,"site-sidebar-layout":"default","site-content-layout":"","ast-site-content-layout":"","site-content-style":"default","site-sidebar-style":"default","ast-global-header-display":"","ast-banner-title-visibility":"","ast-main-header-display":"","ast-hfb-above-header-display":"","ast-hfb-below-header-display":"","ast-hfb-mobile-header-display":"","site-post-title":"","ast-breadcrumbs-content":"","ast-featured-img":"","footer-sml-layout":"","theme-transparent-header-meta":"","adv-header-id-meta":"","stick-header-meta":"","header-above-stick-meta":"","header-main-stick-meta":"","header-below-stick-meta":"","astra-migrate-meta-layouts":"default","ast-page-background-enabled":"default","ast-page-background-meta":{"desktop":{"background-color":"var(--ast-global-color-4)","background-image":"","background-repeat":"repeat","background-position":"center center","background-size":"auto","background-attachment":"scroll","background-type":"","background-media":"","overlay-type":"","overlay-color":"","overlay-opacity":"","overlay-gradient":""},"tablet":{"background-color":"","background-image":"","background-repeat":"repeat","background-position":"center center","background-size":"auto","background-attachment":"scroll","background-type":"","background-media":"","overlay-type":"","overlay-color":"","overlay-opacity":"","overlay-gradient":""},"mobile":{"background-color":"","background-image":"","background-repeat":"repeat","background-position":"center center","background-size":"auto","background-attachment":"scroll","background-type":"","background-media":"","overlay-type":"","overlay-color":"","overlay-opacity":"","overlay-gradient":""}},"ast-content-background-meta":{"desktop":{"background-color":"var(--ast-global-color-5)","background-image":"","background-repeat":"repeat","background-position":"center center","background-size":"auto","background-attachment":"scroll","background-type":"","background-media":"","overlay-type":"","overlay-color":"","overlay-opacity":"","overlay-gradient":""},"tablet":{"background-color":"var(--ast-global-color-5)","background-image":"","background-repeat":"repeat","background-position":"center center","background-size":"auto","background-attachment":"scroll","background-type":"","background-media":"","overlay-type":"","overlay-color":"","overlay-opacity":"","overlay-gradient":""},"mobile":{"background-color":"var(--ast-global-color-5)","background-image":"","background-repeat":"repeat","background-position":"center center","background-size":"auto","background-attachment":"scroll","background-type":"","background-media":"","overlay-type":"","overlay-color":"","overlay-opacity":"","overlay-gradient":""}},"footnotes":""},"class_list":["post-649","page","type-page","status-publish","hentry"],"post_mailing_queue_ids":[],"_links":{"self":[{"href":"https:\/\/agora.xtec.cat\/ceiptorrentdenmelis\/wp-json\/wp\/v2\/pages\/649","targetHints":{"allow":["GET"]}}],"collection":[{"href":"https:\/\/agora.xtec.cat\/ceiptorrentdenmelis\/wp-json\/wp\/v2\/pages"}],"about":[{"href":"https:\/\/agora.xtec.cat\/ceiptorrentdenmelis\/wp-json\/wp\/v2\/types\/page"}],"author":[{"embeddable":true,"href":"https:\/\/agora.xtec.cat\/ceiptorrentdenmelis\/wp-json\/wp\/v2\/users\/1"}],"replies":[{"embeddable":true,"href":"https:\/\/agora.xtec.cat\/ceiptorrentdenmelis\/wp-json\/wp\/v2\/comments?post=649"}],"version-history":[{"count":2,"href":"https:\/\/agora.xtec.cat\/ceiptorrentdenmelis\/wp-json\/wp\/v2\/pages\/649\/revisions"}],"predecessor-version":[{"id":681,"href":"https:\/\/agora.xtec.cat\/ceiptorrentdenmelis\/wp-json\/wp\/v2\/pages\/649\/revisions\/681"}],"up":[{"embeddable":true,"href":"https:\/\/agora.xtec.cat\/ceiptorrentdenmelis\/wp-json\/wp\/v2\/pages\/647"}],"wp:attachment":[{"href":"https:\/\/agora.xtec.cat\/ceiptorrentdenmelis\/wp-json\/wp\/v2\/media?parent=649"}],"curies":[{"name":"wp","href":"https:\/\/api.w.org\/{rel}","templated":true}]}}