{"id":624,"date":"2020-10-27T17:58:20","date_gmt":"2020-10-27T16:58:20","guid":{"rendered":"https:\/\/agora.xtec.cat\/ceiptorrentdenmelis\/?page_id=624"},"modified":"2024-10-03T08:38:42","modified_gmt":"2024-10-03T06:38:42","slug":"consell-escolar","status":"publish","type":"page","link":"https:\/\/agora.xtec.cat\/ceiptorrentdenmelis\/lescola\/consell-escolar\/","title":{"rendered":"Consell escolar"},"content":{"rendered":"<p>El Consell escolar \u00e9s l\u2019\u00f2rgan col\u00b7legiat de participaci\u00f3 de la comunitat educativa en el govern del centre. Hi ha representats la direcci\u00f3, l\u2019equip de mestres, les fam\u00edlies, el personal d\u2019administraci\u00f3 i serveis i l\u2019Ajuntament.<\/p>\n<p>En els centres p\u00fablics, la funci\u00f3 principal del consell escolar \u00e9s participar en la presa de decisions en relaci\u00f3 amb aquells temes importants per al bon funcionament i organitzaci\u00f3 del centre. Les persones membres del consell escolar s\u00f3n elegides per un per\u00edode de quatre anys i es renoven per meitats cada dos anys.<\/p>\n<table style=\"height: 529px; width: 78.8693%;\" width=\"496\">\n<tbody>\n<tr style=\"height: 31px;\">\n<td style=\"text-align: center; width: 122.602%; height: 31px;\" colspan=\"4\"><strong>COMPOSICI\u00d3 DEL CONSELL ESCOLAR<\/strong><strong><br \/>\n<\/strong><\/td>\n<\/tr>\n<tr style=\"height: 31px;\">\n<td style=\"width: 30.9581%; height: 31px; text-align: center;\" colspan=\"2\"><strong>Secci\u00f3 Fam\u00edlies<\/strong><\/td>\n<td style=\"width: 30.8211%; height: 31px; text-align: center;\"><strong>Secci\u00f3 Mestres<\/strong><\/td>\n<td style=\"width: 60.8231%; height: 31px; text-align: center;\"><strong>Secci\u00f3 administraci\u00f3<\/strong><\/td>\n<\/tr>\n<tr style=\"height: 31px;\">\n<td style=\"width: 30.9581%; height: 31px;\" colspan=\"2\">Gemma Rodr\u00edguez<\/td>\n<td style=\"width: 30.8211%; height: 31px;\">Clara Hidalgo<\/td>\n<td style=\"width: 60.8231%; height: 31px;\">Albert Ciur\u00f3 (PAS)<\/td>\n<\/tr>\n<tr style=\"height: 31px;\">\n<td style=\"width: 30.9581%; height: 31px;\" colspan=\"2\">M\u00f3nica Calder\u00f3n<\/td>\n<td style=\"width: 30.8211%; height: 31px;\">Gemma Arcas<\/td>\n<td style=\"width: 60.8231%; height: 31px;\">Cristina Gracia (AMPA)<\/td>\n<\/tr>\n<tr style=\"height: 31px;\">\n<td style=\"width: 30.9581%; height: 31px;\" colspan=\"2\">Elisenda Callado<\/td>\n<td style=\"width: 30.8211%; height: 31px;\">Joan Coll<\/td>\n<td style=\"width: 60.8231%; height: 31px;\">Ana Rigalt\u00a0 (Ajuntament)<\/td>\n<\/tr>\n<tr style=\"height: 31px;\">\n<td style=\"width: 30.9581%; height: 31px;\" colspan=\"2\">Maria Catal\u00e0<\/td>\n<td style=\"width: 30.8211%; height: 31px;\">Albert Villarroya<\/td>\n<td style=\"width: 60.8231%; height: 31px;\">Sonia Gozalbo (Presidenta)<\/td>\n<\/tr>\n<tr style=\"height: 31px;\">\n<td style=\"width: 30.9581%; height: 31px;\" colspan=\"2\">Francisco Lopez<\/td>\n<td style=\"width: 30.8211%; height: 31px;\">Gemma Rife<\/td>\n<td style=\"width: 60.8231%; height: 31px;\">Sandra Cancio (Cap d&#8217;estudis)<\/td>\n<\/tr>\n<tr style=\"height: 31px;\">\n<td style=\"width: 61.7792%; height: 31px;\" colspan=\"3\"><\/td>\n<td style=\"width: 60.8231%; height: 31px;\">M\u00f2nica Alves(Secret\u00e0ria)<\/td>\n<\/tr>\n<\/tbody>\n<\/table>\n","protected":false},"excerpt":{"rendered":"<p>El Consell escolar \u00e9s l\u2019\u00f2rgan col\u00b7legiat de participaci\u00f3 de la comunitat educativa en el govern del centre. Hi ha representats la direcci\u00f3, l\u2019equip de mestres, les fam\u00edlies, el personal d\u2019administraci\u00f3 i serveis i l\u2019Ajuntament. En els centres p\u00fablics, la funci\u00f3 principal del consell escolar \u00e9s participar en la presa de decisions en relaci\u00f3 amb aquells [&hellip;]<\/p>\n","protected":false},"author":1,"featured_media":0,"parent":22,"menu_order":5,"comment_status":"closed","ping_status":"closed","template":"","meta":{"_bbp_topic_count":0,"_bbp_reply_count":0,"_bbp_total_topic_count":0,"_bbp_total_reply_count":0,"_bbp_voice_count":0,"_bbp_anonymous_reply_count":0,"_bbp_topic_count_hidden":0,"_bbp_reply_count_hidden":0,"_bbp_forum_subforum_count":0,"site-sidebar-layout":"default","site-content-layout":"","ast-site-content-layout":"","site-content-style":"default","site-sidebar-style":"default","ast-global-header-display":"","ast-banner-title-visibility":"","ast-main-header-display":"","ast-hfb-above-header-display":"","ast-hfb-below-header-display":"","ast-hfb-mobile-header-display":"","site-post-title":"","ast-breadcrumbs-content":"","ast-featured-img":"","footer-sml-layout":"","theme-transparent-header-meta":"","adv-header-id-meta":"","stick-header-meta":"","header-above-stick-meta":"","header-main-stick-meta":"","header-below-stick-meta":"","astra-migrate-meta-layouts":"default","ast-page-background-enabled":"default","ast-page-background-meta":{"desktop":{"background-color":"var(--ast-global-color-4)","background-image":"","background-repeat":"repeat","background-position":"center center","background-size":"auto","background-attachment":"scroll","background-type":"","background-media":"","overlay-type":"","overlay-color":"","overlay-opacity":"","overlay-gradient":""},"tablet":{"background-color":"","background-image":"","background-repeat":"repeat","background-position":"center center","background-size":"auto","background-attachment":"scroll","background-type":"","background-media":"","overlay-type":"","overlay-color":"","overlay-opacity":"","overlay-gradient":""},"mobile":{"background-color":"","background-image":"","background-repeat":"repeat","background-position":"center center","background-size":"auto","background-attachment":"scroll","background-type":"","background-media":"","overlay-type":"","overlay-color":"","overlay-opacity":"","overlay-gradient":""}},"ast-content-background-meta":{"desktop":{"background-color":"var(--ast-global-color-5)","background-image":"","background-repeat":"repeat","background-position":"center center","background-size":"auto","background-attachment":"scroll","background-type":"","background-media":"","overlay-type":"","overlay-color":"","overlay-opacity":"","overlay-gradient":""},"tablet":{"background-color":"var(--ast-global-color-5)","background-image":"","background-repeat":"repeat","background-position":"center center","background-size":"auto","background-attachment":"scroll","background-type":"","background-media":"","overlay-type":"","overlay-color":"","overlay-opacity":"","overlay-gradient":""},"mobile":{"background-color":"var(--ast-global-color-5)","background-image":"","background-repeat":"repeat","background-position":"center center","background-size":"auto","background-attachment":"scroll","background-type":"","background-media":"","overlay-type":"","overlay-color":"","overlay-opacity":"","overlay-gradient":""}},"footnotes":""},"class_list":["post-624","page","type-page","status-publish","hentry"],"post_mailing_queue_ids":[],"_links":{"self":[{"href":"https:\/\/agora.xtec.cat\/ceiptorrentdenmelis\/wp-json\/wp\/v2\/pages\/624","targetHints":{"allow":["GET"]}}],"collection":[{"href":"https:\/\/agora.xtec.cat\/ceiptorrentdenmelis\/wp-json\/wp\/v2\/pages"}],"about":[{"href":"https:\/\/agora.xtec.cat\/ceiptorrentdenmelis\/wp-json\/wp\/v2\/types\/page"}],"author":[{"embeddable":true,"href":"https:\/\/agora.xtec.cat\/ceiptorrentdenmelis\/wp-json\/wp\/v2\/users\/1"}],"replies":[{"embeddable":true,"href":"https:\/\/agora.xtec.cat\/ceiptorrentdenmelis\/wp-json\/wp\/v2\/comments?post=624"}],"version-history":[{"count":5,"href":"https:\/\/agora.xtec.cat\/ceiptorrentdenmelis\/wp-json\/wp\/v2\/pages\/624\/revisions"}],"predecessor-version":[{"id":1557,"href":"https:\/\/agora.xtec.cat\/ceiptorrentdenmelis\/wp-json\/wp\/v2\/pages\/624\/revisions\/1557"}],"up":[{"embeddable":true,"href":"https:\/\/agora.xtec.cat\/ceiptorrentdenmelis\/wp-json\/wp\/v2\/pages\/22"}],"wp:attachment":[{"href":"https:\/\/agora.xtec.cat\/ceiptorrentdenmelis\/wp-json\/wp\/v2\/media?parent=624"}],"curies":[{"name":"wp","href":"https:\/\/api.w.org\/{rel}","templated":true}]}}