{"id":550,"date":"2020-10-19T20:54:23","date_gmt":"2020-10-19T18:54:23","guid":{"rendered":"https:\/\/agora.xtec.cat\/ceiptorrentdenmelis\/?page_id=550"},"modified":"2022-06-27T17:42:43","modified_gmt":"2022-06-27T15:42:43","slug":"projecte-liguistic","status":"publish","type":"page","link":"https:\/\/agora.xtec.cat\/ceiptorrentdenmelis\/projecte-educatiu\/projecte-liguistic\/","title":{"rendered":"Projecte Lig\u00fc\u00edstic"},"content":{"rendered":"<h4><a href=\"https:\/\/drive.google.com\/file\/d\/1SwWgpmQFH6RqUdNViHLYGltpzHDWjDHl\/view?usp=sharing\">Projecte Ling\u00fc\u00edstic de centre <\/a><\/h4>\n<p style=\"text-align: justify;\">El Projecte Ling\u00fc\u00edstic de Centre (PLC) \u00e9s un document que forma part del Projecte<br \/>\nEducatiu de Centre (PEC) i que recull els seg\u00fcents aspectes:<\/p>\n<ul style=\"text-align: justify;\">\n<li>El paper de la llengua catalana com a eix vertebrador del nostre projecte<br \/>\neducatiu pluriling\u00fce i intercultural.<\/li>\n<li>El tractament de les lleng\u00fces (tant de les curriculars, com d\u2019altres) i les<br \/>\npropostes educatives per a l\u2019ensenyament i l\u2019aprenentatge de les lleng\u00fces i la<br \/>\ncomunicaci\u00f3 en el nostre centre (tant en els espais d\u2019educaci\u00f3 formal, com en<br \/>\nels d\u2019educaci\u00f3 no formal).<\/li>\n<li>Els aspectes ling\u00fc\u00edstics que tinguin repercussions organitzatives i en la gesti\u00f3<br \/>\ndel centre educatiu.<\/li>\n<\/ul>\n<p style=\"text-align: justify;\">El PLC \u00e9s el document marc que parteix d\u2019una an\u00e0lisi i reflexi\u00f3 interna del centre i que<br \/>\nrecull les directrius i les l\u00ednies d\u2019actuaci\u00f3 adoptades per la nostra comunitat educativa a<br \/>\npartir d\u2019aquesta an\u00e0lisi en relaci\u00f3 amb l\u2019organitzaci\u00f3, gesti\u00f3, tractament, \u00fas i<br \/>\nensenyament &#8211; aprenentatge de les lleng\u00fces al centre, d\u2019acord amb la normativa vigent<br \/>\nper\u00f2 amb l\u2019autonomia que ens atorga la pr\u00f2pia llei, tenint present la consideraci\u00f3<br \/>\ninstitucional de l\u2019escola Torrent d\u2019en Melis.<\/p>\n<p style=\"text-align: center;\">Podeu llegir el Projecte Ling\u00fc\u00edstic de l&#8217;escola Torrent d&#8217;en Melis a continuaci\u00f3:\u00a0<a href=\"https:\/\/drive.google.com\/file\/d\/1SwWgpmQFH6RqUdNViHLYGltpzHDWjDHl\/view?usp=sharing\"><img loading=\"lazy\" decoding=\"async\" class=\"aligncenter wp-image-1080\" src=\"https:\/\/agora.xtec.cat\/ceiptorrentdenmelis\/wp-content\/uploads\/usu2278\/2022\/06\/plc.jpg\" alt=\"\" width=\"311\" height=\"426\" srcset=\"https:\/\/agora.xtec.cat\/ceiptorrentdenmelis\/wp-content\/uploads\/usu2278\/2022\/06\/plc.jpg 601w, https:\/\/agora.xtec.cat\/ceiptorrentdenmelis\/wp-content\/uploads\/usu2278\/2022\/06\/plc-219x300.jpg 219w\" sizes=\"auto, (max-width: 311px) 100vw, 311px\" \/><\/a><\/p>\n<p>&nbsp;<\/p>\n","protected":false},"excerpt":{"rendered":"<p>Projecte Ling\u00fc\u00edstic de centre El Projecte Ling\u00fc\u00edstic de Centre (PLC) \u00e9s un document que forma part del Projecte Educatiu de Centre (PEC) i que recull els seg\u00fcents aspectes: El paper de la llengua catalana com a eix vertebrador del nostre projecte educatiu pluriling\u00fce i intercultural. El tractament de les lleng\u00fces (tant de les curriculars, com [&hellip;]<\/p>\n","protected":false},"author":1,"featured_media":0,"parent":64,"menu_order":5,"comment_status":"closed","ping_status":"closed","template":"","meta":{"_bbp_topic_count":0,"_bbp_reply_count":0,"_bbp_total_topic_count":0,"_bbp_total_reply_count":0,"_bbp_voice_count":0,"_bbp_anonymous_reply_count":0,"_bbp_topic_count_hidden":0,"_bbp_reply_count_hidden":0,"_bbp_forum_subforum_count":0,"site-sidebar-layout":"default","site-content-layout":"","ast-site-content-layout":"","site-content-style":"default","site-sidebar-style":"default","ast-global-header-display":"","ast-banner-title-visibility":"","ast-main-header-display":"","ast-hfb-above-header-display":"","ast-hfb-below-header-display":"","ast-hfb-mobile-header-display":"","site-post-title":"","ast-breadcrumbs-content":"","ast-featured-img":"","footer-sml-layout":"","theme-transparent-header-meta":"","adv-header-id-meta":"","stick-header-meta":"","header-above-stick-meta":"","header-main-stick-meta":"","header-below-stick-meta":"","astra-migrate-meta-layouts":"default","ast-page-background-enabled":"default","ast-page-background-meta":{"desktop":{"background-color":"var(--ast-global-color-4)","background-image":"","background-repeat":"repeat","background-position":"center center","background-size":"auto","background-attachment":"scroll","background-type":"","background-media":"","overlay-type":"","overlay-color":"","overlay-opacity":"","overlay-gradient":""},"tablet":{"background-color":"","background-image":"","background-repeat":"repeat","background-position":"center center","background-size":"auto","background-attachment":"scroll","background-type":"","background-media":"","overlay-type":"","overlay-color":"","overlay-opacity":"","overlay-gradient":""},"mobile":{"background-color":"","background-image":"","background-repeat":"repeat","background-position":"center center","background-size":"auto","background-attachment":"scroll","background-type":"","background-media":"","overlay-type":"","overlay-color":"","overlay-opacity":"","overlay-gradient":""}},"ast-content-background-meta":{"desktop":{"background-color":"var(--ast-global-color-5)","background-image":"","background-repeat":"repeat","background-position":"center center","background-size":"auto","background-attachment":"scroll","background-type":"","background-media":"","overlay-type":"","overlay-color":"","overlay-opacity":"","overlay-gradient":""},"tablet":{"background-color":"var(--ast-global-color-5)","background-image":"","background-repeat":"repeat","background-position":"center center","background-size":"auto","background-attachment":"scroll","background-type":"","background-media":"","overlay-type":"","overlay-color":"","overlay-opacity":"","overlay-gradient":""},"mobile":{"background-color":"var(--ast-global-color-5)","background-image":"","background-repeat":"repeat","background-position":"center center","background-size":"auto","background-attachment":"scroll","background-type":"","background-media":"","overlay-type":"","overlay-color":"","overlay-opacity":"","overlay-gradient":""}},"footnotes":""},"class_list":["post-550","page","type-page","status-publish","hentry"],"post_mailing_queue_ids":[],"_links":{"self":[{"href":"https:\/\/agora.xtec.cat\/ceiptorrentdenmelis\/wp-json\/wp\/v2\/pages\/550","targetHints":{"allow":["GET"]}}],"collection":[{"href":"https:\/\/agora.xtec.cat\/ceiptorrentdenmelis\/wp-json\/wp\/v2\/pages"}],"about":[{"href":"https:\/\/agora.xtec.cat\/ceiptorrentdenmelis\/wp-json\/wp\/v2\/types\/page"}],"author":[{"embeddable":true,"href":"https:\/\/agora.xtec.cat\/ceiptorrentdenmelis\/wp-json\/wp\/v2\/users\/1"}],"replies":[{"embeddable":true,"href":"https:\/\/agora.xtec.cat\/ceiptorrentdenmelis\/wp-json\/wp\/v2\/comments?post=550"}],"version-history":[{"count":3,"href":"https:\/\/agora.xtec.cat\/ceiptorrentdenmelis\/wp-json\/wp\/v2\/pages\/550\/revisions"}],"predecessor-version":[{"id":1081,"href":"https:\/\/agora.xtec.cat\/ceiptorrentdenmelis\/wp-json\/wp\/v2\/pages\/550\/revisions\/1081"}],"up":[{"embeddable":true,"href":"https:\/\/agora.xtec.cat\/ceiptorrentdenmelis\/wp-json\/wp\/v2\/pages\/64"}],"wp:attachment":[{"href":"https:\/\/agora.xtec.cat\/ceiptorrentdenmelis\/wp-json\/wp\/v2\/media?parent=550"}],"curies":[{"name":"wp","href":"https:\/\/api.w.org\/{rel}","templated":true}]}}