{"id":535,"date":"2020-10-19T20:13:56","date_gmt":"2020-10-19T18:13:56","guid":{"rendered":"https:\/\/agora.xtec.cat\/ceiptorrentdenmelis\/?page_id=535"},"modified":"2024-09-20T19:29:05","modified_gmt":"2024-09-20T17:29:05","slug":"nofc-normativa-dorganitzacio-i-funcionament-de-centre","status":"publish","type":"page","link":"https:\/\/agora.xtec.cat\/ceiptorrentdenmelis\/projecte-educatiu\/nofc-normativa-dorganitzacio-i-funcionament-de-centre\/","title":{"rendered":"NOFC &#8211; Normativa d&#8217;organitzaci\u00f3 i funcionament de centre (en revisi\u00f3)"},"content":{"rendered":"<h3><a href=\"https:\/\/drive.google.com\/file\/d\/1CFJNnQaofOWY0h23X0qfu544vOr4jECy\/view?usp=sharing\">Normativa (NOFC)<\/a><\/h3>\n<p><span style=\"font-weight: 400;\">Cal entendre el NOFC com una eina que ha de servir per regular la vida interna del Centre, establir i concretar les relacions entre els diferents sectors que formen la nostra comunitat educativa. Ens ha de servir per garantir la conviv\u00e8ncia, tot i considerant els seus drets i deures, de tots els membres integrants de la comunitat educativa i el bon funcionament del Centre.\u00a0<\/span><\/p>\n<p><span style=\"font-weight: 400;\">Les NOFC estructuren normes t\u00e8cniques, funcionals, pedag\u00f2giques i administratives per a portar a terme el proc\u00e9s educatiu i disposa de mecanismes adequats perla seva difusi\u00f3, el seu coneixement, avaluaci\u00f3 i modificaci\u00f3 per adaptar-lo a les noves necessitats del Centre, i aix\u00ed poder millorar aquells aspectes que es considerin convenients. Per tant, tindr\u00e0 sempre en aquest sentit, un car\u00e0cter de permanent actualitzaci\u00f3 i millora segons els mecanismes establerts en aquestes NOFC.<\/span><\/p>\n<h5 style=\"text-align: center;\"><a href=\"https:\/\/drive.google.com\/file\/d\/1CFJNnQaofOWY0h23X0qfu544vOr4jECy\/view?usp=sharing\"><span style=\"text-decoration: underline;\"><strong>NOFC Torrent d&#8217;en Melis<\/strong><\/span><\/a><\/h5>\n","protected":false},"excerpt":{"rendered":"<p>Normativa (NOFC) Cal entendre el NOFC com una eina que ha de servir per regular la vida interna del Centre, establir i concretar les relacions entre els diferents sectors que formen la nostra comunitat educativa. Ens ha de servir per garantir la conviv\u00e8ncia, tot i considerant els seus drets i deures, de tots els membres [&hellip;]<\/p>\n","protected":false},"author":1,"featured_media":0,"parent":64,"menu_order":3,"comment_status":"closed","ping_status":"closed","template":"","meta":{"_bbp_topic_count":0,"_bbp_reply_count":0,"_bbp_total_topic_count":0,"_bbp_total_reply_count":0,"_bbp_voice_count":0,"_bbp_anonymous_reply_count":0,"_bbp_topic_count_hidden":0,"_bbp_reply_count_hidden":0,"_bbp_forum_subforum_count":0,"site-sidebar-layout":"default","site-content-layout":"","ast-site-content-layout":"","site-content-style":"default","site-sidebar-style":"default","ast-global-header-display":"","ast-banner-title-visibility":"","ast-main-header-display":"","ast-hfb-above-header-display":"","ast-hfb-below-header-display":"","ast-hfb-mobile-header-display":"","site-post-title":"","ast-breadcrumbs-content":"","ast-featured-img":"","footer-sml-layout":"","theme-transparent-header-meta":"","adv-header-id-meta":"","stick-header-meta":"","header-above-stick-meta":"","header-main-stick-meta":"","header-below-stick-meta":"","astra-migrate-meta-layouts":"default","ast-page-background-enabled":"default","ast-page-background-meta":{"desktop":{"background-color":"var(--ast-global-color-4)","background-image":"","background-repeat":"repeat","background-position":"center center","background-size":"auto","background-attachment":"scroll","background-type":"","background-media":"","overlay-type":"","overlay-color":"","overlay-opacity":"","overlay-gradient":""},"tablet":{"background-color":"","background-image":"","background-repeat":"repeat","background-position":"center center","background-size":"auto","background-attachment":"scroll","background-type":"","background-media":"","overlay-type":"","overlay-color":"","overlay-opacity":"","overlay-gradient":""},"mobile":{"background-color":"","background-image":"","background-repeat":"repeat","background-position":"center center","background-size":"auto","background-attachment":"scroll","background-type":"","background-media":"","overlay-type":"","overlay-color":"","overlay-opacity":"","overlay-gradient":""}},"ast-content-background-meta":{"desktop":{"background-color":"var(--ast-global-color-5)","background-image":"","background-repeat":"repeat","background-position":"center center","background-size":"auto","background-attachment":"scroll","background-type":"","background-media":"","overlay-type":"","overlay-color":"","overlay-opacity":"","overlay-gradient":""},"tablet":{"background-color":"var(--ast-global-color-5)","background-image":"","background-repeat":"repeat","background-position":"center center","background-size":"auto","background-attachment":"scroll","background-type":"","background-media":"","overlay-type":"","overlay-color":"","overlay-opacity":"","overlay-gradient":""},"mobile":{"background-color":"var(--ast-global-color-5)","background-image":"","background-repeat":"repeat","background-position":"center center","background-size":"auto","background-attachment":"scroll","background-type":"","background-media":"","overlay-type":"","overlay-color":"","overlay-opacity":"","overlay-gradient":""}},"footnotes":""},"class_list":["post-535","page","type-page","status-publish","hentry"],"post_mailing_queue_ids":[],"_links":{"self":[{"href":"https:\/\/agora.xtec.cat\/ceiptorrentdenmelis\/wp-json\/wp\/v2\/pages\/535","targetHints":{"allow":["GET"]}}],"collection":[{"href":"https:\/\/agora.xtec.cat\/ceiptorrentdenmelis\/wp-json\/wp\/v2\/pages"}],"about":[{"href":"https:\/\/agora.xtec.cat\/ceiptorrentdenmelis\/wp-json\/wp\/v2\/types\/page"}],"author":[{"embeddable":true,"href":"https:\/\/agora.xtec.cat\/ceiptorrentdenmelis\/wp-json\/wp\/v2\/users\/1"}],"replies":[{"embeddable":true,"href":"https:\/\/agora.xtec.cat\/ceiptorrentdenmelis\/wp-json\/wp\/v2\/comments?post=535"}],"version-history":[{"count":4,"href":"https:\/\/agora.xtec.cat\/ceiptorrentdenmelis\/wp-json\/wp\/v2\/pages\/535\/revisions"}],"predecessor-version":[{"id":1554,"href":"https:\/\/agora.xtec.cat\/ceiptorrentdenmelis\/wp-json\/wp\/v2\/pages\/535\/revisions\/1554"}],"up":[{"embeddable":true,"href":"https:\/\/agora.xtec.cat\/ceiptorrentdenmelis\/wp-json\/wp\/v2\/pages\/64"}],"wp:attachment":[{"href":"https:\/\/agora.xtec.cat\/ceiptorrentdenmelis\/wp-json\/wp\/v2\/media?parent=535"}],"curies":[{"name":"wp","href":"https:\/\/api.w.org\/{rel}","templated":true}]}}