{"id":36,"date":"2014-09-18T12:33:11","date_gmt":"2014-09-18T11:33:11","guid":{"rendered":"http:\/\/agora.xtec.cat\/ceiptorrentdenmelis\/?page_id=36"},"modified":"2026-02-28T19:50:04","modified_gmt":"2026-02-28T18:50:04","slug":"material-escolar","status":"publish","type":"page","link":"https:\/\/agora.xtec.cat\/ceiptorrentdenmelis\/lescola\/material-escolar\/","title":{"rendered":"Material escolar"},"content":{"rendered":"<h5 style=\"text-align: left;\">APORTACIONS ECON\u00d2MIQUES DE MATERIALS I SORTIDES<\/h5>\n<p style=\"text-align: left;\">A la nostra escola el material escolar, les activitats extraordin\u00e0ries i les sortides s\u00f3n socialitzades, aix\u00f2 vol dir que l\u2019import que les fam\u00edlies aporten \u00e9s igual per a tot l\u2019alumnat des d&#8217;Infantil 3 fins a 6\u00e8 de prim\u00e0ria. Aquesta aportaci\u00f3 inclou tot el material escolar que utilitzen els nens i nenes en el seu dia a dia aix\u00ed com les sortides i\/o activitats que es realitzen al llarg de tot el curs.<br \/>\nL\u2019aportaci\u00f3 per a tot el curs \u00e9s de <strong>190\u20ac<\/strong> i es realitza de la seg\u00fcent manera:<\/p>\n<ol>\n<li style=\"list-style-type: none;\">\n<ol style=\"list-style-type: lower-alpha;\">\n<li style=\"text-align: left;\">Les aportacions econ\u00f2miques es fan a trav\u00e9s de l&#8217;aplicaci\u00f3 <strong>Dinantia.<\/strong><\/li>\n<li style=\"text-align: left;\">Les aportacions s\u00f3n de <strong>70\u20ac, 60\u20ac i 60\u20ac<\/strong>\u00a0 tot i que tamb\u00e9 es pot realitzar l\u2019import complet de tot el curs de <strong>190\u20ac<\/strong> al setembre si la fam\u00edlia ho comunica a la secretaria de l\u2019escola.<br \/>\nLes aportacions es passaran la primera setmana de:<\/p>\n<ul>\n<li style=\"list-style-type: none;\">\n<ul>\n<li style=\"list-style-type: none;\">\n<ul>\n<li style=\"list-style-type: none;\">\n<ul>\n<li style=\"list-style-type: none;\">\n<ul>\n<li style=\"text-align: left;\">Setembre 70\u20ac<\/li>\n<li style=\"text-align: left;\">Desembre 60\u20ac<\/li>\n<li style=\"text-align: left;\">Mar\u00e7 60\u20ac<\/li>\n<\/ul>\n<\/li>\n<\/ul>\n<\/li>\n<\/ul>\n<\/li>\n<\/ul>\n<\/li>\n<\/ul>\n<\/li>\n<\/ol>\n<\/li>\n<\/ol>\n<p style=\"text-align: left;\">Les fam\u00edlies que tinguin alguna dificultat per fer l&#8217;aportaci\u00f3 econ\u00f2mica amb el Dinantia podr\u00e0 fer-ho a trav\u00e9s del compte bancari ES 26 2100 3166 6122 0015 1803 i enviar el justificant a la secretaria de l\u2019escola on consti el nom i curs de l\u2019alumne per facilitar la gesti\u00f3 i evitar malentesos.<\/p>\n<p>Des de la direcci\u00f3 de l&#8217;escola s&#8217;informa a les fam\u00edlies en una situaci\u00f3 econ\u00f2mica desfavorida dels diferents suports de l&#8217;administraci\u00f3.<\/p>\n<p><strong>Servei de Menjador <\/strong>( aquest servei disposa de diversos men\u00fas) preu diari de<strong> 7,54\u20ac <\/strong>( curs 25-26)<\/p>\n<p>Les <strong>activitats complement\u00e0ries<\/strong> que es realitzen a l&#8217;escola s\u00f3n:<\/p>\n<table style=\"border-collapse: collapse; width: 74.4595%; height: 96px;\">\n<tbody>\n<tr style=\"height: 32px;\">\n<td style=\"width: 42.0145%; height: 32px;\"><strong>Col\u00f2nies (des d&#8217;i5 a 6\u00e8)<\/strong><\/td>\n<td style=\"width: 32.445%; height: 32px;\">130 a 200\u20ac aproximadament<\/td>\n<\/tr>\n<tr style=\"height: 32px;\">\n<td style=\"width: 42.0145%; height: 32px;\"><strong>Piscina 1r (Tot el curs) i 6\u00e8 (un trimestre)<\/strong><\/td>\n<td style=\"width: 32.445%; height: 32px;\">subvencionat<\/td>\n<\/tr>\n<tr style=\"height: 32px;\">\n<td style=\"width: 42.0145%; height: 32px;\"><\/td>\n<td style=\"width: 32.445%; height: 32px;\"><\/td>\n<\/tr>\n<\/tbody>\n<\/table>\n<p>Si teniu alguna consulta al respecte passeu per la secretaria del centre.<\/p>\n<p style=\"text-align: center;\"><strong>Recordeu que gr\u00e0cies a aquestes aportacions de les fam\u00edlies els nostres infants poden gaudir de m\u00e9s material, de m\u00e9s sortides i de m\u00e9s activitats complement\u00e0ries.\u00a0<\/strong><\/p>\n","protected":false},"excerpt":{"rendered":"<p>APORTACIONS ECON\u00d2MIQUES DE MATERIALS I SORTIDES A la nostra escola el material escolar, les activitats extraordin\u00e0ries i les sortides s\u00f3n socialitzades, aix\u00f2 vol dir que l\u2019import que les fam\u00edlies aporten \u00e9s igual per a tot l\u2019alumnat des d&#8217;Infantil 3 fins a 6\u00e8 de prim\u00e0ria. Aquesta aportaci\u00f3 inclou tot el material escolar que utilitzen els nens [&hellip;]<\/p>\n","protected":false},"author":1,"featured_media":0,"parent":22,"menu_order":70,"comment_status":"closed","ping_status":"closed","template":"","meta":{"_bbp_topic_count":0,"_bbp_reply_count":0,"_bbp_total_topic_count":0,"_bbp_total_reply_count":0,"_bbp_voice_count":0,"_bbp_anonymous_reply_count":0,"_bbp_topic_count_hidden":0,"_bbp_reply_count_hidden":0,"_bbp_forum_subforum_count":0,"site-sidebar-layout":"default","site-content-layout":"","ast-site-content-layout":"default","site-content-style":"default","site-sidebar-style":"default","ast-global-header-display":"","ast-banner-title-visibility":"","ast-main-header-display":"","ast-hfb-above-header-display":"","ast-hfb-below-header-display":"","ast-hfb-mobile-header-display":"","site-post-title":"","ast-breadcrumbs-content":"","ast-featured-img":"","footer-sml-layout":"","theme-transparent-header-meta":"","adv-header-id-meta":"","stick-header-meta":"","header-above-stick-meta":"","header-main-stick-meta":"","header-below-stick-meta":"","astra-migrate-meta-layouts":"set","ast-page-background-enabled":"default","ast-page-background-meta":{"desktop":{"background-color":"var(--ast-global-color-4)","background-image":"","background-repeat":"repeat","background-position":"center center","background-size":"auto","background-attachment":"scroll","background-type":"","background-media":"","overlay-type":"","overlay-color":"","overlay-opacity":"","overlay-gradient":""},"tablet":{"background-color":"","background-image":"","background-repeat":"repeat","background-position":"center center","background-size":"auto","background-attachment":"scroll","background-type":"","background-media":"","overlay-type":"","overlay-color":"","overlay-opacity":"","overlay-gradient":""},"mobile":{"background-color":"","background-image":"","background-repeat":"repeat","background-position":"center center","background-size":"auto","background-attachment":"scroll","background-type":"","background-media":"","overlay-type":"","overlay-color":"","overlay-opacity":"","overlay-gradient":""}},"ast-content-background-meta":{"desktop":{"background-color":"var(--ast-global-color-5)","background-image":"","background-repeat":"repeat","background-position":"center center","background-size":"auto","background-attachment":"scroll","background-type":"","background-media":"","overlay-type":"","overlay-color":"","overlay-opacity":"","overlay-gradient":""},"tablet":{"background-color":"var(--ast-global-color-5)","background-image":"","background-repeat":"repeat","background-position":"center center","background-size":"auto","background-attachment":"scroll","background-type":"","background-media":"","overlay-type":"","overlay-color":"","overlay-opacity":"","overlay-gradient":""},"mobile":{"background-color":"var(--ast-global-color-5)","background-image":"","background-repeat":"repeat","background-position":"center center","background-size":"auto","background-attachment":"scroll","background-type":"","background-media":"","overlay-type":"","overlay-color":"","overlay-opacity":"","overlay-gradient":""}},"footnotes":""},"class_list":["post-36","page","type-page","status-publish","hentry"],"post_mailing_queue_ids":[],"_links":{"self":[{"href":"https:\/\/agora.xtec.cat\/ceiptorrentdenmelis\/wp-json\/wp\/v2\/pages\/36","targetHints":{"allow":["GET"]}}],"collection":[{"href":"https:\/\/agora.xtec.cat\/ceiptorrentdenmelis\/wp-json\/wp\/v2\/pages"}],"about":[{"href":"https:\/\/agora.xtec.cat\/ceiptorrentdenmelis\/wp-json\/wp\/v2\/types\/page"}],"author":[{"embeddable":true,"href":"https:\/\/agora.xtec.cat\/ceiptorrentdenmelis\/wp-json\/wp\/v2\/users\/1"}],"replies":[{"embeddable":true,"href":"https:\/\/agora.xtec.cat\/ceiptorrentdenmelis\/wp-json\/wp\/v2\/comments?post=36"}],"version-history":[{"count":5,"href":"https:\/\/agora.xtec.cat\/ceiptorrentdenmelis\/wp-json\/wp\/v2\/pages\/36\/revisions"}],"predecessor-version":[{"id":1868,"href":"https:\/\/agora.xtec.cat\/ceiptorrentdenmelis\/wp-json\/wp\/v2\/pages\/36\/revisions\/1868"}],"up":[{"embeddable":true,"href":"https:\/\/agora.xtec.cat\/ceiptorrentdenmelis\/wp-json\/wp\/v2\/pages\/22"}],"wp:attachment":[{"href":"https:\/\/agora.xtec.cat\/ceiptorrentdenmelis\/wp-json\/wp\/v2\/media?parent=36"}],"curies":[{"name":"wp","href":"https:\/\/api.w.org\/{rel}","templated":true}]}}