{"id":1735,"date":"2025-07-09T13:23:48","date_gmt":"2025-07-09T11:23:48","guid":{"rendered":"https:\/\/agora.xtec.cat\/ceiptorrentdenmelis\/?page_id=1735"},"modified":"2025-09-23T12:00:52","modified_gmt":"2025-09-23T10:00:52","slug":"espai-docent","status":"publish","type":"page","link":"https:\/\/agora.xtec.cat\/ceiptorrentdenmelis\/espai-docent\/","title":{"rendered":"Espai Docent"},"content":{"rendered":"\n<p>En aquest espai digital trobar\u00e0s els enlla\u00e7os i eines m\u00e9s importants per acompanyar-te en el dia a dia.<\/p>\n\n\n\n<p><strong>ESCOLA <\/strong><\/p>\n\n\n\n<figure class=\"wp-block-table is-style-stripes has-small-font-size\" style=\"padding-top:0;padding-right:50px;padding-bottom:0;padding-left:50px\"><table class=\"has-fixed-layout\"><tbody><tr><td>\ud83d\udfe6<strong>PROGRAMACIONS <\/strong>                                                                                                                                                                                        <\/td><td><a href=\"https:\/\/drive.google.com\/drive\/folders\/1-EtrqhI2uhdazwVYbvtOZbXq8icHu9ub?usp=sharing\">Programaci\u00f3 de catal\u00e0 i castell\u00e0      <\/a><br \/><a href=\"https:\/\/drive.google.com\/drive\/folders\/1zTCutnYC9_IJZ6qXYoIlI_QOUMRIjp86?usp=sharing\">Material de laboratori <\/a><br \/><a href=\"https:\/\/drive.google.com\/drive\/folders\/1GZvpgJcP8-N2Swj-vmQC6wF8mT1d_YcI?usp=sharing\">Temes de Medi<\/a><\/td><\/tr><\/tbody><\/table><\/figure>\n\n\n\n<figure class=\"wp-block-table is-style-stripes has-small-font-size\" style=\"padding-right:50px;padding-left:50px\"><table class=\"has-fixed-layout\"><tbody><tr><td>\ud83d\udfe6  Tramitaci\u00f3 d&#8217;alta i baixa Docent<\/td><td><a href=\"https:\/\/www.edubcn.cat\/ca\/professorat_i_pas\/tramits_i_solicituds\/tramits_en_linia\/comunicat_de_baixa_laboral\">Acc\u00e9s al comunicat de baixa<\/a><\/td><\/tr><\/tbody><\/table><\/figure>\n\n\n\n<figure class=\"wp-block-table is-style-stripes has-small-font-size\" style=\"padding-top:0px;padding-right:50px;padding-bottom:0px;padding-left:50px\"><table class=\"has-fixed-layout\"><tbody><tr><td>\ud83d\udfeb<strong>Declaraci\u00f3 responsable justificativa d&#8217;abs\u00e8ncia per motius de salut&#8230;<\/strong><br \/>Les persones interessades poden consultar el saldo d&#8217;hores d&#8217;abs\u00e8ncia per motius de salut al portal ATRI (Gesti\u00f3 del Temps > Expedient d&#8217;absentisme).<\/td><td><a href=\"https:\/\/drive.google.com\/file\/d\/1kK3nue9l-y2o26FkcZ54Ay85ViN53wLT\/view?usp=sharing\">Document de la Declaraci\u00f3 responsable<\/a><\/td><\/tr><\/tbody><\/table><\/figure>\n\n\n\n<p><strong>DIGITAL  <\/strong><\/p>\n\n\n\n<figure class=\"wp-block-table is-style-stripes has-small-font-size\" style=\"padding-top:0;padding-right:50px;padding-bottom:0;padding-left:50px\"><table class=\"has-fixed-layout\"><tbody><tr><td>\ud83d\udfe6<\/td><td><strong>Incid\u00e8ncies digitals<\/strong><\/td><td><a href=\"https:\/\/docs.google.com\/document\/d\/1yvGfjS4eBRj5O_kUAF1IXQGktY3wI2_M\/edit?usp=sharing&amp;ouid=107707515591782370290&amp;rtpof=true&amp;sd=true\">Formulari de problemes t\u00e8cnics<\/a><\/td><\/tr><\/tbody><\/table><\/figure>\n\n\n\n<figure class=\"wp-block-table is-style-stripes has-small-font-size\" style=\"padding-right:50px;padding-left:50px\"><table class=\"has-fixed-layout\" style=\"border-style:none;border-width:0px\"><tbody><tr><td>\ud83d\udfe7<\/td><td><strong>ATOM<\/strong>                <\/td><td><a href=\"https:\/\/xtec.gencat.cat\/ca\/at_usuari\/atom\/\">Enlla\u00e7 directe a l&#8217;aplicatiu<\/a><\/td><\/tr><\/tbody><\/table><\/figure>\n\n\n\n<figure class=\"wp-block-table is-style-stripes has-small-font-size\" style=\"padding-top:0;padding-right:50px;padding-bottom:0;padding-left:50px\"><table class=\"has-fixed-layout\"><tbody><tr><td>\ud83d\udfe9<\/td><td><strong>Reserva de taulete<\/strong>s<\/td><td><a href=\"https:\/\/docs.google.com\/spreadsheets\/d\/1IIDdxxdvD9iYLhwWyLpaaJcqktTvFei1\/edit?usp=sharing&amp;ouid=107707515591782370290&amp;rtpof=true&amp;sd=true\">Calendari de reserva<\/a><\/td><\/tr><\/tbody><\/table><\/figure>\n\n\n\n<figure class=\"wp-block-table is-style-stripes has-small-font-size\" style=\"padding-right:50px;padding-left:50px\"><table class=\"has-fixed-layout\"><tbody><tr><td>\ud83d\udfea<\/td><td><strong>Autoritzacions infants<\/strong><\/td><td><a href=\"https:\/\/drive.google.com\/drive\/folders\/1FcpyIhtnPzphRvdFwKmjqkkCsNE1LqUg?usp=drive_link\">Recull de permisos d&#8217;autoritzaci\u00f3<\/a><\/td><\/tr><\/tbody><\/table><\/figure>\n\n\n\n<figure class=\"wp-block-table is-style-stripes has-small-font-size\" style=\"padding-right:50px;padding-left:50px\"><table class=\"has-fixed-layout\" style=\"border-style:none;border-width:0px\"><tbody><tr><td>\ud83d\udfe8<\/td><td><strong>Correus i contrasenyes Alumnat<\/strong><\/td><td><a href=\"https:\/\/drive.google.com\/drive\/folders\/1HcUcZIurWHK_a70c0Np8L-JlMRRCp_Ka?usp=sharing\">Llistat de correus i contrasenyes<\/a><\/td><\/tr><\/tbody><\/table><\/figure>\n\n\n\n<figure class=\"wp-block-table is-style-stripes has-small-font-size\" style=\"padding-right:50px;padding-left:50px\"><table class=\"has-fixed-layout\"><tbody><tr><td>\u2b1b<\/td><td><strong>Contingut digital per cursos<\/strong><\/td><td><a href=\"https:\/\/docs.google.com\/document\/d\/1SAny4b75gOASpHlKy2K76LbR_USIBKX_\/edit?usp=sharing&amp;ouid=107707515591782370290&amp;rtpof=true&amp;sd=true\">Contingut digital que ha de realitzar l&#8217;alumnat per  cursos <\/a><\/td><\/tr><\/tbody><\/table><\/figure>\n\n\n\n<figure class=\"wp-block-table is-style-stripes has-small-font-size\" style=\"padding-right:50px;padding-left:50px\"><table class=\"has-fixed-layout\"><tbody><tr><td>\ud83d\udfe5<\/td><td><strong>Tutorials del blog<\/strong>        <\/td><td><a href=\"https:\/\/docs.google.com\/document\/d\/19tsP4q9gIcIgmpC3mY3bRx16yHyKo1Z4LM02-jRpl68\/edit?usp=sharing\">Instruccions sobre com publicar articles al blog<\/a><\/td><\/tr><\/tbody><\/table><\/figure>\n\n\n\n<figure class=\"wp-block-table is-style-stripes has-small-font-size\" style=\"margin-top:0;margin-right:50px;margin-bottom:0;margin-left:50px\"><table class=\"has-fixed-layout\"><tbody><tr><td>       \ud83d\udfeb<\/td><td><strong>Port\u00e0tils  alumnat  5\u00e8 i 6\u00e8<\/strong><\/td><td><a href=\"https:\/\/drive.google.com\/drive\/folders\/1ClQstx7fWWMT3dw4La8sZX-tpIgS0s3b?usp=sharing\">Documentaci\u00f3 per assignar els port\u00e0tils i retornar-los<\/a><\/td><\/tr><\/tbody><\/table><\/figure>\n\n\n\n<figure class=\"wp-block-table is-style-stripes has-small-font-size\" style=\"padding-right:50px;padding-left:50px\"><table class=\"has-fixed-layout\" style=\"border-style:none;border-width:0px\"><tbody><tr><td>\ud83d\udfe8<\/td><td><strong>IA<\/strong><\/td><td><a href=\"https:\/\/edugpt.tiddlyhost.com\/#LOMLOE%20a%20Catalunya:%5B%5BMAR%C3%8DA%3A%20Metodolog%C3%ADas%20Activas%5D%5D%20%5B%5BELENA%3A%20Amiga%20de%20las%20Palabras%5D%5D%20%5B%5BLUIS%3A%20Experto%20en%20Kahoot%5D%5D%20%5B%5BLOMLOE%20a%20Catalunya%5D%5D%20%5B%5BDANIEL%3A%20SDA%20i%20suport%20individualitzat%20a%20infantil%5D%5D%20%5B%5BConsells%20per%20a%20la%20creaci%C3%B3%20de%20situacions%20d'aprenentatge%5D%5D%20%5B%5BSituacions%20d'aprenentatge%20per%20mat%C3%A8ries%5D%5D%20%5B%5BV%C3%8DCTOR%3A%20Inteligencia%20artificial%20en%20educaci%C3%B3n%5D%5D%20LOMLOE%20Materias%20Personajes%20%5B%5BCharles%20Darwin%5D%5D%20Introducci%C3%B3n%20%5B%5BCARLA%3A%20Especialista%20en%20estudios%20de%20caso%5D%5D\">Enlla\u00e7 a Equip d&#8217;especialistes en situacions d&#8217;aprenentatge<\/a><\/td><\/tr><\/tbody><\/table><\/figure>\n\n\n\n<p><\/p>\n","protected":false},"excerpt":{"rendered":"<p>En aquest espai digital trobar\u00e0s els enlla\u00e7os i eines m\u00e9s importants per acompanyar-te en el dia a dia. ESCOLA \ud83d\udfe6PROGRAMACIONS Programaci\u00f3 de catal\u00e0 i castell\u00e0 Material de laboratori Temes de Medi \ud83d\udfe6 Tramitaci\u00f3 d&#8217;alta i baixa Docent Acc\u00e9s al comunicat de baixa \ud83d\udfebDeclaraci\u00f3 responsable justificativa d&#8217;abs\u00e8ncia per motius de salut&#8230;Les persones interessades poden consultar el [&hellip;]<\/p>\n","protected":false},"author":1,"featured_media":0,"parent":0,"menu_order":0,"comment_status":"closed","ping_status":"close","template":"","meta":{"_bbp_topic_count":0,"_bbp_reply_count":0,"_bbp_total_topic_count":0,"_bbp_total_reply_count":0,"_bbp_voice_count":0,"_bbp_anonymous_reply_count":0,"_bbp_topic_count_hidden":0,"_bbp_reply_count_hidden":0,"_bbp_forum_subforum_count":0,"site-sidebar-layout":"default","site-content-layout":"","ast-site-content-layout":"default","site-content-style":"default","site-sidebar-style":"default","ast-global-header-display":"","ast-banner-title-visibility":"","ast-main-header-display":"","ast-hfb-above-header-display":"","ast-hfb-below-header-display":"","ast-hfb-mobile-header-display":"","site-post-title":"","ast-breadcrumbs-content":"","ast-featured-img":"","footer-sml-layout":"","theme-transparent-header-meta":"","adv-header-id-meta":"","stick-header-meta":"","header-above-stick-meta":"","header-main-stick-meta":"","header-below-stick-meta":"","astra-migrate-meta-layouts":"set","ast-page-background-enabled":"default","ast-page-background-meta":{"desktop":{"background-color":"var(--ast-global-color-4)","background-image":"","background-repeat":"repeat","background-position":"center center","background-size":"auto","background-attachment":"scroll","background-type":"","background-media":"","overlay-type":"","overlay-color":"","overlay-opacity":"","overlay-gradient":""},"tablet":{"background-color":"","background-image":"","background-repeat":"repeat","background-position":"center center","background-size":"auto","background-attachment":"scroll","background-type":"","background-media":"","overlay-type":"","overlay-color":"","overlay-opacity":"","overlay-gradient":""},"mobile":{"background-color":"","background-image":"","background-repeat":"repeat","background-position":"center center","background-size":"auto","background-attachment":"scroll","background-type":"","background-media":"","overlay-type":"","overlay-color":"","overlay-opacity":"","overlay-gradient":""}},"ast-content-background-meta":{"desktop":{"background-color":"var(--ast-global-color-5)","background-image":"","background-repeat":"repeat","background-position":"center center","background-size":"auto","background-attachment":"scroll","background-type":"","background-media":"","overlay-type":"","overlay-color":"","overlay-opacity":"","overlay-gradient":""},"tablet":{"background-color":"var(--ast-global-color-5)","background-image":"","background-repeat":"repeat","background-position":"center center","background-size":"auto","background-attachment":"scroll","background-type":"","background-media":"","overlay-type":"","overlay-color":"","overlay-opacity":"","overlay-gradient":""},"mobile":{"background-color":"var(--ast-global-color-5)","background-image":"","background-repeat":"repeat","background-position":"center center","background-size":"auto","background-attachment":"scroll","background-type":"","background-media":"","overlay-type":"","overlay-color":"","overlay-opacity":"","overlay-gradient":""}},"footnotes":""},"class_list":["post-1735","page","type-page","status-publish","hentry"],"post_mailing_queue_ids":[],"_links":{"self":[{"href":"https:\/\/agora.xtec.cat\/ceiptorrentdenmelis\/wp-json\/wp\/v2\/pages\/1735","targetHints":{"allow":["GET"]}}],"collection":[{"href":"https:\/\/agora.xtec.cat\/ceiptorrentdenmelis\/wp-json\/wp\/v2\/pages"}],"about":[{"href":"https:\/\/agora.xtec.cat\/ceiptorrentdenmelis\/wp-json\/wp\/v2\/types\/page"}],"author":[{"embeddable":true,"href":"https:\/\/agora.xtec.cat\/ceiptorrentdenmelis\/wp-json\/wp\/v2\/users\/1"}],"replies":[{"embeddable":true,"href":"https:\/\/agora.xtec.cat\/ceiptorrentdenmelis\/wp-json\/wp\/v2\/comments?post=1735"}],"version-history":[{"count":6,"href":"https:\/\/agora.xtec.cat\/ceiptorrentdenmelis\/wp-json\/wp\/v2\/pages\/1735\/revisions"}],"predecessor-version":[{"id":1780,"href":"https:\/\/agora.xtec.cat\/ceiptorrentdenmelis\/wp-json\/wp\/v2\/pages\/1735\/revisions\/1780"}],"wp:attachment":[{"href":"https:\/\/agora.xtec.cat\/ceiptorrentdenmelis\/wp-json\/wp\/v2\/media?parent=1735"}],"curies":[{"name":"wp","href":"https:\/\/api.w.org\/{rel}","templated":true}]}}