{"id":1103,"date":"2022-11-08T11:19:11","date_gmt":"2022-11-08T10:19:11","guid":{"rendered":"https:\/\/agora.xtec.cat\/ceiptorrentdenmelis\/?page_id=1103"},"modified":"2023-02-21T13:12:25","modified_gmt":"2023-02-21T12:12:25","slug":"diagnosi","status":"publish","type":"page","link":"https:\/\/agora.xtec.cat\/ceiptorrentdenmelis\/estrategia\/diagnosi\/","title":{"rendered":"Diagnosi"},"content":{"rendered":"<p dir=\"ltr\">Per fer la diagnosi, la Comissi\u00f3 Digital del Centre ha utilitzat\u00a0el formulari <a href=\"https:\/\/drive.google.com\/file\/d\/1ghVqO9iL8Y08nDx2dAGy33oPjfQkJxql\/view?usp=sharing\"><strong>SELFIE<\/strong><\/a>, \u00e9s una eina gratu\u00efta, personalitzable i f\u00e0cil d\u2019utilitzar que l&#8217;han realitzat: l\u2019equip directiu,\u00a0 tot el claustre i\u00a0 100 alumnes (de 5\u00e8 i 6\u00e8 de Prim\u00e0ria).\u00a0 Aquesta eina pret\u00e9n ajudar els centres educatius a avaluar en quin punt es troben en relaci\u00f3 amb l\u2019aprenentatge a l\u2019era digital. Si cliqueu a l\u2019enlla\u00e7 anterior podreu veure el resultat de SELFIE.<\/p>\n<p dir=\"ltr\"><img loading=\"lazy\" decoding=\"async\" class=\"aligncenter size-full wp-image-6856\" src=\"https:\/\/agora.xtec.cat\/escolajoseppla\/wp-content\/uploads\/usu1495\/2022\/06\/diagnosi.jpg\" sizes=\"auto, (max-width: 768px) 100vw, 768px\" srcset=\"https:\/\/agora.xtec.cat\/escolajoseppla\/wp-content\/uploads\/usu1495\/2022\/06\/diagnosi.jpg 768w, https:\/\/agora.xtec.cat\/escolajoseppla\/wp-content\/uploads\/usu1495\/2022\/06\/diagnosi-300x121.jpg 300w\" alt=\"\" width=\"768\" height=\"309\" \/><\/p>\n<p dir=\"ltr\">Amb tota la informaci\u00f3 que s\u2019ha extret, ens hem fet una visi\u00f3 molt global del punt on es troba el centre en general pel que fa a les tecnologies i recursos digitals. D\u2019aquest an\u00e0lisi s\u2019han extret uns punts forts i punts febles que utilitzarem per establir uns objectius a mitj\u00e0 i llarg termini.<\/p>\n<p dir=\"ltr\"><img loading=\"lazy\" decoding=\"async\" class=\"aligncenter size-full wp-image-1160\" src=\"https:\/\/agora.xtec.cat\/ceiptorrentdenmelis\/wp-content\/uploads\/usu2278\/2023\/01\/resum-selfie.jpg\" alt=\"\" width=\"561\" height=\"677\" srcset=\"https:\/\/agora.xtec.cat\/ceiptorrentdenmelis\/wp-content\/uploads\/usu2278\/2023\/01\/resum-selfie.jpg 561w, https:\/\/agora.xtec.cat\/ceiptorrentdenmelis\/wp-content\/uploads\/usu2278\/2023\/01\/resum-selfie-249x300.jpg 249w\" sizes=\"auto, (max-width: 561px) 100vw, 561px\" \/><a href=\"&lt;iframe src=&quot;https:\/\/docs.google.com\/spreadsheets\/d\/e\/2PACX-1vQDeOebTkIsoeLJVqjX3M85GLjjdmQj7phGBEvSNxXcE-dW2sYG4GJrsC4-YrGbG3hd_MnWHMmpYnZi\/pubhtml?gid=1417336399&amp;amp;single=true&amp;amp;widget=true&amp;amp;headers=false&quot;&gt;&lt;\/iframe&gt;\"><img loading=\"lazy\" decoding=\"async\" class=\"aligncenter wp-image-1118\" src=\"https:\/\/agora.xtec.cat\/ceiptorrentdenmelis\/wp-content\/uploads\/usu2278\/2022\/11\/INICIOK-removebg-preview.png\" alt=\"\" width=\"152\" height=\"41\" srcset=\"https:\/\/agora.xtec.cat\/ceiptorrentdenmelis\/wp-content\/uploads\/usu2278\/2022\/11\/INICIOK-removebg-preview.png 829w, https:\/\/agora.xtec.cat\/ceiptorrentdenmelis\/wp-content\/uploads\/usu2278\/2022\/11\/INICIOK-removebg-preview-300x81.png 300w, https:\/\/agora.xtec.cat\/ceiptorrentdenmelis\/wp-content\/uploads\/usu2278\/2022\/11\/INICIOK-removebg-preview-768x207.png 768w\" sizes=\"auto, (max-width: 152px) 100vw, 152px\" \/><\/a><\/p>\n<p dir=\"ltr\">\n","protected":false},"excerpt":{"rendered":"<p>Per fer la diagnosi, la Comissi\u00f3 Digital del Centre ha utilitzat\u00a0el formulari SELFIE, \u00e9s una eina gratu\u00efta, personalitzable i f\u00e0cil d\u2019utilitzar que l&#8217;han realitzat: l\u2019equip directiu,\u00a0 tot el claustre i\u00a0 100 alumnes (de 5\u00e8 i 6\u00e8 de Prim\u00e0ria).\u00a0 Aquesta eina pret\u00e9n ajudar els centres educatius a avaluar en quin punt es troben en relaci\u00f3 amb [&hellip;]<\/p>\n","protected":false},"author":1,"featured_media":0,"parent":1016,"menu_order":0,"comment_status":"closed","ping_status":"closed","template":"page-templates\/side-menu.php","meta":{"_bbp_topic_count":0,"_bbp_reply_count":0,"_bbp_total_topic_count":0,"_bbp_total_reply_count":0,"_bbp_voice_count":0,"_bbp_anonymous_reply_count":0,"_bbp_topic_count_hidden":0,"_bbp_reply_count_hidden":0,"_bbp_forum_subforum_count":0,"site-sidebar-layout":"default","site-content-layout":"","ast-site-content-layout":"","site-content-style":"default","site-sidebar-style":"default","ast-global-header-display":"","ast-banner-title-visibility":"","ast-main-header-display":"","ast-hfb-above-header-display":"","ast-hfb-below-header-display":"","ast-hfb-mobile-header-display":"","site-post-title":"","ast-breadcrumbs-content":"","ast-featured-img":"","footer-sml-layout":"","theme-transparent-header-meta":"","adv-header-id-meta":"","stick-header-meta":"","header-above-stick-meta":"","header-main-stick-meta":"","header-below-stick-meta":"","astra-migrate-meta-layouts":"default","ast-page-background-enabled":"default","ast-page-background-meta":{"desktop":{"background-color":"var(--ast-global-color-4)","background-image":"","background-repeat":"repeat","background-position":"center center","background-size":"auto","background-attachment":"scroll","background-type":"","background-media":"","overlay-type":"","overlay-color":"","overlay-opacity":"","overlay-gradient":""},"tablet":{"background-color":"","background-image":"","background-repeat":"repeat","background-position":"center center","background-size":"auto","background-attachment":"scroll","background-type":"","background-media":"","overlay-type":"","overlay-color":"","overlay-opacity":"","overlay-gradient":""},"mobile":{"background-color":"","background-image":"","background-repeat":"repeat","background-position":"center center","background-size":"auto","background-attachment":"scroll","background-type":"","background-media":"","overlay-type":"","overlay-color":"","overlay-opacity":"","overlay-gradient":""}},"ast-content-background-meta":{"desktop":{"background-color":"var(--ast-global-color-5)","background-image":"","background-repeat":"repeat","background-position":"center center","background-size":"auto","background-attachment":"scroll","background-type":"","background-media":"","overlay-type":"","overlay-color":"","overlay-opacity":"","overlay-gradient":""},"tablet":{"background-color":"var(--ast-global-color-5)","background-image":"","background-repeat":"repeat","background-position":"center center","background-size":"auto","background-attachment":"scroll","background-type":"","background-media":"","overlay-type":"","overlay-color":"","overlay-opacity":"","overlay-gradient":""},"mobile":{"background-color":"var(--ast-global-color-5)","background-image":"","background-repeat":"repeat","background-position":"center center","background-size":"auto","background-attachment":"scroll","background-type":"","background-media":"","overlay-type":"","overlay-color":"","overlay-opacity":"","overlay-gradient":""}},"footnotes":""},"class_list":["post-1103","page","type-page","status-publish","hentry"],"post_mailing_queue_ids":[],"_links":{"self":[{"href":"https:\/\/agora.xtec.cat\/ceiptorrentdenmelis\/wp-json\/wp\/v2\/pages\/1103","targetHints":{"allow":["GET"]}}],"collection":[{"href":"https:\/\/agora.xtec.cat\/ceiptorrentdenmelis\/wp-json\/wp\/v2\/pages"}],"about":[{"href":"https:\/\/agora.xtec.cat\/ceiptorrentdenmelis\/wp-json\/wp\/v2\/types\/page"}],"author":[{"embeddable":true,"href":"https:\/\/agora.xtec.cat\/ceiptorrentdenmelis\/wp-json\/wp\/v2\/users\/1"}],"replies":[{"embeddable":true,"href":"https:\/\/agora.xtec.cat\/ceiptorrentdenmelis\/wp-json\/wp\/v2\/comments?post=1103"}],"version-history":[{"count":4,"href":"https:\/\/agora.xtec.cat\/ceiptorrentdenmelis\/wp-json\/wp\/v2\/pages\/1103\/revisions"}],"predecessor-version":[{"id":1228,"href":"https:\/\/agora.xtec.cat\/ceiptorrentdenmelis\/wp-json\/wp\/v2\/pages\/1103\/revisions\/1228"}],"up":[{"embeddable":true,"href":"https:\/\/agora.xtec.cat\/ceiptorrentdenmelis\/wp-json\/wp\/v2\/pages\/1016"}],"wp:attachment":[{"href":"https:\/\/agora.xtec.cat\/ceiptorrentdenmelis\/wp-json\/wp\/v2\/media?parent=1103"}],"curies":[{"name":"wp","href":"https:\/\/api.w.org\/{rel}","templated":true}]}}