{"id":1042,"date":"2022-06-14T14:02:48","date_gmt":"2022-06-14T12:02:48","guid":{"rendered":"https:\/\/agora.xtec.cat\/ceiptorrentdenmelis\/?page_id=1042"},"modified":"2025-03-04T13:13:22","modified_gmt":"2025-03-04T12:13:22","slug":"3-competencia-digital","status":"publish","type":"page","link":"https:\/\/agora.xtec.cat\/ceiptorrentdenmelis\/cultura-digital\/3-competencia-digital\/","title":{"rendered":"2. Desplegament curricular"},"content":{"rendered":"<div class=\"entry-content\">\n<p><img loading=\"lazy\" decoding=\"async\" class=\"aligncenter size-full wp-image-1306\" src=\"https:\/\/agora.xtec.cat\/ceiptorrentdenmelis\/wp-content\/uploads\/usu2278\/2023\/04\/5.png\" alt=\"\" width=\"728\" height=\"90\" srcset=\"https:\/\/agora.xtec.cat\/ceiptorrentdenmelis\/wp-content\/uploads\/usu2278\/2023\/04\/5.png 728w, https:\/\/agora.xtec.cat\/ceiptorrentdenmelis\/wp-content\/uploads\/usu2278\/2023\/04\/5-300x37.png 300w\" sizes=\"auto, (max-width: 728px) 100vw, 728px\" \/><\/p>\n<p>El centre disposa d&#8217;un domini\u00a0 propi. D&#8217;aquesta manera, alumnat, professorat i personal d&#8217;administraci\u00f3 disposen d&#8217;un usuari @escolatorrentdenmelis.cat<\/p>\n<p><strong>USUARIS DE CENTRE<\/strong><\/p>\n<p><span style=\"font-weight: 400;\">Cada membre de la comunitat escolar disposa del seu usuari <\/span><b>@escolatorrentdenmelis.cat<\/b><span style=\"font-weight: 400;\">. Aquest usuari \u00e9s personal i intransferible.<\/span><\/p>\n<p><span style=\"font-weight: 400;\">A continuaci\u00f3 s&#8217;enllacen els documents per a la gesti\u00f3 d&#8217;aquests usuaris. <\/span><a href=\"https:\/\/docs.google.com\/document\/d\/1P1HazPgaoQf2Mul8sPDpLMUG102R2XeRbO3LqPWr2Hs\/edit?usp=sharing\"><span style=\"font-weight: 400;\">Creaci\u00f3 i gesti\u00f3 d\u2019usuaris<\/span><\/a><\/p>\n<p><b>COMPET\u00c8NCIES DIGITALS\u00a0<\/b><\/p>\n<p>Les compet\u00e8ncies digitals s\u00f3n d\u2019\u00e0mbit transversal. Poden ser utilitzades per tractar problemes i situacions que afecten qualsevol de les \u00e0rees curriculars i s\u00f3n susceptibles d\u2019evoluci\u00f3 constant pels canvis de qu\u00e8 s\u00f3n objecte els dispositius i les aplicacions en les quals se sustenten. Es tracta de compet\u00e8ncies metodol\u00f2giques que fan refer\u00e8ncia a desenvolupar m\u00e8todes de treball efica\u00e7os i adequats en l\u2019\u00fas de les tecnologies de la informaci\u00f3 i la comunicaci\u00f3 per a la resoluci\u00f3 de problemes que es plantegin en situacions i entorns diferents.<\/p>\n<p>L\u2019Estrat\u00e8gia Digital de Centre ha de contemplar la construcci\u00f3 d\u2019aquesta perspectiva global. En el nostre cas, el centre\u00a0 l\u2019ha\u00a0 fixat com un dels objectius de l\u2019Estrat\u00e8gia.<\/p>\n<p>Singularment al nostre centre:<\/p>\n<ul>\n<li aria-level=\"1\">Fem servir Google WORKSPACE amb el domini <b><i>escolatorrentdenmelis.cat<\/i><\/b><\/li>\n<li aria-level=\"1\">Fem servir l\u2019entorn de treball Google Classroom.<\/li>\n<li aria-level=\"1\">Treballem el pensament computacional i la rob\u00f2tica a tots els nivells.<\/li>\n<li aria-level=\"1\">Trobareu els <a href=\"https:\/\/docs.google.com\/document\/d\/1YEIgmJurkuzwngJ9RDvdBEQ4QXLbTMG2\/edit?usp=sharing&amp;ouid=110620529164494062266&amp;rtpof=true&amp;sd=true\">continguts m\u00ednims que treballem a cada comunitat. <\/a><\/li>\n<li aria-level=\"1\">\u00a0INFANTIL : <a href=\"https:\/\/drive.google.com\/file\/d\/1YJUwi5EwICUSFfXodKaqVzj8_xMX71Df\/view?usp=sharing\">L\u2019\u00fas de les tecnologies digitals a l\u2019educaci\u00f3 infantil<\/a><\/li>\n<li aria-level=\"1\">L\u2019alumnat de la comunitats de gran i mitjans fan servir dispositius Chromebooks i tauletes Android, per tant, l\u2019\u00fas de dispositius Windows es limita a la comunitat de petits i als i les docents del centre.<\/li>\n<\/ul>\n<h2><img loading=\"lazy\" decoding=\"async\" class=\"aligncenter size-full wp-image-1308\" src=\"https:\/\/agora.xtec.cat\/ceiptorrentdenmelis\/wp-content\/uploads\/usu2278\/2023\/04\/1.png\" alt=\"\" width=\"728\" height=\"90\" srcset=\"https:\/\/agora.xtec.cat\/ceiptorrentdenmelis\/wp-content\/uploads\/usu2278\/2023\/04\/1.png 728w, https:\/\/agora.xtec.cat\/ceiptorrentdenmelis\/wp-content\/uploads\/usu2278\/2023\/04\/1-300x37.png 300w\" sizes=\"auto, (max-width: 728px) 100vw, 728px\" \/><\/h2>\n<p><img loading=\"lazy\" decoding=\"async\" class=\"aligncenter wp-image-1470\" src=\"https:\/\/agora.xtec.cat\/ceiptorrentdenmelis\/wp-content\/uploads\/usu2278\/2024\/02\/infrobot.png\" alt=\"\" width=\"624\" height=\"533\" srcset=\"https:\/\/agora.xtec.cat\/ceiptorrentdenmelis\/wp-content\/uploads\/usu2278\/2024\/02\/infrobot.png 1159w, https:\/\/agora.xtec.cat\/ceiptorrentdenmelis\/wp-content\/uploads\/usu2278\/2024\/02\/infrobot-300x257.png 300w, https:\/\/agora.xtec.cat\/ceiptorrentdenmelis\/wp-content\/uploads\/usu2278\/2024\/02\/infrobot-1024x876.png 1024w, https:\/\/agora.xtec.cat\/ceiptorrentdenmelis\/wp-content\/uploads\/usu2278\/2024\/02\/infrobot-768x657.png 768w\" sizes=\"auto, (max-width: 624px) 100vw, 624px\" \/><\/p>\n<p><img loading=\"lazy\" decoding=\"async\" class=\"aligncenter wp-image-1471\" src=\"https:\/\/agora.xtec.cat\/ceiptorrentdenmelis\/wp-content\/uploads\/usu2278\/2024\/02\/robotci.png\" alt=\"\" width=\"624\" height=\"467\" srcset=\"https:\/\/agora.xtec.cat\/ceiptorrentdenmelis\/wp-content\/uploads\/usu2278\/2024\/02\/robotci.png 1189w, https:\/\/agora.xtec.cat\/ceiptorrentdenmelis\/wp-content\/uploads\/usu2278\/2024\/02\/robotci-300x225.png 300w, https:\/\/agora.xtec.cat\/ceiptorrentdenmelis\/wp-content\/uploads\/usu2278\/2024\/02\/robotci-1024x767.png 1024w, https:\/\/agora.xtec.cat\/ceiptorrentdenmelis\/wp-content\/uploads\/usu2278\/2024\/02\/robotci-768x576.png 768w, https:\/\/agora.xtec.cat\/ceiptorrentdenmelis\/wp-content\/uploads\/usu2278\/2024\/02\/robotci-200x150.png 200w\" sizes=\"auto, (max-width: 624px) 100vw, 624px\" \/><\/p>\n<\/div>\n<p><img loading=\"lazy\" decoding=\"async\" class=\"aligncenter wp-image-1459\" src=\"https:\/\/agora.xtec.cat\/ceiptorrentdenmelis\/wp-content\/uploads\/usu2278\/2024\/02\/robotica4ti5e.png\" alt=\"\" width=\"727\" height=\"315\" srcset=\"https:\/\/agora.xtec.cat\/ceiptorrentdenmelis\/wp-content\/uploads\/usu2278\/2024\/02\/robotica4ti5e.png 1193w, https:\/\/agora.xtec.cat\/ceiptorrentdenmelis\/wp-content\/uploads\/usu2278\/2024\/02\/robotica4ti5e-300x130.png 300w, https:\/\/agora.xtec.cat\/ceiptorrentdenmelis\/wp-content\/uploads\/usu2278\/2024\/02\/robotica4ti5e-1024x444.png 1024w, https:\/\/agora.xtec.cat\/ceiptorrentdenmelis\/wp-content\/uploads\/usu2278\/2024\/02\/robotica4ti5e-768x333.png 768w\" sizes=\"auto, (max-width: 727px) 100vw, 727px\" \/><\/p>\n<p><img loading=\"lazy\" decoding=\"async\" class=\"aligncenter wp-image-1460\" src=\"https:\/\/agora.xtec.cat\/ceiptorrentdenmelis\/wp-content\/uploads\/usu2278\/2024\/02\/robotica5ei6e.png\" alt=\"\" width=\"679\" height=\"300\" srcset=\"https:\/\/agora.xtec.cat\/ceiptorrentdenmelis\/wp-content\/uploads\/usu2278\/2024\/02\/robotica5ei6e.png 1164w, https:\/\/agora.xtec.cat\/ceiptorrentdenmelis\/wp-content\/uploads\/usu2278\/2024\/02\/robotica5ei6e-300x133.png 300w, https:\/\/agora.xtec.cat\/ceiptorrentdenmelis\/wp-content\/uploads\/usu2278\/2024\/02\/robotica5ei6e-1024x453.png 1024w, https:\/\/agora.xtec.cat\/ceiptorrentdenmelis\/wp-content\/uploads\/usu2278\/2024\/02\/robotica5ei6e-768x340.png 768w\" sizes=\"auto, (max-width: 679px) 100vw, 679px\" \/><\/p>\n<div><\/div>\n<div><\/div>\n<div><\/div>\n<div class=\"entry-content\">\n<h2><img loading=\"lazy\" decoding=\"async\" class=\"aligncenter size-full wp-image-1309\" src=\"https:\/\/agora.xtec.cat\/ceiptorrentdenmelis\/wp-content\/uploads\/usu2278\/2023\/04\/2.png\" alt=\"\" width=\"728\" height=\"90\" srcset=\"https:\/\/agora.xtec.cat\/ceiptorrentdenmelis\/wp-content\/uploads\/usu2278\/2023\/04\/2.png 728w, https:\/\/agora.xtec.cat\/ceiptorrentdenmelis\/wp-content\/uploads\/usu2278\/2023\/04\/2-300x37.png 300w\" sizes=\"auto, (max-width: 728px) 100vw, 728px\" \/><\/h2>\n<p><span style=\"font-weight: 400;\">Per a optimitzar l&#8217;\u00fas dels Chromebooks i tauletes s&#8217;utilitzar\u00e0 el Drive per a fer les reserves. Tot i aix\u00f2, es poden assignar horaris fixos a determinades hores.<\/span><\/p>\n<table style=\"width: 98.6918%; height: 94px;\">\n<tbody>\n<tr>\n<td style=\"text-align: center; width: 32.0547%;\">\n<h3><span style=\"font-weight: 400;\">1r trimestre<\/span><\/h3>\n<\/td>\n<td style=\"text-align: center; width: 34.3836%;\">\n<h3><span style=\"font-weight: 400;\"> \u00a0 2n trimestre\u00a0\u00a0<\/span><\/h3>\n<\/td>\n<td style=\"text-align: center; width: 32.1918%;\">\n<h3><span style=\"font-weight: 400;\">\u00a0 \u00a0 \u00a0 3r trimestre<\/span><span style=\"font-weight: 400;\">\u00a0<\/span><\/h3>\n<\/td>\n<\/tr>\n<tr>\n<td style=\"text-align: center; width: 32.0547%;\"><a href=\"https:\/\/docs.google.com\/spreadsheets\/d\/161UY_PFj6H5XFM0jMehxsOfyp1IdkAjB\/edit?usp=sharing&amp;ouid=110620529164494062266&amp;rtpof=true&amp;sd=true\">Calendari 1r Trimestre<\/a><\/td>\n<td style=\"text-align: center; width: 34.3836%;\"><a href=\"https:\/\/docs.google.com\/spreadsheets\/d\/1KnqeRznM1JSunIkPvQ9GyL12sEMpVBYE\/edit?usp=drive_link&amp;ouid=102740968891453984305&amp;rtpof=true&amp;sd=true\">CALENDARI 2nTrimestre<\/a><\/td>\n<td style=\"text-align: center; width: 32.1918%;\"><\/td>\n<\/tr>\n<\/tbody>\n<\/table>\n<p><img loading=\"lazy\" decoding=\"async\" class=\"aligncenter size-full wp-image-1310\" src=\"https:\/\/agora.xtec.cat\/ceiptorrentdenmelis\/wp-content\/uploads\/usu2278\/2023\/04\/3.png\" alt=\"\" width=\"728\" height=\"90\" srcset=\"https:\/\/agora.xtec.cat\/ceiptorrentdenmelis\/wp-content\/uploads\/usu2278\/2023\/04\/3.png 728w, https:\/\/agora.xtec.cat\/ceiptorrentdenmelis\/wp-content\/uploads\/usu2278\/2023\/04\/3-300x37.png 300w\" sizes=\"auto, (max-width: 728px) 100vw, 728px\" \/><\/p>\n<ul>\n<li style=\"font-weight: 400;\" aria-level=\"1\"><span style=\"font-weight: 400;\">Treballar a l\u2019aula en el dia a dia la import\u00e0ncia de la internet segura.\u00a0<\/span><\/li>\n<li style=\"font-weight: 400;\" aria-level=\"1\"><span style=\"font-weight: 400;\">Sessi\u00f3 informativa de Seguretat pels Mossos a tota la comunitat educativa.\u00a0<\/span><\/li>\n<li style=\"font-weight: 400;\" aria-level=\"1\"><span style=\"font-weight: 400;\">Sessions de Mossos de Seguretat a Internet per l\u2019alumnat de Sis\u00e8 i cinqu\u00e8.<\/span><\/li>\n<li style=\"font-weight: 400;\" aria-level=\"1\"><b>8 de febrer dia d&#8217;internet segura:<\/b><span style=\"font-weight: 400;\"> oferir recursos als mestres per poder treballar a l\u2019aula.<\/span><\/li>\n<\/ul>\n<table style=\"border-collapse: collapse; width: 58.2938%; height: 81px;\">\n<tbody>\n<tr>\n<td style=\"width: 38.0967%; text-align: center;\"><a href=\"https:\/\/internetsegura.cat\/\"><img loading=\"lazy\" decoding=\"async\" class=\"aligncenter wp-image-1350\" src=\"https:\/\/agora.xtec.cat\/ceiptorrentdenmelis\/wp-content\/uploads\/usu2278\/2023\/05\/internet.jpg\" alt=\"\" width=\"94\" height=\"94\" srcset=\"https:\/\/agora.xtec.cat\/ceiptorrentdenmelis\/wp-content\/uploads\/usu2278\/2023\/05\/internet.jpg 225w, https:\/\/agora.xtec.cat\/ceiptorrentdenmelis\/wp-content\/uploads\/usu2278\/2023\/05\/internet-150x150.jpg 150w\" sizes=\"auto, (max-width: 94px) 100vw, 94px\" \/><\/a><\/td>\n<td style=\"width: 41.5693%;\"><a href=\"https:\/\/xtec.gencat.cat\/ca\/recursos\/tecinformacio\/internet_segura\/\"><img loading=\"lazy\" decoding=\"async\" class=\"aligncenter wp-image-1351\" src=\"https:\/\/agora.xtec.cat\/ceiptorrentdenmelis\/wp-content\/uploads\/usu2278\/2023\/05\/Banners_xtecRecursos.png\" alt=\"\" width=\"130\" height=\"74\" srcset=\"https:\/\/agora.xtec.cat\/ceiptorrentdenmelis\/wp-content\/uploads\/usu2278\/2023\/05\/Banners_xtecRecursos.png 700w, https:\/\/agora.xtec.cat\/ceiptorrentdenmelis\/wp-content\/uploads\/usu2278\/2023\/05\/Banners_xtecRecursos-300x171.png 300w\" sizes=\"auto, (max-width: 130px) 100vw, 130px\" \/><\/a><\/td>\n<\/tr>\n<\/tbody>\n<\/table>\n<p><img loading=\"lazy\" decoding=\"async\" class=\"aligncenter size-full wp-image-1307\" src=\"https:\/\/agora.xtec.cat\/ceiptorrentdenmelis\/wp-content\/uploads\/usu2278\/2023\/04\/4.png\" alt=\"\" width=\"728\" height=\"90\" srcset=\"https:\/\/agora.xtec.cat\/ceiptorrentdenmelis\/wp-content\/uploads\/usu2278\/2023\/04\/4.png 728w, https:\/\/agora.xtec.cat\/ceiptorrentdenmelis\/wp-content\/uploads\/usu2278\/2023\/04\/4-300x37.png 300w\" sizes=\"auto, (max-width: 728px) 100vw, 728px\" \/><\/p>\n<table style=\"width: 52.5664%; height: 1839px;\">\n<tbody>\n<tr>\n<td style=\"text-align: left; width: 133.586%;\" colspan=\"3\"><span style=\"font-weight: 400;\">Ordinadors sobretaula\u00a0 <\/span><b>14<\/b><\/td>\n<\/tr>\n<tr>\n<td style=\"text-align: left; width: 26.875%;\"><span style=\"font-weight: 400;\">A on?<\/span><\/td>\n<td style=\"text-align: left; width: 51.9418%;\"><span style=\"font-weight: 400;\">Quants<\/span><\/td>\n<td style=\"text-align: left; width: 54.7694%;\"><\/td>\n<\/tr>\n<tr>\n<td style=\"text-align: left; width: 26.875%;\"><span style=\"font-weight: 400;\">Despatx\u00a0<\/span><\/td>\n<td style=\"text-align: left; width: 51.9418%;\"><span style=\"font-weight: 400;\">4<\/span><\/td>\n<td style=\"text-align: left; width: 54.7694%;\"><span style=\"font-weight: 400;\">PEDC<\/span><\/td>\n<\/tr>\n<tr>\n<td style=\"text-align: left; width: 26.875%;\"><span style=\"font-weight: 400;\">Conserge\u00a0<\/span><\/td>\n<td style=\"text-align: left; width: 51.9418%;\"><span style=\"font-weight: 400;\">1<\/span><\/td>\n<td style=\"text-align: left; width: 54.7694%;\"><span style=\"font-weight: 400;\">propis de centre<\/span><\/td>\n<\/tr>\n<tr>\n<td style=\"text-align: left; width: 26.875%;\"><span style=\"font-weight: 400;\">Sala mestres\u00a0<\/span><\/td>\n<td style=\"text-align: left; width: 51.9418%;\"><span style=\"font-weight: 400;\">2<\/span><\/td>\n<td style=\"text-align: left; width: 54.7694%;\"><span style=\"font-weight: 400;\">PEDC<\/span><\/td>\n<\/tr>\n<tr>\n<td style=\"text-align: left; width: 26.875%;\"><span style=\"font-weight: 400;\">Biblioteca<\/span><\/td>\n<td style=\"text-align: left; width: 51.9418%;\"><span style=\"font-weight: 400;\">1<\/span><\/td>\n<td style=\"text-align: left; width: 54.7694%;\"><span style=\"font-weight: 400;\">propis de centre<\/span><\/td>\n<\/tr>\n<tr>\n<td style=\"text-align: left; width: 26.875%;\"><span style=\"font-weight: 400;\">Angl\u00e8s\u00a0<\/span><\/td>\n<td style=\"text-align: left; width: 51.9418%;\"><span style=\"font-weight: 400;\">1<\/span><\/td>\n<td style=\"text-align: left; width: 54.7694%;\"><span style=\"font-weight: 400;\">propis de centre<\/span><\/td>\n<\/tr>\n<tr>\n<td style=\"text-align: left; width: 26.875%;\"><span style=\"font-weight: 400;\">Sala llum I ombres\u00a0<\/span><\/td>\n<td style=\"text-align: left; width: 51.9418%;\"><span style=\"font-weight: 400;\">1<\/span><\/td>\n<td style=\"text-align: left; width: 54.7694%;\"><span style=\"font-weight: 400;\">propis de centre<\/span><\/td>\n<\/tr>\n<tr>\n<td style=\"text-align: left; width: 26.875%;\"><span style=\"font-weight: 400;\">Laboratori<\/span><\/td>\n<td style=\"text-align: left; width: 51.9418%;\"><span style=\"font-weight: 400;\">1<\/span><\/td>\n<td style=\"text-align: left; width: 54.7694%;\"><span style=\"font-weight: 400;\">propis de centre<\/span><\/td>\n<\/tr>\n<tr>\n<td style=\"text-align: left; width: 26.875%;\"><span style=\"font-weight: 400;\">Sala infantil<\/span><\/td>\n<td style=\"text-align: left; width: 51.9418%;\"><span style=\"font-weight: 400;\">1<\/span><\/td>\n<td style=\"text-align: left; width: 54.7694%;\"><span style=\"font-weight: 400;\">propis de centre<\/span><\/td>\n<\/tr>\n<tr>\n<td style=\"text-align: left; width: 26.875%;\"><span style=\"font-weight: 400;\">Reserva\u00a0<\/span><\/td>\n<td style=\"text-align: left; width: 51.9418%;\"><span style=\"font-weight: 400;\">2<\/span><\/td>\n<td style=\"text-align: left; width: 54.7694%;\"><span style=\"font-weight: 400;\">propis de centre<\/span><\/td>\n<\/tr>\n<tr>\n<td style=\"text-align: left; width: 133.586%;\" colspan=\"3\"><span style=\"font-weight: 400;\">Chromebooks escola\u00a0 <\/span><b>36<\/b>\u00a0<b>propis de centre<\/b><\/td>\n<\/tr>\n<tr>\n<td style=\"text-align: left; width: 26.875%;\"><span style=\"font-weight: 400;\">3r\u00a0<\/span><\/td>\n<td style=\"text-align: left; width: 51.9418%;\">16<\/td>\n<td style=\"text-align: left; width: 54.7694%;\"><span style=\"font-weight: 400;\">propis de centre<\/span><\/td>\n<\/tr>\n<tr>\n<td style=\"text-align: left; width: 26.875%;\"><span style=\"font-weight: 400;\">4t<\/span><\/td>\n<td style=\"text-align: left; width: 51.9418%;\">20<\/td>\n<td style=\"text-align: left; width: 54.7694%;\"><span style=\"font-weight: 400;\">propis de centre<\/span><\/td>\n<\/tr>\n<tr>\n<td style=\"text-align: left; width: 133.586%;\" colspan=\"3\"><span style=\"font-weight: 400;\">Tablets <\/span><b>26 propis de centre\u00a0<\/b><\/td>\n<\/tr>\n<tr>\n<td style=\"text-align: left; width: 26.875%;\"><span style=\"font-weight: 400;\">Tablets ci inf<\/span><span style=\"font-weight: 400;\">Tablets cm cs\u00a0<\/span><\/td>\n<td style=\"text-align: left; width: 51.9418%;\"><span style=\"font-weight: 400;\">13<\/span><\/td>\n<td style=\"text-align: left; width: 54.7694%;\"><span style=\"font-weight: 400;\">Propi de centre<\/span><\/td>\n<\/tr>\n<tr>\n<td style=\"text-align: left; width: 133.586%;\" colspan=\"3\"><span style=\"font-weight: 400;\">Chromebooks<\/span><b> PEDC<\/b><span style=\"font-weight: 400;\">\u00a0 <\/span><b>102<\/b><\/td>\n<\/tr>\n<tr>\n<td style=\"text-align: left; width: 26.875%;\"><span style=\"font-weight: 400;\">Chromebooks 5\u00e8<\/span><\/td>\n<td style=\"text-align: left; width: 51.9418%;\"><span style=\"font-weight: 400;\">52<\/span><\/td>\n<td style=\"text-align: left; width: 54.7694%;\"><a href=\"https:\/\/docs.google.com\/spreadsheets\/d\/1BqcNWeOfSZnjqpMQNnwqnSL4_vBNYQ1M\/edit?usp=sharing&amp;ouid=107707515591782370290&amp;rtpof=true&amp;sd=true\"><span style=\"font-weight: 400;\">PEDC<\/span><\/a><\/td>\n<\/tr>\n<tr>\n<td style=\"text-align: left; width: 26.875%;\"><span style=\"font-weight: 400;\">Chromebooks 6\u00e8<\/span><\/td>\n<td style=\"text-align: left; width: 51.9418%;\"><span style=\"font-weight: 400;\">50<\/span><\/td>\n<td style=\"text-align: left; width: 54.7694%;\"><a href=\"https:\/\/docs.google.com\/spreadsheets\/d\/1S5oPo22XZizhhqOwt-ImtK2wgVZrVEXn\/edit?usp=sharing&amp;ouid=107707515591782370290&amp;rtpof=true&amp;sd=true\"><span style=\"font-weight: 400;\">PEDC<\/span><\/a><\/td>\n<\/tr>\n<tr>\n<td style=\"text-align: left; width: 133.586%;\" colspan=\"3\"><span style=\"font-weight: 400;\">Port\u00e0tils docents<\/span><b> PEDC 32\u00a0 \u00a0 \u00a0 <\/b><a href=\"https:\/\/docs.google.com\/spreadsheets\/d\/1SQ1oo_kBvk741Z2VSvbZkFmSedpQI2KW\/edit?usp=sharing&amp;ouid=107707515591782370290&amp;rtpof=true&amp;sd=true\"><b>\u00a0LLISTAT<\/b><\/a><\/td>\n<\/tr>\n<tr>\n<td style=\"text-align: left; width: 26.875%;\"><span style=\"font-weight: 400;\">Rob\u00f2tica<\/span><\/td>\n<td style=\"text-align: left; width: 51.9418%;\"><span style=\"font-weight: 400;\">BeeBots 6 (PC)<\/span><span style=\"font-weight: 400;\">Blue bot (PEDC) 10<\/span><b>Tale-Bot <\/b><span style=\"font-weight: 400;\">(PEDC) 10<\/span><\/p>\n<p><b>Code &amp; Go Robot Mouse <\/b><span style=\"font-weight: 400;\">(PEDC) 10<\/span><\/p>\n<p><b>mTiny <\/b><span style=\"font-weight: 400;\">(PEDC) 10<\/span><\/p>\n<p><b>Dash <\/b><span style=\"font-weight: 400;\">(PEDC) 10<\/span><\/p>\n<p><b>Codey Rocky<\/b><span style=\"font-weight: 400;\">(PEDC) 10<\/span><\/p>\n<p><b>LEGO SPIKE Essential<\/b><span style=\"font-weight: 400;\">(PEDC)<\/span><b> 10<\/b><\/p>\n<p><span style=\"font-weight: 400;\">Coding express 1<\/span><\/p>\n<p><span style=\"font-weight: 400;\">Bric q 4<\/span><\/p>\n<p><span style=\"font-weight: 400;\">Wedo 2.0\u00a0 10<\/span><\/p>\n<p><span style=\"font-weight: 400;\">Spike\u00a0 10\u00a0<\/span><\/td>\n<td style=\"text-align: left; width: 54.7694%;\">\n<p style=\"text-align: center;\"><span style=\"font-weight: 400;\">Propi de centre(PC)<\/span><\/p>\n<\/td>\n<\/tr>\n<\/tbody>\n<\/table>\n<p><a href=\"https:\/\/agora.xtec.cat\/ceiptorrentdenmelis\/categoria\/general\/edc\/\"><img loading=\"lazy\" decoding=\"async\" class=\"aligncenter wp-image-1118\" src=\"https:\/\/agora.xtec.cat\/ceiptorrentdenmelis\/wp-content\/uploads\/usu2278\/2022\/11\/INICIOK-removebg-preview.png\" alt=\"\" width=\"149\" height=\"40\" srcset=\"https:\/\/agora.xtec.cat\/ceiptorrentdenmelis\/wp-content\/uploads\/usu2278\/2022\/11\/INICIOK-removebg-preview.png 829w, https:\/\/agora.xtec.cat\/ceiptorrentdenmelis\/wp-content\/uploads\/usu2278\/2022\/11\/INICIOK-removebg-preview-300x81.png 300w, https:\/\/agora.xtec.cat\/ceiptorrentdenmelis\/wp-content\/uploads\/usu2278\/2022\/11\/INICIOK-removebg-preview-768x207.png 768w\" sizes=\"auto, (max-width: 149px) 100vw, 149px\" \/><\/a><\/p>\n<\/div>\n","protected":false},"excerpt":{"rendered":"<p>El centre disposa d&#8217;un domini\u00a0 propi. D&#8217;aquesta manera, alumnat, professorat i personal d&#8217;administraci\u00f3 disposen d&#8217;un usuari @escolatorrentdenmelis.cat USUARIS DE CENTRE Cada membre de la comunitat escolar disposa del seu usuari @escolatorrentdenmelis.cat. Aquest usuari \u00e9s personal i intransferible. A continuaci\u00f3 s&#8217;enllacen els documents per a la gesti\u00f3 d&#8217;aquests usuaris. Creaci\u00f3 i gesti\u00f3 d\u2019usuaris COMPET\u00c8NCIES DIGITALS\u00a0 Les [&hellip;]<\/p>\n","protected":false},"author":1,"featured_media":0,"parent":1011,"menu_order":0,"comment_status":"closed","ping_status":"closed","template":"page-templates\/side-menu.php","meta":{"_bbp_topic_count":0,"_bbp_reply_count":0,"_bbp_total_topic_count":0,"_bbp_total_reply_count":0,"_bbp_voice_count":0,"_bbp_anonymous_reply_count":0,"_bbp_topic_count_hidden":0,"_bbp_reply_count_hidden":0,"_bbp_forum_subforum_count":0,"site-sidebar-layout":"default","site-content-layout":"","ast-site-content-layout":"","site-content-style":"default","site-sidebar-style":"default","ast-global-header-display":"","ast-banner-title-visibility":"","ast-main-header-display":"","ast-hfb-above-header-display":"","ast-hfb-below-header-display":"","ast-hfb-mobile-header-display":"","site-post-title":"","ast-breadcrumbs-content":"","ast-featured-img":"","footer-sml-layout":"","theme-transparent-header-meta":"","adv-header-id-meta":"","stick-header-meta":"","header-above-stick-meta":"","header-main-stick-meta":"","header-below-stick-meta":"","astra-migrate-meta-layouts":"default","ast-page-background-enabled":"default","ast-page-background-meta":{"desktop":{"background-color":"var(--ast-global-color-4)","background-image":"","background-repeat":"repeat","background-position":"center center","background-size":"auto","background-attachment":"scroll","background-type":"","background-media":"","overlay-type":"","overlay-color":"","overlay-opacity":"","overlay-gradient":""},"tablet":{"background-color":"","background-image":"","background-repeat":"repeat","background-position":"center center","background-size":"auto","background-attachment":"scroll","background-type":"","background-media":"","overlay-type":"","overlay-color":"","overlay-opacity":"","overlay-gradient":""},"mobile":{"background-color":"","background-image":"","background-repeat":"repeat","background-position":"center center","background-size":"auto","background-attachment":"scroll","background-type":"","background-media":"","overlay-type":"","overlay-color":"","overlay-opacity":"","overlay-gradient":""}},"ast-content-background-meta":{"desktop":{"background-color":"var(--ast-global-color-5)","background-image":"","background-repeat":"repeat","background-position":"center center","background-size":"auto","background-attachment":"scroll","background-type":"","background-media":"","overlay-type":"","overlay-color":"","overlay-opacity":"","overlay-gradient":""},"tablet":{"background-color":"var(--ast-global-color-5)","background-image":"","background-repeat":"repeat","background-position":"center center","background-size":"auto","background-attachment":"scroll","background-type":"","background-media":"","overlay-type":"","overlay-color":"","overlay-opacity":"","overlay-gradient":""},"mobile":{"background-color":"var(--ast-global-color-5)","background-image":"","background-repeat":"repeat","background-position":"center center","background-size":"auto","background-attachment":"scroll","background-type":"","background-media":"","overlay-type":"","overlay-color":"","overlay-opacity":"","overlay-gradient":""}},"footnotes":""},"class_list":["post-1042","page","type-page","status-publish","hentry"],"post_mailing_queue_ids":[],"_links":{"self":[{"href":"https:\/\/agora.xtec.cat\/ceiptorrentdenmelis\/wp-json\/wp\/v2\/pages\/1042","targetHints":{"allow":["GET"]}}],"collection":[{"href":"https:\/\/agora.xtec.cat\/ceiptorrentdenmelis\/wp-json\/wp\/v2\/pages"}],"about":[{"href":"https:\/\/agora.xtec.cat\/ceiptorrentdenmelis\/wp-json\/wp\/v2\/types\/page"}],"author":[{"embeddable":true,"href":"https:\/\/agora.xtec.cat\/ceiptorrentdenmelis\/wp-json\/wp\/v2\/users\/1"}],"replies":[{"embeddable":true,"href":"https:\/\/agora.xtec.cat\/ceiptorrentdenmelis\/wp-json\/wp\/v2\/comments?post=1042"}],"version-history":[{"count":6,"href":"https:\/\/agora.xtec.cat\/ceiptorrentdenmelis\/wp-json\/wp\/v2\/pages\/1042\/revisions"}],"predecessor-version":[{"id":1645,"href":"https:\/\/agora.xtec.cat\/ceiptorrentdenmelis\/wp-json\/wp\/v2\/pages\/1042\/revisions\/1645"}],"up":[{"embeddable":true,"href":"https:\/\/agora.xtec.cat\/ceiptorrentdenmelis\/wp-json\/wp\/v2\/pages\/1011"}],"wp:attachment":[{"href":"https:\/\/agora.xtec.cat\/ceiptorrentdenmelis\/wp-json\/wp\/v2\/media?parent=1042"}],"curies":[{"name":"wp","href":"https:\/\/api.w.org\/{rel}","templated":true}]}}