{"id":7550,"date":"2024-11-13T12:19:14","date_gmt":"2024-11-13T11:19:14","guid":{"rendered":"https:\/\/agora.xtec.cat\/ceiptorredemer\/?page_id=7550"},"modified":"2024-11-13T12:19:14","modified_gmt":"2024-11-13T11:19:14","slug":"informacions-gestio-economica","status":"publish","type":"page","link":"https:\/\/agora.xtec.cat\/ceiptorredemer\/documents-de-centre\/economia\/informacions-gestio-economica\/","title":{"rendered":"Informacions gesti\u00f3 econ\u00f2mica"},"content":{"rendered":"<p><span style=\"color: #800080;\"><strong>Informacions de la gesti\u00f3 econ\u00f2mica\u00a0<\/strong><\/span><\/p>\n<p>La <em>instrucci\u00f3 3\/2019, de la secretaria general, relativa a la gesti\u00f3 econ\u00f2mica dels centres educatius p\u00fablics del Departament d&#8217;Educaci\u00f3, i la documentaci\u00f3 relativa a l&#8217;organitzaci\u00f3 i gesti\u00f3 dels centres del curs vigent (apartat de gesti\u00f3 econ\u00f2mica i transpar\u00e8ncia),<\/em> s\u00f3n el marc de refer\u00e8ncia normatiu per a la gesti\u00f3 econ\u00f2mica de centres p\u00fablics.<\/p>\n<p><span style=\"font-family: inherit; font-size: 1em;\">A continuaci\u00f3 us detallem les<\/span><span style=\"color: #800080;\"><strong> aportacions pel curs 2024-25<\/strong><\/span><span style=\"font-family: inherit; font-size: 1em;\">.<\/span><\/p>\n<ul>\n<li style=\"list-style-type: none;\">\n<ul>\n<li><span style=\"font-family: inherit; font-size: 1em;\">Material escolar &#8211; <\/span><span class=\"hiddenGrammarError\" style=\"font-family: inherit; font-size: 1em;\">62\u20ac a infantil i 20,20\u20ac a prim\u00e0ria + VAL ESCOLAR.<\/span><span style=\"font-family: inherit; font-size: 1em;\"> \u00a0<a href=\"https:\/\/agora.xtec.cat\/ceiptorredemer\/informacions-curs\/material-escolar\/\">https:\/\/agora.xtec.cat\/ceiptorredemer\/informacions-curs\/material-escolar\/<\/a><\/span><\/li>\n<li>Llibres \/ dossiers (fotoc\u00f2pies) \/ llic\u00e8ncies &#8211; 99,10\u20ac infantil i 80,90\u20ac a prim\u00e0ria + VAL ESCOLAR. <a href=\"https:\/\/agora.xtec.cat\/ceiptorredemer\/informacions-curs\/llibres-i-dossiers\/\">https:\/\/agora.xtec.cat\/ceiptorredemer\/informacions-curs\/llibres-i-dossiers\/<\/a><\/li>\n<li>Quota AFA &#8211; consultar AFA.<\/li>\n<\/ul>\n<\/li>\n<\/ul>\n<p>Les aportacions pertinents a les <span style=\"color: #800080;\"><strong>activitats complement\u00e0ries dins i fora del centre<\/strong><\/span> s\u00f3n a c\u00e0rrec de l&#8217;escola. Via Dinantia s&#8217;informa dels imports trimestrals a les fam\u00edlies <span class=\"hiddenSpellError\">i a l&#8217;apartat corresponent a la web hi ha el detall del cost de les mateixes.\u00a0<a href=\"https:\/\/agora.xtec.cat\/ceiptorredemer\/informacions-curs\/activitatscomplementaries\/\">https:\/\/agora.xtec.cat\/ceiptorredemer\/informacions-curs\/activitatscomplementaries\/<\/a><\/span><\/p>\n<p style=\"text-align: left;\"><em>Totes aquestes aportacions tenen car\u00e0cter voluntari, cal tenir en compte que en el cas de decidir no abonar l&#8217;import de material escolar i llibres&#8230;, la fam\u00edlia pot decidir fer-se c\u00e0rrec <span class=\"hiddenGrammarError\">dels mateixos<\/span>.\u00a0<\/em><\/p>\n","protected":false},"excerpt":{"rendered":"<p>Informacions de la gesti\u00f3 econ\u00f2mica\u00a0 La instrucci\u00f3 3\/2019, de la secretaria general, relativa a la gesti\u00f3 econ\u00f2mica dels centres educatius p\u00fablics del Departament d&#8217;Educaci\u00f3, i la documentaci\u00f3 relativa a l&#8217;organitzaci\u00f3 i gesti\u00f3 dels centres del curs vigent (apartat de gesti\u00f3 econ\u00f2mica i transpar\u00e8ncia), s\u00f3n el marc de refer\u00e8ncia normatiu per a la gesti\u00f3 econ\u00f2mica de [&hellip;]<\/p>\n","protected":false},"author":1,"featured_media":0,"parent":4134,"menu_order":1,"comment_status":"closed","ping_status":"closed","template":"page-templates\/side-menu.php","meta":{"_bbp_topic_count":0,"_bbp_reply_count":0,"_bbp_total_topic_count":0,"_bbp_total_reply_count":0,"_bbp_voice_count":0,"_bbp_anonymous_reply_count":0,"_bbp_topic_count_hidden":0,"_bbp_reply_count_hidden":0,"_bbp_forum_subforum_count":0,"site-sidebar-layout":"default","site-content-layout":"","ast-site-content-layout":"","site-content-style":"default","site-sidebar-style":"default","ast-global-header-display":"","ast-banner-title-visibility":"","ast-main-header-display":"","ast-hfb-above-header-display":"","ast-hfb-below-header-display":"","ast-hfb-mobile-header-display":"","site-post-title":"","ast-breadcrumbs-content":"","ast-featured-img":"","footer-sml-layout":"","theme-transparent-header-meta":"","adv-header-id-meta":"","stick-header-meta":"","header-above-stick-meta":"","header-main-stick-meta":"","header-below-stick-meta":"","astra-migrate-meta-layouts":"default","ast-page-background-enabled":"default","ast-page-background-meta":{"desktop":{"background-color":"var(--ast-global-color-4)","background-image":"","background-repeat":"repeat","background-position":"center center","background-size":"auto","background-attachment":"scroll","background-type":"","background-media":"","overlay-type":"","overlay-color":"","overlay-opacity":"","overlay-gradient":""},"tablet":{"background-color":"","background-image":"","background-repeat":"repeat","background-position":"center center","background-size":"auto","background-attachment":"scroll","background-type":"","background-media":"","overlay-type":"","overlay-color":"","overlay-opacity":"","overlay-gradient":""},"mobile":{"background-color":"","background-image":"","background-repeat":"repeat","background-position":"center center","background-size":"auto","background-attachment":"scroll","background-type":"","background-media":"","overlay-type":"","overlay-color":"","overlay-opacity":"","overlay-gradient":""}},"ast-content-background-meta":{"desktop":{"background-color":"var(--ast-global-color-5)","background-image":"","background-repeat":"repeat","background-position":"center center","background-size":"auto","background-attachment":"scroll","background-type":"","background-media":"","overlay-type":"","overlay-color":"","overlay-opacity":"","overlay-gradient":""},"tablet":{"background-color":"var(--ast-global-color-5)","background-image":"","background-repeat":"repeat","background-position":"center center","background-size":"auto","background-attachment":"scroll","background-type":"","background-media":"","overlay-type":"","overlay-color":"","overlay-opacity":"","overlay-gradient":""},"mobile":{"background-color":"var(--ast-global-color-5)","background-image":"","background-repeat":"repeat","background-position":"center center","background-size":"auto","background-attachment":"scroll","background-type":"","background-media":"","overlay-type":"","overlay-color":"","overlay-opacity":"","overlay-gradient":""}},"footnotes":""},"class_list":["post-7550","page","type-page","status-publish","hentry"],"post_mailing_queue_ids":[],"_links":{"self":[{"href":"https:\/\/agora.xtec.cat\/ceiptorredemer\/wp-json\/wp\/v2\/pages\/7550","targetHints":{"allow":["GET"]}}],"collection":[{"href":"https:\/\/agora.xtec.cat\/ceiptorredemer\/wp-json\/wp\/v2\/pages"}],"about":[{"href":"https:\/\/agora.xtec.cat\/ceiptorredemer\/wp-json\/wp\/v2\/types\/page"}],"author":[{"embeddable":true,"href":"https:\/\/agora.xtec.cat\/ceiptorredemer\/wp-json\/wp\/v2\/users\/1"}],"replies":[{"embeddable":true,"href":"https:\/\/agora.xtec.cat\/ceiptorredemer\/wp-json\/wp\/v2\/comments?post=7550"}],"version-history":[{"count":1,"href":"https:\/\/agora.xtec.cat\/ceiptorredemer\/wp-json\/wp\/v2\/pages\/7550\/revisions"}],"predecessor-version":[{"id":7551,"href":"https:\/\/agora.xtec.cat\/ceiptorredemer\/wp-json\/wp\/v2\/pages\/7550\/revisions\/7551"}],"up":[{"embeddable":true,"href":"https:\/\/agora.xtec.cat\/ceiptorredemer\/wp-json\/wp\/v2\/pages\/4134"}],"wp:attachment":[{"href":"https:\/\/agora.xtec.cat\/ceiptorredemer\/wp-json\/wp\/v2\/media?parent=7550"}],"curies":[{"name":"wp","href":"https:\/\/api.w.org\/{rel}","templated":true}]}}