{"id":73,"date":"2014-09-18T14:01:51","date_gmt":"2014-09-18T13:01:51","guid":{"rendered":"http:\/\/agora.xtec.cat\/ceiptorredemer\/?page_id=73"},"modified":"2026-01-26T12:33:34","modified_gmt":"2026-01-26T11:33:34","slug":"menjador-escolar","status":"publish","type":"page","link":"https:\/\/agora.xtec.cat\/ceiptorredemer\/serveis\/menjador-escolar\/","title":{"rendered":"Menjador escolar"},"content":{"rendered":"<h3><b><span style=\"color: #339966;\">Servei de Menjador:<\/span><\/b><\/h3>\n<p><strong>Persona de contacte<\/strong>: Reyes Fern\u00e1ndez\u00a0 \u00a0 \u00a0 \u00a0 <strong>Tel\u00e8fon de contacte<\/strong>: 685.18.98.30<\/p>\n<p><strong>Email de contacte<\/strong>: menjadortorredemer@gmail.com<\/p>\n<p><strong>Horari d&#8217;atenci\u00f3<\/strong>: 9h a 15h<\/p>\n<h5><strong>HORARI DE MODIFICACI\u00d3 DE MENJADOR: de 9h a 10h<\/strong><\/h5>\n<div><span style=\"font-size: large;\">\u00a0\u00a0<\/span><\/div>\n<h5><a href=\"https:\/\/www.7itria.cat\/\" target=\"_blank\" rel=\"noopener\">WEB 7itria<\/a><\/h5>\n<h5><\/h5>\n<h3><span style=\"color: #339966;\"><b>Equip de monitors\/es<\/b><\/span><\/h3>\n<p>&nbsp;<\/p>\n<p>&nbsp;<\/p>\n<div><\/div>\n","protected":false},"excerpt":{"rendered":"<p>Servei de Menjador: Persona de contacte: Reyes Fern\u00e1ndez\u00a0 \u00a0 \u00a0 \u00a0 Tel\u00e8fon de contacte: 685.18.98.30 Email de contacte: menjadortorredemer@gmail.com Horari d&#8217;atenci\u00f3: 9h a 15h HORARI DE MODIFICACI\u00d3 DE MENJADOR: de 9h a 10h \u00a0\u00a0 WEB 7itria Equip de monitors\/es &nbsp; &nbsp;<\/p>\n","protected":false},"author":1,"featured_media":0,"parent":66,"menu_order":30,"comment_status":"closed","ping_status":"closed","template":"","meta":{"_bbp_topic_count":0,"_bbp_reply_count":0,"_bbp_total_topic_count":0,"_bbp_total_reply_count":0,"_bbp_voice_count":0,"_bbp_anonymous_reply_count":0,"_bbp_topic_count_hidden":0,"_bbp_reply_count_hidden":0,"_bbp_forum_subforum_count":0,"site-sidebar-layout":"default","site-content-layout":"","ast-site-content-layout":"default","site-content-style":"default","site-sidebar-style":"default","ast-global-header-display":"","ast-banner-title-visibility":"","ast-main-header-display":"","ast-hfb-above-header-display":"","ast-hfb-below-header-display":"","ast-hfb-mobile-header-display":"","site-post-title":"","ast-breadcrumbs-content":"","ast-featured-img":"","footer-sml-layout":"","theme-transparent-header-meta":"default","adv-header-id-meta":"","stick-header-meta":"","header-above-stick-meta":"","header-main-stick-meta":"","header-below-stick-meta":"","astra-migrate-meta-layouts":"set","ast-page-background-enabled":"default","ast-page-background-meta":{"desktop":{"background-color":"var(--ast-global-color-4)","background-image":"","background-repeat":"repeat","background-position":"center center","background-size":"auto","background-attachment":"scroll","background-type":"","background-media":"","overlay-type":"","overlay-color":"","overlay-opacity":"","overlay-gradient":""},"tablet":{"background-color":"","background-image":"","background-repeat":"repeat","background-position":"center center","background-size":"auto","background-attachment":"scroll","background-type":"","background-media":"","overlay-type":"","overlay-color":"","overlay-opacity":"","overlay-gradient":""},"mobile":{"background-color":"","background-image":"","background-repeat":"repeat","background-position":"center center","background-size":"auto","background-attachment":"scroll","background-type":"","background-media":"","overlay-type":"","overlay-color":"","overlay-opacity":"","overlay-gradient":""}},"ast-content-background-meta":{"desktop":{"background-color":"var(--ast-global-color-5)","background-image":"","background-repeat":"repeat","background-position":"center center","background-size":"auto","background-attachment":"scroll","background-type":"","background-media":"","overlay-type":"","overlay-color":"","overlay-opacity":"","overlay-gradient":""},"tablet":{"background-color":"var(--ast-global-color-5)","background-image":"","background-repeat":"repeat","background-position":"center center","background-size":"auto","background-attachment":"scroll","background-type":"","background-media":"","overlay-type":"","overlay-color":"","overlay-opacity":"","overlay-gradient":""},"mobile":{"background-color":"var(--ast-global-color-5)","background-image":"","background-repeat":"repeat","background-position":"center center","background-size":"auto","background-attachment":"scroll","background-type":"","background-media":"","overlay-type":"","overlay-color":"","overlay-opacity":"","overlay-gradient":""}},"footnotes":""},"class_list":["post-73","page","type-page","status-publish","hentry"],"post_mailing_queue_ids":[],"_links":{"self":[{"href":"https:\/\/agora.xtec.cat\/ceiptorredemer\/wp-json\/wp\/v2\/pages\/73","targetHints":{"allow":["GET"]}}],"collection":[{"href":"https:\/\/agora.xtec.cat\/ceiptorredemer\/wp-json\/wp\/v2\/pages"}],"about":[{"href":"https:\/\/agora.xtec.cat\/ceiptorredemer\/wp-json\/wp\/v2\/types\/page"}],"author":[{"embeddable":true,"href":"https:\/\/agora.xtec.cat\/ceiptorredemer\/wp-json\/wp\/v2\/users\/1"}],"replies":[{"embeddable":true,"href":"https:\/\/agora.xtec.cat\/ceiptorredemer\/wp-json\/wp\/v2\/comments?post=73"}],"version-history":[{"count":6,"href":"https:\/\/agora.xtec.cat\/ceiptorredemer\/wp-json\/wp\/v2\/pages\/73\/revisions"}],"predecessor-version":[{"id":8364,"href":"https:\/\/agora.xtec.cat\/ceiptorredemer\/wp-json\/wp\/v2\/pages\/73\/revisions\/8364"}],"up":[{"embeddable":true,"href":"https:\/\/agora.xtec.cat\/ceiptorredemer\/wp-json\/wp\/v2\/pages\/66"}],"wp:attachment":[{"href":"https:\/\/agora.xtec.cat\/ceiptorredemer\/wp-json\/wp\/v2\/media?parent=73"}],"curies":[{"name":"wp","href":"https:\/\/api.w.org\/{rel}","templated":true}]}}