{"id":7176,"date":"2023-12-13T10:57:07","date_gmt":"2023-12-13T09:57:07","guid":{"rendered":"https:\/\/agora.xtec.cat\/ceiptorredemer\/?page_id=7176"},"modified":"2025-11-18T18:17:42","modified_gmt":"2025-11-18T17:17:42","slug":"innovamat","status":"publish","type":"page","link":"https:\/\/agora.xtec.cat\/ceiptorredemer\/unamicamesdescola\/innovamat\/","title":{"rendered":"Matem\u00e0tiques a l&#8217;escola"},"content":{"rendered":"<p>A l\u2019escola entenem que les matem\u00e0tiques s\u00f3n molt m\u00e9s que n\u00fameros i operacions: s\u00f3n una manera de <strong>pensar, comunicar i comprendre el m\u00f3n<\/strong>. Per aix\u00f2, no ens limitem a un \u00fanic m\u00e8tode, sin\u00f3 que <strong>combinen diferents enfocaments<\/strong> per crear el nostre propi cam\u00ed i assolir les fites matem\u00e0tiques que ens proposem com a centre.<\/p>\n<p><strong data-start=\"360\" data-end=\"455\">A l\u2019etapa d\u2019INFANTIL, treballem la numeraci\u00f3 des de la mirada Montessori<\/strong>, una metodologia que promou l\u2019aprenentatge aut\u00f2nom i manipulatiu. A trav\u00e9s de materials sensorials i activitats concretes, els infants exploren els n\u00fameros i les quantitats de manera pr\u00e0ctica i visual. Aquesta mirada Montessori els permet comprendre la relaci\u00f3 entre els nombres, desenvolupar el seu pensament l\u00f2gic i construir una base s\u00f2lida per a l\u2019aprenentatge posterior de les matem\u00e0tiques.\u00a0 A m\u00e9s a m\u00e9s, el pensament computacional desendollat t\u00e9 lloc en situacions de jocs matem\u00e0tics.<\/p>\n<p><strong>A l&#8217;etapa de PRIM\u00c0RIA, el nostre m\u00e8tode combina:<\/strong><\/p>\n<ul>\n<li><strong>La sistematitzaci\u00f3 del Quinzet<\/strong> per guanyar agilitat i seguretat en el c\u00e0lcul.<\/li>\n<li><strong>Les converses matem\u00e0tiques i les din\u00e0miques manipulatives d\u2019Innovamat<\/strong>, que fomenten la reflexi\u00f3, l\u2019experimentaci\u00f3 i la construcci\u00f3 compartida del coneixement.<\/li>\n<li><strong>Les situacions contextualitzades<\/strong> que parteixen de diferents vessants: les inquietuds dels infants, els reptes matem\u00e0tics i la sistematitzaci\u00f3 a partir de r\u00fabriques i infografies pr\u00f2pies del centre.<\/li>\n<\/ul>\n<p data-start=\"360\" data-end=\"738\">Innovamat aposta per un <strong data-start=\"384\" data-end=\"421\">aprenentatge manipulatiu i visual<\/strong>, on els alumnes poden interactuar amb diferents materials per entendre els conceptes arribant-hi per diferents camins matem\u00e0tics i de manera pr\u00e0ctica i significativa.<\/p>\n<p data-start=\"360\" data-end=\"738\">La suma de les nostres pr\u00e0ctiques tenen com a objectiu promou l&#8217;\u00fas d&#8217;<strong data-start=\"585\" data-end=\"620\">estrat\u00e8gies de pensament cr\u00edtic<\/strong>, ajudant els infants a desenvolupar habilitats per resoldre problemes i aplicar les matem\u00e0tiques en situacions reals, aix\u00ed doncs, <strong>connectar les matem\u00e0tiques amb la seva vida quotidiana<\/strong>,\u00a0 treballar en equip i\u00a0 gaudir del proc\u00e9s d&#8217;aprenentatge, tot construint una base s\u00f2lida per als seus futurs coneixements matem\u00e0tics.<\/p>\n<p data-start=\"360\" data-end=\"738\">Pel que fa a les tasques per casa:<\/p>\n<p data-start=\"360\" data-end=\"738\"><a href=\"https:\/\/drive.google.com\/drive\/folders\/1K0obFbNPJh4JLIBecsdubd99PH4vjfr2?usp=sharing\" target=\"_blank\" rel=\"noopener\">ACCEDEIX ALS CONTINGUTS MATEM\u00c0TICS DE CADA NIVELL<\/a><\/p>\n","protected":false},"excerpt":{"rendered":"<p>A l\u2019escola entenem que les matem\u00e0tiques s\u00f3n molt m\u00e9s que n\u00fameros i operacions: s\u00f3n una manera de pensar, comunicar i comprendre el m\u00f3n. Per aix\u00f2, no ens limitem a un \u00fanic m\u00e8tode, sin\u00f3 que combinen diferents enfocaments per crear el nostre propi cam\u00ed i assolir les fites matem\u00e0tiques que ens proposem com a centre. A [&hellip;]<\/p>\n","protected":false},"author":1,"featured_media":0,"parent":209,"menu_order":12,"comment_status":"closed","ping_status":"closed","template":"","meta":{"_bbp_topic_count":0,"_bbp_reply_count":0,"_bbp_total_topic_count":0,"_bbp_total_reply_count":0,"_bbp_voice_count":0,"_bbp_anonymous_reply_count":0,"_bbp_topic_count_hidden":0,"_bbp_reply_count_hidden":0,"_bbp_forum_subforum_count":0,"site-sidebar-layout":"default","site-content-layout":"","ast-site-content-layout":"default","site-content-style":"default","site-sidebar-style":"default","ast-global-header-display":"","ast-banner-title-visibility":"","ast-main-header-display":"","ast-hfb-above-header-display":"","ast-hfb-below-header-display":"","ast-hfb-mobile-header-display":"","site-post-title":"","ast-breadcrumbs-content":"","ast-featured-img":"","footer-sml-layout":"","theme-transparent-header-meta":"default","adv-header-id-meta":"","stick-header-meta":"","header-above-stick-meta":"","header-main-stick-meta":"","header-below-stick-meta":"","astra-migrate-meta-layouts":"set","ast-page-background-enabled":"default","ast-page-background-meta":{"desktop":{"background-color":"var(--ast-global-color-4)","background-image":"","background-repeat":"repeat","background-position":"center center","background-size":"auto","background-attachment":"scroll","background-type":"","background-media":"","overlay-type":"","overlay-color":"","overlay-opacity":"","overlay-gradient":""},"tablet":{"background-color":"","background-image":"","background-repeat":"repeat","background-position":"center center","background-size":"auto","background-attachment":"scroll","background-type":"","background-media":"","overlay-type":"","overlay-color":"","overlay-opacity":"","overlay-gradient":""},"mobile":{"background-color":"","background-image":"","background-repeat":"repeat","background-position":"center center","background-size":"auto","background-attachment":"scroll","background-type":"","background-media":"","overlay-type":"","overlay-color":"","overlay-opacity":"","overlay-gradient":""}},"ast-content-background-meta":{"desktop":{"background-color":"var(--ast-global-color-5)","background-image":"","background-repeat":"repeat","background-position":"center center","background-size":"auto","background-attachment":"scroll","background-type":"","background-media":"","overlay-type":"","overlay-color":"","overlay-opacity":"","overlay-gradient":""},"tablet":{"background-color":"var(--ast-global-color-5)","background-image":"","background-repeat":"repeat","background-position":"center center","background-size":"auto","background-attachment":"scroll","background-type":"","background-media":"","overlay-type":"","overlay-color":"","overlay-opacity":"","overlay-gradient":""},"mobile":{"background-color":"var(--ast-global-color-5)","background-image":"","background-repeat":"repeat","background-position":"center center","background-size":"auto","background-attachment":"scroll","background-type":"","background-media":"","overlay-type":"","overlay-color":"","overlay-opacity":"","overlay-gradient":""}},"footnotes":""},"class_list":["post-7176","page","type-page","status-publish","hentry"],"post_mailing_queue_ids":[],"_links":{"self":[{"href":"https:\/\/agora.xtec.cat\/ceiptorredemer\/wp-json\/wp\/v2\/pages\/7176","targetHints":{"allow":["GET"]}}],"collection":[{"href":"https:\/\/agora.xtec.cat\/ceiptorredemer\/wp-json\/wp\/v2\/pages"}],"about":[{"href":"https:\/\/agora.xtec.cat\/ceiptorredemer\/wp-json\/wp\/v2\/types\/page"}],"author":[{"embeddable":true,"href":"https:\/\/agora.xtec.cat\/ceiptorredemer\/wp-json\/wp\/v2\/users\/1"}],"replies":[{"embeddable":true,"href":"https:\/\/agora.xtec.cat\/ceiptorredemer\/wp-json\/wp\/v2\/comments?post=7176"}],"version-history":[{"count":6,"href":"https:\/\/agora.xtec.cat\/ceiptorredemer\/wp-json\/wp\/v2\/pages\/7176\/revisions"}],"predecessor-version":[{"id":8186,"href":"https:\/\/agora.xtec.cat\/ceiptorredemer\/wp-json\/wp\/v2\/pages\/7176\/revisions\/8186"}],"up":[{"embeddable":true,"href":"https:\/\/agora.xtec.cat\/ceiptorredemer\/wp-json\/wp\/v2\/pages\/209"}],"wp:attachment":[{"href":"https:\/\/agora.xtec.cat\/ceiptorredemer\/wp-json\/wp\/v2\/media?parent=7176"}],"curies":[{"name":"wp","href":"https:\/\/api.w.org\/{rel}","templated":true}]}}