{"id":64,"date":"2014-09-18T12:39:08","date_gmt":"2014-09-18T11:39:08","guid":{"rendered":"http:\/\/agora.xtec.cat\/ceiptorredemer\/?page_id=64"},"modified":"2023-01-31T07:28:26","modified_gmt":"2023-01-31T06:28:26","slug":"projecte-educatiu","status":"publish","type":"page","link":"https:\/\/agora.xtec.cat\/ceiptorredemer\/documents-de-centre\/projecte-educatiu\/","title":{"rendered":"Projecte Educatiu de Centre"},"content":{"rendered":"<p>L&#8217;objectiu de l&#8217;escola \u00e9s formar persones lliures, responsables i competents per entendre i participar en el m\u00f3n amb una s\u00f2lida base emocional i de coneixement.<\/p>\n<p>Volem afavorir el desenvolupament integral de la personalitat dels nens i les nenes, desenvolupant actituds positives.<br \/>\nTreballem conjuntament amb les fam\u00edlies, per tal de garantir que els alumnes siguin els protagonistes del seu propi proc\u00e9s d&#8217;aprenentatge.<\/p>\n<p>L&#8217;escola proporciona la possibilitat de realitzar noves experi\u00e8ncies i viure situacions enriquidores, creatives i de relacions social, partint de l&#8217;observaci\u00f3, l&#8217;experimentaci\u00f3 i el joc, tenint present, per\u00f2 els interessos dels nens i les nenes.<br \/>\nEls nostres alumnes comparen informacions, experimentacions i coneixements adquirits, per poder treure noves conclusions, i elaborar, enriquir i estructurar els seus propis coneixements, incorporant els procediments, conceptes i actituds necessaris per assolir, amb \u00e8xit, les compet\u00e8ncies de l&#8217;etapa educativa.<br \/>\nTots aquells que intervenim en aquest proc\u00e9s ens proposem enfortir el respecte mutu, la solidaritat, la coeducaci\u00f3, la toler\u00e0ncia, el di\u00e0leg, la reflexi\u00f3 i la col\u00b7laboraci\u00f3, com a valors essencials de conviv\u00e8ncia.<\/p>\n<p><iframe loading=\"lazy\" src=\"https:\/\/drive.google.com\/file\/d\/1zT_m0a3Mb-McqKy-OCk6oaUp_cSuf6Tv\/preview\" width=\"800\" height=\"700\"> <\/iframe><\/p>\n","protected":false},"excerpt":{"rendered":"<p>L&#8217;objectiu de l&#8217;escola \u00e9s formar persones lliures, responsables i competents per entendre i participar en el m\u00f3n amb una s\u00f2lida base emocional i de coneixement. Volem afavorir el desenvolupament integral de la personalitat dels nens i les nenes, desenvolupant actituds positives. Treballem conjuntament amb les fam\u00edlies, per tal de garantir que els alumnes siguin els [&hellip;]<\/p>\n","protected":false},"author":1,"featured_media":0,"parent":792,"menu_order":0,"comment_status":"closed","ping_status":"closed","template":"page-templates\/side-menu.php","meta":{"_bbp_topic_count":0,"_bbp_reply_count":0,"_bbp_total_topic_count":0,"_bbp_total_reply_count":0,"_bbp_voice_count":0,"_bbp_anonymous_reply_count":0,"_bbp_topic_count_hidden":0,"_bbp_reply_count_hidden":0,"_bbp_forum_subforum_count":0,"site-sidebar-layout":"default","site-content-layout":"","ast-site-content-layout":"","site-content-style":"default","site-sidebar-style":"default","ast-global-header-display":"","ast-banner-title-visibility":"","ast-main-header-display":"","ast-hfb-above-header-display":"","ast-hfb-below-header-display":"","ast-hfb-mobile-header-display":"","site-post-title":"","ast-breadcrumbs-content":"","ast-featured-img":"","footer-sml-layout":"","theme-transparent-header-meta":"","adv-header-id-meta":"","stick-header-meta":"","header-above-stick-meta":"","header-main-stick-meta":"","header-below-stick-meta":"","astra-migrate-meta-layouts":"default","ast-page-background-enabled":"default","ast-page-background-meta":{"desktop":{"background-color":"var(--ast-global-color-4)","background-image":"","background-repeat":"repeat","background-position":"center center","background-size":"auto","background-attachment":"scroll","background-type":"","background-media":"","overlay-type":"","overlay-color":"","overlay-opacity":"","overlay-gradient":""},"tablet":{"background-color":"","background-image":"","background-repeat":"repeat","background-position":"center center","background-size":"auto","background-attachment":"scroll","background-type":"","background-media":"","overlay-type":"","overlay-color":"","overlay-opacity":"","overlay-gradient":""},"mobile":{"background-color":"","background-image":"","background-repeat":"repeat","background-position":"center center","background-size":"auto","background-attachment":"scroll","background-type":"","background-media":"","overlay-type":"","overlay-color":"","overlay-opacity":"","overlay-gradient":""}},"ast-content-background-meta":{"desktop":{"background-color":"var(--ast-global-color-5)","background-image":"","background-repeat":"repeat","background-position":"center center","background-size":"auto","background-attachment":"scroll","background-type":"","background-media":"","overlay-type":"","overlay-color":"","overlay-opacity":"","overlay-gradient":""},"tablet":{"background-color":"var(--ast-global-color-5)","background-image":"","background-repeat":"repeat","background-position":"center center","background-size":"auto","background-attachment":"scroll","background-type":"","background-media":"","overlay-type":"","overlay-color":"","overlay-opacity":"","overlay-gradient":""},"mobile":{"background-color":"var(--ast-global-color-5)","background-image":"","background-repeat":"repeat","background-position":"center center","background-size":"auto","background-attachment":"scroll","background-type":"","background-media":"","overlay-type":"","overlay-color":"","overlay-opacity":"","overlay-gradient":""}},"footnotes":""},"class_list":["post-64","page","type-page","status-publish","hentry"],"post_mailing_queue_ids":[],"_links":{"self":[{"href":"https:\/\/agora.xtec.cat\/ceiptorredemer\/wp-json\/wp\/v2\/pages\/64","targetHints":{"allow":["GET"]}}],"collection":[{"href":"https:\/\/agora.xtec.cat\/ceiptorredemer\/wp-json\/wp\/v2\/pages"}],"about":[{"href":"https:\/\/agora.xtec.cat\/ceiptorredemer\/wp-json\/wp\/v2\/types\/page"}],"author":[{"embeddable":true,"href":"https:\/\/agora.xtec.cat\/ceiptorredemer\/wp-json\/wp\/v2\/users\/1"}],"replies":[{"embeddable":true,"href":"https:\/\/agora.xtec.cat\/ceiptorredemer\/wp-json\/wp\/v2\/comments?post=64"}],"version-history":[{"count":3,"href":"https:\/\/agora.xtec.cat\/ceiptorredemer\/wp-json\/wp\/v2\/pages\/64\/revisions"}],"predecessor-version":[{"id":6576,"href":"https:\/\/agora.xtec.cat\/ceiptorredemer\/wp-json\/wp\/v2\/pages\/64\/revisions\/6576"}],"up":[{"embeddable":true,"href":"https:\/\/agora.xtec.cat\/ceiptorredemer\/wp-json\/wp\/v2\/pages\/792"}],"wp:attachment":[{"href":"https:\/\/agora.xtec.cat\/ceiptorredemer\/wp-json\/wp\/v2\/media?parent=64"}],"curies":[{"name":"wp","href":"https:\/\/api.w.org\/{rel}","templated":true}]}}