{"id":6063,"date":"2022-07-02T14:02:27","date_gmt":"2022-07-02T12:02:27","guid":{"rendered":"https:\/\/agora.xtec.cat\/ceiptorredemer\/?page_id=6063"},"modified":"2025-07-18T10:59:58","modified_gmt":"2025-07-18T08:59:58","slug":"material-escolar","status":"publish","type":"page","link":"https:\/\/agora.xtec.cat\/ceiptorredemer\/informacions-curs\/material-escolar\/","title":{"rendered":"Material escolar"},"content":{"rendered":"<p>S&#8217;ent\u00e9n com a\u00a0 material escolar:<\/p>\n<ul>\n<li>Per una banda, el <strong>material comprat des de l&#8217;escola amb car\u00e0cter socialitzat<\/strong>. <span class=\"WdYUQQ text-decoration-none text-strikethrough-none\">Aquest es compra en diferents moments al llarg del curs: una compra\u00a0 a l&#8217;inici de curs i quinzenalment compres espec\u00edfiques segons les necessitats de cada grup classe i les din\u00e0miques de pl\u00e0stica\/espais d&#8217;aprenentatge\/projectes pr\u00f2pies. Aquest material inclou tant material fungible com material d&#8217;aula i projectes.<\/span><\/li>\n<\/ul>\n<p><img loading=\"lazy\" decoding=\"async\" class=\"alignleft wp-image-7950 size-large\" src=\"https:\/\/agora.xtec.cat\/ceiptorredemer\/wp-content\/uploads\/usu744\/2025\/07\/1-1024x576.jpg\" alt=\"\" width=\"1024\" height=\"576\" srcset=\"https:\/\/agora.xtec.cat\/ceiptorredemer\/wp-content\/uploads\/usu744\/2025\/07\/1-1024x576.jpg 1024w, https:\/\/agora.xtec.cat\/ceiptorredemer\/wp-content\/uploads\/usu744\/2025\/07\/1-300x169.jpg 300w, https:\/\/agora.xtec.cat\/ceiptorredemer\/wp-content\/uploads\/usu744\/2025\/07\/1-768x432.jpg 768w, https:\/\/agora.xtec.cat\/ceiptorredemer\/wp-content\/uploads\/usu744\/2025\/07\/1-1536x864.jpg 1536w, https:\/\/agora.xtec.cat\/ceiptorredemer\/wp-content\/uploads\/usu744\/2025\/07\/1.jpg 1920w\" sizes=\"auto, (max-width: 1024px) 100vw, 1024px\" \/><\/p>\n<p>&nbsp;<\/p>\n<ul>\n<li><\/li>\n<li><\/li>\n<li><\/li>\n<li><\/li>\n<li><span class=\"WdYUQQ text-decoration-none text-strikethrough-none\">Per altra banda, el <strong>material que es demana al <\/strong><\/span><span class=\"WdYUQQ text-decoration-none text-strikethrough-none\"><strong>recull informatiu<\/strong> i han de portar els infants el primer dia d&#8217;escola (veure document adjunt).\u00a0<\/span><\/li>\n<\/ul>\n<p><img loading=\"lazy\" decoding=\"async\" class=\"alignleft wp-image-7952 size-large\" src=\"https:\/\/agora.xtec.cat\/ceiptorredemer\/wp-content\/uploads\/usu744\/2025\/07\/RECULL-INFORMATIU-25-26_page-0006-724x1024.jpg\" alt=\"\" width=\"724\" height=\"1024\" srcset=\"https:\/\/agora.xtec.cat\/ceiptorredemer\/wp-content\/uploads\/usu744\/2025\/07\/RECULL-INFORMATIU-25-26_page-0006-724x1024.jpg 724w, https:\/\/agora.xtec.cat\/ceiptorredemer\/wp-content\/uploads\/usu744\/2025\/07\/RECULL-INFORMATIU-25-26_page-0006-212x300.jpg 212w, https:\/\/agora.xtec.cat\/ceiptorredemer\/wp-content\/uploads\/usu744\/2025\/07\/RECULL-INFORMATIU-25-26_page-0006-768x1086.jpg 768w, https:\/\/agora.xtec.cat\/ceiptorredemer\/wp-content\/uploads\/usu744\/2025\/07\/RECULL-INFORMATIU-25-26_page-0006-1086x1536.jpg 1086w, https:\/\/agora.xtec.cat\/ceiptorredemer\/wp-content\/uploads\/usu744\/2025\/07\/RECULL-INFORMATIU-25-26_page-0006.jpg 1241w\" sizes=\"auto, (max-width: 724px) 100vw, 724px\" \/><\/p>\n<p>&nbsp;<\/p>\n","protected":false},"excerpt":{"rendered":"<p>S&#8217;ent\u00e9n com a\u00a0 material escolar: Per una banda, el material comprat des de l&#8217;escola amb car\u00e0cter socialitzat. Aquest es compra en diferents moments al llarg del curs: una compra\u00a0 a l&#8217;inici de curs i quinzenalment compres espec\u00edfiques segons les necessitats de cada grup classe i les din\u00e0miques de pl\u00e0stica\/espais d&#8217;aprenentatge\/projectes pr\u00f2pies. Aquest material inclou tant [&hellip;]<\/p>\n","protected":false},"author":1,"featured_media":0,"parent":213,"menu_order":7,"comment_status":"closed","ping_status":"closed","template":"page-templates\/side-menu.php","meta":{"_bbp_topic_count":0,"_bbp_reply_count":0,"_bbp_total_topic_count":0,"_bbp_total_reply_count":0,"_bbp_voice_count":0,"_bbp_anonymous_reply_count":0,"_bbp_topic_count_hidden":0,"_bbp_reply_count_hidden":0,"_bbp_forum_subforum_count":0,"site-sidebar-layout":"default","site-content-layout":"","ast-site-content-layout":"","site-content-style":"default","site-sidebar-style":"default","ast-global-header-display":"","ast-banner-title-visibility":"","ast-main-header-display":"","ast-hfb-above-header-display":"","ast-hfb-below-header-display":"","ast-hfb-mobile-header-display":"","site-post-title":"","ast-breadcrumbs-content":"","ast-featured-img":"","footer-sml-layout":"","theme-transparent-header-meta":"","adv-header-id-meta":"","stick-header-meta":"","header-above-stick-meta":"","header-main-stick-meta":"","header-below-stick-meta":"","astra-migrate-meta-layouts":"default","ast-page-background-enabled":"default","ast-page-background-meta":{"desktop":{"background-color":"var(--ast-global-color-4)","background-image":"","background-repeat":"repeat","background-position":"center center","background-size":"auto","background-attachment":"scroll","background-type":"","background-media":"","overlay-type":"","overlay-color":"","overlay-opacity":"","overlay-gradient":""},"tablet":{"background-color":"","background-image":"","background-repeat":"repeat","background-position":"center center","background-size":"auto","background-attachment":"scroll","background-type":"","background-media":"","overlay-type":"","overlay-color":"","overlay-opacity":"","overlay-gradient":""},"mobile":{"background-color":"","background-image":"","background-repeat":"repeat","background-position":"center center","background-size":"auto","background-attachment":"scroll","background-type":"","background-media":"","overlay-type":"","overlay-color":"","overlay-opacity":"","overlay-gradient":""}},"ast-content-background-meta":{"desktop":{"background-color":"var(--ast-global-color-5)","background-image":"","background-repeat":"repeat","background-position":"center center","background-size":"auto","background-attachment":"scroll","background-type":"","background-media":"","overlay-type":"","overlay-color":"","overlay-opacity":"","overlay-gradient":""},"tablet":{"background-color":"var(--ast-global-color-5)","background-image":"","background-repeat":"repeat","background-position":"center center","background-size":"auto","background-attachment":"scroll","background-type":"","background-media":"","overlay-type":"","overlay-color":"","overlay-opacity":"","overlay-gradient":""},"mobile":{"background-color":"var(--ast-global-color-5)","background-image":"","background-repeat":"repeat","background-position":"center center","background-size":"auto","background-attachment":"scroll","background-type":"","background-media":"","overlay-type":"","overlay-color":"","overlay-opacity":"","overlay-gradient":""}},"footnotes":""},"class_list":["post-6063","page","type-page","status-publish","hentry"],"post_mailing_queue_ids":[],"_links":{"self":[{"href":"https:\/\/agora.xtec.cat\/ceiptorredemer\/wp-json\/wp\/v2\/pages\/6063","targetHints":{"allow":["GET"]}}],"collection":[{"href":"https:\/\/agora.xtec.cat\/ceiptorredemer\/wp-json\/wp\/v2\/pages"}],"about":[{"href":"https:\/\/agora.xtec.cat\/ceiptorredemer\/wp-json\/wp\/v2\/types\/page"}],"author":[{"embeddable":true,"href":"https:\/\/agora.xtec.cat\/ceiptorredemer\/wp-json\/wp\/v2\/users\/1"}],"replies":[{"embeddable":true,"href":"https:\/\/agora.xtec.cat\/ceiptorredemer\/wp-json\/wp\/v2\/comments?post=6063"}],"version-history":[{"count":6,"href":"https:\/\/agora.xtec.cat\/ceiptorredemer\/wp-json\/wp\/v2\/pages\/6063\/revisions"}],"predecessor-version":[{"id":7955,"href":"https:\/\/agora.xtec.cat\/ceiptorredemer\/wp-json\/wp\/v2\/pages\/6063\/revisions\/7955"}],"up":[{"embeddable":true,"href":"https:\/\/agora.xtec.cat\/ceiptorredemer\/wp-json\/wp\/v2\/pages\/213"}],"wp:attachment":[{"href":"https:\/\/agora.xtec.cat\/ceiptorredemer\/wp-json\/wp\/v2\/media?parent=6063"}],"curies":[{"name":"wp","href":"https:\/\/api.w.org\/{rel}","templated":true}]}}