{"id":5873,"date":"2022-06-08T18:38:10","date_gmt":"2022-06-08T16:38:10","guid":{"rendered":"https:\/\/agora.xtec.cat\/ceiptorredemer\/?page_id=5873"},"modified":"2025-11-18T10:39:09","modified_gmt":"2025-11-18T09:39:09","slug":"atencio-a-la-diversitat","status":"publish","type":"page","link":"https:\/\/agora.xtec.cat\/ceiptorredemer\/documents-de-centre\/atencio-a-la-diversitat\/","title":{"rendered":"Mesures Universals"},"content":{"rendered":"<p>Des de l&#8217;escola estem treballant cada dia per caminar cap a una escola per a tothom en la qual la diversitat i la inclusi\u00f3 tinguin un paper clau. A continuaci\u00f3 us deixem un enlla\u00e7 de refer\u00e8ncia de l&#8217;xtec com a recurs del Departament d&#8217;Educaci\u00f3.\u00a0\u00a0<a href=\"https:\/\/xtec.gencat.cat\/ca\/curriculum\/diversitat-i-inclusio\">https:\/\/xtec.gencat.cat\/ca\/curriculum\/diversitat-i-inclusio<\/a><\/p>\n<p>Igualment a continuaci\u00f3 hem penjat els documents de centre que hem elaborar des de la comissi\u00f3 d&#8217;atenci\u00f3 a la diversitat i el claustre i els quals acompanyen aquesta informaci\u00f3 de refer\u00e8ncia de l&#8217;enlla\u00e7.<\/p>\n<p>Parlar d\u2019una escola per a tothom implica concretar els principis segu\u0308ents:<\/p>\n<ul>\n<li>El reconeixement de la diversitat com un fet universal<\/li>\n<li>El sistema inclusiu com l\u2019u\u0301nica mirada possible per donar resposta a tots els alumnes<\/li>\n<li>La personalitzacio\u0301 de l\u2019aprenentatge perque\u0300 cada alumne pugui desenvolupar al ma\u0300xim les seves potencialitats<\/li>\n<li>L\u2019equitat i la igualtat d\u2019oportunitats com a dret de tots els alumnes a rebre una educacio\u0301 integral i amb expectatives d\u2019e\u0300xit<\/li>\n<li>La participacio\u0301 i la coresponsabilitat per construir un projecte comu\u0301 a partir del dia\u0300leg, la comunicacio\u0301 i el respecte<\/li>\n<li>La formacio\u0301 del professorat per promocionar oportunitats de creixement col\u00b7lectiu i per desenvolupar projectes educatius compartits<\/li>\n<\/ul>\n<p><strong><a href=\"https:\/\/drive.google.com\/file\/d\/1uilD3SDI8VXI5WU5wYTxMpidqLuy3qG8\/view?usp=sharing\" target=\"_blank\" rel=\"noopener\">Accediu a l&#8217;enlla\u00e7: INFOGRAFIA ESCOLA PER A TOTHOM<\/a><\/strong><\/p>\n<p>La comissi\u00f3 d\u2019atenci\u00f3 a la diversitat sempre est\u00e0 en coordinaci\u00f3 amb EAP i amb els organismes p\u00fablics i \u00a0privats necess\u00e0ries per a poder atendre a tots els infants de l\u2019escola. Alhora l\u2019equip directiu del centre en t\u00e9 ple coneixement de tots els casos i la cap d\u2019estudis \u00e9s la persona encarregada de coordinar aquesta comissi\u00f3 d\u2019atenci\u00f3 a la diversitat del centre.<\/p>\n<p><strong>ATENCI\u00d3 A LA DIVERSITAT A L&#8217;ESCOLA TORREDEMER<\/strong><\/p>\n<p><iframe loading=\"lazy\" src=\"https:\/\/drive.google.com\/file\/d\/1Hks8qToqXOzjsUB6eDlSsX7mwHiy5etX\/preview;\" width=\"900\" height=\"720\"><\/iframe><\/p>\n<p><a href=\"https:\/\/drive.google.com\/file\/d\/1cw-RceHVLxBYLyCVG4sJgimisiRLvjFJ\/view?usp=sharing\" target=\"_blank\" rel=\"noopener\">QUADRE NEE\/NESE<\/a><\/p>\n<p>Des de\u00a0 l\u2019AFA de l\u2019escola hi ha una comissi\u00f3 d\u2019inclusi\u00f3 que t\u00e9 com a objectiu sumar en el dia a dia de l\u2019escola en relaci\u00f3 amb la mirada inclusiva a partir:<\/p>\n<ul>\n<li>Oferir xerrades informatives a les fam\u00edlies.<\/li>\n<li>Coordinar-se amb l\u2019equip directiu de l\u2019escola per pensar en propostes compartides com el dia de la dona, entre altres.<\/li>\n<li>Vetllar per la diversitat de g\u00e8nere i l\u2019educaci\u00f3 afectiva sexual del pla de conviv\u00e8ncia del centre.<\/li>\n<li>Fer arribar als representants de fam\u00edlies de la comissi\u00f3 de conviv\u00e8ncia del consell escolar tot all\u00f2 que es consideri per a poder-ho tractar.<\/li>\n<\/ul>\n<p>&nbsp;<\/p>\n","protected":false},"excerpt":{"rendered":"<p>Des de l&#8217;escola estem treballant cada dia per caminar cap a una escola per a tothom en la qual la diversitat i la inclusi\u00f3 tinguin un paper clau. A continuaci\u00f3 us deixem un enlla\u00e7 de refer\u00e8ncia de l&#8217;xtec com a recurs del Departament d&#8217;Educaci\u00f3.\u00a0\u00a0https:\/\/xtec.gencat.cat\/ca\/curriculum\/diversitat-i-inclusio Igualment a continuaci\u00f3 hem penjat els documents de centre que hem [&hellip;]<\/p>\n","protected":false},"author":1,"featured_media":0,"parent":792,"menu_order":6,"comment_status":"closed","ping_status":"closed","template":"","meta":{"_bbp_topic_count":0,"_bbp_reply_count":0,"_bbp_total_topic_count":0,"_bbp_total_reply_count":0,"_bbp_voice_count":0,"_bbp_anonymous_reply_count":0,"_bbp_topic_count_hidden":0,"_bbp_reply_count_hidden":0,"_bbp_forum_subforum_count":0,"site-sidebar-layout":"default","site-content-layout":"","ast-site-content-layout":"default","site-content-style":"default","site-sidebar-style":"default","ast-global-header-display":"","ast-banner-title-visibility":"","ast-main-header-display":"","ast-hfb-above-header-display":"","ast-hfb-below-header-display":"","ast-hfb-mobile-header-display":"","site-post-title":"","ast-breadcrumbs-content":"","ast-featured-img":"","footer-sml-layout":"","theme-transparent-header-meta":"default","adv-header-id-meta":"","stick-header-meta":"","header-above-stick-meta":"","header-main-stick-meta":"","header-below-stick-meta":"","astra-migrate-meta-layouts":"set","ast-page-background-enabled":"default","ast-page-background-meta":{"desktop":{"background-color":"var(--ast-global-color-4)","background-image":"","background-repeat":"repeat","background-position":"center center","background-size":"auto","background-attachment":"scroll","background-type":"","background-media":"","overlay-type":"","overlay-color":"","overlay-opacity":"","overlay-gradient":""},"tablet":{"background-color":"","background-image":"","background-repeat":"repeat","background-position":"center center","background-size":"auto","background-attachment":"scroll","background-type":"","background-media":"","overlay-type":"","overlay-color":"","overlay-opacity":"","overlay-gradient":""},"mobile":{"background-color":"","background-image":"","background-repeat":"repeat","background-position":"center center","background-size":"auto","background-attachment":"scroll","background-type":"","background-media":"","overlay-type":"","overlay-color":"","overlay-opacity":"","overlay-gradient":""}},"ast-content-background-meta":{"desktop":{"background-color":"var(--ast-global-color-5)","background-image":"","background-repeat":"repeat","background-position":"center center","background-size":"auto","background-attachment":"scroll","background-type":"","background-media":"","overlay-type":"","overlay-color":"","overlay-opacity":"","overlay-gradient":""},"tablet":{"background-color":"var(--ast-global-color-5)","background-image":"","background-repeat":"repeat","background-position":"center center","background-size":"auto","background-attachment":"scroll","background-type":"","background-media":"","overlay-type":"","overlay-color":"","overlay-opacity":"","overlay-gradient":""},"mobile":{"background-color":"var(--ast-global-color-5)","background-image":"","background-repeat":"repeat","background-position":"center center","background-size":"auto","background-attachment":"scroll","background-type":"","background-media":"","overlay-type":"","overlay-color":"","overlay-opacity":"","overlay-gradient":""}},"footnotes":""},"class_list":["post-5873","page","type-page","status-publish","hentry"],"post_mailing_queue_ids":[],"_links":{"self":[{"href":"https:\/\/agora.xtec.cat\/ceiptorredemer\/wp-json\/wp\/v2\/pages\/5873","targetHints":{"allow":["GET"]}}],"collection":[{"href":"https:\/\/agora.xtec.cat\/ceiptorredemer\/wp-json\/wp\/v2\/pages"}],"about":[{"href":"https:\/\/agora.xtec.cat\/ceiptorredemer\/wp-json\/wp\/v2\/types\/page"}],"author":[{"embeddable":true,"href":"https:\/\/agora.xtec.cat\/ceiptorredemer\/wp-json\/wp\/v2\/users\/1"}],"replies":[{"embeddable":true,"href":"https:\/\/agora.xtec.cat\/ceiptorredemer\/wp-json\/wp\/v2\/comments?post=5873"}],"version-history":[{"count":6,"href":"https:\/\/agora.xtec.cat\/ceiptorredemer\/wp-json\/wp\/v2\/pages\/5873\/revisions"}],"predecessor-version":[{"id":8035,"href":"https:\/\/agora.xtec.cat\/ceiptorredemer\/wp-json\/wp\/v2\/pages\/5873\/revisions\/8035"}],"up":[{"embeddable":true,"href":"https:\/\/agora.xtec.cat\/ceiptorredemer\/wp-json\/wp\/v2\/pages\/792"}],"wp:attachment":[{"href":"https:\/\/agora.xtec.cat\/ceiptorredemer\/wp-json\/wp\/v2\/media?parent=5873"}],"curies":[{"name":"wp","href":"https:\/\/api.w.org\/{rel}","templated":true}]}}