{"id":3530,"date":"2020-05-09T19:58:43","date_gmt":"2020-05-09T17:58:43","guid":{"rendered":"http:\/\/agora.xtec.cat\/ceiptorredemer\/?page_id=3530"},"modified":"2021-01-21T16:24:38","modified_gmt":"2021-01-21T15:24:38","slug":"matriculacio","status":"publish","type":"page","link":"https:\/\/agora.xtec.cat\/ceiptorredemer\/preinscripcio\/matriculacio\/","title":{"rendered":"Matriculaci\u00f3"},"content":{"rendered":"<h5>EN EL MOMENT DE MATRICULACI\u00d3 DEFINITIVA:<\/h5>\n<p>Les fam\u00edlies que heu estat admeses rebreu per correu electr\u00f2nic tota la informaci\u00f3 necess\u00e0ria per aquest tr\u00e0mit.<\/p>\n<p>La documentaic\u00f3 que caldr\u00e0 aportar \u00e9s la seg\u00fcent:<\/p>\n<ul>\n<li>Carnet de vacunes (Original i c\u00f2pia) (<em>Resoluci\u00f3 7821 01\/03\/19 &#8220;si l&#8217;alumne\/a no ha estat vacunat per indicaci\u00f3 m\u00e8dica o per altres circumst\u00e0ncies, cal presentar un certificat m\u00e8dic oficial justificatiu&#8221;)<\/em><\/li>\n<li>Full de dades del centre degudament emplenat<\/li>\n<li>3 fotografies actuals mida carnet.<\/li>\n<li>DNI renovat, si hi havia canvi de domicili. (Original i c\u00f2pia) Si no s&#8217;ha pogut renovar el DNI, s&#8217;ha de presentar aquesta <a href=\"https:\/\/drive.google.com\/file\/d\/1DNBAVtalpMwu-aG_z1tnuni86AQfar3B\/view\" target=\"_blank\" rel=\"noopener noreferrer\">declaraci\u00f3 responsable<\/a> conforme es renovar\u00e0 abans del 04\/09\/20. (<em>accediu clicant a sobre<\/em>)<\/li>\n<\/ul>\n","protected":false},"excerpt":{"rendered":"<p>EN EL MOMENT DE MATRICULACI\u00d3 DEFINITIVA: Les fam\u00edlies que heu estat admeses rebreu per correu electr\u00f2nic tota la informaci\u00f3 necess\u00e0ria per aquest tr\u00e0mit. La documentaic\u00f3 que caldr\u00e0 aportar \u00e9s la seg\u00fcent: Carnet de vacunes (Original i c\u00f2pia) (Resoluci\u00f3 7821 01\/03\/19 &#8220;si l&#8217;alumne\/a no ha estat vacunat per indicaci\u00f3 m\u00e8dica o per altres circumst\u00e0ncies, cal presentar [&hellip;]<\/p>\n","protected":false},"author":1,"featured_media":0,"parent":2200,"menu_order":5,"comment_status":"closed","ping_status":"closed","template":"page-templates\/side-menu.php","meta":{"_bbp_topic_count":0,"_bbp_reply_count":0,"_bbp_total_topic_count":0,"_bbp_total_reply_count":0,"_bbp_voice_count":0,"_bbp_anonymous_reply_count":0,"_bbp_topic_count_hidden":0,"_bbp_reply_count_hidden":0,"_bbp_forum_subforum_count":0,"site-sidebar-layout":"default","site-content-layout":"","ast-site-content-layout":"","site-content-style":"default","site-sidebar-style":"default","ast-global-header-display":"","ast-banner-title-visibility":"","ast-main-header-display":"","ast-hfb-above-header-display":"","ast-hfb-below-header-display":"","ast-hfb-mobile-header-display":"","site-post-title":"","ast-breadcrumbs-content":"","ast-featured-img":"","footer-sml-layout":"","theme-transparent-header-meta":"","adv-header-id-meta":"","stick-header-meta":"","header-above-stick-meta":"","header-main-stick-meta":"","header-below-stick-meta":"","astra-migrate-meta-layouts":"default","ast-page-background-enabled":"default","ast-page-background-meta":{"desktop":{"background-color":"var(--ast-global-color-4)","background-image":"","background-repeat":"repeat","background-position":"center center","background-size":"auto","background-attachment":"scroll","background-type":"","background-media":"","overlay-type":"","overlay-color":"","overlay-opacity":"","overlay-gradient":""},"tablet":{"background-color":"","background-image":"","background-repeat":"repeat","background-position":"center center","background-size":"auto","background-attachment":"scroll","background-type":"","background-media":"","overlay-type":"","overlay-color":"","overlay-opacity":"","overlay-gradient":""},"mobile":{"background-color":"","background-image":"","background-repeat":"repeat","background-position":"center center","background-size":"auto","background-attachment":"scroll","background-type":"","background-media":"","overlay-type":"","overlay-color":"","overlay-opacity":"","overlay-gradient":""}},"ast-content-background-meta":{"desktop":{"background-color":"var(--ast-global-color-5)","background-image":"","background-repeat":"repeat","background-position":"center center","background-size":"auto","background-attachment":"scroll","background-type":"","background-media":"","overlay-type":"","overlay-color":"","overlay-opacity":"","overlay-gradient":""},"tablet":{"background-color":"var(--ast-global-color-5)","background-image":"","background-repeat":"repeat","background-position":"center center","background-size":"auto","background-attachment":"scroll","background-type":"","background-media":"","overlay-type":"","overlay-color":"","overlay-opacity":"","overlay-gradient":""},"mobile":{"background-color":"var(--ast-global-color-5)","background-image":"","background-repeat":"repeat","background-position":"center center","background-size":"auto","background-attachment":"scroll","background-type":"","background-media":"","overlay-type":"","overlay-color":"","overlay-opacity":"","overlay-gradient":""}},"footnotes":""},"class_list":["post-3530","page","type-page","status-publish","hentry"],"post_mailing_queue_ids":[],"_links":{"self":[{"href":"https:\/\/agora.xtec.cat\/ceiptorredemer\/wp-json\/wp\/v2\/pages\/3530","targetHints":{"allow":["GET"]}}],"collection":[{"href":"https:\/\/agora.xtec.cat\/ceiptorredemer\/wp-json\/wp\/v2\/pages"}],"about":[{"href":"https:\/\/agora.xtec.cat\/ceiptorredemer\/wp-json\/wp\/v2\/types\/page"}],"author":[{"embeddable":true,"href":"https:\/\/agora.xtec.cat\/ceiptorredemer\/wp-json\/wp\/v2\/users\/1"}],"replies":[{"embeddable":true,"href":"https:\/\/agora.xtec.cat\/ceiptorredemer\/wp-json\/wp\/v2\/comments?post=3530"}],"version-history":[{"count":3,"href":"https:\/\/agora.xtec.cat\/ceiptorredemer\/wp-json\/wp\/v2\/pages\/3530\/revisions"}],"predecessor-version":[{"id":4088,"href":"https:\/\/agora.xtec.cat\/ceiptorredemer\/wp-json\/wp\/v2\/pages\/3530\/revisions\/4088"}],"up":[{"embeddable":true,"href":"https:\/\/agora.xtec.cat\/ceiptorredemer\/wp-json\/wp\/v2\/pages\/2200"}],"wp:attachment":[{"href":"https:\/\/agora.xtec.cat\/ceiptorredemer\/wp-json\/wp\/v2\/media?parent=3530"}],"curies":[{"name":"wp","href":"https:\/\/api.w.org\/{rel}","templated":true}]}}