{"id":3527,"date":"2020-05-09T19:57:08","date_gmt":"2020-05-09T17:57:08","guid":{"rendered":"http:\/\/agora.xtec.cat\/ceiptorredemer\/?page_id=3527"},"modified":"2026-02-18T12:15:40","modified_gmt":"2026-02-18T11:15:40","slug":"calendari-i-funcionament","status":"publish","type":"page","link":"https:\/\/agora.xtec.cat\/ceiptorredemer\/preinscripcio\/calendari-i-funcionament\/","title":{"rendered":"Calendari i funcionament"},"content":{"rendered":"<p>El proc\u00e9s de preinscripci\u00f3 escolar<strong> s&#8217;inicia al mar\u00e7 i acaba amb la formalitzaci\u00f3 de la matr\u00edcula, a mitjans de juny.\u00a0<\/strong><\/p>\n<h4><span style=\"color: #800080;\">CALENDARI DE TOT EL PROC\u00c9S\u00a0 <a href=\"https:\/\/preinscripcio.gencat.cat\/ca\/estudis\/infantil-3-6\/inici\/\" target=\"_blank\" rel=\"noopener\"><em><span style=\"color: #000000;\">Informaci\u00f3 oficial Departament<\/span><\/em><\/a><\/span><\/h4>\n<table width=\"621\">\n<tbody>\n<tr>\n<td width=\"367\">Publicaci\u00f3 de l\u2019oferta inicial<\/td>\n<td style=\"text-align: center;\" width=\"254\">3 mar\u00e7<\/td>\n<\/tr>\n<tr>\n<td width=\"367\"><a href=\"https:\/\/educacio.gencat.cat\/ca\/tramits\/tramits-temes\/20483-obligatoris?category=&amp;moda=1\"><strong>Presentaci\u00f3 de sol\u00b7licituds<\/strong><\/a><\/td>\n<td style=\"text-align: center;\" width=\"254\">del 4 al 18 de mar\u00e7<\/td>\n<\/tr>\n<tr>\n<td width=\"367\">Presentaci\u00f3 documentaci\u00f3<\/td>\n<td style=\"text-align: center;\" width=\"254\">Fins al 19 de mar\u00e7<\/td>\n<\/tr>\n<tr>\n<td width=\"367\">Publicaci\u00f3 de llistes amb puntuaci\u00f3 \u00a0provisional<\/td>\n<td style=\"text-align: center;\" width=\"254\">15 d&#8217;abril<\/td>\n<\/tr>\n<tr>\n<td width=\"367\">Reclamacions al llistat de puntuaci\u00f3 provisional<\/td>\n<td style=\"text-align: center;\" width=\"254\">Del 15 al 20 d&#8217;abril<\/td>\n<\/tr>\n<tr>\n<td width=\"367\">Publicaci\u00f3 llistes amb puntuaci\u00f3 un cop resoltes reclamacions<\/td>\n<td style=\"text-align: center;\" width=\"254\">23 d&#8217;abril<\/td>\n<\/tr>\n<tr>\n<td width=\"367\">Sorteig n\u00famero per al desempat<\/td>\n<td style=\"text-align: center;\" width=\"254\">28 d&#8217;abril<\/td>\n<\/tr>\n<tr>\n<td>Publicaci\u00f3 de la llista ordenada<\/td>\n<td style=\"text-align: center;\">29 d&#8217;abril<\/td>\n<\/tr>\n<tr>\n<td width=\"367\">Publicaci\u00f3 de l\u2019oferta final<\/td>\n<td style=\"text-align: center;\" width=\"254\">10 de juny<\/td>\n<\/tr>\n<tr>\n<td width=\"367\">Publicaci\u00f3 llistes d\u2019admesos\/es i llista d\u2019espera<\/td>\n<td style=\"text-align: center;\" width=\"254\">10 de juny<\/td>\n<\/tr>\n<tr>\n<td width=\"367\"><strong>Matriculaci\u00f3<\/strong><\/td>\n<td style=\"text-align: center;\" width=\"254\"><strong>Del 22 al 30 de juny<\/strong><\/td>\n<\/tr>\n<\/tbody>\n<\/table>\n<p>&nbsp;<\/p>\n","protected":false},"excerpt":{"rendered":"<p>El proc\u00e9s de preinscripci\u00f3 escolar s&#8217;inicia al mar\u00e7 i acaba amb la formalitzaci\u00f3 de la matr\u00edcula, a mitjans de juny.\u00a0 CALENDARI DE TOT EL PROC\u00c9S\u00a0 Informaci\u00f3 oficial Departament Publicaci\u00f3 de l\u2019oferta inicial 3 mar\u00e7 Presentaci\u00f3 de sol\u00b7licituds del 4 al 18 de mar\u00e7 Presentaci\u00f3 documentaci\u00f3 Fins al 19 de mar\u00e7 Publicaci\u00f3 de llistes amb puntuaci\u00f3 [&hellip;]<\/p>\n","protected":false},"author":1,"featured_media":0,"parent":2200,"menu_order":1,"comment_status":"closed","ping_status":"closed","template":"","meta":{"_bbp_topic_count":0,"_bbp_reply_count":0,"_bbp_total_topic_count":0,"_bbp_total_reply_count":0,"_bbp_voice_count":0,"_bbp_anonymous_reply_count":0,"_bbp_topic_count_hidden":0,"_bbp_reply_count_hidden":0,"_bbp_forum_subforum_count":0,"site-sidebar-layout":"default","site-content-layout":"","ast-site-content-layout":"default","site-content-style":"default","site-sidebar-style":"default","ast-global-header-display":"","ast-banner-title-visibility":"","ast-main-header-display":"","ast-hfb-above-header-display":"","ast-hfb-below-header-display":"","ast-hfb-mobile-header-display":"","site-post-title":"","ast-breadcrumbs-content":"","ast-featured-img":"","footer-sml-layout":"","theme-transparent-header-meta":"default","adv-header-id-meta":"","stick-header-meta":"","header-above-stick-meta":"","header-main-stick-meta":"","header-below-stick-meta":"","astra-migrate-meta-layouts":"set","ast-page-background-enabled":"default","ast-page-background-meta":{"desktop":{"background-color":"var(--ast-global-color-4)","background-image":"","background-repeat":"repeat","background-position":"center center","background-size":"auto","background-attachment":"scroll","background-type":"","background-media":"","overlay-type":"","overlay-color":"","overlay-opacity":"","overlay-gradient":""},"tablet":{"background-color":"","background-image":"","background-repeat":"repeat","background-position":"center center","background-size":"auto","background-attachment":"scroll","background-type":"","background-media":"","overlay-type":"","overlay-color":"","overlay-opacity":"","overlay-gradient":""},"mobile":{"background-color":"","background-image":"","background-repeat":"repeat","background-position":"center center","background-size":"auto","background-attachment":"scroll","background-type":"","background-media":"","overlay-type":"","overlay-color":"","overlay-opacity":"","overlay-gradient":""}},"ast-content-background-meta":{"desktop":{"background-color":"var(--ast-global-color-5)","background-image":"","background-repeat":"repeat","background-position":"center center","background-size":"auto","background-attachment":"scroll","background-type":"","background-media":"","overlay-type":"","overlay-color":"","overlay-opacity":"","overlay-gradient":""},"tablet":{"background-color":"var(--ast-global-color-5)","background-image":"","background-repeat":"repeat","background-position":"center center","background-size":"auto","background-attachment":"scroll","background-type":"","background-media":"","overlay-type":"","overlay-color":"","overlay-opacity":"","overlay-gradient":""},"mobile":{"background-color":"var(--ast-global-color-5)","background-image":"","background-repeat":"repeat","background-position":"center center","background-size":"auto","background-attachment":"scroll","background-type":"","background-media":"","overlay-type":"","overlay-color":"","overlay-opacity":"","overlay-gradient":""}},"footnotes":""},"class_list":["post-3527","page","type-page","status-publish","hentry"],"post_mailing_queue_ids":[],"_links":{"self":[{"href":"https:\/\/agora.xtec.cat\/ceiptorredemer\/wp-json\/wp\/v2\/pages\/3527","targetHints":{"allow":["GET"]}}],"collection":[{"href":"https:\/\/agora.xtec.cat\/ceiptorredemer\/wp-json\/wp\/v2\/pages"}],"about":[{"href":"https:\/\/agora.xtec.cat\/ceiptorredemer\/wp-json\/wp\/v2\/types\/page"}],"author":[{"embeddable":true,"href":"https:\/\/agora.xtec.cat\/ceiptorredemer\/wp-json\/wp\/v2\/users\/1"}],"replies":[{"embeddable":true,"href":"https:\/\/agora.xtec.cat\/ceiptorredemer\/wp-json\/wp\/v2\/comments?post=3527"}],"version-history":[{"count":6,"href":"https:\/\/agora.xtec.cat\/ceiptorredemer\/wp-json\/wp\/v2\/pages\/3527\/revisions"}],"predecessor-version":[{"id":8406,"href":"https:\/\/agora.xtec.cat\/ceiptorredemer\/wp-json\/wp\/v2\/pages\/3527\/revisions\/8406"}],"up":[{"embeddable":true,"href":"https:\/\/agora.xtec.cat\/ceiptorredemer\/wp-json\/wp\/v2\/pages\/2200"}],"wp:attachment":[{"href":"https:\/\/agora.xtec.cat\/ceiptorredemer\/wp-json\/wp\/v2\/media?parent=3527"}],"curies":[{"name":"wp","href":"https:\/\/api.w.org\/{rel}","templated":true}]}}