{"id":3523,"date":"2020-05-09T19:54:58","date_gmt":"2020-05-09T17:54:58","guid":{"rendered":"http:\/\/agora.xtec.cat\/ceiptorredemer\/?page_id=3523"},"modified":"2023-03-06T11:49:08","modified_gmt":"2023-03-06T10:49:08","slug":"documentacio-i-barems","status":"publish","type":"page","link":"https:\/\/agora.xtec.cat\/ceiptorredemer\/preinscripcio\/documentacio-i-barems\/","title":{"rendered":"Procediment i Documentaci\u00f3"},"content":{"rendered":"<div class=\"FW_sArticleFoto\">\n<div class=\"FW_sEditPro\">\n<h6><span style=\"color: #008000;\"><strong style=\"font-size: 1.4375em;\">PROCEDIMENT PER A LA PREINSCRIPCI\u00d3<\/strong><\/span><\/h6>\n<\/div>\n<h4>Accedeix a la sol\u2022licitud de preinscripci\u00f3 clicant\u00a0<a href=\"https:\/\/educacio.gencat.cat\/ca\/tramits\/tramits-temes\/20483-obligatoris?category=&amp;moda=1\" target=\"_blank\" rel=\"noopener\">AQU\u00cd<\/a><\/h4>\n<p>Hi ha dues opcions per poder presentar la sol\u00b7licitud:<\/p>\n<p style=\"text-align: justify;\"><strong>1. SOL\u00b7LICITUD ELECTR\u00d2NICA<\/strong>: Mitjan\u00e7ant certificat digital, com DNI electr\u00f2nic, Cl@ve, IdCAT M\u00f2bil, etc.<\/p>\n<p style=\"text-align: justify;\"><strong>2. SOL\u00b7LICITUD EN SUPORT INFORM\u00c0TIC<\/strong>: Caldr\u00e0 identificar l\u2019alumne\/a amb el seu n\u00fam. d\u2019Identificaci\u00f3 d\u2019alumne i omplir el formulari, a l\u2019enviar-ho es far\u00e0 l\u2019intercanvi de dades amb les administracions implicades i adjuntar escanejada o fotografiada la documentaci\u00f3 d\u2019identificaci\u00f3 i filiaci\u00f3 (DNI, llibre de fam\u00edlia, etc), juntament amb la que al\u00b7legueu a efectes de barems i que no s\u2019hagi pogut validar.<\/p>\n<p style=\"text-align: justify;\">Us recomanem que, si no en teniu, us feu un identificador digital i realitzeu la sol\u00b7licitud <strong>electr\u00f2nica, que us permet finalitzar el proc\u00e9s en el moment en qu\u00e8 envieu el formulari. <\/strong>En els seg\u00fcents enlla\u00e7os trobareu:<\/p>\n<ul>\n<li><a href=\"https:\/\/www.youtube.com\/watch?v=qqiw3Jv9lHE\" target=\"_blank\" rel=\"noopener\"><em>V\u00eddeo explicatiu per obtenir l&#8217;identificador IdCAT M\u00f2bil.<\/em><\/a><\/li>\n<li><a href=\"https:\/\/idcatmobil.seu.cat\/\" target=\"_blank\" rel=\"noopener\"><em>Accediu a la p\u00e0gina IdCAT M\u00f2bil.<\/em><\/a><\/li>\n<\/ul>\n<p>Abans de comen\u00e7ar amb el proc\u00e9s de preinscripci\u00f3 cal que reuniu tota la documentaci\u00f3 necess\u00e0ria i que busqueu la documentaci\u00f3 acreditativa dels criteris de prioritat per obtenir pla\u00e7a en el centre. No cal lliurar cap documentaci\u00f3 presencialment al centre educatiu que indiqueu en primera opci\u00f3, sin\u00f3 que s\u2019ha d\u2019adjuntar escanejada a la sol\u00b7licitud.<\/p>\n<p>En el seg\u00fcent v\u00eddeo trobareu una explicaci\u00f3 del proc\u00e9s de preinscripci\u00f3:<\/p>\n<p><iframe loading=\"lazy\" title=\"YouTube video player\" src=\"https:\/\/www.youtube.com\/embed\/7Jz8gYBFCFM\" width=\"560\" height=\"315\" frameborder=\"0\" allowfullscreen=\"allowfullscreen\"><\/iframe><\/p>\n<div class=\"FW_sEditPro\">\n<h6><span style=\"color: #008000;\"><strong style=\"font-size: 1.4375em;\">DOCUMENTACI\u00d3 QUE CAL PRESENTAR PER LA PREINSCRIPCI\u00d3 <a href=\"https:\/\/preinscripcio.gencat.cat\/ca\/estudis\/infantil-3-6\/informat\/prepara-documentacio\/\" target=\"_blank\" rel=\"noopener noreferrer\"><span style=\"color: #000080;\"><em>Informaci\u00f3 web del Departament<\/em><\/span><\/a><\/strong><\/span><\/h6>\n<\/div>\n<\/div>\n<div class=\"basic_text col-xs-12 pd-30 off-margin-bottom pd-15\">\n<h3><span style=\"color: #800080;\"><strong>DOCUMENTACI\u00d3 IDENTIFICATIVA<\/strong><\/span><\/h3>\n<p><span style=\"font-family: inherit; font-size: 1em;\">Per fer la sol\u00b7licitud de preinscripci\u00f3 cal presentar tota la documentaci\u00f3 necess\u00e0ria per acreditar la identitat de les fam\u00edlies sol\u00b7licitants i l&#8217;acompliment dels criteris d&#8217;assignaci\u00f3 de places. Com que tots els tr\u00e0mits es fan de manera telem\u00e0tica, <\/span><strong style=\"font-family: inherit; font-size: 1em;\">cal escanejar o fotografiar tots els documents demanats per ambdues cares<\/strong><span style=\"font-family: inherit; font-size: 1em;\"> i tenir-los disponibles en el dispositiu que utilitzareu per emplenar el formulari de preinscripci\u00f3, ja sigui un ordinador, una tauleta o un tel\u00e8fon intel\u00b7ligent, per tal de poder-los adjuntar.\u00a0<\/span><\/p>\n<\/div>\n<div class=\"basic_text_peq col-xs-12\">\n<div class=\"pd-15x link-dotted\">\n<p>Els documents necessaris per acreditar la identitat de les fam\u00edlies en la sol\u00b7licitud de preinscripci\u00f3 s\u00f3n:<\/p>\n<ul>\n<li><strong>Llibre de fam\u00edlia o altres documents relatius a la filiaci\u00f3.<br \/>\n<\/strong>Quan l&#8217;alumne estigui en situaci\u00f3 d&#8217;acolliment, el document que cal aportar \u00e9s la\u00a0<strong>resoluci\u00f3 d&#8217;acolliment del Departament de Drets Socials<\/strong>.<\/li>\n<li><strong>El DNI o NIE del pare, la mare o el tutor o la tutora de l&#8217;alumne\/a si s&#8217;utilitza la sol\u00b7licitud en suport inform\u00e0tic.\u00a0<\/strong>Si \u00e9s estranger s&#8217;haur\u00e0 d&#8217;adjuntar el\u00a0<strong>passaport<\/strong>\u00a0o, si \u00e9s estranger d&#8217;un pa\u00eds membre de la Uni\u00f3 Europea, el\u00a0<strong>document d&#8217;identitat del pa\u00eds d&#8217;origen<\/strong>.<\/li>\n<\/ul>\n<p>De manera excepcional, es poden acreditar les dades d&#8217;identificaci\u00f3 o de filiaci\u00f3 de l&#8217;alumnat estranger amb el document d&#8217;identitat, el llibre de fam\u00edlia del pa\u00eds d&#8217;origen o la documentaci\u00f3 alternativa que la persona pugui aportar. El director o la directora del centre educatiu corresponent valorar\u00e0 i examinar\u00e0 la documentaci\u00f3 presentada.<\/p>\n<h3><strong><span style=\"color: #800080;\">DOCUMENTACI\u00d3 ACREDITATIVA CRITERIS PRIORITAT<\/span><\/strong><\/h3>\n<p>Els documents necessaris per acreditar els criteris prioritaris s\u00f3n:<\/p>\n<ul>\n<li><strong>Per justificar la proximitat del domicili habitual a l&#8217;escola.\u00a0<\/strong>En enviar la sol\u00b7licitud es programa la consulta automatitzada del padr\u00f3. Aquesta consulta serveixper confirmar l&#8217;adre\u00e7a del domicili familiar. Si no es poden obtenir les dades del padr\u00f3 cal acreditar la resid\u00e8ncia adjuntant\u00a0<strong>un certificat o volant de conviv\u00e8ncia de l&#8217;alumne<\/strong>, on ha de constar l&#8217;adre\u00e7a del domicili i acreditar que l&#8217;alumne viu com a m\u00ednim amb el pare o la mare que presenta la sol\u00b7licitud.<\/li>\n<li><strong>Per acreditar la proximitat del lloc de treball del pare, la mare o el tutor legal a l&#8217;escola.<\/strong>\u00a0En el cas de les persones assalariades, \u00e9s suficient si s&#8217;aporta el\u00a0<strong>contracte laboral o un certificat em\u00e8s per l&#8217;empresa<\/strong>. En el cas de ser treballadora o treballador aut\u00f2nom, s&#8217;haur\u00e0 de presentar\u00a0<strong>el model de l&#8217;Ag\u00e8ncia tribut\u00e0ria 036 o 037<\/strong>, on es deixa const\u00e0ncia del domicili en qu\u00e8 es porta a terme l&#8217;activitat.<\/li>\n<li><strong>Per justificar la renda garantida de ciutadania.<\/strong>\u00a0Aportaci\u00f3 de documents com la certificaci\u00f3 o la resoluci\u00f3 emesa pel Departament de Drets Socials.<\/li>\n<\/ul>\n<p>Per acreditar els criteris complementaris s&#8217;ha de tenir en compte el seg\u00fcent:<\/p>\n<ul>\n<li><strong>Per acreditar que l&#8217;alumne forma part d&#8217;una fam\u00edlia nombrosa<\/strong>, aquesta informaci\u00f3 es validar\u00e0 mitjan\u00e7ant consultes interadministratives quan es faci la sol\u00b7licitud de preinscripci\u00f3. Nom\u00e9s quan no sigui possible validar-ho o es tracti de t\u00edtols emesos per altres comunitats aut\u00f2nomes, caldr\u00e0 presentar el t\u00edtol de fam\u00edlia nombrosa.<\/li>\n<li><strong>Per acreditar que l&#8217;alumne forma part d&#8217;una fam\u00edlia monoparental<\/strong>, aquesta informaci\u00f3 es validar\u00e0 mitjan\u00e7ant consultes interadministratives quan es faci la sol\u00b7licitud de preinscripci\u00f3. Nom\u00e9s quan no sigui possible validar-ho o quan es tracti de t\u00edtols emesos per altres comunitats aut\u00f2nomes, caldr\u00e0 adjuntar el t\u00edtol de fam\u00edlia monoparental.<\/li>\n<li><strong>El fet d&#8217;haver nascut en un part m\u00faltiple<\/strong>\u00a0s&#8217;acredita amb el llibre de fam\u00edlia.<\/li>\n<li><strong>La situaci\u00f3 d&#8217;acolliment familiar<\/strong>\u00a0s&#8217;acredita amb la\u202fresoluci\u00f3 d&#8217;acolliment del Departament de Drets Socials.<\/li>\n<li><strong>Per acreditar que un membre de la unitat familiar t\u00e9 una discapacitat<\/strong>.\u202fAquest sup\u00f2sit inclou la discapacitat igual o superior al 33 % de l&#8217;alumne, del pare o la mare o d&#8217;algun germ\u00e0 o germana, i es valida mitjan\u00e7ant consultes interadministratives. Si no es pot validar o si es tracta d&#8217;una discapacitat reconeguda per altres comunitats aut\u00f2nomes, cal presentar el certificat o la targeta acreditativa de discapacitat que emet el Departament de Drets Socials o els organismes competents en altres comunitats aut\u00f2nomes. Tamb\u00e9 es pot adjuntar el document que acrediti ser beneficiari o benefici\u00e0ria d&#8217;una pensi\u00f3 d&#8217;incapacitat permanent de grau total o de gran invalidesa, o b\u00e9, quan sigui oport\u00fa, el corresponent certificat de les classes passives que tenen reconeguda una pensi\u00f3 de jubilaci\u00f3 o retir per incapacitat permanent per al servei o inutilitat.<\/li>\n<li>La condici\u00f3 de\u00a0<strong>v\u00edctima de viol\u00e8ncia de g\u00e8nere o de terrorisme<\/strong>\u00a0s&#8217;acredita amb la sent\u00e8ncia judicial de qualsevol ordre jurisdiccional, l&#8217;ordre de protecci\u00f3 vigent, o l&#8217;informe dels serveis socials o el certificat que acredita la condici\u00f3 de v\u00edctima de terrorisme que emet la Subdirecci\u00f3n General de Apoyo a V\u00edctimas del Terrorismo del Ministeri de l&#8217;Interior.<\/li>\n<\/ul>\n<\/div>\n<h2 class=\"subtitle\"><strong><span style=\"color: #800080;\">Busca el codi identificatiu de l&#8217;infant<\/span><\/strong><\/h2>\n<div class=\"col-sm-8 basic_text_peq\">\n<div class=\"pd-15x link-dotted\">\n<p>Tots els infants que han estat matriculats en una llar d&#8217;infants o en una escola bressol a Catalunya a partir del curs 2021-2022 tenen assignat un codi identificador del Registre d&#8217;alumnes de Catalunya, el RALC.<\/p>\n<p>Aquest codi es pot consultar des d&#8217;aquest mateix web, a l&#8217;apartat\u00a0<a title=\"Consulta l'identificador de l'alumne\" href=\"http:\/\/educacio.gencat.cat\/ca\/tramits\/tramits-temes\/identificador-alumne\" target=\"_blank\" rel=\"noopener\">Consulta l&#8217;identificador de l&#8217;alumne<\/a>.\u00a0Per fer la consulta i obtenir el n\u00famero d&#8217;identificador, el pare, la mare o el tutor o la tutora legal que faci el tr\u00e0mit s&#8217;ha d&#8217;autenticar electr\u00f2nicament. El portal sol\u00b7licita la\u00a0<strong>data de naixement de l&#8217;alumne<\/strong>\u00a0i, un cop validada, mostra la informaci\u00f3 en pantalla.<\/p>\n<p><strong>\u00c9s important<\/strong>\u00a0verificar tamb\u00e9 que tota la informaci\u00f3 que hi apareix \u00e9s correcta. En cas contrari, cal sol\u00b7licitar una rectificaci\u00f3 de les dades.<\/p>\n<p>En la sol\u00b7licitud de preinscripci\u00f3 s&#8217;ha de consignar aquest codi\u00a0<strong>en la casella \u00abIdentificador de l&#8217;alumne\u00bb<\/strong>\u00a0de l&#8217;apartat Dades personals de l&#8217;alumne.<\/p>\n<\/div>\n<\/div>\n<\/div>\n","protected":false},"excerpt":{"rendered":"<p>PROCEDIMENT PER A LA PREINSCRIPCI\u00d3 Accedeix a la sol\u2022licitud de preinscripci\u00f3 clicant\u00a0AQU\u00cd Hi ha dues opcions per poder presentar la sol\u00b7licitud: 1. SOL\u00b7LICITUD ELECTR\u00d2NICA: Mitjan\u00e7ant certificat digital, com DNI electr\u00f2nic, Cl@ve, IdCAT M\u00f2bil, etc. 2. SOL\u00b7LICITUD EN SUPORT INFORM\u00c0TIC: Caldr\u00e0 identificar l\u2019alumne\/a amb el seu n\u00fam. d\u2019Identificaci\u00f3 d\u2019alumne i omplir el formulari, a l\u2019enviar-ho es [&hellip;]<\/p>\n","protected":false},"author":1,"featured_media":0,"parent":2200,"menu_order":3,"comment_status":"closed","ping_status":"closed","template":"page-templates\/side-menu.php","meta":{"_bbp_topic_count":0,"_bbp_reply_count":0,"_bbp_total_topic_count":0,"_bbp_total_reply_count":0,"_bbp_voice_count":0,"_bbp_anonymous_reply_count":0,"_bbp_topic_count_hidden":0,"_bbp_reply_count_hidden":0,"_bbp_forum_subforum_count":0,"site-sidebar-layout":"default","site-content-layout":"","ast-site-content-layout":"","site-content-style":"default","site-sidebar-style":"default","ast-global-header-display":"","ast-banner-title-visibility":"","ast-main-header-display":"","ast-hfb-above-header-display":"","ast-hfb-below-header-display":"","ast-hfb-mobile-header-display":"","site-post-title":"","ast-breadcrumbs-content":"","ast-featured-img":"","footer-sml-layout":"","theme-transparent-header-meta":"","adv-header-id-meta":"","stick-header-meta":"","header-above-stick-meta":"","header-main-stick-meta":"","header-below-stick-meta":"","astra-migrate-meta-layouts":"default","ast-page-background-enabled":"default","ast-page-background-meta":{"desktop":{"background-color":"var(--ast-global-color-4)","background-image":"","background-repeat":"repeat","background-position":"center center","background-size":"auto","background-attachment":"scroll","background-type":"","background-media":"","overlay-type":"","overlay-color":"","overlay-opacity":"","overlay-gradient":""},"tablet":{"background-color":"","background-image":"","background-repeat":"repeat","background-position":"center center","background-size":"auto","background-attachment":"scroll","background-type":"","background-media":"","overlay-type":"","overlay-color":"","overlay-opacity":"","overlay-gradient":""},"mobile":{"background-color":"","background-image":"","background-repeat":"repeat","background-position":"center center","background-size":"auto","background-attachment":"scroll","background-type":"","background-media":"","overlay-type":"","overlay-color":"","overlay-opacity":"","overlay-gradient":""}},"ast-content-background-meta":{"desktop":{"background-color":"var(--ast-global-color-5)","background-image":"","background-repeat":"repeat","background-position":"center center","background-size":"auto","background-attachment":"scroll","background-type":"","background-media":"","overlay-type":"","overlay-color":"","overlay-opacity":"","overlay-gradient":""},"tablet":{"background-color":"var(--ast-global-color-5)","background-image":"","background-repeat":"repeat","background-position":"center center","background-size":"auto","background-attachment":"scroll","background-type":"","background-media":"","overlay-type":"","overlay-color":"","overlay-opacity":"","overlay-gradient":""},"mobile":{"background-color":"var(--ast-global-color-5)","background-image":"","background-repeat":"repeat","background-position":"center center","background-size":"auto","background-attachment":"scroll","background-type":"","background-media":"","overlay-type":"","overlay-color":"","overlay-opacity":"","overlay-gradient":""}},"footnotes":""},"class_list":["post-3523","page","type-page","status-publish","hentry"],"post_mailing_queue_ids":[],"_links":{"self":[{"href":"https:\/\/agora.xtec.cat\/ceiptorredemer\/wp-json\/wp\/v2\/pages\/3523","targetHints":{"allow":["GET"]}}],"collection":[{"href":"https:\/\/agora.xtec.cat\/ceiptorredemer\/wp-json\/wp\/v2\/pages"}],"about":[{"href":"https:\/\/agora.xtec.cat\/ceiptorredemer\/wp-json\/wp\/v2\/types\/page"}],"author":[{"embeddable":true,"href":"https:\/\/agora.xtec.cat\/ceiptorredemer\/wp-json\/wp\/v2\/users\/1"}],"replies":[{"embeddable":true,"href":"https:\/\/agora.xtec.cat\/ceiptorredemer\/wp-json\/wp\/v2\/comments?post=3523"}],"version-history":[{"count":3,"href":"https:\/\/agora.xtec.cat\/ceiptorredemer\/wp-json\/wp\/v2\/pages\/3523\/revisions"}],"predecessor-version":[{"id":6707,"href":"https:\/\/agora.xtec.cat\/ceiptorredemer\/wp-json\/wp\/v2\/pages\/3523\/revisions\/6707"}],"up":[{"embeddable":true,"href":"https:\/\/agora.xtec.cat\/ceiptorredemer\/wp-json\/wp\/v2\/pages\/2200"}],"wp:attachment":[{"href":"https:\/\/agora.xtec.cat\/ceiptorredemer\/wp-json\/wp\/v2\/media?parent=3523"}],"curies":[{"name":"wp","href":"https:\/\/api.w.org\/{rel}","templated":true}]}}