{"id":295,"date":"2016-11-17T12:14:46","date_gmt":"2016-11-17T11:14:46","guid":{"rendered":"http:\/\/agora.xtec.cat\/ceiptorredemer\/?page_id=295"},"modified":"2025-02-20T19:28:14","modified_gmt":"2025-02-20T18:28:14","slug":"10e-aniversari","status":"publish","type":"page","link":"https:\/\/agora.xtec.cat\/ceiptorredemer\/unamicamesdescola\/10e-aniversari\/","title":{"rendered":"20\u00e8 i 10\u00e8 aniversari"},"content":{"rendered":"<p><span style=\"color: #800000;\"><strong>Us compartim el nostre 20\u00e8 ANIVERSARI, un llegat que continua.<\/strong><\/span><\/p>\n<p><img loading=\"lazy\" decoding=\"async\" class=\"alignleft wp-image-7708\" src=\"https:\/\/agora.xtec.cat\/ceiptorredemer\/wp-content\/uploads\/usu744\/2025\/02\/Mural-20-anys-descola-1024x768.jpeg\" alt=\"\" width=\"484\" height=\"363\" srcset=\"https:\/\/agora.xtec.cat\/ceiptorredemer\/wp-content\/uploads\/usu744\/2025\/02\/Mural-20-anys-descola-1024x768.jpeg 1024w, https:\/\/agora.xtec.cat\/ceiptorredemer\/wp-content\/uploads\/usu744\/2025\/02\/Mural-20-anys-descola-300x225.jpeg 300w, https:\/\/agora.xtec.cat\/ceiptorredemer\/wp-content\/uploads\/usu744\/2025\/02\/Mural-20-anys-descola-768x576.jpeg 768w, https:\/\/agora.xtec.cat\/ceiptorredemer\/wp-content\/uploads\/usu744\/2025\/02\/Mural-20-anys-descola-1536x1152.jpeg 1536w, https:\/\/agora.xtec.cat\/ceiptorredemer\/wp-content\/uploads\/usu744\/2025\/02\/Mural-20-anys-descola-200x150.jpeg 200w, https:\/\/agora.xtec.cat\/ceiptorredemer\/wp-content\/uploads\/usu744\/2025\/02\/Mural-20-anys-descola.jpeg 1600w\" sizes=\"auto, (max-width: 484px) 100vw, 484px\" \/><\/p>\n<p data-start=\"0\" data-end=\"46\"><img loading=\"lazy\" decoding=\"async\" class=\"alignleft wp-image-7709\" src=\"https:\/\/agora.xtec.cat\/ceiptorredemer\/wp-content\/uploads\/usu744\/2025\/02\/Plafo-20-anys-descola-1024x768.jpeg\" alt=\"\" width=\"489\" height=\"367\" srcset=\"https:\/\/agora.xtec.cat\/ceiptorredemer\/wp-content\/uploads\/usu744\/2025\/02\/Plafo-20-anys-descola-1024x768.jpeg 1024w, https:\/\/agora.xtec.cat\/ceiptorredemer\/wp-content\/uploads\/usu744\/2025\/02\/Plafo-20-anys-descola-300x225.jpeg 300w, https:\/\/agora.xtec.cat\/ceiptorredemer\/wp-content\/uploads\/usu744\/2025\/02\/Plafo-20-anys-descola-768x576.jpeg 768w, https:\/\/agora.xtec.cat\/ceiptorredemer\/wp-content\/uploads\/usu744\/2025\/02\/Plafo-20-anys-descola-1536x1152.jpeg 1536w, https:\/\/agora.xtec.cat\/ceiptorredemer\/wp-content\/uploads\/usu744\/2025\/02\/Plafo-20-anys-descola-200x150.jpeg 200w, https:\/\/agora.xtec.cat\/ceiptorredemer\/wp-content\/uploads\/usu744\/2025\/02\/Plafo-20-anys-descola.jpeg 2048w\" sizes=\"auto, (max-width: 489px) 100vw, 489px\" \/><\/p>\n<div style=\"width: 848px;\" class=\"wp-video\"><!--[if lt IE 9]><script>document.createElement('video');<\/script><![endif]-->\n<video class=\"wp-video-shortcode\" id=\"video-295-1\" width=\"848\" height=\"480\" preload=\"metadata\" controls=\"controls\"><source type=\"video\/mp4\" src=\"https:\/\/agora.xtec.cat\/ceiptorredemer\/wp-content\/uploads\/usu744\/2025\/02\/WhatsApp-Video-2025-02-20-at-19.19.25-2.mp4?_=1\" \/><a href=\"https:\/\/agora.xtec.cat\/ceiptorredemer\/wp-content\/uploads\/usu744\/2025\/02\/WhatsApp-Video-2025-02-20-at-19.19.25-2.mp4\">https:\/\/agora.xtec.cat\/ceiptorredemer\/wp-content\/uploads\/usu744\/2025\/02\/WhatsApp-Video-2025-02-20-at-19.19.25-2.mp4<\/a><\/video><\/div>\n<p data-start=\"48\" data-end=\"338\">El curs 2023-24 vam celebrar els <strong data-start=\"81\" data-end=\"112\">20 anys de la nostra escola<\/strong>, dues d\u00e8cades plenes d\u2019aprenentatge, creixement i viv\u00e8ncies compartides. Aquesta fita no ha estat nom\u00e9s una data, sin\u00f3 una oportunitat per recordar d\u2019on venim, reafirmar els nostres valors i mirar cap al futur amb il\u00b7lusi\u00f3.<\/p>\n<p style=\"text-align: justify;\" data-start=\"340\" data-end=\"401\"><span style=\"color: #800000;\"><strong>Per commemorar-ho, vam organitzar diversos actes especials:<\/strong><\/span><\/p>\n<p style=\"text-align: justify;\" data-start=\"403\" data-end=\"851\"><strong data-start=\"406\" data-end=\"436\">Un mural de la Laia Sauret<\/strong> a l\u2019exterior de l\u2019escola, que reflecteix la nostra identitat i els valors que ens defineixen. Com a part d\u2019aquest simbolisme, els infants i docents van teixir un <strong data-start=\"599\" data-end=\"614\">fil vermell<\/strong> que es projectava des del mural fins a l\u2019escenari del pati en el moment de bufar les espelmes del past\u00eds, representant el vincle, el cam\u00ed recorregut i la connexi\u00f3 entre totes les persones que han fet possible aquests 20 anys d\u2019escola.<\/p>\n<p style=\"text-align: justify;\" data-start=\"853\" data-end=\"1067\"><strong data-start=\"856\" data-end=\"880\">La foto dels 20 anys<\/strong>, replicant la dels 10, com a record viu de la nostra hist\u00f2ria i dels infants i docents que avui dia formen una part de l&#8217;escola. Un gest simb\u00f2lic que ens connecta amb el passat i ens impulsa cap al futur. Aquesta forma part del centre i es va poder regalar en format postal a totes les fam\u00edlies de l&#8217;escola gr\u00e0cies a l&#8217;AFA i la seva participaci\u00f3 econ\u00f2mica.<\/p>\n<p style=\"text-align: justify;\" data-start=\"1069\" data-end=\"1269\"><strong data-start=\"1072\" data-end=\"1096\">L\u2019acte de celebraci\u00f3<\/strong>, on vam compartir moments emotius i vam interpretar una estrofa de la nostra m\u00fasica creada per la docent i m\u00fasica, J\u00falia Moumen. <strong data-start=\"1274\" data-end=\"1311\">Un homenatge especial als docents<\/strong> que, al llarg d\u2019aquests 20 anys, han dedicat esfor\u00e7, il\u00b7lusi\u00f3 i estima a aquest projecte. Cadascun d\u2019ells ha deixat una petjada en l\u2019escola i en la vida dels infants. Sense la seva vocaci\u00f3, la seva entrega i el seu comprom\u00eds, aquesta hist\u00f2ria no hauria estat possible. <strong data-start=\"1581\" data-end=\"1688\">Gr\u00e0cies per ser llavor d\u2019aprenentatge i per construir, dia rere dia, una escola viva i plena de sentit!<\/strong><\/p>\n<p data-start=\"1069\" data-end=\"1269\"><strong>Festa final de curs\u00a0<\/strong>un xic especial amb les fam\u00edlies de l&#8217;escola i amb la fant\u00e0stica dinamitzaci\u00f3 de l&#8217;AFA. Uns concerts de fam\u00edlies i la m\u00e0gia del confeti van fer d&#8217;aquesta festa un moment especial de tancament. 20 anys d\u2019escola s\u00f3n 20 anys de comprom\u00eds amb l\u2019educaci\u00f3, d\u2019infants que han crescut amb nosaltres, de fam\u00edlies i docents que han fet possible aquest projecte. <strong data-start=\"1851\" data-end=\"1902\">Gr\u00e0cies a tots per ser part d\u2019aquesta hist\u00f2ria!<\/strong><\/p>\n<p><span style=\"color: #800000;\"><strong>Us compartim del nostre 10\u00e8 ANIVERSARI:<\/strong><\/span><\/p>\n<p>Durant el curs 2014-2015 s&#8217;ha treballat amb els nens i les nenes la <b>CAN\u00c7\u00d3 de l&#8217;escola &#8220;Escola 10&#8221;.<\/b> La lletra va ser creada per la mestra de m\u00fasica amb la col\u00b7laboraci\u00f3 d&#8217;un grup de pares i mares. Una representaci\u00f3 d&#8217;alumnes i mestres van anar a gravar-la a un estudi de gravaci\u00f3 i es va fer la presentaci\u00f3 a tota l&#8217;escola. Aqu\u00ed podeu veure el making off de la gravaci\u00f3:<\/p>\n<div><\/div>\n<div><iframe loading=\"lazy\" src=\"https:\/\/www.youtube.com\/embed\/AwnbFf-SN2g\" width=\"560\" height=\"315\" frameborder=\"0\" allowfullscreen=\"allowfullscreen\"><\/iframe><\/div>\n<p><a href=\"http:\/\/agora.xtec.cat\/ceiptorredemer\/wp-content\/uploads\/usu744\/2016\/11\/LLETRA-CAN\u00c7\u00d3-ESCOLA.jpg\"><img loading=\"lazy\" decoding=\"async\" class=\"alignnone size-full wp-image-299\" src=\"http:\/\/agora.xtec.cat\/ceiptorredemer\/wp-content\/uploads\/usu744\/2016\/11\/LLETRA-CAN\u00c7\u00d3-ESCOLA.jpg\" alt=\"lletra-canco-escola\" width=\"893\" height=\"491\" srcset=\"https:\/\/agora.xtec.cat\/ceiptorredemer\/wp-content\/uploads\/usu744\/2016\/11\/LLETRA-CAN\u00c7\u00d3-ESCOLA.jpg 893w, https:\/\/agora.xtec.cat\/ceiptorredemer\/wp-content\/uploads\/usu744\/2016\/11\/LLETRA-CAN\u00c7\u00d3-ESCOLA-300x165.jpg 300w, https:\/\/agora.xtec.cat\/ceiptorredemer\/wp-content\/uploads\/usu744\/2016\/11\/LLETRA-CAN\u00c7\u00d3-ESCOLA-768x422.jpg 768w\" sizes=\"auto, (max-width: 893px) 100vw, 893px\" \/><\/a><\/p>\n","protected":false},"excerpt":{"rendered":"<p>Us compartim el nostre 20\u00e8 ANIVERSARI, un llegat que continua. El curs 2023-24 vam celebrar els 20 anys de la nostra escola, dues d\u00e8cades plenes d\u2019aprenentatge, creixement i viv\u00e8ncies compartides. Aquesta fita no ha estat nom\u00e9s una data, sin\u00f3 una oportunitat per recordar d\u2019on venim, reafirmar els nostres valors i mirar cap al futur amb [&hellip;]<\/p>\n","protected":false},"author":1,"featured_media":0,"parent":209,"menu_order":0,"comment_status":"closed","ping_status":"closed","template":"page-templates\/side-menu.php","meta":{"_bbp_topic_count":0,"_bbp_reply_count":0,"_bbp_total_topic_count":0,"_bbp_total_reply_count":0,"_bbp_voice_count":0,"_bbp_anonymous_reply_count":0,"_bbp_topic_count_hidden":0,"_bbp_reply_count_hidden":0,"_bbp_forum_subforum_count":0,"site-sidebar-layout":"default","site-content-layout":"","ast-site-content-layout":"","site-content-style":"default","site-sidebar-style":"default","ast-global-header-display":"","ast-banner-title-visibility":"","ast-main-header-display":"","ast-hfb-above-header-display":"","ast-hfb-below-header-display":"","ast-hfb-mobile-header-display":"","site-post-title":"","ast-breadcrumbs-content":"","ast-featured-img":"","footer-sml-layout":"","theme-transparent-header-meta":"","adv-header-id-meta":"","stick-header-meta":"","header-above-stick-meta":"","header-main-stick-meta":"","header-below-stick-meta":"","astra-migrate-meta-layouts":"default","ast-page-background-enabled":"default","ast-page-background-meta":{"desktop":{"background-color":"var(--ast-global-color-4)","background-image":"","background-repeat":"repeat","background-position":"center center","background-size":"auto","background-attachment":"scroll","background-type":"","background-media":"","overlay-type":"","overlay-color":"","overlay-opacity":"","overlay-gradient":""},"tablet":{"background-color":"","background-image":"","background-repeat":"repeat","background-position":"center center","background-size":"auto","background-attachment":"scroll","background-type":"","background-media":"","overlay-type":"","overlay-color":"","overlay-opacity":"","overlay-gradient":""},"mobile":{"background-color":"","background-image":"","background-repeat":"repeat","background-position":"center center","background-size":"auto","background-attachment":"scroll","background-type":"","background-media":"","overlay-type":"","overlay-color":"","overlay-opacity":"","overlay-gradient":""}},"ast-content-background-meta":{"desktop":{"background-color":"var(--ast-global-color-5)","background-image":"","background-repeat":"repeat","background-position":"center center","background-size":"auto","background-attachment":"scroll","background-type":"","background-media":"","overlay-type":"","overlay-color":"","overlay-opacity":"","overlay-gradient":""},"tablet":{"background-color":"var(--ast-global-color-5)","background-image":"","background-repeat":"repeat","background-position":"center center","background-size":"auto","background-attachment":"scroll","background-type":"","background-media":"","overlay-type":"","overlay-color":"","overlay-opacity":"","overlay-gradient":""},"mobile":{"background-color":"var(--ast-global-color-5)","background-image":"","background-repeat":"repeat","background-position":"center center","background-size":"auto","background-attachment":"scroll","background-type":"","background-media":"","overlay-type":"","overlay-color":"","overlay-opacity":"","overlay-gradient":""}},"footnotes":""},"class_list":["post-295","page","type-page","status-publish","hentry"],"post_mailing_queue_ids":[],"_links":{"self":[{"href":"https:\/\/agora.xtec.cat\/ceiptorredemer\/wp-json\/wp\/v2\/pages\/295","targetHints":{"allow":["GET"]}}],"collection":[{"href":"https:\/\/agora.xtec.cat\/ceiptorredemer\/wp-json\/wp\/v2\/pages"}],"about":[{"href":"https:\/\/agora.xtec.cat\/ceiptorredemer\/wp-json\/wp\/v2\/types\/page"}],"author":[{"embeddable":true,"href":"https:\/\/agora.xtec.cat\/ceiptorredemer\/wp-json\/wp\/v2\/users\/1"}],"replies":[{"embeddable":true,"href":"https:\/\/agora.xtec.cat\/ceiptorredemer\/wp-json\/wp\/v2\/comments?post=295"}],"version-history":[{"count":7,"href":"https:\/\/agora.xtec.cat\/ceiptorredemer\/wp-json\/wp\/v2\/pages\/295\/revisions"}],"predecessor-version":[{"id":7721,"href":"https:\/\/agora.xtec.cat\/ceiptorredemer\/wp-json\/wp\/v2\/pages\/295\/revisions\/7721"}],"up":[{"embeddable":true,"href":"https:\/\/agora.xtec.cat\/ceiptorredemer\/wp-json\/wp\/v2\/pages\/209"}],"wp:attachment":[{"href":"https:\/\/agora.xtec.cat\/ceiptorredemer\/wp-json\/wp\/v2\/media?parent=295"}],"curies":[{"name":"wp","href":"https:\/\/api.w.org\/{rel}","templated":true}]}}