{"id":282,"date":"2016-11-17T12:09:15","date_gmt":"2016-11-17T11:09:15","guid":{"rendered":"http:\/\/agora.xtec.cat\/ceiptorredemer\/?page_id=282"},"modified":"2025-02-20T19:53:32","modified_gmt":"2025-02-20T18:53:32","slug":"padrins-i-fillols","status":"publish","type":"page","link":"https:\/\/agora.xtec.cat\/ceiptorredemer\/unamicamesdescola\/padrins-i-fillols\/","title":{"rendered":"Padrins\/es i fillols\/es &#8211; Cura emocional"},"content":{"rendered":"<p>Un tret caracter\u00edstic de la nostra escola \u00e9s la relaci\u00f3 de padrins i fillols!!<br \/>\n\r\n\t<div class=\"slideshow_container slideshow_container_style-light\" style=\"height: 200px; \" data-slideshow-id=\"765\" data-style-name=\"style-light\" data-style-version=\"2.3.1\" >\r\n\r\n\t\t\t\t\t<div class=\"slideshow_loading_icon\"><\/div>\r\n\t\t\r\n\t\t<div class=\"slideshow_content\" style=\"display: none;\">\r\n\r\n\t\t\t<div class=\"slideshow_view\">\r\n\t\t\t\t<div class=\"slideshow_slide slideshow_slide_image\">\r\n\t\t\t\t\t\t\t\t\t\t\t<img src=\"https:\/\/agora.xtec.cat\/ceiptorredemer\/wp-content\/uploads\/usu744\/2016\/11\/Castanyada-junts-4.jpg\" alt=\"Castanyada junts (4)\" width=\"200\" height=\"150\" \/>\r\n\t\t\t\t\t\t\t\t\t\t<div class=\"slideshow_description_box slideshow_transparent\">\r\n\t\t\t\t\t\t<div class=\"slideshow_title\">Castanyada junts (4)<\/div>\t\t\t\t\t\t\t\t\t\t\t<\/div>\r\n\t\t\t\t<\/div>\r\n\r\n\t\t\t\t\t\t<div style=\"clear: both;\"><\/div><\/div><div class=\"slideshow_view\">\r\n\t\t\t\t<div class=\"slideshow_slide slideshow_slide_image\">\r\n\t\t\t\t\t\t\t\t\t\t\t<img src=\"https:\/\/agora.xtec.cat\/ceiptorredemer\/wp-content\/uploads\/usu744\/2016\/11\/Confid\u00e8ncies-2.jpg\" alt=\"Confid\u00e8ncies (2)\" width=\"200\" height=\"150\" \/>\r\n\t\t\t\t\t\t\t\t\t\t<div class=\"slideshow_description_box slideshow_transparent\">\r\n\t\t\t\t\t\t<div class=\"slideshow_title\">Confid\u00e8ncies (2)<\/div>\t\t\t\t\t\t\t\t\t\t\t<\/div>\r\n\t\t\t\t<\/div>\r\n\r\n\t\t\t\t\t\t<div style=\"clear: both;\"><\/div><\/div><div class=\"slideshow_view\">\r\n\t\t\t\t<div class=\"slideshow_slide slideshow_slide_image\">\r\n\t\t\t\t\t\t\t\t\t\t\t<img src=\"https:\/\/agora.xtec.cat\/ceiptorredemer\/wp-content\/uploads\/usu744\/2016\/11\/Compartint-celebracions-4.jpg\" alt=\"Compartint celebracions (4)\" width=\"200\" height=\"150\" \/>\r\n\t\t\t\t\t\t\t\t\t\t<div class=\"slideshow_description_box slideshow_transparent\">\r\n\t\t\t\t\t\t<div class=\"slideshow_title\">Compartint celebracions (4)<\/div>\t\t\t\t\t\t\t\t\t\t\t<\/div>\r\n\t\t\t\t<\/div>\r\n\r\n\t\t\t\t\t\t<div style=\"clear: both;\"><\/div><\/div><div class=\"slideshow_view\">\r\n\t\t\t\t<div class=\"slideshow_slide slideshow_slide_image\">\r\n\t\t\t\t\t\t\t\t\t\t\t<img src=\"https:\/\/agora.xtec.cat\/ceiptorredemer\/wp-content\/uploads\/usu744\/2016\/11\/Compartint-contes.jpg\" alt=\"Compartint contes\" width=\"200\" height=\"150\" \/>\r\n\t\t\t\t\t\t\t\t\t\t<div class=\"slideshow_description_box slideshow_transparent\">\r\n\t\t\t\t\t\t<div class=\"slideshow_title\">Compartint contes<\/div>\t\t\t\t\t\t\t\t\t\t\t<\/div>\r\n\t\t\t\t<\/div>\r\n\r\n\t\t\t\t\t\t<div style=\"clear: both;\"><\/div><\/div>\r\n\t\t<\/div>\r\n\r\n\t\t<div class=\"slideshow_controlPanel slideshow_transparent\" style=\"display: none;\"><ul><li class=\"slideshow_togglePlay\" data-play-text=\"Visualitza\" data-pause-text=\"Pausa\"><\/li><\/ul><\/div>\r\n\r\n\t\t<div class=\"slideshow_button slideshow_previous slideshow_transparent\" role=\"button\" data-previous-text=\"Anterior\" style=\"display: none;\"><\/div>\r\n\t\t<div class=\"slideshow_button slideshow_next slideshow_transparent\" role=\"button\" data-next-text=\"Seg\u00fcent\" style=\"display: none;\"><\/div>\r\n\r\n\t\t<div class=\"slideshow_pagination\" style=\"display: none;\" data-go-to-text=\"V\u00e9s a la diapositiva\"><div class=\"slideshow_pagination_center\"><\/div><\/div>\r\n\r\n\t\t<!-- WordPress Slideshow Version 2.3.1 -->\r\n\r\n\t\t\t<\/div>\r\n\r\n<br \/>\nA 3r es comen\u00e7a a ser padr\u00ed dels companys que acaben d&#8217;arribar a l&#8217;escola, P3. Aquesta relaci\u00f3 es mant\u00e9 en passar de curs. Per tant, sempre hi ha parelles de padrins-fillols entre P3 i 3r, P4-4t, P5-5\u00e8 i 1r-6\u00e8 amb les mateixes parelles, per la qual cosa la relaci\u00f3 personal arriba a ser molt estreta.<br \/>\nQuan els alumnes de 6\u00e8 marxen de l&#8217;escola s\u00f3n especialment acomiadats pels seus fillols, que ja estan acabant 1r i per tant acabaran de tenir el rol de fillols. El seg\u00fcent curs, 2n de prim\u00e0ria, no s\u00f3n ni padrins ni fillols, \u00e9s un curs de transici\u00f3 per ser padr\u00ed\/na en arribar a 3r.<\/p>\n<p>El nen o nena fillol respecta, confia, creu, i apr\u00e8n del padr\u00ed, se sent protegit i acompanyat, amb alg\u00fa de refer\u00e8ncia a l&#8217;edifici de prim\u00e0ria, &#8220;el dels grans&#8221;. Igualment, els padrins mantenen el contacte amb l&#8217;etapa infantil a trav\u00e9s dels vincles amb els fillols.<br \/>\nLes parelles padr\u00ed\/fillol es conviden m\u00fatuament per compartir i ajudar-se en patis, festes, rues, intercanvi de treballs i informacions treballades a les diferents \u00e0rees, lectures, exposicions, teatre, contes, jocs, berenars, espais,&#8230;<\/p>\n<p>Per exemple, a les rues i altres sortides de l&#8217;escola, ja no es veu la cordada d&#8217;alumnes d&#8217;infantil, seguint la mestra, sin\u00f3 que van aparellats, agafats de la m\u00e0, amb els seus padrins, fent m\u00e9s rica i aut\u00f2noma l&#8217;activitat i permetent a les mestres una altre tipus de relaci\u00f3 amb els grups.<br \/>\nIgualment, quan algun grup ha fet un treball d&#8217;aula o han acabat d&#8217;estudiar un tema, tenen ganes de mostrar-ho o explicar-ho als seus padrins (o al seus fillols), ja sigui en grup classe o per grupets. L&#8217;equip de mestres programa les trobades, acompanya, observa, reajusta,&#8230;i valora molt positivament aquesta l\u00ednia transversal de treball.<\/p>\n<p>\u00c9s molt gratificant veure les activitats i valors que desenvolupen els nostres nens i nenes, tamb\u00e9 l&#8217;estima que sorgeix entre ells i elles que traspassa les parets i horari escolars, ja que fora de l&#8217;escola els vincles continuen existint i aix\u00ed ens ho fan saber les fam\u00edlies.<\/p>\n","protected":false},"excerpt":{"rendered":"<p>Un tret caracter\u00edstic de la nostra escola \u00e9s la relaci\u00f3 de padrins i fillols!! A 3r es comen\u00e7a a ser padr\u00ed dels companys que acaben d&#8217;arribar a l&#8217;escola, P3. Aquesta relaci\u00f3 es mant\u00e9 en passar de curs. Per tant, sempre hi ha parelles de padrins-fillols entre P3 i 3r, P4-4t, P5-5\u00e8 i 1r-6\u00e8 amb les [&hellip;]<\/p>\n","protected":false},"author":1,"featured_media":0,"parent":209,"menu_order":0,"comment_status":"closed","ping_status":"closed","template":"page-templates\/side-menu.php","meta":{"_bbp_topic_count":0,"_bbp_reply_count":0,"_bbp_total_topic_count":0,"_bbp_total_reply_count":0,"_bbp_voice_count":0,"_bbp_anonymous_reply_count":0,"_bbp_topic_count_hidden":0,"_bbp_reply_count_hidden":0,"_bbp_forum_subforum_count":0,"site-sidebar-layout":"default","site-content-layout":"","ast-site-content-layout":"","site-content-style":"default","site-sidebar-style":"default","ast-global-header-display":"","ast-banner-title-visibility":"","ast-main-header-display":"","ast-hfb-above-header-display":"","ast-hfb-below-header-display":"","ast-hfb-mobile-header-display":"","site-post-title":"","ast-breadcrumbs-content":"","ast-featured-img":"","footer-sml-layout":"","theme-transparent-header-meta":"","adv-header-id-meta":"","stick-header-meta":"","header-above-stick-meta":"","header-main-stick-meta":"","header-below-stick-meta":"","astra-migrate-meta-layouts":"default","ast-page-background-enabled":"default","ast-page-background-meta":{"desktop":{"background-color":"var(--ast-global-color-4)","background-image":"","background-repeat":"repeat","background-position":"center center","background-size":"auto","background-attachment":"scroll","background-type":"","background-media":"","overlay-type":"","overlay-color":"","overlay-opacity":"","overlay-gradient":""},"tablet":{"background-color":"","background-image":"","background-repeat":"repeat","background-position":"center center","background-size":"auto","background-attachment":"scroll","background-type":"","background-media":"","overlay-type":"","overlay-color":"","overlay-opacity":"","overlay-gradient":""},"mobile":{"background-color":"","background-image":"","background-repeat":"repeat","background-position":"center center","background-size":"auto","background-attachment":"scroll","background-type":"","background-media":"","overlay-type":"","overlay-color":"","overlay-opacity":"","overlay-gradient":""}},"ast-content-background-meta":{"desktop":{"background-color":"var(--ast-global-color-5)","background-image":"","background-repeat":"repeat","background-position":"center center","background-size":"auto","background-attachment":"scroll","background-type":"","background-media":"","overlay-type":"","overlay-color":"","overlay-opacity":"","overlay-gradient":""},"tablet":{"background-color":"var(--ast-global-color-5)","background-image":"","background-repeat":"repeat","background-position":"center center","background-size":"auto","background-attachment":"scroll","background-type":"","background-media":"","overlay-type":"","overlay-color":"","overlay-opacity":"","overlay-gradient":""},"mobile":{"background-color":"var(--ast-global-color-5)","background-image":"","background-repeat":"repeat","background-position":"center center","background-size":"auto","background-attachment":"scroll","background-type":"","background-media":"","overlay-type":"","overlay-color":"","overlay-opacity":"","overlay-gradient":""}},"footnotes":""},"class_list":["post-282","page","type-page","status-publish","hentry"],"post_mailing_queue_ids":[],"_links":{"self":[{"href":"https:\/\/agora.xtec.cat\/ceiptorredemer\/wp-json\/wp\/v2\/pages\/282","targetHints":{"allow":["GET"]}}],"collection":[{"href":"https:\/\/agora.xtec.cat\/ceiptorredemer\/wp-json\/wp\/v2\/pages"}],"about":[{"href":"https:\/\/agora.xtec.cat\/ceiptorredemer\/wp-json\/wp\/v2\/types\/page"}],"author":[{"embeddable":true,"href":"https:\/\/agora.xtec.cat\/ceiptorredemer\/wp-json\/wp\/v2\/users\/1"}],"replies":[{"embeddable":true,"href":"https:\/\/agora.xtec.cat\/ceiptorredemer\/wp-json\/wp\/v2\/comments?post=282"}],"version-history":[{"count":4,"href":"https:\/\/agora.xtec.cat\/ceiptorredemer\/wp-json\/wp\/v2\/pages\/282\/revisions"}],"predecessor-version":[{"id":7726,"href":"https:\/\/agora.xtec.cat\/ceiptorredemer\/wp-json\/wp\/v2\/pages\/282\/revisions\/7726"}],"up":[{"embeddable":true,"href":"https:\/\/agora.xtec.cat\/ceiptorredemer\/wp-json\/wp\/v2\/pages\/209"}],"wp:attachment":[{"href":"https:\/\/agora.xtec.cat\/ceiptorredemer\/wp-json\/wp\/v2\/media?parent=282"}],"curies":[{"name":"wp","href":"https:\/\/api.w.org\/{rel}","templated":true}]}}