{"id":28,"date":"2014-09-18T12:29:35","date_gmt":"2014-09-18T11:29:35","guid":{"rendered":"http:\/\/agora.xtec.cat\/ceiptorredemer\/?page_id=28"},"modified":"2026-01-23T09:54:37","modified_gmt":"2026-01-23T08:54:37","slug":"consell-escolar","status":"publish","type":"page","link":"https:\/\/agora.xtec.cat\/ceiptorredemer\/lescola\/consell-escolar\/","title":{"rendered":"Consell escolar"},"content":{"rendered":"<h4><strong><span style=\"color: #993366;\">CONSELL ESCOLAR<\/span><\/strong><\/h4>\n<p>&nbsp;<\/p>\n<p><iframe loading=\"lazy\" src=\"https:\/\/drive.google.com\/file\/d\/1LfIBY1xQtmjwj0nZFrhFmkpPkhLUnodZ\/preview\" width=\"800\" height=\"825\"> <\/iframe><\/p>\n<p><strong>El consell escolar est\u00e0 integrat per les seg\u00fcents persones membres:<\/strong><\/p>\n<ul>\n<li>La directora i presidenta: <em>Sandra Prat<\/em><\/li>\n<li>La cap d&#8217;estudis: <em>Raquel Valdivia<\/em><\/li>\n<li>Un representant de l&#8217;ajuntament escollit per l&#8217;alcadia: Dolors Mart\u00ed<\/li>\n<li>6 representants del claustre:\n<ul>\n<li><em>Sara Baco<\/em><\/li>\n<li>Jordi de Le\u00f3n<\/li>\n<li>Merc\u00e8 Franc\u00e9s<\/li>\n<li>N\u00faria Gran\u00e9<\/li>\n<li><em>Maria Jim\u00e9nez<\/em><\/li>\n<li><em>Anna Mart\u00ednez<\/em><\/li>\n<\/ul>\n<\/li>\n<li>5 representants dels pares i mares o tutors:\n<ul>\n<li>Anna Arch<\/li>\n<li>Laura Bel<\/li>\n<li>Emma Navarro<\/li>\n<li>N\u00faria Ortega<\/li>\n<li>Anna Serra<\/li>\n<\/ul>\n<\/li>\n<li>1 representant de l&#8217;AFA escollits per aquesta: <em>Elisabet Bosser.<\/em><\/li>\n<li>Una\u00a0 representant del personal d&#8217;administraci\u00f3 i serveis: <em>Eug\u00e8nia Lite.<\/em><\/li>\n<li>Una\u00a0 representant del personal d&#8217;atenci\u00f3 educativa: Ivet Collabatall\u00e9.<\/li>\n<\/ul>\n<p>La secret\u00e0ria del centre no \u00e9s membre del consell escolar, per\u00f2 hi assisteix amb veu i sense vot, i exerceix la secretaria del consell: <em>Maria Carme Osuna<\/em><\/p>\n<p><iframe loading=\"lazy\" src=\"https:\/\/drive.google.com\/file\/d\/1VMEFLUsryY46jwwfJa4cDGZmJJ-X4Bog\/preview\" width=\"800\" height=\"825\"><span data-mce-type=\"bookmark\" style=\"display: inline-block; width: 0px; overflow: hidden; line-height: 0;\" class=\"mce_SELRES_start\">\ufeff<\/span> <\/iframe><\/p>\n","protected":false},"excerpt":{"rendered":"<p>CONSELL ESCOLAR &nbsp; El consell escolar est\u00e0 integrat per les seg\u00fcents persones membres: La directora i presidenta: Sandra Prat La cap d&#8217;estudis: Raquel Valdivia Un representant de l&#8217;ajuntament escollit per l&#8217;alcadia: Dolors Mart\u00ed 6 representants del claustre: Sara Baco Jordi de Le\u00f3n Merc\u00e8 Franc\u00e9s N\u00faria Gran\u00e9 Maria Jim\u00e9nez Anna Mart\u00ednez 5 representants dels pares i [&hellip;]<\/p>\n","protected":false},"author":1,"featured_media":0,"parent":22,"menu_order":30,"comment_status":"closed","ping_status":"closed","template":"","meta":{"_bbp_topic_count":0,"_bbp_reply_count":0,"_bbp_total_topic_count":0,"_bbp_total_reply_count":0,"_bbp_voice_count":0,"_bbp_anonymous_reply_count":0,"_bbp_topic_count_hidden":0,"_bbp_reply_count_hidden":0,"_bbp_forum_subforum_count":0,"site-sidebar-layout":"default","site-content-layout":"","ast-site-content-layout":"default","site-content-style":"default","site-sidebar-style":"default","ast-global-header-display":"","ast-banner-title-visibility":"","ast-main-header-display":"","ast-hfb-above-header-display":"","ast-hfb-below-header-display":"","ast-hfb-mobile-header-display":"","site-post-title":"","ast-breadcrumbs-content":"","ast-featured-img":"","footer-sml-layout":"","theme-transparent-header-meta":"default","adv-header-id-meta":"","stick-header-meta":"","header-above-stick-meta":"","header-main-stick-meta":"","header-below-stick-meta":"","astra-migrate-meta-layouts":"set","ast-page-background-enabled":"default","ast-page-background-meta":{"desktop":{"background-color":"var(--ast-global-color-4)","background-image":"","background-repeat":"repeat","background-position":"center center","background-size":"auto","background-attachment":"scroll","background-type":"","background-media":"","overlay-type":"","overlay-color":"","overlay-opacity":"","overlay-gradient":""},"tablet":{"background-color":"","background-image":"","background-repeat":"repeat","background-position":"center center","background-size":"auto","background-attachment":"scroll","background-type":"","background-media":"","overlay-type":"","overlay-color":"","overlay-opacity":"","overlay-gradient":""},"mobile":{"background-color":"","background-image":"","background-repeat":"repeat","background-position":"center center","background-size":"auto","background-attachment":"scroll","background-type":"","background-media":"","overlay-type":"","overlay-color":"","overlay-opacity":"","overlay-gradient":""}},"ast-content-background-meta":{"desktop":{"background-color":"var(--ast-global-color-5)","background-image":"","background-repeat":"repeat","background-position":"center center","background-size":"auto","background-attachment":"scroll","background-type":"","background-media":"","overlay-type":"","overlay-color":"","overlay-opacity":"","overlay-gradient":""},"tablet":{"background-color":"var(--ast-global-color-5)","background-image":"","background-repeat":"repeat","background-position":"center center","background-size":"auto","background-attachment":"scroll","background-type":"","background-media":"","overlay-type":"","overlay-color":"","overlay-opacity":"","overlay-gradient":""},"mobile":{"background-color":"var(--ast-global-color-5)","background-image":"","background-repeat":"repeat","background-position":"center center","background-size":"auto","background-attachment":"scroll","background-type":"","background-media":"","overlay-type":"","overlay-color":"","overlay-opacity":"","overlay-gradient":""}},"footnotes":""},"class_list":["post-28","page","type-page","status-publish","hentry"],"post_mailing_queue_ids":[],"_links":{"self":[{"href":"https:\/\/agora.xtec.cat\/ceiptorredemer\/wp-json\/wp\/v2\/pages\/28","targetHints":{"allow":["GET"]}}],"collection":[{"href":"https:\/\/agora.xtec.cat\/ceiptorredemer\/wp-json\/wp\/v2\/pages"}],"about":[{"href":"https:\/\/agora.xtec.cat\/ceiptorredemer\/wp-json\/wp\/v2\/types\/page"}],"author":[{"embeddable":true,"href":"https:\/\/agora.xtec.cat\/ceiptorredemer\/wp-json\/wp\/v2\/users\/1"}],"replies":[{"embeddable":true,"href":"https:\/\/agora.xtec.cat\/ceiptorredemer\/wp-json\/wp\/v2\/comments?post=28"}],"version-history":[{"count":7,"href":"https:\/\/agora.xtec.cat\/ceiptorredemer\/wp-json\/wp\/v2\/pages\/28\/revisions"}],"predecessor-version":[{"id":8354,"href":"https:\/\/agora.xtec.cat\/ceiptorredemer\/wp-json\/wp\/v2\/pages\/28\/revisions\/8354"}],"up":[{"embeddable":true,"href":"https:\/\/agora.xtec.cat\/ceiptorredemer\/wp-json\/wp\/v2\/pages\/22"}],"wp:attachment":[{"href":"https:\/\/agora.xtec.cat\/ceiptorredemer\/wp-json\/wp\/v2\/media?parent=28"}],"curies":[{"name":"wp","href":"https:\/\/api.w.org\/{rel}","templated":true}]}}