{"id":233,"date":"2016-10-27T10:45:07","date_gmt":"2016-10-27T08:45:07","guid":{"rendered":"http:\/\/agora.xtec.cat\/ceiptorredemer\/?page_id=233"},"modified":"2026-01-26T12:34:00","modified_gmt":"2026-01-26T11:34:00","slug":"ampa","status":"publish","type":"page","link":"https:\/\/agora.xtec.cat\/ceiptorredemer\/serveis\/ampa\/","title":{"rendered":"AFA"},"content":{"rendered":"<div><span style=\"font-size: large;\"><b>Associaci\u00f3 de Fam\u00edlies d&#8217;Alumnes de l&#8217;escola:<\/b><\/span><\/div>\n<div><\/div>\n<div><\/div>\n<div>\n<p data-start=\"61\" data-end=\"450\">A l\u2019escola, creiem que <strong data-start=\"84\" data-end=\"122\">l&#8217;educaci\u00f3 \u00e9s una tasca compartida<\/strong>, i per aix\u00f2 que \u00e9s indispensable comptar amb l&#8217;<strong data-start=\"174\" data-end=\"216\">AFA (Associaci\u00f3 de Fam\u00edlies d&#8217;Alumnes)<\/strong>, un pilar fonamental de la nostra comunitat escolar. L\u2019AFA \u00e9s un espai de col\u00b7laboraci\u00f3 i implicaci\u00f3 on <strong data-start=\"321\" data-end=\"352\">fam\u00edlies, docents i infants <\/strong>treballen junts per fer de la nostra escola un lloc m\u00e9s acollidor, din\u00e0mic i ric en experi\u00e8ncies. L&#8217;AFA no nom\u00e9s \u00e9s un lloc on les fam\u00edlies poden expressar les seves opinions i inquietuds, sin\u00f3 que tamb\u00e9 organitza activitats, esdeveniments i projectes que ajuden a enfortir<strong data-start=\"619\" data-end=\"673\">\u00a0els vincles entre les fam\u00edlies i l\u2019escola<\/strong>. A trav\u00e9s de la seva tasca, es dinamitzen comissions i aspectes claus com l&#8217;organitzaci\u00f3 d&#8217;extraescolars, la gesti\u00f3 del menjador, la dinamitzaci\u00f3 de projectes compartits, etc.<\/p>\n<p data-start=\"879\" data-end=\"1426\">\u00c9s important que tots sumem esfor\u00e7os i confian\u00e7a al projecte de l\u2019escola, perqu\u00e8 <strong data-start=\"960\" data-end=\"1007\">juntes i junts podem aconseguir grans coses<\/strong>. La nostra escola creix i millora gr\u00e0cies a la <strong data-start=\"1055\" data-end=\"1087\">col\u00b7laboraci\u00f3 i el comprom\u00eds<\/strong> de cada membre de la comunitat educativa. Quan <strong data-start=\"1135\" data-end=\"1173\">fam\u00edlies i escola treballem unides<\/strong>, els nostres infants tenen m\u00e9s oportunitats d\u2019aprendre i desenvolupar-se de manera plena. Tots som una part essencial d\u2019aquest projecte compartit, i la nostra implicaci\u00f3 fa que la nostra escola sigui un lloc on tothom se senti part d\u2019una gran fam\u00edlia.<\/p>\n<p data-start=\"1428\" data-end=\"1743\" data-is-last-node=\"\" data-is-only-node=\"\">Amb l&#8217;AFA, fem que la nostra escola sigui un espai m\u00e9s <strong data-start=\"1483\" data-end=\"1508\">comunitari i inclusiu<\/strong>, on totes les veus son escoltades i es posen en valor.\u00a0 Junts, constru\u00efm una escola millor, <strong data-start=\"1692\" data-end=\"1739\">m\u00e9s forta, unida i plena d&#8217;energia positiva<\/strong>!<\/p>\n<p data-start=\"1428\" data-end=\"1743\" data-is-last-node=\"\" data-is-only-node=\"\"><strong><span style=\"color: #800000;\">Persona de contacte: Raquel Gonz\u00e1lez<\/span><\/strong><\/p>\n<p data-start=\"1428\" data-end=\"1743\" data-is-last-node=\"\" data-is-only-node=\"\"><strong><span style=\"color: #800000;\">Tel\u00e8fon de contacte: 937870694 (tel\u00e8fon de l&#8217;escola i preguntar per Raquel de l&#8217;AFA).\u00a0<\/span><\/strong><\/p>\n<p data-start=\"1428\" data-end=\"1743\" data-is-last-node=\"\" data-is-only-node=\"\"><strong><span style=\"color: #800000;\">E-mail de contacte: afatorredemer@gmail.com<\/span><\/strong><\/p>\n<\/div>\n<div><\/div>\n<div><\/div>\n<div><\/div>\n<div><\/div>\n<div><\/div>\n<div><\/div>\n<div>Horari d&#8217;atenci\u00f3:<\/div>\n<div><\/div>\n<div>\n<table style=\"border-collapse: collapse; width: 54.7901%;\">\n<tbody>\n<tr>\n<td style=\"width: 14.3227%;\"><strong>DILLUNS<\/strong><\/td>\n<td style=\"width: 13.8872%;\"><strong>DIMARTS<\/strong><\/td>\n<td style=\"width: 16.0064%;\"><strong>DIMECRES<\/strong><\/td>\n<td style=\"width: 14.3315%;\"><strong>DIJOUS<\/strong><\/td>\n<td style=\"width: 7.78382%;\"><strong>DIVENDRES<\/strong><\/td>\n<\/tr>\n<tr>\n<td style=\"width: 14.3227%;\">12h a 18h<\/td>\n<td style=\"width: 13.8872%;\">12h a 18h<\/td>\n<td style=\"width: 16.0064%;\">12h a 18h<\/td>\n<td style=\"width: 14.3315%;\">9h a 15h<\/td>\n<td style=\"width: 7.78382%;\">9h a 15h<\/td>\n<\/tr>\n<\/tbody>\n<\/table>\n<\/div>\n<div><a href=\"https:\/\/drive.google.com\/file\/d\/1idCg_wf-8kX8RGWe4IHiR89IlGRS_HVf\/preview\" target=\"_blank\" rel=\"noopener\">Estatuts de l&#8217;AFA Torredemer<\/a><\/div>\n<div><\/div>\n<div><\/div>\n<div><\/div>\n<div><\/div>\n<div><\/div>\n<div><\/div>\n<div>L&#8217;AFA de l&#8217;escola \u00e9s din\u00e0mic i alhora t\u00e9 el desig de sumar en el dia a dia dels infants, a la web pr\u00f2pia de l&#8217;AFA hi podeu trobar molta m\u00e9s informaci\u00f3:<\/div>\n<div><\/div>\n<div><\/div>\n<div><\/div>\n","protected":false},"excerpt":{"rendered":"<p>Associaci\u00f3 de Fam\u00edlies d&#8217;Alumnes de l&#8217;escola: A l\u2019escola, creiem que l&#8217;educaci\u00f3 \u00e9s una tasca compartida, i per aix\u00f2 que \u00e9s indispensable comptar amb l&#8217;AFA (Associaci\u00f3 de Fam\u00edlies d&#8217;Alumnes), un pilar fonamental de la nostra comunitat escolar. L\u2019AFA \u00e9s un espai de col\u00b7laboraci\u00f3 i implicaci\u00f3 on fam\u00edlies, docents i infants treballen junts per fer de la [&hellip;]<\/p>\n","protected":false},"author":1,"featured_media":0,"parent":66,"menu_order":0,"comment_status":"closed","ping_status":"closed","template":"","meta":{"_bbp_topic_count":0,"_bbp_reply_count":0,"_bbp_total_topic_count":0,"_bbp_total_reply_count":0,"_bbp_voice_count":0,"_bbp_anonymous_reply_count":0,"_bbp_topic_count_hidden":0,"_bbp_reply_count_hidden":0,"_bbp_forum_subforum_count":0,"site-sidebar-layout":"default","site-content-layout":"","ast-site-content-layout":"default","site-content-style":"default","site-sidebar-style":"default","ast-global-header-display":"","ast-banner-title-visibility":"","ast-main-header-display":"","ast-hfb-above-header-display":"","ast-hfb-below-header-display":"","ast-hfb-mobile-header-display":"","site-post-title":"","ast-breadcrumbs-content":"","ast-featured-img":"","footer-sml-layout":"","theme-transparent-header-meta":"default","adv-header-id-meta":"","stick-header-meta":"","header-above-stick-meta":"","header-main-stick-meta":"","header-below-stick-meta":"","astra-migrate-meta-layouts":"set","ast-page-background-enabled":"default","ast-page-background-meta":{"desktop":{"background-color":"var(--ast-global-color-4)","background-image":"","background-repeat":"repeat","background-position":"center center","background-size":"auto","background-attachment":"scroll","background-type":"","background-media":"","overlay-type":"","overlay-color":"","overlay-opacity":"","overlay-gradient":""},"tablet":{"background-color":"","background-image":"","background-repeat":"repeat","background-position":"center center","background-size":"auto","background-attachment":"scroll","background-type":"","background-media":"","overlay-type":"","overlay-color":"","overlay-opacity":"","overlay-gradient":""},"mobile":{"background-color":"","background-image":"","background-repeat":"repeat","background-position":"center center","background-size":"auto","background-attachment":"scroll","background-type":"","background-media":"","overlay-type":"","overlay-color":"","overlay-opacity":"","overlay-gradient":""}},"ast-content-background-meta":{"desktop":{"background-color":"var(--ast-global-color-5)","background-image":"","background-repeat":"repeat","background-position":"center center","background-size":"auto","background-attachment":"scroll","background-type":"","background-media":"","overlay-type":"","overlay-color":"","overlay-opacity":"","overlay-gradient":""},"tablet":{"background-color":"var(--ast-global-color-5)","background-image":"","background-repeat":"repeat","background-position":"center center","background-size":"auto","background-attachment":"scroll","background-type":"","background-media":"","overlay-type":"","overlay-color":"","overlay-opacity":"","overlay-gradient":""},"mobile":{"background-color":"var(--ast-global-color-5)","background-image":"","background-repeat":"repeat","background-position":"center center","background-size":"auto","background-attachment":"scroll","background-type":"","background-media":"","overlay-type":"","overlay-color":"","overlay-opacity":"","overlay-gradient":""}},"footnotes":""},"class_list":["post-233","page","type-page","status-publish","hentry"],"post_mailing_queue_ids":[],"_links":{"self":[{"href":"https:\/\/agora.xtec.cat\/ceiptorredemer\/wp-json\/wp\/v2\/pages\/233","targetHints":{"allow":["GET"]}}],"collection":[{"href":"https:\/\/agora.xtec.cat\/ceiptorredemer\/wp-json\/wp\/v2\/pages"}],"about":[{"href":"https:\/\/agora.xtec.cat\/ceiptorredemer\/wp-json\/wp\/v2\/types\/page"}],"author":[{"embeddable":true,"href":"https:\/\/agora.xtec.cat\/ceiptorredemer\/wp-json\/wp\/v2\/users\/1"}],"replies":[{"embeddable":true,"href":"https:\/\/agora.xtec.cat\/ceiptorredemer\/wp-json\/wp\/v2\/comments?post=233"}],"version-history":[{"count":7,"href":"https:\/\/agora.xtec.cat\/ceiptorredemer\/wp-json\/wp\/v2\/pages\/233\/revisions"}],"predecessor-version":[{"id":8365,"href":"https:\/\/agora.xtec.cat\/ceiptorredemer\/wp-json\/wp\/v2\/pages\/233\/revisions\/8365"}],"up":[{"embeddable":true,"href":"https:\/\/agora.xtec.cat\/ceiptorredemer\/wp-json\/wp\/v2\/pages\/66"}],"wp:attachment":[{"href":"https:\/\/agora.xtec.cat\/ceiptorredemer\/wp-json\/wp\/v2\/media?parent=233"}],"curies":[{"name":"wp","href":"https:\/\/api.w.org\/{rel}","templated":true}]}}