{"id":26,"date":"2014-09-18T12:24:32","date_gmt":"2014-09-18T11:24:32","guid":{"rendered":"http:\/\/agora.xtec.cat\/ceiptorrebesses\/?page_id=26"},"modified":"2025-07-27T11:51:45","modified_gmt":"2025-07-27T09:51:45","slug":"historia","status":"publish","type":"page","link":"https:\/\/agora.xtec.cat\/ceiptorrebesses\/lescola\/historia\/","title":{"rendered":"Hist\u00f2ria"},"content":{"rendered":"<p>La primera escola data de l\u2019 any 1767, en un document que hi ha al Museu. Es tornen a trobar refer\u00e8ncies a les escoles de l\u2019any 1849. Es constata llavors l\u2019 exist\u00e8ncia de dues classes: la dels nens i la de les nenes. No se sap, per\u00f2, on estaven situades.<br \/>\nDe l\u2019any 1888 es disposa del \u201cBolet\u00edn Oficial de la provincia de L\u00e9rida\u201d en qu\u00e8 s\u2019esmenten les escoles de Torrebesses en refer\u00e8ncia als\u00a0 diners que s\u2019hi destina per part de la Junta Superior de Instrucci\u00f3n P\u00fablica. Despr\u00e9s d\u2019aquest no hi ha cap altre document que parli de les escoles fins el 1917, en que ja comencen a apar\u00e8ixer les fotografies dels alumnes i els professors i professores.<br \/>\nSobre l\u2019ensenyament a Torrebesses als anys trenta es disposa de la informaci\u00f3 que d\u00f3na el llibre d\u2019actes del Consell Local d\u2019Ensenyament entre el 1933 i el 1937.<br \/>\nL\u2019 any 1937 van comen\u00e7ar les classes al castell, on hi van continuar fins el 1959. Aquest any es van inaugurar els nous locals de les Escoles P\u00fabliques Municipals, que disposaven de dues sales per als alumnes i dos pisos per als mestres. Aquestes instal\u00b7lacions\u00a0 tenien, a la fi, pati i serveis, i amb el temps han sofert importants modificacions i millores<\/p>\n","protected":false},"excerpt":{"rendered":"<p>La primera escola data de l\u2019 any 1767, en un document que hi ha al Museu. Es tornen a trobar refer\u00e8ncies a les escoles de l\u2019any 1849. Es constata llavors l\u2019 exist\u00e8ncia de dues classes: la dels nens i la de les nenes. No se sap, per\u00f2, on estaven situades. De l\u2019any 1888 es disposa [&hellip;]<\/p>\n","protected":false},"author":1,"featured_media":0,"parent":22,"menu_order":20,"comment_status":"closed","ping_status":"closed","template":"","meta":{"_bbp_topic_count":0,"_bbp_reply_count":0,"_bbp_total_topic_count":0,"_bbp_total_reply_count":0,"_bbp_voice_count":0,"_bbp_anonymous_reply_count":0,"_bbp_topic_count_hidden":0,"_bbp_reply_count_hidden":0,"_bbp_forum_subforum_count":0,"site-sidebar-layout":"left-sidebar","site-content-layout":"","ast-site-content-layout":"normal-width-container","site-content-style":"boxed","site-sidebar-style":"default","ast-global-header-display":"","ast-banner-title-visibility":"","ast-main-header-display":"","ast-hfb-above-header-display":"","ast-hfb-below-header-display":"","ast-hfb-mobile-header-display":"","site-post-title":"","ast-breadcrumbs-content":"","ast-featured-img":"","footer-sml-layout":"","theme-transparent-header-meta":"default","adv-header-id-meta":"","stick-header-meta":"","header-above-stick-meta":"","header-main-stick-meta":"","header-below-stick-meta":"","astra-migrate-meta-layouts":"set","ast-page-background-enabled":"default","ast-page-background-meta":{"desktop":{"background-color":"var(--ast-global-color-4)","background-image":"","background-repeat":"repeat","background-position":"center center","background-size":"auto","background-attachment":"scroll","background-type":"","background-media":"","overlay-type":"","overlay-color":"","overlay-opacity":"","overlay-gradient":""},"tablet":{"background-color":"","background-image":"","background-repeat":"repeat","background-position":"center center","background-size":"auto","background-attachment":"scroll","background-type":"","background-media":"","overlay-type":"","overlay-color":"","overlay-opacity":"","overlay-gradient":""},"mobile":{"background-color":"","background-image":"","background-repeat":"repeat","background-position":"center center","background-size":"auto","background-attachment":"scroll","background-type":"","background-media":"","overlay-type":"","overlay-color":"","overlay-opacity":"","overlay-gradient":""}},"ast-content-background-meta":{"desktop":{"background-color":"var(--ast-global-color-5)","background-image":"","background-repeat":"repeat","background-position":"center center","background-size":"auto","background-attachment":"scroll","background-type":"","background-media":"","overlay-type":"","overlay-color":"","overlay-opacity":"","overlay-gradient":""},"tablet":{"background-color":"var(--ast-global-color-5)","background-image":"","background-repeat":"repeat","background-position":"center center","background-size":"auto","background-attachment":"scroll","background-type":"","background-media":"","overlay-type":"","overlay-color":"","overlay-opacity":"","overlay-gradient":""},"mobile":{"background-color":"var(--ast-global-color-5)","background-image":"","background-repeat":"repeat","background-position":"center center","background-size":"auto","background-attachment":"scroll","background-type":"","background-media":"","overlay-type":"","overlay-color":"","overlay-opacity":"","overlay-gradient":""}},"footnotes":""},"class_list":["post-26","page","type-page","status-publish","hentry"],"post_mailing_queue_ids":[],"_links":{"self":[{"href":"https:\/\/agora.xtec.cat\/ceiptorrebesses\/wp-json\/wp\/v2\/pages\/26","targetHints":{"allow":["GET"]}}],"collection":[{"href":"https:\/\/agora.xtec.cat\/ceiptorrebesses\/wp-json\/wp\/v2\/pages"}],"about":[{"href":"https:\/\/agora.xtec.cat\/ceiptorrebesses\/wp-json\/wp\/v2\/types\/page"}],"author":[{"embeddable":true,"href":"https:\/\/agora.xtec.cat\/ceiptorrebesses\/wp-json\/wp\/v2\/users\/1"}],"replies":[{"embeddable":true,"href":"https:\/\/agora.xtec.cat\/ceiptorrebesses\/wp-json\/wp\/v2\/comments?post=26"}],"version-history":[{"count":2,"href":"https:\/\/agora.xtec.cat\/ceiptorrebesses\/wp-json\/wp\/v2\/pages\/26\/revisions"}],"predecessor-version":[{"id":680,"href":"https:\/\/agora.xtec.cat\/ceiptorrebesses\/wp-json\/wp\/v2\/pages\/26\/revisions\/680"}],"up":[{"embeddable":true,"href":"https:\/\/agora.xtec.cat\/ceiptorrebesses\/wp-json\/wp\/v2\/pages\/22"}],"wp:attachment":[{"href":"https:\/\/agora.xtec.cat\/ceiptorrebesses\/wp-json\/wp\/v2\/media?parent=26"}],"curies":[{"name":"wp","href":"https:\/\/api.w.org\/{rel}","templated":true}]}}