{"id":22,"date":"2014-09-18T12:19:57","date_gmt":"2014-09-18T11:19:57","guid":{"rendered":"http:\/\/agora.xtec.cat\/ceiptorrebesses\/?page_id=22"},"modified":"2022-11-09T23:21:51","modified_gmt":"2022-11-09T22:21:51","slug":"lescola","status":"publish","type":"page","link":"https:\/\/agora.xtec.cat\/ceiptorrebesses\/lescola\/","title":{"rendered":"L&#8217;escola"},"content":{"rendered":"<table style=\"border-collapse: collapse; width: 100%;\" border=\"1\">\n<tbody>\n<tr>\n<td style=\"width: 33.3333%;\"><a href=\"https:\/\/agora.xtec.cat\/ceiptorrebesses\/wp-content\/uploads\/usu622\/2019\/02\/IMG_20160930_130150_redimensionar.jpg\"><img loading=\"lazy\" decoding=\"async\" class=\" wp-image-686\" src=\"https:\/\/agora.xtec.cat\/ceiptorrebesses\/wp-content\/uploads\/usu622\/2019\/02\/IMG_20160930_130150_redimensionar.jpg\" alt=\"\" width=\"232\" height=\"174\" srcset=\"https:\/\/agora.xtec.cat\/ceiptorrebesses\/wp-content\/uploads\/usu622\/2019\/02\/IMG_20160930_130150_redimensionar.jpg 640w, https:\/\/agora.xtec.cat\/ceiptorrebesses\/wp-content\/uploads\/usu622\/2019\/02\/IMG_20160930_130150_redimensionar-300x225.jpg 300w, https:\/\/agora.xtec.cat\/ceiptorrebesses\/wp-content\/uploads\/usu622\/2019\/02\/IMG_20160930_130150_redimensionar-200x150.jpg 200w\" sizes=\"auto, (max-width: 232px) 100vw, 232px\" \/><\/a><\/td>\n<td style=\"width: 33.3333%;\"><a href=\"https:\/\/agora.xtec.cat\/ceiptorrebesses\/wp-content\/uploads\/usu622\/2019\/02\/IMG_20180227_150448_redimensionar.jpg\"><img loading=\"lazy\" decoding=\"async\" class=\" wp-image-688\" src=\"https:\/\/agora.xtec.cat\/ceiptorrebesses\/wp-content\/uploads\/usu622\/2019\/02\/IMG_20180227_150448_redimensionar.jpg\" alt=\"\" width=\"232\" height=\"174\" srcset=\"https:\/\/agora.xtec.cat\/ceiptorrebesses\/wp-content\/uploads\/usu622\/2019\/02\/IMG_20180227_150448_redimensionar.jpg 640w, https:\/\/agora.xtec.cat\/ceiptorrebesses\/wp-content\/uploads\/usu622\/2019\/02\/IMG_20180227_150448_redimensionar-300x225.jpg 300w, https:\/\/agora.xtec.cat\/ceiptorrebesses\/wp-content\/uploads\/usu622\/2019\/02\/IMG_20180227_150448_redimensionar-200x150.jpg 200w\" sizes=\"auto, (max-width: 232px) 100vw, 232px\" \/><\/a><\/td>\n<td style=\"width: 33.3333%;\"><a href=\"https:\/\/agora.xtec.cat\/ceiptorrebesses\/wp-content\/uploads\/usu622\/2019\/02\/IMG_20180223_110111_redimensionar.jpg\"><img loading=\"lazy\" decoding=\"async\" class=\" wp-image-687\" src=\"https:\/\/agora.xtec.cat\/ceiptorrebesses\/wp-content\/uploads\/usu622\/2019\/02\/IMG_20180223_110111_redimensionar.jpg\" alt=\"\" width=\"235\" height=\"176\" srcset=\"https:\/\/agora.xtec.cat\/ceiptorrebesses\/wp-content\/uploads\/usu622\/2019\/02\/IMG_20180223_110111_redimensionar.jpg 640w, https:\/\/agora.xtec.cat\/ceiptorrebesses\/wp-content\/uploads\/usu622\/2019\/02\/IMG_20180223_110111_redimensionar-300x225.jpg 300w, https:\/\/agora.xtec.cat\/ceiptorrebesses\/wp-content\/uploads\/usu622\/2019\/02\/IMG_20180223_110111_redimensionar-200x150.jpg 200w\" sizes=\"auto, (max-width: 235px) 100vw, 235px\" \/><\/a><\/td>\n<\/tr>\n<\/tbody>\n<\/table>\n<div class=\"mceTemp\"><span style=\"font-family: inherit; font-size: 1em; line-height: 1.6;\">A l\u2019 escola de Torrebesses aquest curs hem fet alguns canvis perqu\u00e8 hem obert la llar d&#8217;infants. Continua sent de dues plantes: la de baix i el primer pis.<\/span><\/div>\n<p>A la planta baixa hi ha dues aules, una on estan els infants de la llar d&#8217;infants i l&#8217;altra els de infantil i cicle inicial, tamb\u00e9 hi ha la cuina, els lavabos i una sala petita per a guardar-hi material divers. L\u2019 aula dels petits al migdia es transforma en menjador escolar, el qual \u00e9s at\u00e8s per dues monitores.<br \/>\nAl primer pis, a la dreta, hi ha la sala de mestres, i dues sales per guardar-hi material, han fet lavabos nous,\u00a0 un pels\/les mestres i un per l&#8217;alumnat. A la part de l\u2019esquerra hi ha el despatx i la classe dels \/les grans on estan de 3r a 6\u00e8.<\/p>\n<p>L\u2019 edifici t\u00e9 unes finestres grans a la part de baix i al balc\u00f3 de dalt, la qual cosa fa que l\u2019 escola sigui molt lluminosa.<\/p>\n<p>El nostre pati est\u00e0 envoltat d\u2019 una tanca met\u00e0l\u00b7lica.<br \/>\nHi ha tamb\u00e9 uns quants arbres i taules on podem esmorzar i treballar els dies que fa bo, tamb\u00e9 hi ha dos baldadors, una pista pavimentada on s\u2019 hi pot jugar a futbol, b\u00e0squet i practicar altres esports i jocs, un aparcament per les bicicletes i sorra, molta sorra amb la qual els nens i nenes es diverteixen molt.<\/p>\n<p>Tot \u00a0plegat contribueix a que sigui una escola acollidora i agradable, on s\u2019 hi treballa i s&#8217; hi apr\u00e8n a gust i de forma motivadora.<\/p>\n<p>La nostra escola forma, juntament amb les d\u2019 Alcan\u00f3, Alf\u00e9s, Sarroca i Sunyer, la Z.E.R. l\u2019 Eral. A m\u00e9s de les dues mestres tutores, hi \u00a0fan classe els mestres itinerants d\u2019 Angl\u00e8s, Educaci\u00f3 F\u00edsica, Educaci\u00f3 Musical, Educaci\u00f3 Especial i Religi\u00f3 i aquest curs tamb\u00e9 tenim la TEEI que at\u00e9n als infants de la llar. Sovint realitzem activitats i treballs\u00a0 conjunts amb els altres pobles com ara la trobada setmanal dels dilluns a Sarroca dels alumnes de CM i CS per treballar conjuntament Angl\u00e8s, Educaci\u00f3 F\u00edsica i Musica. Tamb\u00e9 fem l\u2019 Animaci\u00f3 Lectora virtual, les sortides de la Castanyada, del segon i tercer trimestre i la Festa de Final de curs cada any en un dels pobles i moltes altres.<\/p>\n<table style=\"border-collapse: collapse; width: 100%;\" border=\"1\">\n<tbody>\n<tr>\n<td style=\"width: 33.3333%;\"><a href=\"https:\/\/agora.xtec.cat\/ceiptorrebesses\/wp-content\/uploads\/usu622\/2019\/02\/IMG_0371_redimensionar.jpg\"><img loading=\"lazy\" decoding=\"async\" class=\"alignnone wp-image-685\" src=\"https:\/\/agora.xtec.cat\/ceiptorrebesses\/wp-content\/uploads\/usu622\/2019\/02\/IMG_0371_redimensionar.jpg\" alt=\"\" width=\"234\" height=\"175\" srcset=\"https:\/\/agora.xtec.cat\/ceiptorrebesses\/wp-content\/uploads\/usu622\/2019\/02\/IMG_0371_redimensionar.jpg 640w, https:\/\/agora.xtec.cat\/ceiptorrebesses\/wp-content\/uploads\/usu622\/2019\/02\/IMG_0371_redimensionar-300x225.jpg 300w, https:\/\/agora.xtec.cat\/ceiptorrebesses\/wp-content\/uploads\/usu622\/2019\/02\/IMG_0371_redimensionar-200x150.jpg 200w\" sizes=\"auto, (max-width: 234px) 100vw, 234px\" \/><\/a><\/td>\n<td style=\"width: 33.3333%;\"><a href=\"https:\/\/agora.xtec.cat\/ceiptorrebesses\/wp-content\/uploads\/usu622\/2019\/02\/IMG_0097_redimensionar.jpg\"><img loading=\"lazy\" decoding=\"async\" class=\"alignnone wp-image-684\" src=\"https:\/\/agora.xtec.cat\/ceiptorrebesses\/wp-content\/uploads\/usu622\/2019\/02\/IMG_0097_redimensionar.jpg\" alt=\"\" width=\"232\" height=\"174\" srcset=\"https:\/\/agora.xtec.cat\/ceiptorrebesses\/wp-content\/uploads\/usu622\/2019\/02\/IMG_0097_redimensionar.jpg 640w, https:\/\/agora.xtec.cat\/ceiptorrebesses\/wp-content\/uploads\/usu622\/2019\/02\/IMG_0097_redimensionar-300x225.jpg 300w, https:\/\/agora.xtec.cat\/ceiptorrebesses\/wp-content\/uploads\/usu622\/2019\/02\/IMG_0097_redimensionar-200x150.jpg 200w\" sizes=\"auto, (max-width: 232px) 100vw, 232px\" \/><\/a><\/td>\n<td style=\"width: 33.3333%;\"><a href=\"https:\/\/agora.xtec.cat\/ceiptorrebesses\/wp-content\/uploads\/usu622\/2019\/02\/IMG_20180620_115254_redimensionar.jpg\"><img loading=\"lazy\" decoding=\"async\" class=\" wp-image-682\" src=\"https:\/\/agora.xtec.cat\/ceiptorrebesses\/wp-content\/uploads\/usu622\/2019\/02\/IMG_20180620_115254_redimensionar.jpg\" alt=\"\" width=\"234\" height=\"176\" srcset=\"https:\/\/agora.xtec.cat\/ceiptorrebesses\/wp-content\/uploads\/usu622\/2019\/02\/IMG_20180620_115254_redimensionar.jpg 640w, https:\/\/agora.xtec.cat\/ceiptorrebesses\/wp-content\/uploads\/usu622\/2019\/02\/IMG_20180620_115254_redimensionar-300x225.jpg 300w, https:\/\/agora.xtec.cat\/ceiptorrebesses\/wp-content\/uploads\/usu622\/2019\/02\/IMG_20180620_115254_redimensionar-200x150.jpg 200w\" sizes=\"auto, (max-width: 234px) 100vw, 234px\" \/><\/a><\/td>\n<\/tr>\n<\/tbody>\n<\/table>\n","protected":false},"excerpt":{"rendered":"<p>A l\u2019 escola de Torrebesses aquest curs hem fet alguns canvis perqu\u00e8 hem obert la llar d&#8217;infants. Continua sent de dues plantes: la de baix i el primer pis. A la planta baixa hi ha dues aules, una on estan els infants de la llar d&#8217;infants i l&#8217;altra els de infantil i cicle inicial, tamb\u00e9 [&hellip;]<\/p>\n","protected":false},"author":1,"featured_media":0,"parent":0,"menu_order":0,"comment_status":"closed","ping_status":"closed","template":"page-templates\/side-menu.php","meta":{"_bbp_topic_count":0,"_bbp_reply_count":0,"_bbp_total_topic_count":0,"_bbp_total_reply_count":0,"_bbp_voice_count":0,"_bbp_anonymous_reply_count":0,"_bbp_topic_count_hidden":0,"_bbp_reply_count_hidden":0,"_bbp_forum_subforum_count":0,"site-sidebar-layout":"default","site-content-layout":"","ast-site-content-layout":"","site-content-style":"default","site-sidebar-style":"default","ast-global-header-display":"","ast-banner-title-visibility":"","ast-main-header-display":"","ast-hfb-above-header-display":"","ast-hfb-below-header-display":"","ast-hfb-mobile-header-display":"","site-post-title":"","ast-breadcrumbs-content":"","ast-featured-img":"","footer-sml-layout":"","theme-transparent-header-meta":"","adv-header-id-meta":"","stick-header-meta":"","header-above-stick-meta":"","header-main-stick-meta":"","header-below-stick-meta":"","astra-migrate-meta-layouts":"default","ast-page-background-enabled":"default","ast-page-background-meta":{"desktop":{"background-color":"var(--ast-global-color-4)","background-image":"","background-repeat":"repeat","background-position":"center center","background-size":"auto","background-attachment":"scroll","background-type":"","background-media":"","overlay-type":"","overlay-color":"","overlay-opacity":"","overlay-gradient":""},"tablet":{"background-color":"","background-image":"","background-repeat":"repeat","background-position":"center center","background-size":"auto","background-attachment":"scroll","background-type":"","background-media":"","overlay-type":"","overlay-color":"","overlay-opacity":"","overlay-gradient":""},"mobile":{"background-color":"","background-image":"","background-repeat":"repeat","background-position":"center center","background-size":"auto","background-attachment":"scroll","background-type":"","background-media":"","overlay-type":"","overlay-color":"","overlay-opacity":"","overlay-gradient":""}},"ast-content-background-meta":{"desktop":{"background-color":"var(--ast-global-color-5)","background-image":"","background-repeat":"repeat","background-position":"center center","background-size":"auto","background-attachment":"scroll","background-type":"","background-media":"","overlay-type":"","overlay-color":"","overlay-opacity":"","overlay-gradient":""},"tablet":{"background-color":"var(--ast-global-color-5)","background-image":"","background-repeat":"repeat","background-position":"center center","background-size":"auto","background-attachment":"scroll","background-type":"","background-media":"","overlay-type":"","overlay-color":"","overlay-opacity":"","overlay-gradient":""},"mobile":{"background-color":"var(--ast-global-color-5)","background-image":"","background-repeat":"repeat","background-position":"center center","background-size":"auto","background-attachment":"scroll","background-type":"","background-media":"","overlay-type":"","overlay-color":"","overlay-opacity":"","overlay-gradient":""}},"footnotes":""},"class_list":["post-22","page","type-page","status-publish","hentry"],"post_mailing_queue_ids":[],"_links":{"self":[{"href":"https:\/\/agora.xtec.cat\/ceiptorrebesses\/wp-json\/wp\/v2\/pages\/22","targetHints":{"allow":["GET"]}}],"collection":[{"href":"https:\/\/agora.xtec.cat\/ceiptorrebesses\/wp-json\/wp\/v2\/pages"}],"about":[{"href":"https:\/\/agora.xtec.cat\/ceiptorrebesses\/wp-json\/wp\/v2\/types\/page"}],"author":[{"embeddable":true,"href":"https:\/\/agora.xtec.cat\/ceiptorrebesses\/wp-json\/wp\/v2\/users\/1"}],"replies":[{"embeddable":true,"href":"https:\/\/agora.xtec.cat\/ceiptorrebesses\/wp-json\/wp\/v2\/comments?post=22"}],"version-history":[{"count":2,"href":"https:\/\/agora.xtec.cat\/ceiptorrebesses\/wp-json\/wp\/v2\/pages\/22\/revisions"}],"predecessor-version":[{"id":1691,"href":"https:\/\/agora.xtec.cat\/ceiptorrebesses\/wp-json\/wp\/v2\/pages\/22\/revisions\/1691"}],"wp:attachment":[{"href":"https:\/\/agora.xtec.cat\/ceiptorrebesses\/wp-json\/wp\/v2\/media?parent=22"}],"curies":[{"name":"wp","href":"https:\/\/api.w.org\/{rel}","templated":true}]}}