{"id":87,"date":"2014-09-18T14:28:12","date_gmt":"2014-09-18T13:28:12","guid":{"rendered":"http:\/\/agora.xtec.cat\/ceiptomasraguer\/?page_id=87"},"modified":"2017-10-30T13:33:57","modified_gmt":"2017-10-30T12:33:57","slug":"nivells","status":"publish","type":"page","link":"https:\/\/agora.xtec.cat\/ceiptomasraguer\/nivells\/","title":{"rendered":"Nivells"},"content":{"rendered":"<p>L&#8217;escola s&#8217;organitza per etapes.<\/p>\n<p>L&#8217;etapa infantil engloba els cursos de P3, P4 i P5, que van dels 3 als 6 anys.<\/p>\n<p>A prim\u00e0ria (dels 6 als 12 anys), hi ha sis cursos organitzats en 3 cicle:<\/p>\n<ul>\n<li>CICLE INICIAL: primer i segon<\/li>\n<li>CICLE MITJ\u00c0: tercer i quart<\/li>\n<li>CICLE SUPERIOR: cinqu\u00e8 i sis\u00e8<\/li>\n<\/ul>\n<p>Si voleu con\u00e8ixer el que fan els vostres fills i filles us convidem a navegar per la nostra p\u00e0gina de l&#8217;escola.<\/p>\n","protected":false},"excerpt":{"rendered":"<p>L&#8217;escola s&#8217;organitza per etapes. L&#8217;etapa infantil engloba els cursos de P3, P4 i P5, que van dels 3 als 6 anys. A prim\u00e0ria (dels 6 als 12 anys), hi ha sis cursos organitzats en 3 cicle: CICLE INICIAL: primer i segon CICLE MITJ\u00c0: tercer i quart CICLE SUPERIOR: cinqu\u00e8 i sis\u00e8 Si voleu con\u00e8ixer el [&hellip;]<\/p>\n","protected":false},"author":1,"featured_media":0,"parent":0,"menu_order":0,"comment_status":"closed","ping_status":"closed","template":"","meta":{"_bbp_topic_count":0,"_bbp_reply_count":0,"_bbp_total_topic_count":0,"_bbp_total_reply_count":0,"_bbp_voice_count":0,"_bbp_anonymous_reply_count":0,"_bbp_topic_count_hidden":0,"_bbp_reply_count_hidden":0,"_bbp_forum_subforum_count":0,"site-sidebar-layout":"default","site-content-layout":"","ast-site-content-layout":"","site-content-style":"default","site-sidebar-style":"default","ast-global-header-display":"","ast-banner-title-visibility":"","ast-main-header-display":"","ast-hfb-above-header-display":"","ast-hfb-below-header-display":"","ast-hfb-mobile-header-display":"","site-post-title":"","ast-breadcrumbs-content":"","ast-featured-img":"","footer-sml-layout":"","theme-transparent-header-meta":"","adv-header-id-meta":"","stick-header-meta":"","header-above-stick-meta":"","header-main-stick-meta":"","header-below-stick-meta":"","astra-migrate-meta-layouts":"default","ast-page-background-enabled":"default","ast-page-background-meta":{"desktop":{"background-color":"var(--ast-global-color-4)","background-image":"","background-repeat":"repeat","background-position":"center center","background-size":"auto","background-attachment":"scroll","background-type":"","background-media":"","overlay-type":"","overlay-color":"","overlay-opacity":"","overlay-gradient":""},"tablet":{"background-color":"","background-image":"","background-repeat":"repeat","background-position":"center center","background-size":"auto","background-attachment":"scroll","background-type":"","background-media":"","overlay-type":"","overlay-color":"","overlay-opacity":"","overlay-gradient":""},"mobile":{"background-color":"","background-image":"","background-repeat":"repeat","background-position":"center center","background-size":"auto","background-attachment":"scroll","background-type":"","background-media":"","overlay-type":"","overlay-color":"","overlay-opacity":"","overlay-gradient":""}},"ast-content-background-meta":{"desktop":{"background-color":"var(--ast-global-color-5)","background-image":"","background-repeat":"repeat","background-position":"center center","background-size":"auto","background-attachment":"scroll","background-type":"","background-media":"","overlay-type":"","overlay-color":"","overlay-opacity":"","overlay-gradient":""},"tablet":{"background-color":"var(--ast-global-color-5)","background-image":"","background-repeat":"repeat","background-position":"center center","background-size":"auto","background-attachment":"scroll","background-type":"","background-media":"","overlay-type":"","overlay-color":"","overlay-opacity":"","overlay-gradient":""},"mobile":{"background-color":"var(--ast-global-color-5)","background-image":"","background-repeat":"repeat","background-position":"center center","background-size":"auto","background-attachment":"scroll","background-type":"","background-media":"","overlay-type":"","overlay-color":"","overlay-opacity":"","overlay-gradient":""}},"footnotes":""},"class_list":["post-87","page","type-page","status-publish","hentry"],"post_mailing_queue_ids":[],"_links":{"self":[{"href":"https:\/\/agora.xtec.cat\/ceiptomasraguer\/wp-json\/wp\/v2\/pages\/87","targetHints":{"allow":["GET"]}}],"collection":[{"href":"https:\/\/agora.xtec.cat\/ceiptomasraguer\/wp-json\/wp\/v2\/pages"}],"about":[{"href":"https:\/\/agora.xtec.cat\/ceiptomasraguer\/wp-json\/wp\/v2\/types\/page"}],"author":[{"embeddable":true,"href":"https:\/\/agora.xtec.cat\/ceiptomasraguer\/wp-json\/wp\/v2\/users\/1"}],"replies":[{"embeddable":true,"href":"https:\/\/agora.xtec.cat\/ceiptomasraguer\/wp-json\/wp\/v2\/comments?post=87"}],"version-history":[{"count":3,"href":"https:\/\/agora.xtec.cat\/ceiptomasraguer\/wp-json\/wp\/v2\/pages\/87\/revisions"}],"predecessor-version":[{"id":731,"href":"https:\/\/agora.xtec.cat\/ceiptomasraguer\/wp-json\/wp\/v2\/pages\/87\/revisions\/731"}],"wp:attachment":[{"href":"https:\/\/agora.xtec.cat\/ceiptomasraguer\/wp-json\/wp\/v2\/media?parent=87"}],"curies":[{"name":"wp","href":"https:\/\/api.w.org\/{rel}","templated":true}]}}