{"id":7359,"date":"2022-10-03T18:14:10","date_gmt":"2022-10-03T16:14:10","guid":{"rendered":"https:\/\/agora.xtec.cat\/ceiptomasraguer\/?page_id=7359"},"modified":"2022-10-25T16:41:32","modified_gmt":"2022-10-25T14:41:32","slug":"proa","status":"publish","type":"page","link":"https:\/\/agora.xtec.cat\/ceiptomasraguer\/lescola\/proa\/","title":{"rendered":"PROA+"},"content":{"rendered":"<p>El programa PROA + (Plan de Refuerzo, Orientaci\u00f3n y Apoyo) est\u00e0 destinat als centres d\u2019Educaci\u00f3 Prim\u00e0ria i Secund\u00e0ria, est\u00e0 ent\u00e8s com un Programa de Cooperaci\u00f3 Territorial entre el Ministerio de Educaci\u00f3n y Formaci\u00f3n Profesional y les Comunitats Aut\u00f2nomes.<br \/>\nLa nostra escola ha entrat en aquest programa per al per\u00edode 2022-2024.<br \/>\nLa seva finalitat \u00e9s recolzar als centres educatius que atenen a un n\u00famero elevat d\u2019alumnat en situaci\u00f3 de desavantatge socioeducativa, aquest suport ha de permetre millorar la qualitat educativa i els resultats escolars gr\u00e0cies a programes i actuacions a realitzar en les<br \/>\nescoles i instituts que estan acollits a aquest pla. Aquests programes i actuacions es podran dur a terme amb l\u2019ajut econ\u00f2mic que l\u2019escola rep del programa PROA+.<\/p>\n<pre><span style=\"color: #000000;\"><strong><a style=\"color: #000000;\" href=\"https:\/\/drive.google.com\/file\/d\/1gETt8oohO1vJNVN1D-M_o9v-lSfajHc1\/view?usp=sharing\">Clica aqu\u00ed per con\u00e8ixer els objectius del programa!<\/a><\/strong><\/span><\/pre>\n","protected":false},"excerpt":{"rendered":"<p>El programa PROA + (Plan de Refuerzo, Orientaci\u00f3n y Apoyo) est\u00e0 destinat als centres d\u2019Educaci\u00f3 Prim\u00e0ria i Secund\u00e0ria, est\u00e0 ent\u00e8s com un Programa de Cooperaci\u00f3 Territorial entre el Ministerio de Educaci\u00f3n y Formaci\u00f3n Profesional y les Comunitats Aut\u00f2nomes. La nostra escola ha entrat en aquest programa per al per\u00edode 2022-2024. La seva finalitat \u00e9s recolzar [&hellip;]<\/p>\n","protected":false},"author":33,"featured_media":0,"parent":22,"menu_order":0,"comment_status":"closed","ping_status":"closed","template":"","meta":{"_bbp_topic_count":0,"_bbp_reply_count":0,"_bbp_total_topic_count":0,"_bbp_total_reply_count":0,"_bbp_voice_count":0,"_bbp_anonymous_reply_count":0,"_bbp_topic_count_hidden":0,"_bbp_reply_count_hidden":0,"_bbp_forum_subforum_count":0,"site-sidebar-layout":"default","site-content-layout":"","ast-site-content-layout":"","site-content-style":"default","site-sidebar-style":"default","ast-global-header-display":"","ast-banner-title-visibility":"","ast-main-header-display":"","ast-hfb-above-header-display":"","ast-hfb-below-header-display":"","ast-hfb-mobile-header-display":"","site-post-title":"","ast-breadcrumbs-content":"","ast-featured-img":"","footer-sml-layout":"","theme-transparent-header-meta":"","adv-header-id-meta":"","stick-header-meta":"","header-above-stick-meta":"","header-main-stick-meta":"","header-below-stick-meta":"","astra-migrate-meta-layouts":"default","ast-page-background-enabled":"default","ast-page-background-meta":{"desktop":{"background-color":"var(--ast-global-color-4)","background-image":"","background-repeat":"repeat","background-position":"center center","background-size":"auto","background-attachment":"scroll","background-type":"","background-media":"","overlay-type":"","overlay-color":"","overlay-opacity":"","overlay-gradient":""},"tablet":{"background-color":"","background-image":"","background-repeat":"repeat","background-position":"center center","background-size":"auto","background-attachment":"scroll","background-type":"","background-media":"","overlay-type":"","overlay-color":"","overlay-opacity":"","overlay-gradient":""},"mobile":{"background-color":"","background-image":"","background-repeat":"repeat","background-position":"center center","background-size":"auto","background-attachment":"scroll","background-type":"","background-media":"","overlay-type":"","overlay-color":"","overlay-opacity":"","overlay-gradient":""}},"ast-content-background-meta":{"desktop":{"background-color":"var(--ast-global-color-5)","background-image":"","background-repeat":"repeat","background-position":"center center","background-size":"auto","background-attachment":"scroll","background-type":"","background-media":"","overlay-type":"","overlay-color":"","overlay-opacity":"","overlay-gradient":""},"tablet":{"background-color":"var(--ast-global-color-5)","background-image":"","background-repeat":"repeat","background-position":"center center","background-size":"auto","background-attachment":"scroll","background-type":"","background-media":"","overlay-type":"","overlay-color":"","overlay-opacity":"","overlay-gradient":""},"mobile":{"background-color":"var(--ast-global-color-5)","background-image":"","background-repeat":"repeat","background-position":"center center","background-size":"auto","background-attachment":"scroll","background-type":"","background-media":"","overlay-type":"","overlay-color":"","overlay-opacity":"","overlay-gradient":""}},"footnotes":""},"class_list":["post-7359","page","type-page","status-publish","hentry"],"post_mailing_queue_ids":[],"_links":{"self":[{"href":"https:\/\/agora.xtec.cat\/ceiptomasraguer\/wp-json\/wp\/v2\/pages\/7359","targetHints":{"allow":["GET"]}}],"collection":[{"href":"https:\/\/agora.xtec.cat\/ceiptomasraguer\/wp-json\/wp\/v2\/pages"}],"about":[{"href":"https:\/\/agora.xtec.cat\/ceiptomasraguer\/wp-json\/wp\/v2\/types\/page"}],"author":[{"embeddable":true,"href":"https:\/\/agora.xtec.cat\/ceiptomasraguer\/wp-json\/wp\/v2\/users\/33"}],"replies":[{"embeddable":true,"href":"https:\/\/agora.xtec.cat\/ceiptomasraguer\/wp-json\/wp\/v2\/comments?post=7359"}],"version-history":[{"count":4,"href":"https:\/\/agora.xtec.cat\/ceiptomasraguer\/wp-json\/wp\/v2\/pages\/7359\/revisions"}],"predecessor-version":[{"id":7465,"href":"https:\/\/agora.xtec.cat\/ceiptomasraguer\/wp-json\/wp\/v2\/pages\/7359\/revisions\/7465"}],"up":[{"embeddable":true,"href":"https:\/\/agora.xtec.cat\/ceiptomasraguer\/wp-json\/wp\/v2\/pages\/22"}],"wp:attachment":[{"href":"https:\/\/agora.xtec.cat\/ceiptomasraguer\/wp-json\/wp\/v2\/media?parent=7359"}],"curies":[{"name":"wp","href":"https:\/\/api.w.org\/{rel}","templated":true}]}}