{"id":510,"date":"2017-10-09T13:17:42","date_gmt":"2017-10-09T11:17:42","guid":{"rendered":"http:\/\/agora.xtec.cat\/ceiptomasraguer\/?page_id=510"},"modified":"2017-10-25T13:19:05","modified_gmt":"2017-10-25T11:19:05","slug":"gliffing","status":"publish","type":"page","link":"https:\/\/agora.xtec.cat\/ceiptomasraguer\/projectes-descola\/gliffing\/","title":{"rendered":"Gliffing"},"content":{"rendered":"<p>Des del curs 2016\/17 hem dut a la pr\u00e0ctica a l&#8217;escola el <strong>m\u00e9tode Glifing <\/strong>amb els alumnes de P4, P5, primer, segon i tercer.<\/p>\n<h1 style=\"text-align: center;\"><em><strong>Glifing \u00e9s un m\u00e9tode d&#8217;entrenament de la lectura que s&#8217;aplica mitjan\u00e7ant un programa inform\u00e0tic. Gr\u00e0cies al seu format l\u00fadic, ens divertim mentre llegim i aprenem a llegir millor.<\/strong><\/em><\/h1>\n<div class=\"wpb_text_column wpb_content_element \">\n<div class=\"wpb_wrapper\">\n<p>Glifing \u00e9s un m\u00e8tode que consisteix a la utilitzaci\u00f3 de les TIC (Tecnologies de la Informaci\u00f3 i Comunicaci\u00f3) per aplicar un\u00a0<strong>programa d\u2019entrenament de la lectura<\/strong>\u00a0basat en una s\u00e8rie d\u2019activitats que, presentades de forma\u00a0<strong>l\u00fadica<\/strong>, permeten a les persones amb\u00a0<strong>problemes lectors<\/strong>\u00a0entrenar de manera intensiva i amena alhora.<\/p>\n<p>Mitjan\u00e7ant el m\u00e8tode Glifing, s\u2019entrenen intensivament els diferents aspectes que conformen el proc\u00e9s d\u2019adquisici\u00f3 i automatitzaci\u00f3 de la lectura: descodificaci\u00f3 (relaci\u00f3 grafema-fonema), segmentaci\u00f3, mem\u00f2ria de treball, articulaci\u00f3, velocitat, morfosintaxis i comprensi\u00f3.<\/p>\n<p><a href=\"http:\/\/agora.xtec.cat\/ceiptomasraguer\/wp-content\/uploads\/usu1209\/2017\/10\/glifing.png\"><img loading=\"lazy\" decoding=\"async\" class=\"size-large wp-image-600 aligncenter\" src=\"http:\/\/agora.xtec.cat\/ceiptomasraguer\/wp-content\/uploads\/usu1209\/2017\/10\/glifing-1024x307.png\" alt=\"\" width=\"1024\" height=\"307\" srcset=\"https:\/\/agora.xtec.cat\/ceiptomasraguer\/wp-content\/uploads\/usu1209\/2017\/10\/glifing-1024x307.png 1024w, https:\/\/agora.xtec.cat\/ceiptomasraguer\/wp-content\/uploads\/usu1209\/2017\/10\/glifing-300x90.png 300w, https:\/\/agora.xtec.cat\/ceiptomasraguer\/wp-content\/uploads\/usu1209\/2017\/10\/glifing-768x230.png 768w, https:\/\/agora.xtec.cat\/ceiptomasraguer\/wp-content\/uploads\/usu1209\/2017\/10\/glifing.png 1180w\" sizes=\"auto, (max-width: 1024px) 100vw, 1024px\" \/><\/a><\/p>\n<\/div>\n<\/div>\n<p>&nbsp;<\/p>\n","protected":false},"excerpt":{"rendered":"<p>Des del curs 2016\/17 hem dut a la pr\u00e0ctica a l&#8217;escola el m\u00e9tode Glifing amb els alumnes de P4, P5, primer, segon i tercer. Glifing \u00e9s un m\u00e9tode d&#8217;entrenament de la lectura que s&#8217;aplica mitjan\u00e7ant un programa inform\u00e0tic. Gr\u00e0cies al seu format l\u00fadic, ens divertim mentre llegim i aprenem a llegir millor. Glifing \u00e9s un [&hellip;]<\/p>\n","protected":false},"author":4,"featured_media":0,"parent":499,"menu_order":0,"comment_status":"closed","ping_status":"closed","template":"page-templates\/side-menu.php","meta":{"_bbp_topic_count":0,"_bbp_reply_count":0,"_bbp_total_topic_count":0,"_bbp_total_reply_count":0,"_bbp_voice_count":0,"_bbp_anonymous_reply_count":0,"_bbp_topic_count_hidden":0,"_bbp_reply_count_hidden":0,"_bbp_forum_subforum_count":0,"site-sidebar-layout":"default","site-content-layout":"","ast-site-content-layout":"","site-content-style":"default","site-sidebar-style":"default","ast-global-header-display":"","ast-banner-title-visibility":"","ast-main-header-display":"","ast-hfb-above-header-display":"","ast-hfb-below-header-display":"","ast-hfb-mobile-header-display":"","site-post-title":"","ast-breadcrumbs-content":"","ast-featured-img":"","footer-sml-layout":"","theme-transparent-header-meta":"","adv-header-id-meta":"","stick-header-meta":"","header-above-stick-meta":"","header-main-stick-meta":"","header-below-stick-meta":"","astra-migrate-meta-layouts":"default","ast-page-background-enabled":"default","ast-page-background-meta":{"desktop":{"background-color":"var(--ast-global-color-4)","background-image":"","background-repeat":"repeat","background-position":"center center","background-size":"auto","background-attachment":"scroll","background-type":"","background-media":"","overlay-type":"","overlay-color":"","overlay-opacity":"","overlay-gradient":""},"tablet":{"background-color":"","background-image":"","background-repeat":"repeat","background-position":"center center","background-size":"auto","background-attachment":"scroll","background-type":"","background-media":"","overlay-type":"","overlay-color":"","overlay-opacity":"","overlay-gradient":""},"mobile":{"background-color":"","background-image":"","background-repeat":"repeat","background-position":"center center","background-size":"auto","background-attachment":"scroll","background-type":"","background-media":"","overlay-type":"","overlay-color":"","overlay-opacity":"","overlay-gradient":""}},"ast-content-background-meta":{"desktop":{"background-color":"var(--ast-global-color-5)","background-image":"","background-repeat":"repeat","background-position":"center center","background-size":"auto","background-attachment":"scroll","background-type":"","background-media":"","overlay-type":"","overlay-color":"","overlay-opacity":"","overlay-gradient":""},"tablet":{"background-color":"var(--ast-global-color-5)","background-image":"","background-repeat":"repeat","background-position":"center center","background-size":"auto","background-attachment":"scroll","background-type":"","background-media":"","overlay-type":"","overlay-color":"","overlay-opacity":"","overlay-gradient":""},"mobile":{"background-color":"var(--ast-global-color-5)","background-image":"","background-repeat":"repeat","background-position":"center center","background-size":"auto","background-attachment":"scroll","background-type":"","background-media":"","overlay-type":"","overlay-color":"","overlay-opacity":"","overlay-gradient":""}},"footnotes":""},"class_list":["post-510","page","type-page","status-publish","hentry"],"post_mailing_queue_ids":[],"_links":{"self":[{"href":"https:\/\/agora.xtec.cat\/ceiptomasraguer\/wp-json\/wp\/v2\/pages\/510","targetHints":{"allow":["GET"]}}],"collection":[{"href":"https:\/\/agora.xtec.cat\/ceiptomasraguer\/wp-json\/wp\/v2\/pages"}],"about":[{"href":"https:\/\/agora.xtec.cat\/ceiptomasraguer\/wp-json\/wp\/v2\/types\/page"}],"author":[{"embeddable":true,"href":"https:\/\/agora.xtec.cat\/ceiptomasraguer\/wp-json\/wp\/v2\/users\/4"}],"replies":[{"embeddable":true,"href":"https:\/\/agora.xtec.cat\/ceiptomasraguer\/wp-json\/wp\/v2\/comments?post=510"}],"version-history":[{"count":3,"href":"https:\/\/agora.xtec.cat\/ceiptomasraguer\/wp-json\/wp\/v2\/pages\/510\/revisions"}],"predecessor-version":[{"id":602,"href":"https:\/\/agora.xtec.cat\/ceiptomasraguer\/wp-json\/wp\/v2\/pages\/510\/revisions\/602"}],"up":[{"embeddable":true,"href":"https:\/\/agora.xtec.cat\/ceiptomasraguer\/wp-json\/wp\/v2\/pages\/499"}],"wp:attachment":[{"href":"https:\/\/agora.xtec.cat\/ceiptomasraguer\/wp-json\/wp\/v2\/media?parent=510"}],"curies":[{"name":"wp","href":"https:\/\/api.w.org\/{rel}","templated":true}]}}