{"id":507,"date":"2017-10-09T13:17:19","date_gmt":"2017-10-09T11:17:19","guid":{"rendered":"http:\/\/agora.xtec.cat\/ceiptomasraguer\/?page_id=507"},"modified":"2025-04-07T15:41:10","modified_gmt":"2025-04-07T13:41:10","slug":"cantania","status":"publish","type":"page","link":"https:\/\/agora.xtec.cat\/ceiptomasraguer\/projectes-descola\/cantania\/","title":{"rendered":"Cant\u00e0nia"},"content":{"rendered":"<p>El projecte Cant\u00e0nia<strong> consisteix en la preparaci\u00f3 i interpretaci\u00f3 d\u2019una cantata<\/strong>. Engloba tant a l\u2019alumnat com al professorat ja que consta de diferents fases d\u2019actuaci\u00f3: sessions de formaci\u00f3 amb el professorat, treball del professorat amb el seu alumnat i concerts finals interpretats per l\u2019alumnat.\u00a0Durant tot el curs escolar es treballa tant des de L\u2019Auditori com des de l\u2019escola.<\/p>\n<p>Cada curs, l\u2019Auditori de Barcelona, el principal promotor, estrena una nova cantata, per a 9 instrumentistes, solista i cor, signada per prestigiosos m\u00fasics i lletristes catalans.<\/p>\n<p>L\u2019objectiu de l&#8217;auditori de Barcelona, \u00e9s d\u2019organitzar un acte per als i les alumnes que, per les caracter\u00edstiques globals pensades exclusivament per a ells, per la qualitat i per la implicaci\u00f3 personal i col\u2022lectiva en l\u2019acte, es converteixi en <strong>una viv\u00e8ncia musical important i inoblidable<\/strong> per a tots.<\/p>\n<p>El projecte acaba amb un concert a l&#8217;auditori, on participen de forma conjunta totes les escoles inscrites, acompanyades en directe de m\u00fasics i actors professionals.<\/p>\n<p style=\"padding-left: 30px;\"><span style=\"color: #993366;\"><strong>OBJECTIUS<\/strong><\/span><\/p>\n<ul>\n<li>Participar en el proc\u00e9s d\u2019aprenentatge d\u2019una cantata.<\/li>\n<li>Participar de forma conjunta alumnes de centres diferents, en la posada en escena de la cantata treballada, amb m\u00fasics professionals en directe.<\/li>\n<li>Viure una experi\u00e8ncia personal i professional, alumnat i professorat respectivament, a trav\u00e9s de la m\u00fasica.<\/li>\n<\/ul>\n<p style=\"padding-left: 30px;\"><span style=\"color: #993366;\"><strong>METODOLOGIA<\/strong><\/span><\/p>\n<ul>\n<li>3 sessions de formaci\u00f3 pel professorat (especialista de m\u00fasica)<\/li>\n<li>Treball a l\u2019aula (aproximadament s\u2019hi destinen 2 trimestres)<\/li>\n<li>Assaig conjunt de les escoles participants (el mateix dia del concert)<\/li>\n<li>Posada en escena de la cantata al l&#8217;Atl\u00e0ntida de Vic.<\/li>\n<\/ul>\n","protected":false},"excerpt":{"rendered":"<p>El projecte Cant\u00e0nia consisteix en la preparaci\u00f3 i interpretaci\u00f3 d\u2019una cantata. Engloba tant a l\u2019alumnat com al professorat ja que consta de diferents fases d\u2019actuaci\u00f3: sessions de formaci\u00f3 amb el professorat, treball del professorat amb el seu alumnat i concerts finals interpretats per l\u2019alumnat.\u00a0Durant tot el curs escolar es treballa tant des de L\u2019Auditori com [&hellip;]<\/p>\n","protected":false},"author":4,"featured_media":0,"parent":499,"menu_order":0,"comment_status":"closed","ping_status":"closed","template":"page-templates\/side-menu.php","meta":{"_bbp_topic_count":0,"_bbp_reply_count":0,"_bbp_total_topic_count":0,"_bbp_total_reply_count":0,"_bbp_voice_count":0,"_bbp_anonymous_reply_count":0,"_bbp_topic_count_hidden":0,"_bbp_reply_count_hidden":0,"_bbp_forum_subforum_count":0,"site-sidebar-layout":"default","site-content-layout":"","ast-site-content-layout":"","site-content-style":"default","site-sidebar-style":"default","ast-global-header-display":"","ast-banner-title-visibility":"","ast-main-header-display":"","ast-hfb-above-header-display":"","ast-hfb-below-header-display":"","ast-hfb-mobile-header-display":"","site-post-title":"","ast-breadcrumbs-content":"","ast-featured-img":"","footer-sml-layout":"","theme-transparent-header-meta":"","adv-header-id-meta":"","stick-header-meta":"","header-above-stick-meta":"","header-main-stick-meta":"","header-below-stick-meta":"","astra-migrate-meta-layouts":"default","ast-page-background-enabled":"default","ast-page-background-meta":{"desktop":{"background-color":"var(--ast-global-color-4)","background-image":"","background-repeat":"repeat","background-position":"center center","background-size":"auto","background-attachment":"scroll","background-type":"","background-media":"","overlay-type":"","overlay-color":"","overlay-opacity":"","overlay-gradient":""},"tablet":{"background-color":"","background-image":"","background-repeat":"repeat","background-position":"center center","background-size":"auto","background-attachment":"scroll","background-type":"","background-media":"","overlay-type":"","overlay-color":"","overlay-opacity":"","overlay-gradient":""},"mobile":{"background-color":"","background-image":"","background-repeat":"repeat","background-position":"center center","background-size":"auto","background-attachment":"scroll","background-type":"","background-media":"","overlay-type":"","overlay-color":"","overlay-opacity":"","overlay-gradient":""}},"ast-content-background-meta":{"desktop":{"background-color":"var(--ast-global-color-5)","background-image":"","background-repeat":"repeat","background-position":"center center","background-size":"auto","background-attachment":"scroll","background-type":"","background-media":"","overlay-type":"","overlay-color":"","overlay-opacity":"","overlay-gradient":""},"tablet":{"background-color":"var(--ast-global-color-5)","background-image":"","background-repeat":"repeat","background-position":"center center","background-size":"auto","background-attachment":"scroll","background-type":"","background-media":"","overlay-type":"","overlay-color":"","overlay-opacity":"","overlay-gradient":""},"mobile":{"background-color":"var(--ast-global-color-5)","background-image":"","background-repeat":"repeat","background-position":"center center","background-size":"auto","background-attachment":"scroll","background-type":"","background-media":"","overlay-type":"","overlay-color":"","overlay-opacity":"","overlay-gradient":""}},"footnotes":""},"class_list":["post-507","page","type-page","status-publish","hentry"],"post_mailing_queue_ids":[],"_links":{"self":[{"href":"https:\/\/agora.xtec.cat\/ceiptomasraguer\/wp-json\/wp\/v2\/pages\/507","targetHints":{"allow":["GET"]}}],"collection":[{"href":"https:\/\/agora.xtec.cat\/ceiptomasraguer\/wp-json\/wp\/v2\/pages"}],"about":[{"href":"https:\/\/agora.xtec.cat\/ceiptomasraguer\/wp-json\/wp\/v2\/types\/page"}],"author":[{"embeddable":true,"href":"https:\/\/agora.xtec.cat\/ceiptomasraguer\/wp-json\/wp\/v2\/users\/4"}],"replies":[{"embeddable":true,"href":"https:\/\/agora.xtec.cat\/ceiptomasraguer\/wp-json\/wp\/v2\/comments?post=507"}],"version-history":[{"count":4,"href":"https:\/\/agora.xtec.cat\/ceiptomasraguer\/wp-json\/wp\/v2\/pages\/507\/revisions"}],"predecessor-version":[{"id":9850,"href":"https:\/\/agora.xtec.cat\/ceiptomasraguer\/wp-json\/wp\/v2\/pages\/507\/revisions\/9850"}],"up":[{"embeddable":true,"href":"https:\/\/agora.xtec.cat\/ceiptomasraguer\/wp-json\/wp\/v2\/pages\/499"}],"wp:attachment":[{"href":"https:\/\/agora.xtec.cat\/ceiptomasraguer\/wp-json\/wp\/v2\/media?parent=507"}],"curies":[{"name":"wp","href":"https:\/\/api.w.org\/{rel}","templated":true}]}}