{"id":501,"date":"2017-10-09T13:16:27","date_gmt":"2017-10-09T11:16:27","guid":{"rendered":"http:\/\/agora.xtec.cat\/ceiptomasraguer\/?page_id=501"},"modified":"2017-10-25T22:56:00","modified_gmt":"2017-10-25T20:56:00","slug":"pla-catala-de-lesport","status":"publish","type":"page","link":"https:\/\/agora.xtec.cat\/ceiptomasraguer\/projectes-descola\/pla-catala-de-lesport\/","title":{"rendered":"Pla Catal\u00e0 de l&#8217;Esport"},"content":{"rendered":"<p><strong>PCEE<\/strong><\/p>\n<p>El Pla Catal\u00e0 de l\u2019Esport a l\u2019Escola pret\u00e9n posar a l&#8217;abast de tots els alumnes de prim\u00e0ria la pr\u00e0ctica d&#8217;activitats f\u00edsiques i esportives, i aprofitar el gran potencial d&#8217;aquestes activitats per contribuir a la formaci\u00f3 personal i c\u00edvica dels nostres infants i joves.<\/p>\n<p>M\u00e9s concretament, podem destacar els objectius seg\u00fcents:<\/p>\n<ul>\n<li>Incrementar la participaci\u00f3 en activitats f\u00edsiques i esportives en horari no lectiu de l&#8217;alumnat dels centres educatius de prim\u00e0ria.<\/li>\n<li>Aprofitar el gran potencial educatiu i formatiu de les activitats f\u00edsiques i esportives, cercant la participaci\u00f3 per damunt de la competitivitat.<\/li>\n<li>Potenciar la funci\u00f3 integradora i de cohesi\u00f3 social de l&#8217;esport escolar, facilitant l&#8217;acc\u00e9s de tots els nens i nenes a la pr\u00e0ctica esportiva escolar, i en especial dels nouvinguts.<\/li>\n<li>Contribuir mitjan\u00e7ant la pr\u00e0ctica esportiva a la formaci\u00f3 en valors com la toler\u00e0ncia, el respecte als altres i a les regles, la confian\u00e7a en un mateix, l&#8217;esfor\u00e7 de superaci\u00f3, l&#8217;autocr\u00edtica, l&#8217;autonomia, la capacitat de decisi\u00f3, l&#8217;autogesti\u00f3, la cooperaci\u00f3, el treball en equip, entre d&#8217;altres.<\/li>\n<li>Fomentar la pr\u00e0ctica regular d&#8217;activitats f\u00edsiques i esportives i l&#8217;adquisici\u00f3 d&#8217;h\u00e0bits saludables que contribueixin a un millor benestar.<\/li>\n<li>Formar joves en els valors ciutadans mitjan\u00e7ant la seva participaci\u00f3 activa en la gesti\u00f3 de les associacions esportives escolars de nova creaci\u00f3.<\/li>\n<\/ul>\n","protected":false},"excerpt":{"rendered":"<p>PCEE El Pla Catal\u00e0 de l\u2019Esport a l\u2019Escola pret\u00e9n posar a l&#8217;abast de tots els alumnes de prim\u00e0ria la pr\u00e0ctica d&#8217;activitats f\u00edsiques i esportives, i aprofitar el gran potencial d&#8217;aquestes activitats per contribuir a la formaci\u00f3 personal i c\u00edvica dels nostres infants i joves. M\u00e9s concretament, podem destacar els objectius seg\u00fcents: Incrementar la participaci\u00f3 en [&hellip;]<\/p>\n","protected":false},"author":4,"featured_media":0,"parent":499,"menu_order":0,"comment_status":"closed","ping_status":"closed","template":"page-templates\/side-menu.php","meta":{"_bbp_topic_count":0,"_bbp_reply_count":0,"_bbp_total_topic_count":0,"_bbp_total_reply_count":0,"_bbp_voice_count":0,"_bbp_anonymous_reply_count":0,"_bbp_topic_count_hidden":0,"_bbp_reply_count_hidden":0,"_bbp_forum_subforum_count":0,"site-sidebar-layout":"default","site-content-layout":"","ast-site-content-layout":"","site-content-style":"default","site-sidebar-style":"default","ast-global-header-display":"","ast-banner-title-visibility":"","ast-main-header-display":"","ast-hfb-above-header-display":"","ast-hfb-below-header-display":"","ast-hfb-mobile-header-display":"","site-post-title":"","ast-breadcrumbs-content":"","ast-featured-img":"","footer-sml-layout":"","theme-transparent-header-meta":"","adv-header-id-meta":"","stick-header-meta":"","header-above-stick-meta":"","header-main-stick-meta":"","header-below-stick-meta":"","astra-migrate-meta-layouts":"default","ast-page-background-enabled":"default","ast-page-background-meta":{"desktop":{"background-color":"var(--ast-global-color-4)","background-image":"","background-repeat":"repeat","background-position":"center center","background-size":"auto","background-attachment":"scroll","background-type":"","background-media":"","overlay-type":"","overlay-color":"","overlay-opacity":"","overlay-gradient":""},"tablet":{"background-color":"","background-image":"","background-repeat":"repeat","background-position":"center center","background-size":"auto","background-attachment":"scroll","background-type":"","background-media":"","overlay-type":"","overlay-color":"","overlay-opacity":"","overlay-gradient":""},"mobile":{"background-color":"","background-image":"","background-repeat":"repeat","background-position":"center center","background-size":"auto","background-attachment":"scroll","background-type":"","background-media":"","overlay-type":"","overlay-color":"","overlay-opacity":"","overlay-gradient":""}},"ast-content-background-meta":{"desktop":{"background-color":"var(--ast-global-color-5)","background-image":"","background-repeat":"repeat","background-position":"center center","background-size":"auto","background-attachment":"scroll","background-type":"","background-media":"","overlay-type":"","overlay-color":"","overlay-opacity":"","overlay-gradient":""},"tablet":{"background-color":"var(--ast-global-color-5)","background-image":"","background-repeat":"repeat","background-position":"center center","background-size":"auto","background-attachment":"scroll","background-type":"","background-media":"","overlay-type":"","overlay-color":"","overlay-opacity":"","overlay-gradient":""},"mobile":{"background-color":"var(--ast-global-color-5)","background-image":"","background-repeat":"repeat","background-position":"center center","background-size":"auto","background-attachment":"scroll","background-type":"","background-media":"","overlay-type":"","overlay-color":"","overlay-opacity":"","overlay-gradient":""}},"footnotes":""},"class_list":["post-501","page","type-page","status-publish","hentry"],"post_mailing_queue_ids":[],"_links":{"self":[{"href":"https:\/\/agora.xtec.cat\/ceiptomasraguer\/wp-json\/wp\/v2\/pages\/501","targetHints":{"allow":["GET"]}}],"collection":[{"href":"https:\/\/agora.xtec.cat\/ceiptomasraguer\/wp-json\/wp\/v2\/pages"}],"about":[{"href":"https:\/\/agora.xtec.cat\/ceiptomasraguer\/wp-json\/wp\/v2\/types\/page"}],"author":[{"embeddable":true,"href":"https:\/\/agora.xtec.cat\/ceiptomasraguer\/wp-json\/wp\/v2\/users\/4"}],"replies":[{"embeddable":true,"href":"https:\/\/agora.xtec.cat\/ceiptomasraguer\/wp-json\/wp\/v2\/comments?post=501"}],"version-history":[{"count":3,"href":"https:\/\/agora.xtec.cat\/ceiptomasraguer\/wp-json\/wp\/v2\/pages\/501\/revisions"}],"predecessor-version":[{"id":588,"href":"https:\/\/agora.xtec.cat\/ceiptomasraguer\/wp-json\/wp\/v2\/pages\/501\/revisions\/588"}],"up":[{"embeddable":true,"href":"https:\/\/agora.xtec.cat\/ceiptomasraguer\/wp-json\/wp\/v2\/pages\/499"}],"wp:attachment":[{"href":"https:\/\/agora.xtec.cat\/ceiptomasraguer\/wp-json\/wp\/v2\/media?parent=501"}],"curies":[{"name":"wp","href":"https:\/\/api.w.org\/{rel}","templated":true}]}}