{"id":472,"date":"2017-07-13T13:23:10","date_gmt":"2017-07-13T11:23:10","guid":{"rendered":"http:\/\/agora.xtec.cat\/ceiptomasraguer\/?page_id=472"},"modified":"2025-10-20T15:53:12","modified_gmt":"2025-10-20T13:53:12","slug":"el-claustre","status":"publish","type":"page","link":"https:\/\/agora.xtec.cat\/ceiptomasraguer\/lescola\/el-claustre\/","title":{"rendered":"El Claustre"},"content":{"rendered":"<h2>Equip directiu:<\/h2>\n<table style=\"height: 158px;\" width=\"596\">\n<tbody>\n<tr>\n<td style=\"width: 294px;\"><strong>Directora<\/strong><\/td>\n<td style=\"width: 294px;\">Eva Farr\u00e9s<\/td>\n<\/tr>\n<tr>\n<td style=\"width: 294px;\"><strong>Cap d&#8217;estudis<\/strong><\/td>\n<td style=\"width: 294px;\">Roser Moreno<\/td>\n<\/tr>\n<tr>\n<td style=\"width: 294px;\"><strong>Secret\u00e0ria acad\u00e8mica<\/strong><\/td>\n<td style=\"width: 294px;\">Miquel \u00c0ngel Alfonso<\/td>\n<\/tr>\n<\/tbody>\n<\/table>\n<h2>Tutories:<\/h2>\n<table style=\"height: 271px; width: 82.5412%;\">\n<tbody>\n<tr>\n<td style=\"width: 46.5%;\"><strong>Educaci\u00f3 infantil<\/strong><\/td>\n<td style=\"width: 93%;\">\n<p>Tutora i3: M. \u00c0ngels Ayats<\/p>\n<p>Tutora i4: Carla Espu\u00f1a<\/p>\n<p>Tutora i5: Montse Escrib\u00e0<\/p>\n<p>Suports: Eva Farres i Marina Ripoll<\/p>\n<p>TEEI: M\u00edriam Porras<\/p>\n<\/td>\n<\/tr>\n<tr>\n<td style=\"width: 46.5%;\"><strong>Cicle inicial<\/strong><\/td>\n<td style=\"width: 93%;\">\n<p>Tutora 1r:<span style=\"font-family: inherit; font-size: 1em;\"> N\u00faria Pons<\/span><\/p>\n<p>Tutora 2n: Tat Picornell<\/p>\n<p>Suports: Carme Palmerola<\/p>\n<\/td>\n<\/tr>\n<tr>\n<td style=\"width: 46.5%;\"><strong>Cicle mitj\u00e0<\/strong><\/td>\n<td style=\"width: 93%;\">\n<p>Tutora 3r: S\u00f2nia Hern\u00e1ndez<\/p>\n<p>Tutora 4t: Marina Garc\u00eda<\/p>\n<p>Suports: Miquel \u00c0ngel.<\/p>\n<\/td>\n<\/tr>\n<tr>\n<td style=\"width: 46.5%;\"><strong>Cicle Superior<\/strong><\/td>\n<td style=\"width: 93%;\">\n<p>Tutor 5\u00e8: J\u00e8ssica Ram\u00edrezTutora<\/p>\n<p>6\u00e8: Eva Salam\u00f3<\/p>\n<p>Suports: M\u00aa Jes\u00fas, Magda Sadurn\u00ed.<\/p>\n<\/td>\n<\/tr>\n<\/tbody>\n<\/table>\n<h2>Especialitats:<\/h2>\n<table style=\"height: 314px; width: 81.167%;\">\n<tbody>\n<tr style=\"height: 31px;\">\n<td style=\"width: 383.254px; height: 53px;\"><strong>Educaci\u00f3 f\u00edsica<\/strong><\/td>\n<td style=\"width: 421.64px; height: 53px;\">Roser Moreno<\/td>\n<\/tr>\n<tr style=\"height: 23px;\">\n<td style=\"width: 383.254px; height: 23px;\"><strong>Psicomotricitat<\/strong><\/td>\n<td style=\"width: 421.64px; height: 23px;\">Roser Moreno<\/td>\n<\/tr>\n<tr style=\"height: 33px;\">\n<td style=\"width: 383.254px; height: 33px;\"><strong>Angl\u00e8s<\/strong><\/td>\n<td style=\"width: 421.64px; height: 33px;\">Eva Salam\u00f3 \/ Marina Garcia<\/td>\n<\/tr>\n<tr style=\"height: 31px;\">\n<td style=\"width: 383.254px; height: 31px;\"><strong>Franc\u00e8s<\/strong><\/td>\n<td style=\"width: 421.64px; height: 31px;\">Magda Sadurn\u00ed<\/td>\n<\/tr>\n<tr style=\"height: 33px;\">\n<td style=\"width: 383.254px; height: 33px;\"><strong>NEE<br \/><\/strong><\/td>\n<td style=\"width: 421.64px; height: 33px;\">Sandra Borrull i N\u00faria Pons<\/td>\n<\/tr>\n<tr style=\"height: 31px;\">\n<td style=\"width: 383.254px; height: 31px;\"><strong>Cultura de les religions<br \/><\/strong><\/td>\n<td style=\"width: 421.64px; height: 31px;\">Maria Jes\u00fas de Sande<\/td>\n<\/tr>\n<tr style=\"height: 31px;\">\n<td style=\"width: 383.254px; height: 31px;\"><strong>M\u00fasica<\/strong><\/td>\n<td style=\"width: 421.64px; height: 31px;\">Amadeu Rosell<\/td>\n<\/tr>\n<tr>\n<td style=\"width: 383.254px;\"><strong>SIEI<\/strong><\/td>\n<td style=\"width: 421.64px;\">Berta Yuste i Lorena<\/td>\n<\/tr>\n<tr style=\"height: 23px;\">\n<td style=\"width: 383.254px; height: 23px;\"><strong>Aula d&#8217;acollida<\/strong><\/td>\n<td style=\"width: 421.64px; height: 23px;\">Magda Sadurn\u00ed<\/td>\n<\/tr>\n<\/tbody>\n<\/table>\n\n\n<p><\/p>\n\n\n\n<h2 class=\"wp-block-heading\">Coordinacions:<\/h2>\n\n\n\n<p>Coordinadora d&#8217;inform\u00e0tica: J\u00e8ssica Ram\u00edrez <\/p>\n\n\n\n<p>Coordinadora de riscos laborals: Mari Vidal<\/p>\n\n\n\n<p>Coordinadora LIC: Sandra Borrull<\/p>\n\n\n\n<p><\/p>\n","protected":false},"excerpt":{"rendered":"<p>Equip directiu: Directora Eva Farr\u00e9s Cap d&#8217;estudis Roser Moreno Secret\u00e0ria acad\u00e8mica Miquel \u00c0ngel Alfonso Tutories: Educaci\u00f3 infantil Tutora i3: M. \u00c0ngels Ayats Tutora i4: Carla Espu\u00f1a Tutora i5: Montse Escrib\u00e0 Suports: Eva Farres i Marina Ripoll TEEI: M\u00edriam Porras Cicle inicial Tutora 1r: N\u00faria Pons Tutora 2n: Tat Picornell Suports: Carme Palmerola Cicle mitj\u00e0 Tutora [&hellip;]<\/p>\n","protected":false},"author":1,"featured_media":0,"parent":22,"menu_order":23,"comment_status":"closed","ping_status":"closed","template":"","meta":{"_bbp_topic_count":0,"_bbp_reply_count":0,"_bbp_total_topic_count":0,"_bbp_total_reply_count":0,"_bbp_voice_count":0,"_bbp_anonymous_reply_count":0,"_bbp_topic_count_hidden":0,"_bbp_reply_count_hidden":0,"_bbp_forum_subforum_count":0,"site-sidebar-layout":"default","site-content-layout":"","ast-site-content-layout":"default","site-content-style":"default","site-sidebar-style":"default","ast-global-header-display":"","ast-banner-title-visibility":"","ast-main-header-display":"","ast-hfb-above-header-display":"","ast-hfb-below-header-display":"","ast-hfb-mobile-header-display":"","site-post-title":"","ast-breadcrumbs-content":"","ast-featured-img":"","footer-sml-layout":"","theme-transparent-header-meta":"","adv-header-id-meta":"","stick-header-meta":"","header-above-stick-meta":"","header-main-stick-meta":"","header-below-stick-meta":"","astra-migrate-meta-layouts":"set","ast-page-background-enabled":"default","ast-page-background-meta":{"desktop":{"background-color":"var(--ast-global-color-4)","background-image":"","background-repeat":"repeat","background-position":"center center","background-size":"auto","background-attachment":"scroll","background-type":"","background-media":"","overlay-type":"","overlay-color":"","overlay-opacity":"","overlay-gradient":""},"tablet":{"background-color":"","background-image":"","background-repeat":"repeat","background-position":"center center","background-size":"auto","background-attachment":"scroll","background-type":"","background-media":"","overlay-type":"","overlay-color":"","overlay-opacity":"","overlay-gradient":""},"mobile":{"background-color":"","background-image":"","background-repeat":"repeat","background-position":"center center","background-size":"auto","background-attachment":"scroll","background-type":"","background-media":"","overlay-type":"","overlay-color":"","overlay-opacity":"","overlay-gradient":""}},"ast-content-background-meta":{"desktop":{"background-color":"var(--ast-global-color-5)","background-image":"","background-repeat":"repeat","background-position":"center center","background-size":"auto","background-attachment":"scroll","background-type":"","background-media":"","overlay-type":"","overlay-color":"","overlay-opacity":"","overlay-gradient":""},"tablet":{"background-color":"var(--ast-global-color-5)","background-image":"","background-repeat":"repeat","background-position":"center center","background-size":"auto","background-attachment":"scroll","background-type":"","background-media":"","overlay-type":"","overlay-color":"","overlay-opacity":"","overlay-gradient":""},"mobile":{"background-color":"var(--ast-global-color-5)","background-image":"","background-repeat":"repeat","background-position":"center center","background-size":"auto","background-attachment":"scroll","background-type":"","background-media":"","overlay-type":"","overlay-color":"","overlay-opacity":"","overlay-gradient":""}},"footnotes":""},"class_list":["post-472","page","type-page","status-publish","hentry"],"post_mailing_queue_ids":[],"_links":{"self":[{"href":"https:\/\/agora.xtec.cat\/ceiptomasraguer\/wp-json\/wp\/v2\/pages\/472","targetHints":{"allow":["GET"]}}],"collection":[{"href":"https:\/\/agora.xtec.cat\/ceiptomasraguer\/wp-json\/wp\/v2\/pages"}],"about":[{"href":"https:\/\/agora.xtec.cat\/ceiptomasraguer\/wp-json\/wp\/v2\/types\/page"}],"author":[{"embeddable":true,"href":"https:\/\/agora.xtec.cat\/ceiptomasraguer\/wp-json\/wp\/v2\/users\/1"}],"replies":[{"embeddable":true,"href":"https:\/\/agora.xtec.cat\/ceiptomasraguer\/wp-json\/wp\/v2\/comments?post=472"}],"version-history":[{"count":6,"href":"https:\/\/agora.xtec.cat\/ceiptomasraguer\/wp-json\/wp\/v2\/pages\/472\/revisions"}],"predecessor-version":[{"id":10333,"href":"https:\/\/agora.xtec.cat\/ceiptomasraguer\/wp-json\/wp\/v2\/pages\/472\/revisions\/10333"}],"up":[{"embeddable":true,"href":"https:\/\/agora.xtec.cat\/ceiptomasraguer\/wp-json\/wp\/v2\/pages\/22"}],"wp:attachment":[{"href":"https:\/\/agora.xtec.cat\/ceiptomasraguer\/wp-json\/wp\/v2\/media?parent=472"}],"curies":[{"name":"wp","href":"https:\/\/api.w.org\/{rel}","templated":true}]}}