{"id":26,"date":"2014-09-18T12:24:32","date_gmt":"2014-09-18T11:24:32","guid":{"rendered":"http:\/\/agora.xtec.cat\/ceiptomasraguer\/?page_id=26"},"modified":"2018-03-01T12:14:55","modified_gmt":"2018-03-01T11:14:55","slug":"historia","status":"publish","type":"page","link":"https:\/\/agora.xtec.cat\/ceiptomasraguer\/lescola\/historia\/","title":{"rendered":"Hist\u00f2ria"},"content":{"rendered":"<h4>D&#8217;on ve el nostre nom &#8220;Escola Tom\u00e0s Raguer&#8221;?<\/h4>\n<h5><\/h5>\n<h5>TOM\u00c0S RAGUER I FOSSAS fou un important personatge i don\u00e0 nom a la nostra escola.<\/h5>\n<p>&nbsp;<\/p>\n<p><a href=\"http:\/\/agora.xtec.cat\/ceiptomasraguer\/wp-content\/uploads\/usu1209\/2014\/09\/escola-tomas-raguer-1.jpg\"><img loading=\"lazy\" decoding=\"async\" class=\"alignleft wp-image-1420 size-thumbnail\" title=\"Tom\u00e0s Raguer\" src=\"http:\/\/agora.xtec.cat\/ceiptomasraguer\/wp-content\/uploads\/usu1209\/2014\/09\/escola-tomas-raguer-1-150x150.jpg\" alt=\"\" width=\"150\" height=\"150\" \/><\/a><\/p>\n<p style=\"text-align: justify;\">El Sr. Tom\u00e0s Raguer i Fossas (1861\/1946) va n\u00e8ixer a Ripoll el 1861. Estudi\u00e0 la carrera de farmaceutic a Barcelona. El 1889 torn\u00e0 a Ripoll per excercir d&#8217;apotecari.<\/p>\n<p style=\"text-align: justify;\">La mort de la dona i dels dos fills (1895-1900) provoc\u00e0 l&#8217;aband\u00f3 de les tasques de farmac\u00e8utic i es dedic\u00e0 de ple a l&#8217;etnografia, a la hist\u00f2ria i a l&#8217;excursionisme. Cre\u00e0 el primer museu folkl\u00f2ric de Catalunya (1929) que posteriorment constitu\u00ed l&#8217;Arxiu Museu de Ripoll. Fund\u00e0, juntament amb Daniel Maideu, la publicaci\u00f3 Scriptorium (1923-1936).<\/p>\n<p style=\"text-align: justify;\">Per la seva tasca en la defensa i la protecci\u00f3 del patrimoni va rebre la Medalla d&#8217;Or concedida pel Centre Excursionista de Catalunya (1934) i la Creu d&#8217;Alfons X el Savi (1944).<\/p>\n<p>&nbsp;<\/p>\n<p>&nbsp;<\/p>\n","protected":false},"excerpt":{"rendered":"<p>D&#8217;on ve el nostre nom &#8220;Escola Tom\u00e0s Raguer&#8221;? TOM\u00c0S RAGUER I FOSSAS fou un important personatge i don\u00e0 nom a la nostra escola. &nbsp; El Sr. Tom\u00e0s Raguer i Fossas (1861\/1946) va n\u00e8ixer a Ripoll el 1861. Estudi\u00e0 la carrera de farmaceutic a Barcelona. El 1889 torn\u00e0 a Ripoll per excercir d&#8217;apotecari. La mort de [&hellip;]<\/p>\n","protected":false},"author":1,"featured_media":0,"parent":22,"menu_order":20,"comment_status":"closed","ping_status":"closed","template":"page-templates\/side-menu.php","meta":{"_bbp_topic_count":0,"_bbp_reply_count":0,"_bbp_total_topic_count":0,"_bbp_total_reply_count":0,"_bbp_voice_count":0,"_bbp_anonymous_reply_count":0,"_bbp_topic_count_hidden":0,"_bbp_reply_count_hidden":0,"_bbp_forum_subforum_count":0,"site-sidebar-layout":"default","site-content-layout":"","ast-site-content-layout":"","site-content-style":"default","site-sidebar-style":"default","ast-global-header-display":"","ast-banner-title-visibility":"","ast-main-header-display":"","ast-hfb-above-header-display":"","ast-hfb-below-header-display":"","ast-hfb-mobile-header-display":"","site-post-title":"","ast-breadcrumbs-content":"","ast-featured-img":"","footer-sml-layout":"","theme-transparent-header-meta":"","adv-header-id-meta":"","stick-header-meta":"","header-above-stick-meta":"","header-main-stick-meta":"","header-below-stick-meta":"","astra-migrate-meta-layouts":"default","ast-page-background-enabled":"default","ast-page-background-meta":{"desktop":{"background-color":"var(--ast-global-color-4)","background-image":"","background-repeat":"repeat","background-position":"center center","background-size":"auto","background-attachment":"scroll","background-type":"","background-media":"","overlay-type":"","overlay-color":"","overlay-opacity":"","overlay-gradient":""},"tablet":{"background-color":"","background-image":"","background-repeat":"repeat","background-position":"center center","background-size":"auto","background-attachment":"scroll","background-type":"","background-media":"","overlay-type":"","overlay-color":"","overlay-opacity":"","overlay-gradient":""},"mobile":{"background-color":"","background-image":"","background-repeat":"repeat","background-position":"center center","background-size":"auto","background-attachment":"scroll","background-type":"","background-media":"","overlay-type":"","overlay-color":"","overlay-opacity":"","overlay-gradient":""}},"ast-content-background-meta":{"desktop":{"background-color":"var(--ast-global-color-5)","background-image":"","background-repeat":"repeat","background-position":"center center","background-size":"auto","background-attachment":"scroll","background-type":"","background-media":"","overlay-type":"","overlay-color":"","overlay-opacity":"","overlay-gradient":""},"tablet":{"background-color":"var(--ast-global-color-5)","background-image":"","background-repeat":"repeat","background-position":"center center","background-size":"auto","background-attachment":"scroll","background-type":"","background-media":"","overlay-type":"","overlay-color":"","overlay-opacity":"","overlay-gradient":""},"mobile":{"background-color":"var(--ast-global-color-5)","background-image":"","background-repeat":"repeat","background-position":"center center","background-size":"auto","background-attachment":"scroll","background-type":"","background-media":"","overlay-type":"","overlay-color":"","overlay-opacity":"","overlay-gradient":""}},"footnotes":""},"class_list":["post-26","page","type-page","status-publish","hentry"],"post_mailing_queue_ids":[],"_links":{"self":[{"href":"https:\/\/agora.xtec.cat\/ceiptomasraguer\/wp-json\/wp\/v2\/pages\/26","targetHints":{"allow":["GET"]}}],"collection":[{"href":"https:\/\/agora.xtec.cat\/ceiptomasraguer\/wp-json\/wp\/v2\/pages"}],"about":[{"href":"https:\/\/agora.xtec.cat\/ceiptomasraguer\/wp-json\/wp\/v2\/types\/page"}],"author":[{"embeddable":true,"href":"https:\/\/agora.xtec.cat\/ceiptomasraguer\/wp-json\/wp\/v2\/users\/1"}],"replies":[{"embeddable":true,"href":"https:\/\/agora.xtec.cat\/ceiptomasraguer\/wp-json\/wp\/v2\/comments?post=26"}],"version-history":[{"count":4,"href":"https:\/\/agora.xtec.cat\/ceiptomasraguer\/wp-json\/wp\/v2\/pages\/26\/revisions"}],"predecessor-version":[{"id":1419,"href":"https:\/\/agora.xtec.cat\/ceiptomasraguer\/wp-json\/wp\/v2\/pages\/26\/revisions\/1419"}],"up":[{"embeddable":true,"href":"https:\/\/agora.xtec.cat\/ceiptomasraguer\/wp-json\/wp\/v2\/pages\/22"}],"wp:attachment":[{"href":"https:\/\/agora.xtec.cat\/ceiptomasraguer\/wp-json\/wp\/v2\/media?parent=26"}],"curies":[{"name":"wp","href":"https:\/\/api.w.org\/{rel}","templated":true}]}}