{"id":10305,"date":"2025-10-13T13:13:02","date_gmt":"2025-10-13T11:13:02","guid":{"rendered":"https:\/\/agora.xtec.cat\/ceiptomasraguer\/?page_id=10305"},"modified":"2026-03-16T10:42:43","modified_gmt":"2026-03-16T09:42:43","slug":"pcmat","status":"publish","type":"page","link":"https:\/\/agora.xtec.cat\/ceiptomasraguer\/pcmat\/","title":{"rendered":"PCMAT"},"content":{"rendered":"\n<p>El&nbsp;curs 2025-2026 s\u2019inicia el&nbsp;<strong>Programa temporal m\u200bentories PCMAT<\/strong>, una iniciativa que s\u2019emmarca dins del desplegament del programa&nbsp;\u201cC\u00f3digo Escuela 4.0\u2033, impulsat pel Ministeri d\u2019Educaci\u00f3, Formaci\u00f3 Professional i Esports i coordinat pel Departament d\u2019Educaci\u00f3 i Formaci\u00f3 Professional de la Generalitat de Catalunya.\u200b<\/p>\n\n\n\n<p>Est\u00e0 destinat a CS de centres de prim\u00e0ria que poden millorar la compet\u00e8ncia matem\u00e0tica de l\u2019alumnat a trav\u00e9s del\u00a0<strong>pensament computacional<\/strong>, la\u00a0<strong>programaci\u00f3<\/strong>\u00a0i la\u00a0<strong>rob\u00f2tica educativa<\/strong>, amb un\u00a0<strong>acompanyament intensiu i personalitzat<\/strong>\u00a0per al professorat.<\/p>\n\n\n\n<figure class=\"wp-block-image size-large\"><a href=\"https:\/\/agora.xtec.cat\/ceiptomasraguer\/wp-content\/uploads\/usu1209\/2026\/03\/WhatsApp-Image-2026-03-16-at-10.34.52.jpeg\"><img loading=\"lazy\" decoding=\"async\" width=\"1024\" height=\"768\" src=\"https:\/\/agora.xtec.cat\/ceiptomasraguer\/wp-content\/uploads\/usu1209\/2026\/03\/WhatsApp-Image-2026-03-16-at-10.34.52-1024x768.jpeg\" alt=\"\" class=\"wp-image-10700\" srcset=\"https:\/\/agora.xtec.cat\/ceiptomasraguer\/wp-content\/uploads\/usu1209\/2026\/03\/WhatsApp-Image-2026-03-16-at-10.34.52-1024x768.jpeg 1024w, https:\/\/agora.xtec.cat\/ceiptomasraguer\/wp-content\/uploads\/usu1209\/2026\/03\/WhatsApp-Image-2026-03-16-at-10.34.52-300x225.jpeg 300w, https:\/\/agora.xtec.cat\/ceiptomasraguer\/wp-content\/uploads\/usu1209\/2026\/03\/WhatsApp-Image-2026-03-16-at-10.34.52-768x576.jpeg 768w, https:\/\/agora.xtec.cat\/ceiptomasraguer\/wp-content\/uploads\/usu1209\/2026\/03\/WhatsApp-Image-2026-03-16-at-10.34.52-1536x1152.jpeg 1536w, https:\/\/agora.xtec.cat\/ceiptomasraguer\/wp-content\/uploads\/usu1209\/2026\/03\/WhatsApp-Image-2026-03-16-at-10.34.52.jpeg 1600w\" sizes=\"auto, (max-width: 1024px) 100vw, 1024px\" \/><\/a><\/figure>\n","protected":false},"excerpt":{"rendered":"<p>El&nbsp;curs 2025-2026 s\u2019inicia el&nbsp;Programa temporal m\u200bentories PCMAT, una iniciativa que s\u2019emmarca dins del desplegament del programa&nbsp;\u201cC\u00f3digo Escuela 4.0\u2033, impulsat pel Ministeri d\u2019Educaci\u00f3, Formaci\u00f3 Professional i Esports i coordinat pel Departament d\u2019Educaci\u00f3 i Formaci\u00f3 Professional de la Generalitat de Catalunya.\u200b Est\u00e0 destinat a CS de centres de prim\u00e0ria que poden millorar la compet\u00e8ncia matem\u00e0tica de l\u2019alumnat [&hellip;]<\/p>\n","protected":false},"author":33,"featured_media":10329,"parent":0,"menu_order":0,"comment_status":"closed","ping_status":"close","template":"","meta":{"_bbp_topic_count":0,"_bbp_reply_count":0,"_bbp_total_topic_count":0,"_bbp_total_reply_count":0,"_bbp_voice_count":0,"_bbp_anonymous_reply_count":0,"_bbp_topic_count_hidden":0,"_bbp_reply_count_hidden":0,"_bbp_forum_subforum_count":0,"site-sidebar-layout":"default","site-content-layout":"","ast-site-content-layout":"default","site-content-style":"default","site-sidebar-style":"default","ast-global-header-display":"","ast-banner-title-visibility":"","ast-main-header-display":"","ast-hfb-above-header-display":"","ast-hfb-below-header-display":"","ast-hfb-mobile-header-display":"","site-post-title":"","ast-breadcrumbs-content":"","ast-featured-img":"","footer-sml-layout":"","theme-transparent-header-meta":"","adv-header-id-meta":"","stick-header-meta":"","header-above-stick-meta":"","header-main-stick-meta":"","header-below-stick-meta":"","astra-migrate-meta-layouts":"set","ast-page-background-enabled":"default","ast-page-background-meta":{"desktop":{"background-color":"var(--ast-global-color-4)","background-image":"","background-repeat":"repeat","background-position":"center center","background-size":"auto","background-attachment":"scroll","background-type":"","background-media":"","overlay-type":"","overlay-color":"","overlay-opacity":"","overlay-gradient":""},"tablet":{"background-color":"","background-image":"","background-repeat":"repeat","background-position":"center center","background-size":"auto","background-attachment":"scroll","background-type":"","background-media":"","overlay-type":"","overlay-color":"","overlay-opacity":"","overlay-gradient":""},"mobile":{"background-color":"","background-image":"","background-repeat":"repeat","background-position":"center center","background-size":"auto","background-attachment":"scroll","background-type":"","background-media":"","overlay-type":"","overlay-color":"","overlay-opacity":"","overlay-gradient":""}},"ast-content-background-meta":{"desktop":{"background-color":"var(--ast-global-color-5)","background-image":"","background-repeat":"repeat","background-position":"center center","background-size":"auto","background-attachment":"scroll","background-type":"","background-media":"","overlay-type":"","overlay-color":"","overlay-opacity":"","overlay-gradient":""},"tablet":{"background-color":"var(--ast-global-color-5)","background-image":"","background-repeat":"repeat","background-position":"center center","background-size":"auto","background-attachment":"scroll","background-type":"","background-media":"","overlay-type":"","overlay-color":"","overlay-opacity":"","overlay-gradient":""},"mobile":{"background-color":"var(--ast-global-color-5)","background-image":"","background-repeat":"repeat","background-position":"center center","background-size":"auto","background-attachment":"scroll","background-type":"","background-media":"","overlay-type":"","overlay-color":"","overlay-opacity":"","overlay-gradient":""}},"footnotes":""},"class_list":["post-10305","page","type-page","status-publish","has-post-thumbnail","hentry"],"post_mailing_queue_ids":[],"_links":{"self":[{"href":"https:\/\/agora.xtec.cat\/ceiptomasraguer\/wp-json\/wp\/v2\/pages\/10305","targetHints":{"allow":["GET"]}}],"collection":[{"href":"https:\/\/agora.xtec.cat\/ceiptomasraguer\/wp-json\/wp\/v2\/pages"}],"about":[{"href":"https:\/\/agora.xtec.cat\/ceiptomasraguer\/wp-json\/wp\/v2\/types\/page"}],"author":[{"embeddable":true,"href":"https:\/\/agora.xtec.cat\/ceiptomasraguer\/wp-json\/wp\/v2\/users\/33"}],"replies":[{"embeddable":true,"href":"https:\/\/agora.xtec.cat\/ceiptomasraguer\/wp-json\/wp\/v2\/comments?post=10305"}],"version-history":[{"count":3,"href":"https:\/\/agora.xtec.cat\/ceiptomasraguer\/wp-json\/wp\/v2\/pages\/10305\/revisions"}],"predecessor-version":[{"id":10701,"href":"https:\/\/agora.xtec.cat\/ceiptomasraguer\/wp-json\/wp\/v2\/pages\/10305\/revisions\/10701"}],"wp:featuredmedia":[{"embeddable":true,"href":"https:\/\/agora.xtec.cat\/ceiptomasraguer\/wp-json\/wp\/v2\/media\/10329"}],"wp:attachment":[{"href":"https:\/\/agora.xtec.cat\/ceiptomasraguer\/wp-json\/wp\/v2\/media?parent=10305"}],"curies":[{"name":"wp","href":"https:\/\/api.w.org\/{rel}","templated":true}]}}