{"id":10279,"date":"2025-10-06T11:01:19","date_gmt":"2025-10-06T09:01:19","guid":{"rendered":"https:\/\/agora.xtec.cat\/ceiptomasraguer\/?page_id=10279"},"modified":"2026-03-23T15:47:57","modified_gmt":"2026-03-23T14:47:57","slug":"tirabuixo","status":"publish","type":"page","link":"https:\/\/agora.xtec.cat\/ceiptomasraguer\/tirabuixo\/","title":{"rendered":"Tirabuix\u00f3"},"content":{"rendered":"\n<p><a href=\"https:\/\/www.tirabuixo.com\/taules\">https:\/\/www.tirabuixo.com\/taules<\/a><\/p>\n\n\n\n<figure class=\"wp-block-embed\"><div class=\"wp-block-embed__wrapper\">\nhttps:\/\/www.tirabuixo.com\/taules\n<\/div><\/figure>\n\n\n\n<p>El projecte Tirabuix\u00f3 vol restablir la&nbsp;<strong>connexi\u00f3 entre cos i ment<\/strong>. Creiem que l\u2019enfortiment de la&nbsp;<strong>consci\u00e8ncia corporal<\/strong>&nbsp;\u00e9s fonamental per aconseguir aquesta reconnexi\u00f3, que millorar\u00e0&nbsp;<strong>el benestar<\/strong>&nbsp;de les persones. El moviment i la m\u00fasica s\u00f3n&nbsp;les nostres eines&nbsp;per promoure la consci\u00e8ncia&nbsp;corporal. Treballem en dos&nbsp;\u00e0mbits:&nbsp; educaci\u00f3 i empreses.<\/p>\n\n\n\n<p>La nostra visi\u00f3&nbsp;\u00e9s la de convertir la consci\u00e8ncia corporal en un<strong>&nbsp;h\u00e0bit<\/strong>&nbsp;que s\u2019adquireix des de ben petit, acceptat i reconegut socialment com a necessari, igual que&nbsp;l\u2019alimentaci\u00f3&nbsp;saludable o el respecte&nbsp;als dem\u00e9s. Les&nbsp;<strong>escoles<\/strong>&nbsp;i les&nbsp;<strong>empreses<\/strong>&nbsp;s\u00f3n els \u00e0mbits idonis per impulsar i consolidar aquest h\u00e0bit.<\/p>\n\n\n\n<p>La consci\u00e8ncia corporal&nbsp;<strong>empodera<\/strong>&nbsp;els individus. Una persona que est\u00e0 connectada amb el seu cos tindr\u00e0 m\u00e9s&nbsp;autoestima, gestionar\u00e0 les seves emocions amb m\u00e9s facilitat, reaccionar\u00e0 a situacions&nbsp;d\u2019estr\u00e8s&nbsp;amb m\u00e9s habilitat, es comunicar\u00e0 millor amb els altres i tindr\u00e0 m\u00e9s capacitat de concentraci\u00f3 i atenci\u00f3. Ser\u00e0 m\u00e9s segur d\u2019ell mateix i tindr\u00e0 m\u00e9s facilitat a trobar el seu lloc a la societat.<\/p>\n\n\n\n<p>El prop\u00f2sit del projecte Tirabuix\u00f3 \u00e9s treure el \u00abtap\u00bb dels bloquejos corporals. Movent-nos amb m\u00fasica, ens&nbsp;treiem&nbsp;tensions, nusos, postures obturadores i mals h\u00e0bits. Donem via a la respiraci\u00f3 lliure, el moviment \u00e0gil, el&nbsp;relax&nbsp;corporal i el benestar de tot el organisme.<\/p>\n\n\n\n<p>El treball de la consci\u00e8ncia corporal t\u00e9 com a objectiu transformar la societat, restablint la relaci\u00f3 entre cos, ment i esperit. La desconnexi\u00f3 d\u2019aquests elements \u00e9s un dels factors que genera estr\u00e8s i que fa que la nostra societat de \u00abbenestar\u00bb est\u00e0 molt lluny del benestar f\u00edsic i emocional de les persones.<\/p>\n\n\n\n<p><a href=\"https:\/\/agora.xtec.cat\/ceiptomasraguer\/general\/fotos-festes-escolars\/\">FEU CLIC PER VEURE V\u00cdDEO AMB EL CODI DE FESTES<\/a><\/p>\n\n\n\n<figure class=\"wp-block-gallery has-nested-images columns-default is-cropped wp-block-gallery-1 is-layout-flex wp-block-gallery-is-layout-flex\">\n<figure class=\"wp-block-image size-large\"><a href=\"https:\/\/agora.xtec.cat\/ceiptomasraguer\/wp-content\/uploads\/usu1209\/2026\/03\/WhatsApp-Image-2026-03-16-at-10.27.23-3.jpeg\"><img loading=\"lazy\" decoding=\"async\" width=\"1024\" height=\"576\" data-id=\"10693\" src=\"https:\/\/agora.xtec.cat\/ceiptomasraguer\/wp-content\/uploads\/usu1209\/2026\/03\/WhatsApp-Image-2026-03-16-at-10.27.23-3-1024x576.jpeg\" alt=\"\" class=\"wp-image-10693\" srcset=\"https:\/\/agora.xtec.cat\/ceiptomasraguer\/wp-content\/uploads\/usu1209\/2026\/03\/WhatsApp-Image-2026-03-16-at-10.27.23-3-1024x576.jpeg 1024w, https:\/\/agora.xtec.cat\/ceiptomasraguer\/wp-content\/uploads\/usu1209\/2026\/03\/WhatsApp-Image-2026-03-16-at-10.27.23-3-300x169.jpeg 300w, https:\/\/agora.xtec.cat\/ceiptomasraguer\/wp-content\/uploads\/usu1209\/2026\/03\/WhatsApp-Image-2026-03-16-at-10.27.23-3-768x432.jpeg 768w, https:\/\/agora.xtec.cat\/ceiptomasraguer\/wp-content\/uploads\/usu1209\/2026\/03\/WhatsApp-Image-2026-03-16-at-10.27.23-3-1536x864.jpeg 1536w, https:\/\/agora.xtec.cat\/ceiptomasraguer\/wp-content\/uploads\/usu1209\/2026\/03\/WhatsApp-Image-2026-03-16-at-10.27.23-3.jpeg 1600w\" sizes=\"auto, (max-width: 1024px) 100vw, 1024px\" \/><\/a><\/figure>\n<\/figure>\n","protected":false},"excerpt":{"rendered":"<p>https:\/\/www.tirabuixo.com\/taules El projecte Tirabuix\u00f3 vol restablir la&nbsp;connexi\u00f3 entre cos i ment. Creiem que l\u2019enfortiment de la&nbsp;consci\u00e8ncia corporal&nbsp;\u00e9s fonamental per aconseguir aquesta reconnexi\u00f3, que millorar\u00e0&nbsp;el benestar&nbsp;de les persones. El moviment i la m\u00fasica s\u00f3n&nbsp;les nostres eines&nbsp;per promoure la consci\u00e8ncia&nbsp;corporal. Treballem en dos&nbsp;\u00e0mbits:&nbsp; educaci\u00f3 i empreses. La nostra visi\u00f3&nbsp;\u00e9s la de convertir la consci\u00e8ncia corporal en un&nbsp;h\u00e0bit&nbsp;que [&hellip;]<\/p>\n","protected":false},"author":33,"featured_media":0,"parent":0,"menu_order":0,"comment_status":"closed","ping_status":"close","template":"","meta":{"_bbp_topic_count":0,"_bbp_reply_count":0,"_bbp_total_topic_count":0,"_bbp_total_reply_count":0,"_bbp_voice_count":0,"_bbp_anonymous_reply_count":0,"_bbp_topic_count_hidden":0,"_bbp_reply_count_hidden":0,"_bbp_forum_subforum_count":0,"site-sidebar-layout":"default","site-content-layout":"","ast-site-content-layout":"default","site-content-style":"default","site-sidebar-style":"default","ast-global-header-display":"","ast-banner-title-visibility":"","ast-main-header-display":"","ast-hfb-above-header-display":"","ast-hfb-below-header-display":"","ast-hfb-mobile-header-display":"","site-post-title":"","ast-breadcrumbs-content":"","ast-featured-img":"","footer-sml-layout":"","theme-transparent-header-meta":"","adv-header-id-meta":"","stick-header-meta":"","header-above-stick-meta":"","header-main-stick-meta":"","header-below-stick-meta":"","astra-migrate-meta-layouts":"set","ast-page-background-enabled":"default","ast-page-background-meta":{"desktop":{"background-color":"var(--ast-global-color-4)","background-image":"","background-repeat":"repeat","background-position":"center center","background-size":"auto","background-attachment":"scroll","background-type":"","background-media":"","overlay-type":"","overlay-color":"","overlay-opacity":"","overlay-gradient":""},"tablet":{"background-color":"","background-image":"","background-repeat":"repeat","background-position":"center center","background-size":"auto","background-attachment":"scroll","background-type":"","background-media":"","overlay-type":"","overlay-color":"","overlay-opacity":"","overlay-gradient":""},"mobile":{"background-color":"","background-image":"","background-repeat":"repeat","background-position":"center center","background-size":"auto","background-attachment":"scroll","background-type":"","background-media":"","overlay-type":"","overlay-color":"","overlay-opacity":"","overlay-gradient":""}},"ast-content-background-meta":{"desktop":{"background-color":"var(--ast-global-color-5)","background-image":"","background-repeat":"repeat","background-position":"center center","background-size":"auto","background-attachment":"scroll","background-type":"","background-media":"","overlay-type":"","overlay-color":"","overlay-opacity":"","overlay-gradient":""},"tablet":{"background-color":"var(--ast-global-color-5)","background-image":"","background-repeat":"repeat","background-position":"center center","background-size":"auto","background-attachment":"scroll","background-type":"","background-media":"","overlay-type":"","overlay-color":"","overlay-opacity":"","overlay-gradient":""},"mobile":{"background-color":"var(--ast-global-color-5)","background-image":"","background-repeat":"repeat","background-position":"center center","background-size":"auto","background-attachment":"scroll","background-type":"","background-media":"","overlay-type":"","overlay-color":"","overlay-opacity":"","overlay-gradient":""}},"footnotes":""},"class_list":["post-10279","page","type-page","status-publish","hentry"],"post_mailing_queue_ids":[],"_links":{"self":[{"href":"https:\/\/agora.xtec.cat\/ceiptomasraguer\/wp-json\/wp\/v2\/pages\/10279","targetHints":{"allow":["GET"]}}],"collection":[{"href":"https:\/\/agora.xtec.cat\/ceiptomasraguer\/wp-json\/wp\/v2\/pages"}],"about":[{"href":"https:\/\/agora.xtec.cat\/ceiptomasraguer\/wp-json\/wp\/v2\/types\/page"}],"author":[{"embeddable":true,"href":"https:\/\/agora.xtec.cat\/ceiptomasraguer\/wp-json\/wp\/v2\/users\/33"}],"replies":[{"embeddable":true,"href":"https:\/\/agora.xtec.cat\/ceiptomasraguer\/wp-json\/wp\/v2\/comments?post=10279"}],"version-history":[{"count":4,"href":"https:\/\/agora.xtec.cat\/ceiptomasraguer\/wp-json\/wp\/v2\/pages\/10279\/revisions"}],"predecessor-version":[{"id":10707,"href":"https:\/\/agora.xtec.cat\/ceiptomasraguer\/wp-json\/wp\/v2\/pages\/10279\/revisions\/10707"}],"wp:attachment":[{"href":"https:\/\/agora.xtec.cat\/ceiptomasraguer\/wp-json\/wp\/v2\/media?parent=10279"}],"curies":[{"name":"wp","href":"https:\/\/api.w.org\/{rel}","templated":true}]}}