{"id":10026,"date":"2025-05-20T11:41:53","date_gmt":"2025-05-20T09:41:53","guid":{"rendered":"https:\/\/agora.xtec.cat\/ceiptomasraguer\/?page_id=10026"},"modified":"2025-09-29T09:18:28","modified_gmt":"2025-09-29T07:18:28","slug":"suport-vital-basic-als-centres-educatius","status":"publish","type":"page","link":"https:\/\/agora.xtec.cat\/ceiptomasraguer\/suport-vital-basic-als-centres-educatius\/","title":{"rendered":"Suport vital b\u00e0sic als centres educatius"},"content":{"rendered":"\n<p>El 80% de les aturades cardiorespirat\u00f2ries (des d\u2019ara ACR) s\u00f3n extrahospital\u00e0ries i sovint tenen lloc amb un familiar o un amic al costat. Nom\u00e9s un 15% de les ACR extrahospital\u00e0ries reben reanimaci\u00f3 cardiopulmonar (des d\u2019ara RCP) per part d\u2019algun ciutad\u00e0. Si el testimoni de l\u2019ACR comen\u00e7a de seguida les maniobres de RCP, la superviv\u00e8ncia \u00e9s de 2 a 3 vegades m\u00e9s gran que quan no s\u2019inicien. Una RCP realitzada correctament aconsegueix una superviv\u00e8ncia 20 vegades m\u00e9s gran que quan es realitza de manera incorrecta. Aquests fets estan corroborats cient\u00edficament mitjan\u00e7ant els estudis que es realitzen sobre les ACR. Per tant la formaci\u00f3 de la ciutadania \u00e9s una necessitat si volem assolir una millora en les taxes de superviv\u00e8ncia amb qualitat de les v\u00edctimes de mort sobtada. Per tant la formaci\u00f3 dels escolars, futurs ciutadans, hauria de ser un dels objectius i des del Consell Catal\u00e0 de Ressuscitaci\u00f3 (CCR) amb el Departament d\u2019Educaci\u00f3 ens hem comprom\u00e8s per a fer-ho possible.<\/p>\n\n\n\n<figure class=\"wp-block-image size-large is-resized\"><a href=\"https:\/\/agora.xtec.cat\/ceiptomasraguer\/wp-content\/uploads\/usu1209\/2025\/04\/I-Jornada-1.gif\"><img loading=\"lazy\" decoding=\"async\" width=\"724\" height=\"1024\" src=\"https:\/\/agora.xtec.cat\/ceiptomasraguer\/wp-content\/uploads\/usu1209\/2025\/04\/I-Jornada-1-724x1024.gif\" alt=\"\" class=\"wp-image-9894\" style=\"width:478px;height:auto\" srcset=\"https:\/\/agora.xtec.cat\/ceiptomasraguer\/wp-content\/uploads\/usu1209\/2025\/04\/I-Jornada-1-724x1024.gif 724w, https:\/\/agora.xtec.cat\/ceiptomasraguer\/wp-content\/uploads\/usu1209\/2025\/04\/I-Jornada-1-212x300.gif 212w, https:\/\/agora.xtec.cat\/ceiptomasraguer\/wp-content\/uploads\/usu1209\/2025\/04\/I-Jornada-1-768x1086.gif 768w, https:\/\/agora.xtec.cat\/ceiptomasraguer\/wp-content\/uploads\/usu1209\/2025\/04\/I-Jornada-1-1086x1536.gif 1086w\" sizes=\"auto, (max-width: 724px) 100vw, 724px\" \/><\/a><\/figure>\n\n\n\n<p>El nostre logo d&#8217;escola!! en Coratg\u00ed!!<\/p>\n\n\n\n<h3 class=\"wp-block-heading\">OBJECTIUS<\/h3>\n\n\n\n<ul class=\"wp-block-list\">\n<li>Formar els docents en una metodologia did\u00e0ctica \u201cen espiral\u201d per formar alumnes de l\u2019\u00e0mbit escolar dels diferents cicles educatius en Suport Vital B\u00e0sic i l\u2019\u00fas del desfibril\u00b7lador.<\/li>\n\n\n\n<li>Potenciar i adquirir valors en tota la comunitat educativa (docents, alumnes i fam\u00edlia)<\/li>\n\n\n\n<li>Conscienciar i aprendre procediments b\u00e0sic davant de situacions d\u2019ACR<\/li>\n\n\n\n<li>Canviar el \u201cno fer, per por de no saber\u201d, per \u201cfer, per ajudar\u201d.<\/li>\n\n\n\n<li>Con\u00e8ixer l\u2019aplicaci\u00f3 del Pla Educatiu en SVB \/ SVB + DEA del CCR en els centres docents.<\/li>\n\n\n\n<li>Adquirir coneixements i habilitats per iniciar i implantar el programa educatiu al centre educatiu<\/li>\n\n\n\n<li>Dur a terme sessions a l\u2019aula del Programa educatiu segons cicle a trav\u00e9s de la pr\u00e0ctica i la transfer\u00e8ncia a l\u2019aula dels coneixements adquirits.<\/li>\n<\/ul>\n\n\n\n<p><\/p>\n","protected":false},"excerpt":{"rendered":"<p>El 80% de les aturades cardiorespirat\u00f2ries (des d\u2019ara ACR) s\u00f3n extrahospital\u00e0ries i sovint tenen lloc amb un familiar o un amic al costat. Nom\u00e9s un 15% de les ACR extrahospital\u00e0ries reben reanimaci\u00f3 cardiopulmonar (des d\u2019ara RCP) per part d\u2019algun ciutad\u00e0. Si el testimoni de l\u2019ACR comen\u00e7a de seguida les maniobres de RCP, la superviv\u00e8ncia \u00e9s [&hellip;]<\/p>\n","protected":false},"author":33,"featured_media":0,"parent":0,"menu_order":0,"comment_status":"closed","ping_status":"close","template":"","meta":{"_bbp_topic_count":0,"_bbp_reply_count":0,"_bbp_total_topic_count":0,"_bbp_total_reply_count":0,"_bbp_voice_count":0,"_bbp_anonymous_reply_count":0,"_bbp_topic_count_hidden":0,"_bbp_reply_count_hidden":0,"_bbp_forum_subforum_count":0,"site-sidebar-layout":"default","site-content-layout":"","ast-site-content-layout":"default","site-content-style":"default","site-sidebar-style":"default","ast-global-header-display":"","ast-banner-title-visibility":"","ast-main-header-display":"","ast-hfb-above-header-display":"","ast-hfb-below-header-display":"","ast-hfb-mobile-header-display":"","site-post-title":"","ast-breadcrumbs-content":"","ast-featured-img":"","footer-sml-layout":"","theme-transparent-header-meta":"","adv-header-id-meta":"","stick-header-meta":"","header-above-stick-meta":"","header-main-stick-meta":"","header-below-stick-meta":"","astra-migrate-meta-layouts":"set","ast-page-background-enabled":"default","ast-page-background-meta":{"desktop":{"background-color":"var(--ast-global-color-4)","background-image":"","background-repeat":"repeat","background-position":"center center","background-size":"auto","background-attachment":"scroll","background-type":"","background-media":"","overlay-type":"","overlay-color":"","overlay-opacity":"","overlay-gradient":""},"tablet":{"background-color":"","background-image":"","background-repeat":"repeat","background-position":"center center","background-size":"auto","background-attachment":"scroll","background-type":"","background-media":"","overlay-type":"","overlay-color":"","overlay-opacity":"","overlay-gradient":""},"mobile":{"background-color":"","background-image":"","background-repeat":"repeat","background-position":"center center","background-size":"auto","background-attachment":"scroll","background-type":"","background-media":"","overlay-type":"","overlay-color":"","overlay-opacity":"","overlay-gradient":""}},"ast-content-background-meta":{"desktop":{"background-color":"var(--ast-global-color-5)","background-image":"","background-repeat":"repeat","background-position":"center center","background-size":"auto","background-attachment":"scroll","background-type":"","background-media":"","overlay-type":"","overlay-color":"","overlay-opacity":"","overlay-gradient":""},"tablet":{"background-color":"var(--ast-global-color-5)","background-image":"","background-repeat":"repeat","background-position":"center center","background-size":"auto","background-attachment":"scroll","background-type":"","background-media":"","overlay-type":"","overlay-color":"","overlay-opacity":"","overlay-gradient":""},"mobile":{"background-color":"var(--ast-global-color-5)","background-image":"","background-repeat":"repeat","background-position":"center center","background-size":"auto","background-attachment":"scroll","background-type":"","background-media":"","overlay-type":"","overlay-color":"","overlay-opacity":"","overlay-gradient":""}},"footnotes":""},"class_list":["post-10026","page","type-page","status-publish","hentry"],"post_mailing_queue_ids":[],"_links":{"self":[{"href":"https:\/\/agora.xtec.cat\/ceiptomasraguer\/wp-json\/wp\/v2\/pages\/10026","targetHints":{"allow":["GET"]}}],"collection":[{"href":"https:\/\/agora.xtec.cat\/ceiptomasraguer\/wp-json\/wp\/v2\/pages"}],"about":[{"href":"https:\/\/agora.xtec.cat\/ceiptomasraguer\/wp-json\/wp\/v2\/types\/page"}],"author":[{"embeddable":true,"href":"https:\/\/agora.xtec.cat\/ceiptomasraguer\/wp-json\/wp\/v2\/users\/33"}],"replies":[{"embeddable":true,"href":"https:\/\/agora.xtec.cat\/ceiptomasraguer\/wp-json\/wp\/v2\/comments?post=10026"}],"version-history":[{"count":2,"href":"https:\/\/agora.xtec.cat\/ceiptomasraguer\/wp-json\/wp\/v2\/pages\/10026\/revisions"}],"predecessor-version":[{"id":10264,"href":"https:\/\/agora.xtec.cat\/ceiptomasraguer\/wp-json\/wp\/v2\/pages\/10026\/revisions\/10264"}],"wp:attachment":[{"href":"https:\/\/agora.xtec.cat\/ceiptomasraguer\/wp-json\/wp\/v2\/media?parent=10026"}],"curies":[{"name":"wp","href":"https:\/\/api.w.org\/{rel}","templated":true}]}}