{"id":26664,"date":"2026-01-09T10:41:56","date_gmt":"2026-01-09T09:41:56","guid":{"rendered":"https:\/\/agora.xtec.cat\/ceiptibidabo\/?page_id=26664"},"modified":"2026-01-09T13:34:02","modified_gmt":"2026-01-09T12:34:02","slug":"faqs-educacio-infantil","status":"publish","type":"page","link":"https:\/\/agora.xtec.cat\/ceiptibidabo\/faqs-2\/faqs-educacio-infantil\/","title":{"rendered":"FaQs Educaci\u00f3 Infantil"},"content":{"rendered":"<p style=\"text-align: justify;\"><b>&#8211; <span style=\"text-decoration: underline;\">Quantes places teniu?<\/span>\u00a0<\/b><span style=\"font-weight: 400;\">Per al curs d\u2019<\/span><b>I3 oferim 20 places<\/b><span style=\"font-weight: 400;\">. \u00c9s important tenir en compte que el nombre de vacants definitives pot variar cada any, ja que els germans i germanes d&#8217;alumnes que ja s\u00f3n al centre tenen prioritat en el proc\u00e9s d&#8217;admissi\u00f3.<\/span><\/p>\n<p style=\"text-align: justify;\"><b>&#8211; <span style=\"text-decoration: underline;\">Com es fa el per\u00edode d\u2019adaptaci\u00f3?<\/span>\u00a0<\/b><span style=\"font-weight: 400;\">L&#8217;adaptaci\u00f3 a I3 est\u00e0 dissenyada per facilitar una entrada progressiva i serena a l&#8217;escola. El proc\u00e9s dura <\/span><b>tres dies<\/b><span style=\"font-weight: 400;\">, durant els quals l&#8217;alumnat es divideix en <\/span><b>dos torns de dues hores<\/b><span style=\"font-weight: 400;\"> cadascun (les fam\u00edlies trien el torn en el moment de fer la matr\u00edcula).\u00a0<\/span><span style=\"font-weight: 400;\">A partir del <\/span><b>quart dia<\/b><span style=\"font-weight: 400;\">, els infants ja fan l&#8217;horari complet de tot el dia. Durant aquesta primera setmana, <\/span><b>recomanem que no es quedin al servei de menjador<\/b><span style=\"font-weight: 400;\">, per tal que la jornada no se&#8217;ls faci massa llarga mentre s&#8217;habituen al nou entorn.<\/span><\/p>\n<p style=\"text-align: justify;\"><b>&#8211; <span style=\"text-decoration: underline;\">Quin \u00e9s l&#8217;equip docent a l&#8217;aula i quina \u00e9s la r\u00e0tio?<\/span>\u00a0<\/b><span style=\"font-weight: 400;\">A l&#8217;aula d&#8217;I3, els infants estan acompanyats en tot moment per <\/span><b>dues professionals<\/b><span style=\"font-weight: 400;\">: la mestra i una T\u00e8cnica Especialista en Educaci\u00f3 Infantil (TEEI). Aquesta pres\u00e8ncia dual permet una atenci\u00f3 molt m\u00e9s individualitzada en un curs clau.<\/span><\/p>\n<p style=\"text-align: justify;\"><b>&#8211; <span style=\"text-decoration: underline;\">Cal que a I3 els infants ja vagin sense bolquer?<\/span>\u00a0<\/b><b>S\u00ed, \u00e9s necessari que els infants hagin deixat el bolquer abans de comen\u00e7ar el curs.<\/b><span style=\"font-weight: 400;\"> Aquesta petici\u00f3 es basa en quatre motius fonamentals per al benestar de l&#8217;infant i el funcionament de l&#8217;escola:<\/span><\/p>\n<ul style=\"text-align: justify;\">\n<li style=\"font-weight: 400;\" aria-level=\"1\"><b>Autonomia i autoestima:<\/b><span style=\"font-weight: 400;\"> Deixar el bolquer \u00e9s una fita madurativa que els fa sentir m\u00e9s segurs i capa\u00e7os. A m\u00e9s, els proporciona una major llibertat de moviment per jugar i aprendre.<\/span><\/li>\n<li style=\"font-weight: 400;\" aria-level=\"1\"><b>Seguretat i atenci\u00f3 al grup:<\/b><span style=\"font-weight: 400;\"> A difer\u00e8ncia de les escoles bressol, a l&#8217;escola de prim\u00e0ria la normativa no permet que el grup es quedi sol. Si una mestra hagu\u00e9s de sortir a canviar un bolquer, la resta de la classe quedaria desatesa, posant en risc la seguretat de tots.<\/span><\/li>\n<li style=\"font-weight: 400;\" aria-level=\"1\"><b>Instal\u00b7lacions adaptades:<\/b><span style=\"font-weight: 400;\"> L&#8217;escola disposa de lavabos a la mida dels infants per fomentar-ne l&#8217;\u00fas aut\u00f2nom, per\u00f2 no comptem amb la infraestructura de canviadors ni gesti\u00f3 de residus espec\u00edfica per a bolquers que tenen les llars d&#8217;infants.<\/span><\/li>\n<li style=\"font-weight: 400;\" aria-level=\"1\"><b>Aprenentatge social:<\/b><span style=\"font-weight: 400;\"> El fet d&#8217;anar al lavabo amb els companys converteix aquest h\u00e0bit en una rutina natural i compartida, facilitant que els infants aprenguin per imitaci\u00f3.<\/span><\/li>\n<\/ul>\n<p style=\"text-align: justify;\"><b>&#8211; <span style=\"text-decoration: underline;\">Qu\u00e8 passa si encara porta xumet o pren biber\u00f3?<\/span>\u00a0<\/b><span style=\"font-weight: 400;\">L\u2019arribada a l&#8217;escola als 3 anys marca l\u2019inici d\u2019una nova etapa de creixement on es prioritza la transici\u00f3 del xumet i el biber\u00f3 cap a l&#8217;\u00fas del got i el llenguatge verbal:<\/span><\/p>\n<ul style=\"text-align: justify;\">\n<li style=\"font-weight: 400; text-align: justify;\" aria-level=\"1\"><b>Desenvolupament de la parla:<\/b><span style=\"font-weight: 400;\"> Per a una correcta articulaci\u00f3 i per fomentar l&#8217;expressi\u00f3 de necessitats i desitjos, cal que l&#8217;infant tingui la boca lliure. El xumet dificulta la pronunciaci\u00f3 i la riquesa del vocabulari.<\/span><\/li>\n<li style=\"font-weight: 400; text-align: justify;\" aria-level=\"1\"><b>Salut bucodental:<\/b><span style=\"font-weight: 400;\"> L&#8217;\u00fas prolongat d&#8217;aquests objectes pot deformar el paladar o despla\u00e7ar les dents, a m\u00e9s d&#8217;afectar la musculatura facial necess\u00e0ria per a una correcta masticaci\u00f3 i respiraci\u00f3.<\/span><\/li>\n<li style=\"font-weight: 400; text-align: justify;\" aria-level=\"1\"><b>Gesti\u00f3 emocional:<\/b><span style=\"font-weight: 400;\"> A l&#8217;escola ajudem l&#8217;infant a trobar noves eines per calmar-se (com la paraula o el suport de la mestra) sense dependre d&#8217;un objecte extern.<\/span><\/li>\n<li style=\"font-weight: 400; text-align: justify;\" aria-level=\"1\"><b>Seguretat i higiene:<\/b><span style=\"font-weight: 400;\"> Per evitar el contagi de virus i possibles lesions o caigudes amb el xumet a la boca, aquests objectes no s&#8217;utilitzen a l&#8217;aula.<\/span><\/li>\n<li style=\"font-weight: 400;\" aria-level=\"1\"><b>H\u00e0bits a taula:<\/b><span style=\"font-weight: 400;\"> Des del primer dia, fomentem l&#8217;\u00fas del got o la cantimplora per millorar la coordinaci\u00f3 i l&#8217;autonomia durant els moments dels \u00e0pats.<\/span><\/li>\n<\/ul>\n<p style=\"text-align: justify;\"><b>&#8211; <\/b><span style=\"text-decoration: underline;\"><b>Quin \u00fas feu de les pantalles?<\/b><\/span><b>\u00a0<\/b><span style=\"font-weight: 400;\">L&#8217;\u00fas de la tecnologia est\u00e0 graduat segons l&#8217;edat de l&#8217;infant:<\/span><\/p>\n<ul style=\"text-align: justify;\">\n<li style=\"font-weight: 400;\" aria-level=\"1\"><b>Comunitat de Petits (Infantil):<\/b><span style=\"font-weight: 400;\"> No hi ha pantalles a les aules. Nom\u00e9s es realitza un taller puntual amb tauletes.<\/span><\/li>\n<\/ul>\n<p style=\"text-align: justify;\"><b>&#8211; <span style=\"text-decoration: underline;\">Utilitzeu autocars o transport p\u00fablic?<\/span>\u00a0<\/b><span style=\"font-weight: 400;\">El tipus de transport dep\u00e8n de l&#8217;etapa educativa:<\/span><\/p>\n<ul style=\"text-align: justify;\">\n<li style=\"font-weight: 400;\" aria-level=\"1\"><b>Educaci\u00f3 Infantil:<\/b><span style=\"font-weight: 400;\"> Totes les sortides es realitzen en <\/span><b>autocar privat<\/b><span style=\"font-weight: 400;\"> per garantir la m\u00e0xima seguretat i comoditat dels m\u00e9s petits.<\/span><\/li>\n<\/ul>\n<p style=\"text-align: justify;\">\n","protected":false},"excerpt":{"rendered":"<p>&#8211; Quantes places teniu?\u00a0Per al curs d\u2019I3 oferim 20 places. \u00c9s important tenir en compte que el nombre de vacants definitives pot variar cada any, ja que els germans i germanes d&#8217;alumnes que ja s\u00f3n al centre tenen prioritat en el proc\u00e9s d&#8217;admissi\u00f3. &#8211; Com es fa el per\u00edode d\u2019adaptaci\u00f3?\u00a0L&#8217;adaptaci\u00f3 a I3 est\u00e0 dissenyada per [&hellip;]<\/p>\n","protected":false},"author":283,"featured_media":0,"parent":26055,"menu_order":0,"comment_status":"closed","ping_status":"closed","template":"","meta":{"_bbp_topic_count":0,"_bbp_reply_count":0,"_bbp_total_topic_count":0,"_bbp_total_reply_count":0,"_bbp_voice_count":0,"_bbp_anonymous_reply_count":0,"_bbp_topic_count_hidden":0,"_bbp_reply_count_hidden":0,"_bbp_forum_subforum_count":0,"site-sidebar-layout":"default","site-content-layout":"","ast-site-content-layout":"default","site-content-style":"default","site-sidebar-style":"default","ast-global-header-display":"","ast-banner-title-visibility":"","ast-main-header-display":"","ast-hfb-above-header-display":"","ast-hfb-below-header-display":"","ast-hfb-mobile-header-display":"","site-post-title":"","ast-breadcrumbs-content":"","ast-featured-img":"","footer-sml-layout":"","theme-transparent-header-meta":"default","adv-header-id-meta":"","stick-header-meta":"","header-above-stick-meta":"","header-main-stick-meta":"","header-below-stick-meta":"","astra-migrate-meta-layouts":"set","ast-page-background-enabled":"default","ast-page-background-meta":{"desktop":{"background-color":"var(--ast-global-color-4)","background-image":"","background-repeat":"repeat","background-position":"center center","background-size":"auto","background-attachment":"scroll","background-type":"","background-media":"","overlay-type":"","overlay-color":"","overlay-opacity":"","overlay-gradient":""},"tablet":{"background-color":"","background-image":"","background-repeat":"repeat","background-position":"center center","background-size":"auto","background-attachment":"scroll","background-type":"","background-media":"","overlay-type":"","overlay-color":"","overlay-opacity":"","overlay-gradient":""},"mobile":{"background-color":"","background-image":"","background-repeat":"repeat","background-position":"center center","background-size":"auto","background-attachment":"scroll","background-type":"","background-media":"","overlay-type":"","overlay-color":"","overlay-opacity":"","overlay-gradient":""}},"ast-content-background-meta":{"desktop":{"background-color":"var(--ast-global-color-5)","background-image":"","background-repeat":"repeat","background-position":"center center","background-size":"auto","background-attachment":"scroll","background-type":"","background-media":"","overlay-type":"","overlay-color":"","overlay-opacity":"","overlay-gradient":""},"tablet":{"background-color":"var(--ast-global-color-5)","background-image":"","background-repeat":"repeat","background-position":"center center","background-size":"auto","background-attachment":"scroll","background-type":"","background-media":"","overlay-type":"","overlay-color":"","overlay-opacity":"","overlay-gradient":""},"mobile":{"background-color":"var(--ast-global-color-5)","background-image":"","background-repeat":"repeat","background-position":"center center","background-size":"auto","background-attachment":"scroll","background-type":"","background-media":"","overlay-type":"","overlay-color":"","overlay-opacity":"","overlay-gradient":""}},"footnotes":""},"class_list":["post-26664","page","type-page","status-publish","hentry"],"post_mailing_queue_ids":[],"_links":{"self":[{"href":"https:\/\/agora.xtec.cat\/ceiptibidabo\/wp-json\/wp\/v2\/pages\/26664","targetHints":{"allow":["GET"]}}],"collection":[{"href":"https:\/\/agora.xtec.cat\/ceiptibidabo\/wp-json\/wp\/v2\/pages"}],"about":[{"href":"https:\/\/agora.xtec.cat\/ceiptibidabo\/wp-json\/wp\/v2\/types\/page"}],"author":[{"embeddable":true,"href":"https:\/\/agora.xtec.cat\/ceiptibidabo\/wp-json\/wp\/v2\/users\/283"}],"replies":[{"embeddable":true,"href":"https:\/\/agora.xtec.cat\/ceiptibidabo\/wp-json\/wp\/v2\/comments?post=26664"}],"version-history":[{"count":5,"href":"https:\/\/agora.xtec.cat\/ceiptibidabo\/wp-json\/wp\/v2\/pages\/26664\/revisions"}],"predecessor-version":[{"id":26677,"href":"https:\/\/agora.xtec.cat\/ceiptibidabo\/wp-json\/wp\/v2\/pages\/26664\/revisions\/26677"}],"up":[{"embeddable":true,"href":"https:\/\/agora.xtec.cat\/ceiptibidabo\/wp-json\/wp\/v2\/pages\/26055"}],"wp:attachment":[{"href":"https:\/\/agora.xtec.cat\/ceiptibidabo\/wp-json\/wp\/v2\/media?parent=26664"}],"curies":[{"name":"wp","href":"https:\/\/api.w.org\/{rel}","templated":true}]}}