{"id":26438,"date":"2025-12-27T20:26:55","date_gmt":"2025-12-27T19:26:55","guid":{"rendered":"https:\/\/agora.xtec.cat\/ceiptibidabo\/?page_id=26438"},"modified":"2026-01-07T12:20:36","modified_gmt":"2026-01-07T11:20:36","slug":"comunitat-mitjana","status":"publish","type":"page","link":"https:\/\/agora.xtec.cat\/ceiptibidabo\/comunitat-mitjana\/","title":{"rendered":"COMUNITAT MITJANA"},"content":{"rendered":"<p style=\"text-align: justify;\">La comunitat mitjana est\u00e0 formada pels nens i nenes de 1r, 2n i 3r de prim\u00e0ria, etapa en qu\u00e8 comencen a consolidar la lectura i l\u2019escriptura, descobreixen el m\u00f3n amb curiositat i gaudeixen aprenent a treballar en equip a trav\u00e9s de jocs i activitats creatives<\/p>\n","protected":false},"excerpt":{"rendered":"<p>La comunitat mitjana est\u00e0 formada pels nens i nenes de 1r, 2n i 3r de prim\u00e0ria, etapa en qu\u00e8 comencen a consolidar la lectura i l\u2019escriptura, descobreixen el m\u00f3n amb curiositat i gaudeixen aprenent a treballar en equip a trav\u00e9s de jocs i activitats creatives<\/p>\n","protected":false},"author":283,"featured_media":0,"parent":0,"menu_order":0,"comment_status":"closed","ping_status":"closed","template":"","meta":{"_bbp_topic_count":0,"_bbp_reply_count":0,"_bbp_total_topic_count":0,"_bbp_total_reply_count":0,"_bbp_voice_count":0,"_bbp_anonymous_reply_count":0,"_bbp_topic_count_hidden":0,"_bbp_reply_count_hidden":0,"_bbp_forum_subforum_count":0,"site-sidebar-layout":"default","site-content-layout":"","ast-site-content-layout":"default","site-content-style":"default","site-sidebar-style":"default","ast-global-header-display":"","ast-banner-title-visibility":"","ast-main-header-display":"","ast-hfb-above-header-display":"","ast-hfb-below-header-display":"","ast-hfb-mobile-header-display":"","site-post-title":"","ast-breadcrumbs-content":"","ast-featured-img":"","footer-sml-layout":"","theme-transparent-header-meta":"default","adv-header-id-meta":"","stick-header-meta":"","header-above-stick-meta":"","header-main-stick-meta":"","header-below-stick-meta":"","astra-migrate-meta-layouts":"set","ast-page-background-enabled":"default","ast-page-background-meta":{"desktop":{"background-color":"var(--ast-global-color-4)","background-image":"","background-repeat":"repeat","background-position":"center center","background-size":"auto","background-attachment":"scroll","background-type":"","background-media":"","overlay-type":"","overlay-color":"","overlay-opacity":"","overlay-gradient":""},"tablet":{"background-color":"","background-image":"","background-repeat":"repeat","background-position":"center center","background-size":"auto","background-attachment":"scroll","background-type":"","background-media":"","overlay-type":"","overlay-color":"","overlay-opacity":"","overlay-gradient":""},"mobile":{"background-color":"","background-image":"","background-repeat":"repeat","background-position":"center center","background-size":"auto","background-attachment":"scroll","background-type":"","background-media":"","overlay-type":"","overlay-color":"","overlay-opacity":"","overlay-gradient":""}},"ast-content-background-meta":{"desktop":{"background-color":"var(--ast-global-color-5)","background-image":"","background-repeat":"repeat","background-position":"center center","background-size":"auto","background-attachment":"scroll","background-type":"","background-media":"","overlay-type":"","overlay-color":"","overlay-opacity":"","overlay-gradient":""},"tablet":{"background-color":"var(--ast-global-color-5)","background-image":"","background-repeat":"repeat","background-position":"center center","background-size":"auto","background-attachment":"scroll","background-type":"","background-media":"","overlay-type":"","overlay-color":"","overlay-opacity":"","overlay-gradient":""},"mobile":{"background-color":"var(--ast-global-color-5)","background-image":"","background-repeat":"repeat","background-position":"center center","background-size":"auto","background-attachment":"scroll","background-type":"","background-media":"","overlay-type":"","overlay-color":"","overlay-opacity":"","overlay-gradient":""}},"footnotes":""},"class_list":["post-26438","page","type-page","status-publish","hentry"],"post_mailing_queue_ids":[],"_links":{"self":[{"href":"https:\/\/agora.xtec.cat\/ceiptibidabo\/wp-json\/wp\/v2\/pages\/26438","targetHints":{"allow":["GET"]}}],"collection":[{"href":"https:\/\/agora.xtec.cat\/ceiptibidabo\/wp-json\/wp\/v2\/pages"}],"about":[{"href":"https:\/\/agora.xtec.cat\/ceiptibidabo\/wp-json\/wp\/v2\/types\/page"}],"author":[{"embeddable":true,"href":"https:\/\/agora.xtec.cat\/ceiptibidabo\/wp-json\/wp\/v2\/users\/283"}],"replies":[{"embeddable":true,"href":"https:\/\/agora.xtec.cat\/ceiptibidabo\/wp-json\/wp\/v2\/comments?post=26438"}],"version-history":[{"count":3,"href":"https:\/\/agora.xtec.cat\/ceiptibidabo\/wp-json\/wp\/v2\/pages\/26438\/revisions"}],"predecessor-version":[{"id":26444,"href":"https:\/\/agora.xtec.cat\/ceiptibidabo\/wp-json\/wp\/v2\/pages\/26438\/revisions\/26444"}],"wp:attachment":[{"href":"https:\/\/agora.xtec.cat\/ceiptibidabo\/wp-json\/wp\/v2\/media?parent=26438"}],"curies":[{"name":"wp","href":"https:\/\/api.w.org\/{rel}","templated":true}]}}