{"id":26395,"date":"2025-12-27T19:55:46","date_gmt":"2025-12-27T18:55:46","guid":{"rendered":"https:\/\/agora.xtec.cat\/ceiptibidabo\/?page_id=26395"},"modified":"2026-01-08T10:25:23","modified_gmt":"2026-01-08T09:25:23","slug":"menjador-escolar","status":"publish","type":"page","link":"https:\/\/agora.xtec.cat\/ceiptibidabo\/serveis\/menjador-escolar\/","title":{"rendered":"Menjador escolar"},"content":{"rendered":"<p style=\"text-align: justify;\"><span style=\"font-size: 16px; font-style: normal; font-weight: 400;\">El menjador \u00e9s un entorn educatiu en una etapa de creixement en qu\u00e8 cal garantir una alimentaci\u00f3 equilibrada i adequada. Al mateix temps, esdev\u00e9 un espai privilegiat per fomentar h\u00e0bits saludables, actituds positives i valors essencials per al desenvolupament personal dels infants. <\/span><\/p>\n<p style=\"text-align: justify;\"><span style=\"font-size: 16px; font-style: normal; font-weight: 400;\">Disposem de cuina pr\u00f2pia, que ens permet elaborar di\u00e0riament els \u00e0pats amb ingredients seleccionats i sota la supervisi\u00f3 rigorosa de la dietista.\u00a0<\/span><\/p>\n<ul>\n<li style=\"text-align: justify;\"><b>Web: \ud83d\udd17<\/b><a href=\"https:\/\/comocomen.com\/__ausolan1205\/padres\/\">https:\/\/comocomen.com\/__ausolan1205\/padres\/<\/a><b><\/b><\/li>\n<li style=\"text-align: justify;\"><b>Correu electr\u00f2nic: \ud83d\udce7\u00a0<\/b><a href=\"mailto:etibidabo@ausolan.com\">etibidabo@ausolan.com<\/a><b><\/b><b><\/b><\/li>\n<li style=\"text-align: justify;\"><b>Tel\u00e8fon: \ud83d\udcde\u00a0<\/b>661752927 (dilluns a divendres de 9 a 10h)<b>\u00a0<\/b><\/li>\n<\/ul>\n<p>&nbsp;<\/p>\n","protected":false},"excerpt":{"rendered":"<p>El menjador \u00e9s un entorn educatiu en una etapa de creixement en qu\u00e8 cal garantir una alimentaci\u00f3 equilibrada i adequada. Al mateix temps, esdev\u00e9 un espai privilegiat per fomentar h\u00e0bits saludables, actituds positives i valors essencials per al desenvolupament personal dels infants. Disposem de cuina pr\u00f2pia, que ens permet elaborar di\u00e0riament els \u00e0pats amb ingredients [&hellip;]<\/p>\n","protected":false},"author":283,"featured_media":0,"parent":26101,"menu_order":0,"comment_status":"closed","ping_status":"closed","template":"","meta":{"_bbp_topic_count":0,"_bbp_reply_count":0,"_bbp_total_topic_count":0,"_bbp_total_reply_count":0,"_bbp_voice_count":0,"_bbp_anonymous_reply_count":0,"_bbp_topic_count_hidden":0,"_bbp_reply_count_hidden":0,"_bbp_forum_subforum_count":0,"site-sidebar-layout":"default","site-content-layout":"","ast-site-content-layout":"default","site-content-style":"default","site-sidebar-style":"default","ast-global-header-display":"","ast-banner-title-visibility":"","ast-main-header-display":"","ast-hfb-above-header-display":"","ast-hfb-below-header-display":"","ast-hfb-mobile-header-display":"","site-post-title":"","ast-breadcrumbs-content":"","ast-featured-img":"","footer-sml-layout":"","theme-transparent-header-meta":"default","adv-header-id-meta":"","stick-header-meta":"","header-above-stick-meta":"","header-main-stick-meta":"","header-below-stick-meta":"","astra-migrate-meta-layouts":"set","ast-page-background-enabled":"default","ast-page-background-meta":{"desktop":{"background-color":"var(--ast-global-color-4)","background-image":"","background-repeat":"repeat","background-position":"center center","background-size":"auto","background-attachment":"scroll","background-type":"","background-media":"","overlay-type":"","overlay-color":"","overlay-opacity":"","overlay-gradient":""},"tablet":{"background-color":"","background-image":"","background-repeat":"repeat","background-position":"center center","background-size":"auto","background-attachment":"scroll","background-type":"","background-media":"","overlay-type":"","overlay-color":"","overlay-opacity":"","overlay-gradient":""},"mobile":{"background-color":"","background-image":"","background-repeat":"repeat","background-position":"center center","background-size":"auto","background-attachment":"scroll","background-type":"","background-media":"","overlay-type":"","overlay-color":"","overlay-opacity":"","overlay-gradient":""}},"ast-content-background-meta":{"desktop":{"background-color":"var(--ast-global-color-5)","background-image":"","background-repeat":"repeat","background-position":"center center","background-size":"auto","background-attachment":"scroll","background-type":"","background-media":"","overlay-type":"","overlay-color":"","overlay-opacity":"","overlay-gradient":""},"tablet":{"background-color":"var(--ast-global-color-5)","background-image":"","background-repeat":"repeat","background-position":"center center","background-size":"auto","background-attachment":"scroll","background-type":"","background-media":"","overlay-type":"","overlay-color":"","overlay-opacity":"","overlay-gradient":""},"mobile":{"background-color":"var(--ast-global-color-5)","background-image":"","background-repeat":"repeat","background-position":"center center","background-size":"auto","background-attachment":"scroll","background-type":"","background-media":"","overlay-type":"","overlay-color":"","overlay-opacity":"","overlay-gradient":""}},"footnotes":""},"class_list":["post-26395","page","type-page","status-publish","hentry"],"post_mailing_queue_ids":[],"_links":{"self":[{"href":"https:\/\/agora.xtec.cat\/ceiptibidabo\/wp-json\/wp\/v2\/pages\/26395","targetHints":{"allow":["GET"]}}],"collection":[{"href":"https:\/\/agora.xtec.cat\/ceiptibidabo\/wp-json\/wp\/v2\/pages"}],"about":[{"href":"https:\/\/agora.xtec.cat\/ceiptibidabo\/wp-json\/wp\/v2\/types\/page"}],"author":[{"embeddable":true,"href":"https:\/\/agora.xtec.cat\/ceiptibidabo\/wp-json\/wp\/v2\/users\/283"}],"replies":[{"embeddable":true,"href":"https:\/\/agora.xtec.cat\/ceiptibidabo\/wp-json\/wp\/v2\/comments?post=26395"}],"version-history":[{"count":4,"href":"https:\/\/agora.xtec.cat\/ceiptibidabo\/wp-json\/wp\/v2\/pages\/26395\/revisions"}],"predecessor-version":[{"id":26410,"href":"https:\/\/agora.xtec.cat\/ceiptibidabo\/wp-json\/wp\/v2\/pages\/26395\/revisions\/26410"}],"up":[{"embeddable":true,"href":"https:\/\/agora.xtec.cat\/ceiptibidabo\/wp-json\/wp\/v2\/pages\/26101"}],"wp:attachment":[{"href":"https:\/\/agora.xtec.cat\/ceiptibidabo\/wp-json\/wp\/v2\/media?parent=26395"}],"curies":[{"name":"wp","href":"https:\/\/api.w.org\/{rel}","templated":true}]}}