{"id":26389,"date":"2025-12-27T19:42:46","date_gmt":"2025-12-27T18:42:46","guid":{"rendered":"https:\/\/agora.xtec.cat\/ceiptibidabo\/?page_id=26389"},"modified":"2026-01-07T12:23:59","modified_gmt":"2026-01-07T11:23:59","slug":"festes-tradicionals","status":"publish","type":"page","link":"https:\/\/agora.xtec.cat\/ceiptibidabo\/cultura-de-centre\/festes-tradicionals\/","title":{"rendered":"Festes tradicionals"},"content":{"rendered":"<p style=\"text-align: justify;\"><span style=\"font-weight: 400;\">La celebraci\u00f3 de les tradicions catalanes \u00e9s un element clau per a la identitat del centre i per crear un sentiment de pertinen\u00e7a i comunitat amb les fam\u00edlies. S\u00f3n moments de festa, cultura i participaci\u00f3 on els valors de cooperaci\u00f3 i respecte es viuen intensament.<\/span><\/p>\n<p style=\"text-align: justify;\"><b>Tardor i Hivern:<\/b><\/p>\n<ul style=\"text-align: justify;\">\n<li aria-level=\"1\"><b>La Castanyada: <\/b><span style=\"font-weight: 400;\">No nom\u00e9s celebrem la tardor menjant castanyes; \u00e9s un dia on els m\u00e9s grans ajuden els m\u00e9s petits, aprenent a compartir i\u00a0 tenir cura de les tradicions.<\/span><\/li>\n<\/ul>\n<ul style=\"text-align: justify;\">\n<li aria-level=\"1\"><b>El Ti\u00f3 i les Nadales: <\/b><span style=\"font-weight: 400;\">Creem un ambient de Nadal ple de calidesa. El Ti\u00f3 \u00e9s un moment de m\u00e0gia i expectaci\u00f3 per a la mainada, i amb les Nadales treballem la m\u00fasica i el sentiment de comunitat.<\/span><\/li>\n<\/ul>\n<ul style=\"text-align: justify;\">\n<li aria-level=\"1\"><b>Cap d&#8217;Any: <\/b><span style=\"font-weight: 400;\">Fem una petita celebraci\u00f3 per tancar l&#8217;any i comen\u00e7ar el nou, celebrem les pr\u00f2pies campanades.<\/span><\/li>\n<\/ul>\n<p style=\"text-align: justify;\"><b>Hivern i Primavera:<\/b><\/p>\n<ul style=\"text-align: justify;\">\n<li aria-level=\"1\"><b>Carnestoltes: <\/b><span style=\"font-weight: 400;\">Aquesta \u00e9s la festa de la creativitat i la llibertat! \u00c9s un moment d&#8217;expressi\u00f3, on treballem la imaginaci\u00f3 i ens divertim trencant les normes de la rutina per uns dies.<\/span><\/li>\n<\/ul>\n<ul style=\"text-align: justify;\">\n<li aria-level=\"1\"><b>Sant Jordi: <\/b><span style=\"font-weight: 400;\">\u00c9s la nostra gran festa de la cultura catalana. Celebrem la lectura, l&#8217;amor pels llibres i la fantasia. Un dia on la llegenda omple el centre.<\/span><\/li>\n<\/ul>\n<ul style=\"text-align: justify;\">\n<li aria-level=\"1\"><b>La Mona: <\/b><span style=\"font-weight: 400;\">Un s\u00edmbol de retrobament i d&#8217;alegria compartida a la cuina, on tots els nens i nenes participen fent una Mona Gegant per a tothom.<\/span><\/li>\n<\/ul>\n<p style=\"text-align: justify;\"><b>Estiu:<\/b><\/p>\n<ul>\n<li style=\"text-align: justify;\"><b>Revetlla de final de curs: <\/b><span style=\"font-weight: 400;\">\u00c9s la festa de tota la Comunitat Educativa, la m\u00fasica i els balls s\u00f3n els grans protagonistes.<\/span><\/li>\n<\/ul>\n<p style=\"text-align: justify;\">\n","protected":false},"excerpt":{"rendered":"<p>La celebraci\u00f3 de les tradicions catalanes \u00e9s un element clau per a la identitat del centre i per crear un sentiment de pertinen\u00e7a i comunitat amb les fam\u00edlies. S\u00f3n moments de festa, cultura i participaci\u00f3 on els valors de cooperaci\u00f3 i respecte es viuen intensament. Tardor i Hivern: La Castanyada: No nom\u00e9s celebrem la tardor [&hellip;]<\/p>\n","protected":false},"author":283,"featured_media":0,"parent":26381,"menu_order":0,"comment_status":"closed","ping_status":"closed","template":"","meta":{"_bbp_topic_count":0,"_bbp_reply_count":0,"_bbp_total_topic_count":0,"_bbp_total_reply_count":0,"_bbp_voice_count":0,"_bbp_anonymous_reply_count":0,"_bbp_topic_count_hidden":0,"_bbp_reply_count_hidden":0,"_bbp_forum_subforum_count":0,"site-sidebar-layout":"default","site-content-layout":"","ast-site-content-layout":"default","site-content-style":"default","site-sidebar-style":"default","ast-global-header-display":"","ast-banner-title-visibility":"","ast-main-header-display":"","ast-hfb-above-header-display":"","ast-hfb-below-header-display":"","ast-hfb-mobile-header-display":"","site-post-title":"","ast-breadcrumbs-content":"","ast-featured-img":"","footer-sml-layout":"","theme-transparent-header-meta":"default","adv-header-id-meta":"","stick-header-meta":"","header-above-stick-meta":"","header-main-stick-meta":"","header-below-stick-meta":"","astra-migrate-meta-layouts":"set","ast-page-background-enabled":"default","ast-page-background-meta":{"desktop":{"background-color":"var(--ast-global-color-4)","background-image":"","background-repeat":"repeat","background-position":"center center","background-size":"auto","background-attachment":"scroll","background-type":"","background-media":"","overlay-type":"","overlay-color":"","overlay-opacity":"","overlay-gradient":""},"tablet":{"background-color":"","background-image":"","background-repeat":"repeat","background-position":"center center","background-size":"auto","background-attachment":"scroll","background-type":"","background-media":"","overlay-type":"","overlay-color":"","overlay-opacity":"","overlay-gradient":""},"mobile":{"background-color":"","background-image":"","background-repeat":"repeat","background-position":"center center","background-size":"auto","background-attachment":"scroll","background-type":"","background-media":"","overlay-type":"","overlay-color":"","overlay-opacity":"","overlay-gradient":""}},"ast-content-background-meta":{"desktop":{"background-color":"var(--ast-global-color-5)","background-image":"","background-repeat":"repeat","background-position":"center center","background-size":"auto","background-attachment":"scroll","background-type":"","background-media":"","overlay-type":"","overlay-color":"","overlay-opacity":"","overlay-gradient":""},"tablet":{"background-color":"var(--ast-global-color-5)","background-image":"","background-repeat":"repeat","background-position":"center center","background-size":"auto","background-attachment":"scroll","background-type":"","background-media":"","overlay-type":"","overlay-color":"","overlay-opacity":"","overlay-gradient":""},"mobile":{"background-color":"var(--ast-global-color-5)","background-image":"","background-repeat":"repeat","background-position":"center center","background-size":"auto","background-attachment":"scroll","background-type":"","background-media":"","overlay-type":"","overlay-color":"","overlay-opacity":"","overlay-gradient":""}},"footnotes":""},"class_list":["post-26389","page","type-page","status-publish","hentry"],"post_mailing_queue_ids":[],"_links":{"self":[{"href":"https:\/\/agora.xtec.cat\/ceiptibidabo\/wp-json\/wp\/v2\/pages\/26389","targetHints":{"allow":["GET"]}}],"collection":[{"href":"https:\/\/agora.xtec.cat\/ceiptibidabo\/wp-json\/wp\/v2\/pages"}],"about":[{"href":"https:\/\/agora.xtec.cat\/ceiptibidabo\/wp-json\/wp\/v2\/types\/page"}],"author":[{"embeddable":true,"href":"https:\/\/agora.xtec.cat\/ceiptibidabo\/wp-json\/wp\/v2\/users\/283"}],"replies":[{"embeddable":true,"href":"https:\/\/agora.xtec.cat\/ceiptibidabo\/wp-json\/wp\/v2\/comments?post=26389"}],"version-history":[{"count":2,"href":"https:\/\/agora.xtec.cat\/ceiptibidabo\/wp-json\/wp\/v2\/pages\/26389\/revisions"}],"predecessor-version":[{"id":26392,"href":"https:\/\/agora.xtec.cat\/ceiptibidabo\/wp-json\/wp\/v2\/pages\/26389\/revisions\/26392"}],"up":[{"embeddable":true,"href":"https:\/\/agora.xtec.cat\/ceiptibidabo\/wp-json\/wp\/v2\/pages\/26381"}],"wp:attachment":[{"href":"https:\/\/agora.xtec.cat\/ceiptibidabo\/wp-json\/wp\/v2\/media?parent=26389"}],"curies":[{"name":"wp","href":"https:\/\/api.w.org\/{rel}","templated":true}]}}