{"id":26385,"date":"2025-12-27T19:40:55","date_gmt":"2025-12-27T18:40:55","guid":{"rendered":"https:\/\/agora.xtec.cat\/ceiptibidabo\/?page_id=26385"},"modified":"2026-01-07T12:23:31","modified_gmt":"2026-01-07T11:23:31","slug":"celebracions-de-comunitat-i-pertinenca","status":"publish","type":"page","link":"https:\/\/agora.xtec.cat\/ceiptibidabo\/cultura-de-centre\/celebracions-de-comunitat-i-pertinenca\/","title":{"rendered":"Celebracions de comunitat i pertinen\u00e7a"},"content":{"rendered":"<p style=\"text-align: justify;\"><span style=\"font-weight: 400;\">Fomentem els valors socials i el sentit de pertinen\u00e7a per construir una comunitat cohesionada, tal com hem fet des de la fundaci\u00f3 de l&#8217;escola l&#8217;any 1969.<\/span><\/p>\n<ul style=\"text-align: justify;\">\n<li style=\"font-weight: 400;\" aria-level=\"1\"><b>Celebraci\u00f3 comuna dels aniversaris mensuals:<\/b><span style=\"font-weight: 400;\"> Cada mes, l&#8217;escola es reuneix al complet per celebrar de manera col\u00b7lectiva els aniversaris de l&#8217;alumnat nascut en aquell per\u00edode. Aquesta pr\u00e0ctica senzilla i constant refor\u00e7a els vincles emocionals i el sentiment de ser part d&#8217;un mateix grup, contribuint directament a l&#8217;objectiu de tenir una conviv\u00e8ncia harm\u00f2nica i un sentit de pertinen\u00e7a fort.<\/span><\/li>\n<li style=\"font-weight: 400;\" aria-level=\"1\"><b>Graduacions: <\/b><span style=\"font-weight: 400;\">\u00a0\u00c9s el moment de celebrar la feina feta durant tota una etapa, refor\u00e7ar els vincles entre fam\u00edlies i mestres, i acomiadar l&#8217;alumnat que marxa amb una gran festa.<\/span><\/li>\n<\/ul>\n<p style=\"text-align: justify;\"><b>Festes de l\u2019AFA<\/b><span style=\"font-weight: 400;\">: L\u2019associaci\u00f3 de fam\u00edlies celebra trimestralment festes de benvinguda i complement\u00e0ries a es tradicionals per afavorir els vincles.<\/span><\/p>\n","protected":false},"excerpt":{"rendered":"<p>Fomentem els valors socials i el sentit de pertinen\u00e7a per construir una comunitat cohesionada, tal com hem fet des de la fundaci\u00f3 de l&#8217;escola l&#8217;any 1969. Celebraci\u00f3 comuna dels aniversaris mensuals: Cada mes, l&#8217;escola es reuneix al complet per celebrar de manera col\u00b7lectiva els aniversaris de l&#8217;alumnat nascut en aquell per\u00edode. Aquesta pr\u00e0ctica senzilla i [&hellip;]<\/p>\n","protected":false},"author":283,"featured_media":0,"parent":26381,"menu_order":0,"comment_status":"closed","ping_status":"closed","template":"","meta":{"_bbp_topic_count":0,"_bbp_reply_count":0,"_bbp_total_topic_count":0,"_bbp_total_reply_count":0,"_bbp_voice_count":0,"_bbp_anonymous_reply_count":0,"_bbp_topic_count_hidden":0,"_bbp_reply_count_hidden":0,"_bbp_forum_subforum_count":0,"site-sidebar-layout":"default","site-content-layout":"","ast-site-content-layout":"default","site-content-style":"default","site-sidebar-style":"default","ast-global-header-display":"","ast-banner-title-visibility":"","ast-main-header-display":"","ast-hfb-above-header-display":"","ast-hfb-below-header-display":"","ast-hfb-mobile-header-display":"","site-post-title":"","ast-breadcrumbs-content":"","ast-featured-img":"","footer-sml-layout":"","theme-transparent-header-meta":"default","adv-header-id-meta":"","stick-header-meta":"","header-above-stick-meta":"","header-main-stick-meta":"","header-below-stick-meta":"","astra-migrate-meta-layouts":"set","ast-page-background-enabled":"default","ast-page-background-meta":{"desktop":{"background-color":"var(--ast-global-color-4)","background-image":"","background-repeat":"repeat","background-position":"center center","background-size":"auto","background-attachment":"scroll","background-type":"","background-media":"","overlay-type":"","overlay-color":"","overlay-opacity":"","overlay-gradient":""},"tablet":{"background-color":"","background-image":"","background-repeat":"repeat","background-position":"center center","background-size":"auto","background-attachment":"scroll","background-type":"","background-media":"","overlay-type":"","overlay-color":"","overlay-opacity":"","overlay-gradient":""},"mobile":{"background-color":"","background-image":"","background-repeat":"repeat","background-position":"center center","background-size":"auto","background-attachment":"scroll","background-type":"","background-media":"","overlay-type":"","overlay-color":"","overlay-opacity":"","overlay-gradient":""}},"ast-content-background-meta":{"desktop":{"background-color":"var(--ast-global-color-5)","background-image":"","background-repeat":"repeat","background-position":"center center","background-size":"auto","background-attachment":"scroll","background-type":"","background-media":"","overlay-type":"","overlay-color":"","overlay-opacity":"","overlay-gradient":""},"tablet":{"background-color":"var(--ast-global-color-5)","background-image":"","background-repeat":"repeat","background-position":"center center","background-size":"auto","background-attachment":"scroll","background-type":"","background-media":"","overlay-type":"","overlay-color":"","overlay-opacity":"","overlay-gradient":""},"mobile":{"background-color":"var(--ast-global-color-5)","background-image":"","background-repeat":"repeat","background-position":"center center","background-size":"auto","background-attachment":"scroll","background-type":"","background-media":"","overlay-type":"","overlay-color":"","overlay-opacity":"","overlay-gradient":""}},"footnotes":""},"class_list":["post-26385","page","type-page","status-publish","hentry"],"post_mailing_queue_ids":[],"_links":{"self":[{"href":"https:\/\/agora.xtec.cat\/ceiptibidabo\/wp-json\/wp\/v2\/pages\/26385","targetHints":{"allow":["GET"]}}],"collection":[{"href":"https:\/\/agora.xtec.cat\/ceiptibidabo\/wp-json\/wp\/v2\/pages"}],"about":[{"href":"https:\/\/agora.xtec.cat\/ceiptibidabo\/wp-json\/wp\/v2\/types\/page"}],"author":[{"embeddable":true,"href":"https:\/\/agora.xtec.cat\/ceiptibidabo\/wp-json\/wp\/v2\/users\/283"}],"replies":[{"embeddable":true,"href":"https:\/\/agora.xtec.cat\/ceiptibidabo\/wp-json\/wp\/v2\/comments?post=26385"}],"version-history":[{"count":1,"href":"https:\/\/agora.xtec.cat\/ceiptibidabo\/wp-json\/wp\/v2\/pages\/26385\/revisions"}],"predecessor-version":[{"id":26386,"href":"https:\/\/agora.xtec.cat\/ceiptibidabo\/wp-json\/wp\/v2\/pages\/26385\/revisions\/26386"}],"up":[{"embeddable":true,"href":"https:\/\/agora.xtec.cat\/ceiptibidabo\/wp-json\/wp\/v2\/pages\/26381"}],"wp:attachment":[{"href":"https:\/\/agora.xtec.cat\/ceiptibidabo\/wp-json\/wp\/v2\/media?parent=26385"}],"curies":[{"name":"wp","href":"https:\/\/api.w.org\/{rel}","templated":true}]}}