{"id":26381,"date":"2025-12-27T19:37:41","date_gmt":"2025-12-27T18:37:41","guid":{"rendered":"https:\/\/agora.xtec.cat\/ceiptibidabo\/?page_id=26381"},"modified":"2026-01-07T12:23:24","modified_gmt":"2026-01-07T11:23:24","slug":"cultura-de-centre","status":"publish","type":"page","link":"https:\/\/agora.xtec.cat\/ceiptibidabo\/cultura-de-centre\/","title":{"rendered":"Cultura de centre"},"content":{"rendered":"<p style=\"text-align: justify;\" data-start=\"220\" data-end=\"485\">A la nostra escola promovem una cultura de centre basada en el respecte, la conviv\u00e8ncia, la participaci\u00f3 i el sentiment de pertinen\u00e7a. Creiem que l\u2019educaci\u00f3 va m\u00e9s enll\u00e0 de l\u2019aula i que els valors compartits es construeixen a trav\u00e9s de les experi\u00e8ncies quotidianes.<\/p>\n<p style=\"text-align: justify;\" data-start=\"490\" data-end=\"921\">Les festivitats i celebracions formen part essencial de la vida del centre. Al llarg del curs celebrem diferents diades i tradicions que ens permeten con\u00e8ixer la nostra cultura, compartir moments significatius i refor\u00e7ar els vincles entre l\u2019alumnat, el professorat i les fam\u00edlies. Aquestes activitats fomenten la creativitat, la cooperaci\u00f3 i el gaudi col\u00b7lectiu, tot contribuint a una educaci\u00f3 integral i arrelada al nostre entorn.<\/p>\n","protected":false},"excerpt":{"rendered":"<p>A la nostra escola promovem una cultura de centre basada en el respecte, la conviv\u00e8ncia, la participaci\u00f3 i el sentiment de pertinen\u00e7a. Creiem que l\u2019educaci\u00f3 va m\u00e9s enll\u00e0 de l\u2019aula i que els valors compartits es construeixen a trav\u00e9s de les experi\u00e8ncies quotidianes. Les festivitats i celebracions formen part essencial de la vida del centre. [&hellip;]<\/p>\n","protected":false},"author":283,"featured_media":0,"parent":0,"menu_order":0,"comment_status":"closed","ping_status":"closed","template":"","meta":{"_bbp_topic_count":0,"_bbp_reply_count":0,"_bbp_total_topic_count":0,"_bbp_total_reply_count":0,"_bbp_voice_count":0,"_bbp_anonymous_reply_count":0,"_bbp_topic_count_hidden":0,"_bbp_reply_count_hidden":0,"_bbp_forum_subforum_count":0,"site-sidebar-layout":"default","site-content-layout":"","ast-site-content-layout":"default","site-content-style":"default","site-sidebar-style":"default","ast-global-header-display":"","ast-banner-title-visibility":"","ast-main-header-display":"","ast-hfb-above-header-display":"","ast-hfb-below-header-display":"","ast-hfb-mobile-header-display":"","site-post-title":"","ast-breadcrumbs-content":"","ast-featured-img":"","footer-sml-layout":"","theme-transparent-header-meta":"default","adv-header-id-meta":"","stick-header-meta":"","header-above-stick-meta":"","header-main-stick-meta":"","header-below-stick-meta":"","astra-migrate-meta-layouts":"set","ast-page-background-enabled":"default","ast-page-background-meta":{"desktop":{"background-color":"var(--ast-global-color-4)","background-image":"","background-repeat":"repeat","background-position":"center center","background-size":"auto","background-attachment":"scroll","background-type":"","background-media":"","overlay-type":"","overlay-color":"","overlay-opacity":"","overlay-gradient":""},"tablet":{"background-color":"","background-image":"","background-repeat":"repeat","background-position":"center center","background-size":"auto","background-attachment":"scroll","background-type":"","background-media":"","overlay-type":"","overlay-color":"","overlay-opacity":"","overlay-gradient":""},"mobile":{"background-color":"","background-image":"","background-repeat":"repeat","background-position":"center center","background-size":"auto","background-attachment":"scroll","background-type":"","background-media":"","overlay-type":"","overlay-color":"","overlay-opacity":"","overlay-gradient":""}},"ast-content-background-meta":{"desktop":{"background-color":"var(--ast-global-color-5)","background-image":"","background-repeat":"repeat","background-position":"center center","background-size":"auto","background-attachment":"scroll","background-type":"","background-media":"","overlay-type":"","overlay-color":"","overlay-opacity":"","overlay-gradient":""},"tablet":{"background-color":"var(--ast-global-color-5)","background-image":"","background-repeat":"repeat","background-position":"center center","background-size":"auto","background-attachment":"scroll","background-type":"","background-media":"","overlay-type":"","overlay-color":"","overlay-opacity":"","overlay-gradient":""},"mobile":{"background-color":"var(--ast-global-color-5)","background-image":"","background-repeat":"repeat","background-position":"center center","background-size":"auto","background-attachment":"scroll","background-type":"","background-media":"","overlay-type":"","overlay-color":"","overlay-opacity":"","overlay-gradient":""}},"footnotes":""},"class_list":["post-26381","page","type-page","status-publish","hentry"],"post_mailing_queue_ids":[],"_links":{"self":[{"href":"https:\/\/agora.xtec.cat\/ceiptibidabo\/wp-json\/wp\/v2\/pages\/26381","targetHints":{"allow":["GET"]}}],"collection":[{"href":"https:\/\/agora.xtec.cat\/ceiptibidabo\/wp-json\/wp\/v2\/pages"}],"about":[{"href":"https:\/\/agora.xtec.cat\/ceiptibidabo\/wp-json\/wp\/v2\/types\/page"}],"author":[{"embeddable":true,"href":"https:\/\/agora.xtec.cat\/ceiptibidabo\/wp-json\/wp\/v2\/users\/283"}],"replies":[{"embeddable":true,"href":"https:\/\/agora.xtec.cat\/ceiptibidabo\/wp-json\/wp\/v2\/comments?post=26381"}],"version-history":[{"count":2,"href":"https:\/\/agora.xtec.cat\/ceiptibidabo\/wp-json\/wp\/v2\/pages\/26381\/revisions"}],"predecessor-version":[{"id":26384,"href":"https:\/\/agora.xtec.cat\/ceiptibidabo\/wp-json\/wp\/v2\/pages\/26381\/revisions\/26384"}],"wp:attachment":[{"href":"https:\/\/agora.xtec.cat\/ceiptibidabo\/wp-json\/wp\/v2\/media?parent=26381"}],"curies":[{"name":"wp","href":"https:\/\/api.w.org\/{rel}","templated":true}]}}