{"id":26296,"date":"2025-12-24T11:31:03","date_gmt":"2025-12-24T10:31:03","guid":{"rendered":"https:\/\/agora.xtec.cat\/ceiptibidabo\/?page_id=26296"},"modified":"2026-01-07T12:15:37","modified_gmt":"2026-01-07T11:15:37","slug":"avaluacio","status":"publish","type":"page","link":"https:\/\/agora.xtec.cat\/ceiptibidabo\/com-treballem-2\/avaluacio\/","title":{"rendered":"Avaluaci\u00f3"},"content":{"rendered":"<p style=\"text-align: justify;\"><span style=\"font-weight: 400;\">L\u2019avaluaci\u00f3 \u00e9s el nostre term\u00f2metre. Ens permet ser transparents amb la comunitat, prendre decisions basades en dades reals i garantir que el nostre projecte estigui sempre enfocat a la millora cont\u00ednua i a l\u2019\u00e8xit dels nens i nenes.<\/span><\/p>\n<p style=\"text-align: justify;\"><span style=\"font-weight: 400;\">A l\u2019avaluaci\u00f3 de l\u2019alumnat tenim en compte:<\/span><\/p>\n<ul style=\"text-align: justify;\">\n<li style=\"font-weight: 400;\" aria-level=\"1\"><b>Avaluaci\u00f3 interna i lideratge:<\/b><span style=\"font-weight: 400;\"> Revisem els nostres m\u00e8todes i el funcionament per assegurar la m\u00e0xima efic\u00e0cia del Projecte Educatiu.<\/span><\/li>\n<li style=\"font-weight: 400;\" aria-level=\"1\"><b>Indicadors d\u2019assoliment:<\/b><span style=\"font-weight: 400;\"> Mesurem els resultats de l\u2019alumnat per confirmar que assolim els objectius acad\u00e8mics i de valors que ens hem marcat.<\/span><\/li>\n<li style=\"font-weight: 400;\" aria-level=\"1\"><b>Avaluaci\u00f3 conjunta amb les fam\u00edlies:<\/b><span style=\"font-weight: 400;\"> Impliquem les fam\u00edlies en el proc\u00e9s avaluador dels fills i filles. El primer informe trimestral inclou un di\u00e0leg o signatura d\u2019una s\u00e8rie de compromisos de millora pactats per refor\u00e7ar l&#8217;\u00e8xit educatiu.<\/span><\/li>\n<\/ul>\n<p style=\"text-align: justify;\"><span style=\"font-weight: 400;\">Per altra banda l\u2019escola tamb\u00e9 s\u2019avalua cont\u00ednuament fent diferents enquestes a tota la comunitat educativa.<\/span><\/p>\n<ul>\n<li style=\"font-weight: 400; text-align: justify;\" aria-level=\"1\"><b>Canvi de mandat:<\/b><span style=\"font-weight: 400;\"> Es fa una enquesta de satisfacci\u00f3 i de petici\u00f3 de continu\u00eftat.<\/span><\/li>\n<li style=\"font-weight: 400; text-align: justify;\" aria-level=\"1\"><b>Mestres nouvinguts:<\/b><span style=\"font-weight: 400;\"> enquesta de satisfacci\u00f3 de l\u2019estada a l\u2019escola i acollida.<\/span><\/li>\n<li style=\"font-weight: 400; text-align: justify;\" aria-level=\"1\"><b>Conviv\u00e8ncia<\/b><span style=\"font-weight: 400;\"> de la comunitat: enquesta bianual sobre la conviv\u00e8ncia a l\u2019escola que es fa a tota la comunitat; alumnat, fam\u00edlies, professorat i treballadors de l&#8217;escola.<\/span><\/li>\n<li style=\"font-weight: 400; text-align: justify;\" aria-level=\"1\"><span style=\"font-weight: 400;\">Enquestes proposades des d<\/span><b>\u2019inspecci\u00f3<\/b><\/li>\n<li style=\"font-weight: 400; text-align: justify;\" aria-level=\"1\"><span style=\"font-weight: 400;\">Enquestes sobre<\/span><b> lleng\u00fces<\/b><span style=\"font-weight: 400;\"> de l\u2019escola.\u00a0<\/span><\/li>\n<\/ul>\n<p>&nbsp;<\/p>\n","protected":false},"excerpt":{"rendered":"<p>L\u2019avaluaci\u00f3 \u00e9s el nostre term\u00f2metre. Ens permet ser transparents amb la comunitat, prendre decisions basades en dades reals i garantir que el nostre projecte estigui sempre enfocat a la millora cont\u00ednua i a l\u2019\u00e8xit dels nens i nenes. A l\u2019avaluaci\u00f3 de l\u2019alumnat tenim en compte: Avaluaci\u00f3 interna i lideratge: Revisem els nostres m\u00e8todes i el [&hellip;]<\/p>\n","protected":false},"author":1,"featured_media":0,"parent":26031,"menu_order":0,"comment_status":"closed","ping_status":"closed","template":"","meta":{"_bbp_topic_count":0,"_bbp_reply_count":0,"_bbp_total_topic_count":0,"_bbp_total_reply_count":0,"_bbp_voice_count":0,"_bbp_anonymous_reply_count":0,"_bbp_topic_count_hidden":0,"_bbp_reply_count_hidden":0,"_bbp_forum_subforum_count":0,"site-sidebar-layout":"default","site-content-layout":"","ast-site-content-layout":"default","site-content-style":"default","site-sidebar-style":"default","ast-global-header-display":"","ast-banner-title-visibility":"","ast-main-header-display":"","ast-hfb-above-header-display":"","ast-hfb-below-header-display":"","ast-hfb-mobile-header-display":"","site-post-title":"","ast-breadcrumbs-content":"","ast-featured-img":"","footer-sml-layout":"","theme-transparent-header-meta":"default","adv-header-id-meta":"","stick-header-meta":"","header-above-stick-meta":"","header-main-stick-meta":"","header-below-stick-meta":"","astra-migrate-meta-layouts":"set","ast-page-background-enabled":"default","ast-page-background-meta":{"desktop":{"background-color":"var(--ast-global-color-4)","background-image":"","background-repeat":"repeat","background-position":"center center","background-size":"auto","background-attachment":"scroll","background-type":"","background-media":"","overlay-type":"","overlay-color":"","overlay-opacity":"","overlay-gradient":""},"tablet":{"background-color":"","background-image":"","background-repeat":"repeat","background-position":"center center","background-size":"auto","background-attachment":"scroll","background-type":"","background-media":"","overlay-type":"","overlay-color":"","overlay-opacity":"","overlay-gradient":""},"mobile":{"background-color":"","background-image":"","background-repeat":"repeat","background-position":"center center","background-size":"auto","background-attachment":"scroll","background-type":"","background-media":"","overlay-type":"","overlay-color":"","overlay-opacity":"","overlay-gradient":""}},"ast-content-background-meta":{"desktop":{"background-color":"var(--ast-global-color-5)","background-image":"","background-repeat":"repeat","background-position":"center center","background-size":"auto","background-attachment":"scroll","background-type":"","background-media":"","overlay-type":"","overlay-color":"","overlay-opacity":"","overlay-gradient":""},"tablet":{"background-color":"var(--ast-global-color-5)","background-image":"","background-repeat":"repeat","background-position":"center center","background-size":"auto","background-attachment":"scroll","background-type":"","background-media":"","overlay-type":"","overlay-color":"","overlay-opacity":"","overlay-gradient":""},"mobile":{"background-color":"var(--ast-global-color-5)","background-image":"","background-repeat":"repeat","background-position":"center center","background-size":"auto","background-attachment":"scroll","background-type":"","background-media":"","overlay-type":"","overlay-color":"","overlay-opacity":"","overlay-gradient":""}},"footnotes":""},"class_list":["post-26296","page","type-page","status-publish","hentry"],"post_mailing_queue_ids":[],"_links":{"self":[{"href":"https:\/\/agora.xtec.cat\/ceiptibidabo\/wp-json\/wp\/v2\/pages\/26296","targetHints":{"allow":["GET"]}}],"collection":[{"href":"https:\/\/agora.xtec.cat\/ceiptibidabo\/wp-json\/wp\/v2\/pages"}],"about":[{"href":"https:\/\/agora.xtec.cat\/ceiptibidabo\/wp-json\/wp\/v2\/types\/page"}],"author":[{"embeddable":true,"href":"https:\/\/agora.xtec.cat\/ceiptibidabo\/wp-json\/wp\/v2\/users\/1"}],"replies":[{"embeddable":true,"href":"https:\/\/agora.xtec.cat\/ceiptibidabo\/wp-json\/wp\/v2\/comments?post=26296"}],"version-history":[{"count":4,"href":"https:\/\/agora.xtec.cat\/ceiptibidabo\/wp-json\/wp\/v2\/pages\/26296\/revisions"}],"predecessor-version":[{"id":26324,"href":"https:\/\/agora.xtec.cat\/ceiptibidabo\/wp-json\/wp\/v2\/pages\/26296\/revisions\/26324"}],"up":[{"embeddable":true,"href":"https:\/\/agora.xtec.cat\/ceiptibidabo\/wp-json\/wp\/v2\/pages\/26031"}],"wp:attachment":[{"href":"https:\/\/agora.xtec.cat\/ceiptibidabo\/wp-json\/wp\/v2\/media?parent=26296"}],"curies":[{"name":"wp","href":"https:\/\/api.w.org\/{rel}","templated":true}]}}