{"id":26129,"date":"2025-12-22T12:13:33","date_gmt":"2025-12-22T11:13:33","guid":{"rendered":"https:\/\/agora.xtec.cat\/ceiptibidabo\/?page_id=26129"},"modified":"2026-01-27T13:27:19","modified_gmt":"2026-01-27T12:27:19","slug":"documents-oficials","status":"publish","type":"page","link":"https:\/\/agora.xtec.cat\/ceiptibidabo\/documentacio\/documents-oficials\/","title":{"rendered":"Documents oficials"},"content":{"rendered":"<ul>\n<li><a href=\"https:\/\/drive.google.com\/file\/d\/1WsB4QVyLIcsy4uaS5H3vSyLeA2Izwo3l\/view?usp=drive_link\">Avaluaci\u00f3 integrada per a la millora (AVIM)<\/a><\/li>\n<li><a href=\"https:\/\/drive.google.com\/file\/d\/11P1m9fDqQHEGqLRC-MyoY5CZGHxrekQO\/view?usp=drive_link\">Avaluaci\u00f3 mandat direcci\u00f3 2020-2024<\/a><\/li>\n<li><a href=\"https:\/\/sites.google.com\/escolatibidabo.cat\/edc-escolatibidabo\/estrat%C3%A8gia-digital-de-centre\">Estrat\u00e8gia Digital de Centre (EDC)<\/a><\/li>\n<li><a href=\"https:\/\/drive.google.com\/file\/d\/1cFJ-cIueo4D7R5hEM_IUtN8ILu4Cze4D\/view?usp=drive_link\">Mem\u00f2ria final 24-25<\/a><\/li>\n<li><a href=\"https:\/\/drive.google.com\/file\/d\/1f5SdJhUn7bL9TAXBRFd8Elm0UBw7IZJE\/view?usp=drive_link\">Mem\u00f2ria mandat direcci\u00f3<\/a><\/li>\n<li><a href=\"https:\/\/drive.google.com\/file\/d\/15AfISkkh4j0dPSF8ii8xqnit0FcQOT1M\/view?usp=drive_link\">Normes d&#8217;organitzaci\u00f3 i funcionament del centre (NOFC)<\/a><\/li>\n<li><a href=\"https:\/\/drive.google.com\/file\/d\/1oozVuwuG0FizDL8aY1Aqq_NjRb_3p2NZ\/view?usp=drive_link\">Pla acci\u00f3 tutorial (PAT)<\/a><\/li>\n<li><a href=\"https:\/\/drive.google.com\/file\/d\/1nq0mBk-gOcVgPPDjS2XGj_G37ek9SmUr\/view?usp=drive_link\">Pla atenci\u00f3 a la diversitat (PAD)<\/a><\/li>\n<li><a href=\"https:\/\/drive.google.com\/file\/d\/1g0_Tuh-RcTuWFKQBc0CGbAt-140H5Eeg\/view?usp=drive_link\">Pla d&#8217;acollida (PdA)<\/a><\/li>\n<li><a href=\"https:\/\/drive.google.com\/file\/d\/18raoQr6E-b3gQBqHWoGeZGBnBjf6LvX_\/view?usp=drive_link\">Pla de comunicaci\u00f3<\/a><\/li>\n<li><a href=\"https:\/\/drive.google.com\/file\/d\/1p4adEf9yluCaRwPoVoM515QdUV2GSjLs\/view?usp=drive_link\">Programaci\u00f3 General Anual 2024-2025 (PGA)<\/a><\/li>\n<li><a href=\"https:\/\/drive.google.com\/file\/d\/1Aa7ywVrcMNLN8-zR-yo-wbTCbHHjYg50\/view?usp=drive_link\">Programaci\u00f3 General Anual 2025-2026 (PGA)<\/a><\/li>\n<li><a href=\"https:\/\/drive.google.com\/file\/d\/1oy1lfiYnTrkB5qS2BL_OLYL5cQ5d7q5Y\/view?usp=drive_link\">Projecte de direcci\u00f3 2024-2028<\/a><\/li>\n<li><a href=\"https:\/\/drive.google.com\/file\/d\/1ekk0V-l2DVOuSGasiJ08ZvQ7y7lFjBNq\/view?usp=drive_link\">Projecte ling\u00fc\u00edstc (PL)<\/a><\/li>\n<\/ul>\n","protected":false},"excerpt":{"rendered":"<p>Avaluaci\u00f3 integrada per a la millora (AVIM) Avaluaci\u00f3 mandat direcci\u00f3 2020-2024 Estrat\u00e8gia Digital de Centre (EDC) Mem\u00f2ria final 24-25 Mem\u00f2ria mandat direcci\u00f3 Normes d&#8217;organitzaci\u00f3 i funcionament del centre (NOFC) Pla acci\u00f3 tutorial (PAT) Pla atenci\u00f3 a la diversitat (PAD) Pla d&#8217;acollida (PdA) Pla de comunicaci\u00f3 Programaci\u00f3 General Anual 2024-2025 (PGA) Programaci\u00f3 General Anual 2025-2026 (PGA) [&hellip;]<\/p>\n","protected":false},"author":283,"featured_media":0,"parent":26053,"menu_order":1,"comment_status":"closed","ping_status":"closed","template":"","meta":{"_bbp_topic_count":0,"_bbp_reply_count":0,"_bbp_total_topic_count":0,"_bbp_total_reply_count":0,"_bbp_voice_count":0,"_bbp_anonymous_reply_count":0,"_bbp_topic_count_hidden":0,"_bbp_reply_count_hidden":0,"_bbp_forum_subforum_count":0,"site-sidebar-layout":"default","site-content-layout":"","ast-site-content-layout":"default","site-content-style":"default","site-sidebar-style":"default","ast-global-header-display":"","ast-banner-title-visibility":"","ast-main-header-display":"","ast-hfb-above-header-display":"","ast-hfb-below-header-display":"","ast-hfb-mobile-header-display":"","site-post-title":"","ast-breadcrumbs-content":"","ast-featured-img":"","footer-sml-layout":"","theme-transparent-header-meta":"default","adv-header-id-meta":"","stick-header-meta":"","header-above-stick-meta":"","header-main-stick-meta":"","header-below-stick-meta":"","astra-migrate-meta-layouts":"set","ast-page-background-enabled":"default","ast-page-background-meta":{"desktop":{"background-color":"var(--ast-global-color-4)","background-image":"","background-repeat":"repeat","background-position":"center center","background-size":"auto","background-attachment":"scroll","background-type":"","background-media":"","overlay-type":"","overlay-color":"","overlay-opacity":"","overlay-gradient":""},"tablet":{"background-color":"","background-image":"","background-repeat":"repeat","background-position":"center center","background-size":"auto","background-attachment":"scroll","background-type":"","background-media":"","overlay-type":"","overlay-color":"","overlay-opacity":"","overlay-gradient":""},"mobile":{"background-color":"","background-image":"","background-repeat":"repeat","background-position":"center center","background-size":"auto","background-attachment":"scroll","background-type":"","background-media":"","overlay-type":"","overlay-color":"","overlay-opacity":"","overlay-gradient":""}},"ast-content-background-meta":{"desktop":{"background-color":"var(--ast-global-color-5)","background-image":"","background-repeat":"repeat","background-position":"center center","background-size":"auto","background-attachment":"scroll","background-type":"","background-media":"","overlay-type":"","overlay-color":"","overlay-opacity":"","overlay-gradient":""},"tablet":{"background-color":"var(--ast-global-color-5)","background-image":"","background-repeat":"repeat","background-position":"center center","background-size":"auto","background-attachment":"scroll","background-type":"","background-media":"","overlay-type":"","overlay-color":"","overlay-opacity":"","overlay-gradient":""},"mobile":{"background-color":"var(--ast-global-color-5)","background-image":"","background-repeat":"repeat","background-position":"center center","background-size":"auto","background-attachment":"scroll","background-type":"","background-media":"","overlay-type":"","overlay-color":"","overlay-opacity":"","overlay-gradient":""}},"footnotes":""},"class_list":["post-26129","page","type-page","status-publish","hentry"],"post_mailing_queue_ids":[],"_links":{"self":[{"href":"https:\/\/agora.xtec.cat\/ceiptibidabo\/wp-json\/wp\/v2\/pages\/26129","targetHints":{"allow":["GET"]}}],"collection":[{"href":"https:\/\/agora.xtec.cat\/ceiptibidabo\/wp-json\/wp\/v2\/pages"}],"about":[{"href":"https:\/\/agora.xtec.cat\/ceiptibidabo\/wp-json\/wp\/v2\/types\/page"}],"author":[{"embeddable":true,"href":"https:\/\/agora.xtec.cat\/ceiptibidabo\/wp-json\/wp\/v2\/users\/283"}],"replies":[{"embeddable":true,"href":"https:\/\/agora.xtec.cat\/ceiptibidabo\/wp-json\/wp\/v2\/comments?post=26129"}],"version-history":[{"count":4,"href":"https:\/\/agora.xtec.cat\/ceiptibidabo\/wp-json\/wp\/v2\/pages\/26129\/revisions"}],"predecessor-version":[{"id":26742,"href":"https:\/\/agora.xtec.cat\/ceiptibidabo\/wp-json\/wp\/v2\/pages\/26129\/revisions\/26742"}],"up":[{"embeddable":true,"href":"https:\/\/agora.xtec.cat\/ceiptibidabo\/wp-json\/wp\/v2\/pages\/26053"}],"wp:attachment":[{"href":"https:\/\/agora.xtec.cat\/ceiptibidabo\/wp-json\/wp\/v2\/media?parent=26129"}],"curies":[{"name":"wp","href":"https:\/\/api.w.org\/{rel}","templated":true}]}}