{"id":25961,"date":"2025-12-21T19:48:06","date_gmt":"2025-12-21T18:48:06","guid":{"rendered":"https:\/\/agora.xtec.cat\/ceiptibidabo\/?page_id=25961"},"modified":"2026-01-07T12:32:57","modified_gmt":"2026-01-07T11:32:57","slug":"consell-escolar-2","status":"publish","type":"page","link":"https:\/\/agora.xtec.cat\/ceiptibidabo\/lescola\/consell-escolar-2\/","title":{"rendered":"Consell Escolar"},"content":{"rendered":"<p style=\"text-align: justify;\"><span style=\"font-weight: 400;\">Els membres del consell escolar del curs 25\/26 s\u00f3n:<\/span><\/p>\n<p style=\"text-align: justify;\"><b>Equip directiu:<\/b><\/p>\n<ul style=\"text-align: justify;\">\n<li><b>Directora<\/b><span style=\"font-weight: 400;\">:\u00a0 Cristina Fisas<\/span><\/li>\n<li><b>Cap d\u2019estudis<\/b><span style=\"font-weight: 400;\">: Laura Asensio<\/span><\/li>\n<li><b>Secret\u00e0ria<\/b><span style=\"font-weight: 400;\">: Elisabet D\u00e1vila<\/span><\/li>\n<\/ul>\n<p style=\"text-align: justify;\"><b>Sector mestres:<\/b><\/p>\n<ul style=\"text-align: justify;\">\n<li style=\"font-weight: 400;\" aria-level=\"1\"><span style=\"font-weight: 400;\">Neus Su\u00f1\u00e9<\/span><\/li>\n<li style=\"font-weight: 400;\" aria-level=\"1\"><span style=\"font-weight: 400;\">Sonia Celada<\/span><\/li>\n<li style=\"font-weight: 400;\" aria-level=\"1\"><span style=\"font-weight: 400;\">Maria Pedrocchi<\/span><\/li>\n<li style=\"font-weight: 400;\" aria-level=\"1\"><span style=\"font-weight: 400;\">Maria Planas<\/span><\/li>\n<li style=\"font-weight: 400;\" aria-level=\"1\"><span style=\"font-weight: 400;\">Esther Anguera<\/span><\/li>\n<\/ul>\n<p style=\"text-align: justify;\"><b>Representant PAS: <\/b><span style=\"font-size: 16px; font-weight: 400;\">Maribel Reina (TEEI)<\/span><\/p>\n<p style=\"text-align: justify;\"><b>Sector pares i mares:<\/b><span style=\"font-weight: 400;\">\u00a0<\/span><\/p>\n<ul style=\"text-align: justify;\">\n<li style=\"font-weight: 400;\" aria-level=\"1\"><span style=\"font-weight: 400;\">Pilar Serra<\/span><\/li>\n<li style=\"font-weight: 400;\" aria-level=\"1\"><span style=\"font-weight: 400;\">Cristina Campo<\/span><\/li>\n<li style=\"font-weight: 400;\" aria-level=\"1\"><span style=\"font-weight: 400;\">Irene Vilchez<\/span><\/li>\n<li style=\"font-weight: 400;\" aria-level=\"1\"><span style=\"font-weight: 400;\">Silvia Nuez\u00a0<\/span><\/li>\n<li style=\"font-weight: 400;\" aria-level=\"1\"><span style=\"font-weight: 400;\">Cecilia Satorres<\/span><\/li>\n<\/ul>\n<p style=\"text-align: justify;\"><b>Sector AFA: <\/b><span style=\"font-size: 16px; font-weight: 400;\">Maria del Mar Miranda<\/span><\/p>\n<p style=\"text-align: justify;\"><b>Representant de l\u2019Ajuntament: <\/b><span style=\"font-size: 16px; font-weight: 400;\">Maria Teresa Vila\u00a0<\/span><\/p>\n","protected":false},"excerpt":{"rendered":"<p>Els membres del consell escolar del curs 25\/26 s\u00f3n: Equip directiu: Directora:\u00a0 Cristina Fisas Cap d\u2019estudis: Laura Asensio Secret\u00e0ria: Elisabet D\u00e1vila Sector mestres: Neus Su\u00f1\u00e9 Sonia Celada Maria Pedrocchi Maria Planas Esther Anguera Representant PAS: Maribel Reina (TEEI) Sector pares i mares:\u00a0 Pilar Serra Cristina Campo Irene Vilchez Silvia Nuez\u00a0 Cecilia Satorres Sector AFA: Maria [&hellip;]<\/p>\n","protected":false},"author":283,"featured_media":0,"parent":25953,"menu_order":0,"comment_status":"closed","ping_status":"closed","template":"","meta":{"_bbp_topic_count":0,"_bbp_reply_count":0,"_bbp_total_topic_count":0,"_bbp_total_reply_count":0,"_bbp_voice_count":0,"_bbp_anonymous_reply_count":0,"_bbp_topic_count_hidden":0,"_bbp_reply_count_hidden":0,"_bbp_forum_subforum_count":0,"site-sidebar-layout":"default","site-content-layout":"","ast-site-content-layout":"default","site-content-style":"default","site-sidebar-style":"default","ast-global-header-display":"","ast-banner-title-visibility":"","ast-main-header-display":"","ast-hfb-above-header-display":"","ast-hfb-below-header-display":"","ast-hfb-mobile-header-display":"","site-post-title":"","ast-breadcrumbs-content":"","ast-featured-img":"","footer-sml-layout":"","theme-transparent-header-meta":"default","adv-header-id-meta":"","stick-header-meta":"","header-above-stick-meta":"","header-main-stick-meta":"","header-below-stick-meta":"","astra-migrate-meta-layouts":"set","ast-page-background-enabled":"default","ast-page-background-meta":{"desktop":{"background-color":"var(--ast-global-color-4)","background-image":"","background-repeat":"repeat","background-position":"center center","background-size":"auto","background-attachment":"scroll","background-type":"","background-media":"","overlay-type":"","overlay-color":"","overlay-opacity":"","overlay-gradient":""},"tablet":{"background-color":"","background-image":"","background-repeat":"repeat","background-position":"center center","background-size":"auto","background-attachment":"scroll","background-type":"","background-media":"","overlay-type":"","overlay-color":"","overlay-opacity":"","overlay-gradient":""},"mobile":{"background-color":"","background-image":"","background-repeat":"repeat","background-position":"center center","background-size":"auto","background-attachment":"scroll","background-type":"","background-media":"","overlay-type":"","overlay-color":"","overlay-opacity":"","overlay-gradient":""}},"ast-content-background-meta":{"desktop":{"background-color":"var(--ast-global-color-5)","background-image":"","background-repeat":"repeat","background-position":"center center","background-size":"auto","background-attachment":"scroll","background-type":"","background-media":"","overlay-type":"","overlay-color":"","overlay-opacity":"","overlay-gradient":""},"tablet":{"background-color":"var(--ast-global-color-5)","background-image":"","background-repeat":"repeat","background-position":"center center","background-size":"auto","background-attachment":"scroll","background-type":"","background-media":"","overlay-type":"","overlay-color":"","overlay-opacity":"","overlay-gradient":""},"mobile":{"background-color":"var(--ast-global-color-5)","background-image":"","background-repeat":"repeat","background-position":"center center","background-size":"auto","background-attachment":"scroll","background-type":"","background-media":"","overlay-type":"","overlay-color":"","overlay-opacity":"","overlay-gradient":""}},"footnotes":""},"class_list":["post-25961","page","type-page","status-publish","hentry"],"post_mailing_queue_ids":[],"_links":{"self":[{"href":"https:\/\/agora.xtec.cat\/ceiptibidabo\/wp-json\/wp\/v2\/pages\/25961","targetHints":{"allow":["GET"]}}],"collection":[{"href":"https:\/\/agora.xtec.cat\/ceiptibidabo\/wp-json\/wp\/v2\/pages"}],"about":[{"href":"https:\/\/agora.xtec.cat\/ceiptibidabo\/wp-json\/wp\/v2\/types\/page"}],"author":[{"embeddable":true,"href":"https:\/\/agora.xtec.cat\/ceiptibidabo\/wp-json\/wp\/v2\/users\/283"}],"replies":[{"embeddable":true,"href":"https:\/\/agora.xtec.cat\/ceiptibidabo\/wp-json\/wp\/v2\/comments?post=25961"}],"version-history":[{"count":3,"href":"https:\/\/agora.xtec.cat\/ceiptibidabo\/wp-json\/wp\/v2\/pages\/25961\/revisions"}],"predecessor-version":[{"id":26066,"href":"https:\/\/agora.xtec.cat\/ceiptibidabo\/wp-json\/wp\/v2\/pages\/25961\/revisions\/26066"}],"up":[{"embeddable":true,"href":"https:\/\/agora.xtec.cat\/ceiptibidabo\/wp-json\/wp\/v2\/pages\/25953"}],"wp:attachment":[{"href":"https:\/\/agora.xtec.cat\/ceiptibidabo\/wp-json\/wp\/v2\/media?parent=25961"}],"curies":[{"name":"wp","href":"https:\/\/api.w.org\/{rel}","templated":true}]}}