{"id":25956,"date":"2025-12-21T19:48:06","date_gmt":"2025-12-21T18:48:06","guid":{"rendered":"https:\/\/agora.xtec.cat\/ceiptibidabo\/?page_id=25956"},"modified":"2026-01-07T12:31:42","modified_gmt":"2026-01-07T11:31:42","slug":"historia-2","status":"publish","type":"page","link":"https:\/\/agora.xtec.cat\/ceiptibidabo\/lescola\/historia-2\/","title":{"rendered":"Hist\u00f2ria i identitat"},"content":{"rendered":"<h2 style=\"text-align: justify;\"><b>L&#8217; Escola Tibidabo: D&#8217;ahir a avui<\/b><\/h2>\n<p style=\"text-align: justify;\"><span style=\"font-weight: 400;\">L&#8217;Escola Tibidabo t\u00e9 les seves arrels profundes a la hist\u00f2ria del barri de la Prosperitat, havent estat creada l&#8217;any 1969.\u00a0<\/span><\/p>\n<p style=\"text-align: justify;\"><span style=\"font-weight: 400;\">La preservaci\u00f3 de l&#8217;acta del primer consell escolar, datada del 30 d&#8217;octubre de 1969, testimonia el seu llarg recorregut.<\/span><\/p>\n<p><a href=\"https:\/\/agora.xtec.cat\/ceiptibidabo\/wp-content\/uploads\/usu400\/2025\/12\/acta-1r-consell.png\"><img loading=\"lazy\" decoding=\"async\" class=\"size-full wp-image-26015 aligncenter\" src=\"https:\/\/agora.xtec.cat\/ceiptibidabo\/wp-content\/uploads\/usu400\/2025\/12\/acta-1r-consell.png\" alt=\"\" width=\"488\" height=\"637\" srcset=\"https:\/\/agora.xtec.cat\/ceiptibidabo\/wp-content\/uploads\/usu400\/2025\/12\/acta-1r-consell.png 488w, https:\/\/agora.xtec.cat\/ceiptibidabo\/wp-content\/uploads\/usu400\/2025\/12\/acta-1r-consell-230x300.png 230w\" sizes=\"auto, (max-width: 488px) 100vw, 488px\" \/><\/a><\/p>\n<p style=\"text-align: justify;\"><span style=\"font-weight: 400;\">Durant els seus primers anys, l&#8217;escola va ser un centre neur\u00e0lgic per a l&#8217;educaci\u00f3 del barri, arribant a acollir m\u00e9s de 1.000 alumnes. Aquest volum d&#8217;estudiants reflectia la realitat demogr\u00e0fica del moment, ja que l&#8217;origen de les fam\u00edlies era principalment de car\u00e0cter immigrant, provinents de diverses comunitats de la resta d&#8217;Espanya. L&#8217;escola va n\u00e9ixer, per tant, amb un fort esperit de cohesi\u00f3 social i d&#8217;integraci\u00f3.<\/span><\/p>\n<p style=\"text-align: justify;\"><span style=\"font-weight: 400;\">Aquesta s\u00f2lida traject\u00f2ria va culminar l&#8217;any 2019, quan l&#8217;Escola Tibidabo va celebrar el seu 50\u00e8 Aniversari. Aquesta celebraci\u00f3 no va ser nom\u00e9s un recordatori hist\u00f2ric, sin\u00f3 un acte vibrant de reafirmaci\u00f3 de la seva identitat i del seu fort sentit de pertinen\u00e7a a la comunitat educativa. Com a mostra del seu esperit participatiu, la commemoraci\u00f3 va incloure la creaci\u00f3 d&#8217;una can\u00e7\u00f3 pr\u00f2pia on hi va participar tota la comunitat educativa en l&#8217;elaboraci\u00f3 de la lletra, amb els arranjaments musicals a c\u00e0rrec del reconegut grup Xiula. <\/span><a href=\"https:\/\/drive.google.com\/drive\/u\/0\/folders\/1AHTRiqT4pV3-BhhW3GrbX6Y8msfpSOC1\"><span style=\"font-weight: 400;\">La can\u00e7\u00f3 del Tibidabo<\/span><\/a><\/p>\n<p style=\"text-align: justify;\"><span style=\"font-weight: 400;\">Actualment, tot i que el nombre d&#8217;alumnes s&#8217;ha estabilitzat a 219, l&#8217;ess\u00e8ncia i l&#8217;esperit de la Tibidabo es mantenen intactes, adaptats a una realitat globalitzada. Avui dia, la seva poblaci\u00f3 estudiantil \u00e9s un mosaic de cultures i nacionalitats, amb un 68% d&#8217;alumnat catal\u00e0 i la resta provinent de fins a 25 nacionalitats diferents. Aquesta diversitat subratlla el car\u00e0cter obert i acollidor que ha definit el centre des dels seus inicis.<\/span><\/p>\n<p style=\"text-align: justify;\"><span style=\"font-weight: 400;\">L&#8217;Escola Tibidabo continua sent una instituci\u00f3 catalana, laica, integradora i participativa. La seva <\/span><b>missi\u00f3<\/b><span style=\"font-weight: 400;\"> \u00e9s clara: proporcionar una educaci\u00f3 integral perqu\u00e8 l&#8217;alumnat esdevingui un ciutad\u00e0 preparat per a la vida en societat, amb un esperit de millora, sentit cr\u00edtic i, sobretot, democr\u00e0tic i respectu\u00f3s.<\/span><\/p>\n<p style=\"text-align: justify;\"><span style=\"font-weight: 400;\">Per aconseguir-ho, el centre es defineix com una escola inclusiva de qualitat, compromesa amb el m\u00e0xim desenvolupament del talent de cada alumne. Aquesta atenci\u00f3 a la diversitat es materialitza a trav\u00e9s de metodologies innovadores, actives, el treball cooperatiu, i l&#8217;\u00fas de suports i desdoblaments. El seu projecte educatiu t\u00e9 una <\/span><b>visi\u00f3<\/b><span style=\"font-weight: 400;\"> de futur molt clara: ser una escola oberta i sense barreres, un espai tranquil i sostenible, on el lideratge positiu i emp\u00e0tic garanteixin la felicitat i el creixement global de l&#8217;alumnat.<\/span><\/p>\n<p style=\"text-align: justify;\"><span style=\"font-weight: 400;\">Aquesta missi\u00f3 i visi\u00f3 es sustenten en una s\u00e8rie de <\/span><b>valors<\/b><span style=\"font-weight: 400;\"> fonamentals que orienten la conducta col\u00b7lectiva i individual. Aquests valors es classifiquen en:<\/span><\/p>\n<p><a href=\"https:\/\/agora.xtec.cat\/ceiptibidabo\/wp-content\/uploads\/usu400\/2025\/12\/valors.png\"><img loading=\"lazy\" decoding=\"async\" class=\"alignnone size-full wp-image-26017\" src=\"https:\/\/agora.xtec.cat\/ceiptibidabo\/wp-content\/uploads\/usu400\/2025\/12\/valors.png\" alt=\"\" width=\"1016\" height=\"250\" srcset=\"https:\/\/agora.xtec.cat\/ceiptibidabo\/wp-content\/uploads\/usu400\/2025\/12\/valors.png 1016w, https:\/\/agora.xtec.cat\/ceiptibidabo\/wp-content\/uploads\/usu400\/2025\/12\/valors-300x74.png 300w, https:\/\/agora.xtec.cat\/ceiptibidabo\/wp-content\/uploads\/usu400\/2025\/12\/valors-768x189.png 768w\" sizes=\"auto, (max-width: 1016px) 100vw, 1016px\" \/><\/a><\/p>\n<p style=\"text-align: justify;\"><span style=\"font-weight: 400;\">Per fer realitat el seu projecte, l&#8217;Escola Tibidabo ha establert objectius clars en quatre \u00e0mbits:<\/span><\/p>\n<ul style=\"text-align: justify;\">\n<li style=\"font-weight: 400;\" aria-level=\"1\"><b>Comunitat Educativa:<\/b><span style=\"font-weight: 400;\"> Treballar conjuntament, fomentar el sentit de pertinen\u00e7a i garantir una conviv\u00e8ncia basada en el consens, la toler\u00e0ncia i la mediaci\u00f3.<\/span><\/li>\n<li style=\"font-weight: 400;\" aria-level=\"1\"><b>Alumnat:<\/b><span style=\"font-weight: 400;\"> Fomentar el respecte i la toler\u00e0ncia, ensenyar a utilitzar la comunicaci\u00f3 adient i potenciar el talent individual per a la compet\u00e8ncia en cada \u00e0mbit.<\/span><\/li>\n<li style=\"font-weight: 400;\" aria-level=\"1\"><b>Sostenibilitat:<\/b><span style=\"font-weight: 400;\"> Actuar com una escola que t\u00e9 cura de la natura i els \u00e9ssers vius, i fomentar la sostenibilitat en totes les seves dimensions.<\/span><\/li>\n<li style=\"font-weight: 400;\" aria-level=\"1\"><b>Equip Docent i Directiu:<\/b><span style=\"font-weight: 400;\"> Compartir coneixements i experi\u00e8ncies, tenir una actitud generosa i de b\u00e9 com\u00fa, realitzar formaci\u00f3 continuada af\u00ed al PEC, i mantenir el m\u00e0xim comprom\u00eds democr\u00e0tic amb el Projecte Educatiu.<\/span><\/li>\n<\/ul>\n<p style=\"text-align: justify;\"><span style=\"font-weight: 400;\">Aix\u00ed, l&#8217;Escola Tibidabo, amb m\u00e9s de cinc d\u00e8cades d&#8217;hist\u00f2ria i un fort arrelament al barri, es mant\u00e9 fidel al seu esperit original d&#8217;integraci\u00f3, transformant-lo per esdevenir avui dia un referent de l&#8217;educaci\u00f3 catalana, laica i compromesa amb un futur m\u00e9s sostenible i inclusiu.<\/span><\/p>\n","protected":false},"excerpt":{"rendered":"<p>L&#8217; Escola Tibidabo: D&#8217;ahir a avui L&#8217;Escola Tibidabo t\u00e9 les seves arrels profundes a la hist\u00f2ria del barri de la Prosperitat, havent estat creada l&#8217;any 1969.\u00a0 La preservaci\u00f3 de l&#8217;acta del primer consell escolar, datada del 30 d&#8217;octubre de 1969, testimonia el seu llarg recorregut. Durant els seus primers anys, l&#8217;escola va ser un centre [&hellip;]<\/p>\n","protected":false},"author":283,"featured_media":0,"parent":25953,"menu_order":0,"comment_status":"closed","ping_status":"closed","template":"","meta":{"_bbp_topic_count":0,"_bbp_reply_count":0,"_bbp_total_topic_count":0,"_bbp_total_reply_count":0,"_bbp_voice_count":0,"_bbp_anonymous_reply_count":0,"_bbp_topic_count_hidden":0,"_bbp_reply_count_hidden":0,"_bbp_forum_subforum_count":0,"site-sidebar-layout":"default","site-content-layout":"","ast-site-content-layout":"default","site-content-style":"default","site-sidebar-style":"default","ast-global-header-display":"","ast-banner-title-visibility":"","ast-main-header-display":"","ast-hfb-above-header-display":"","ast-hfb-below-header-display":"","ast-hfb-mobile-header-display":"","site-post-title":"","ast-breadcrumbs-content":"","ast-featured-img":"","footer-sml-layout":"","theme-transparent-header-meta":"default","adv-header-id-meta":"","stick-header-meta":"","header-above-stick-meta":"","header-main-stick-meta":"","header-below-stick-meta":"","astra-migrate-meta-layouts":"set","ast-page-background-enabled":"default","ast-page-background-meta":{"desktop":{"background-color":"var(--ast-global-color-4)","background-image":"","background-repeat":"repeat","background-position":"center center","background-size":"auto","background-attachment":"scroll","background-type":"","background-media":"","overlay-type":"","overlay-color":"","overlay-opacity":"","overlay-gradient":""},"tablet":{"background-color":"","background-image":"","background-repeat":"repeat","background-position":"center center","background-size":"auto","background-attachment":"scroll","background-type":"","background-media":"","overlay-type":"","overlay-color":"","overlay-opacity":"","overlay-gradient":""},"mobile":{"background-color":"","background-image":"","background-repeat":"repeat","background-position":"center center","background-size":"auto","background-attachment":"scroll","background-type":"","background-media":"","overlay-type":"","overlay-color":"","overlay-opacity":"","overlay-gradient":""}},"ast-content-background-meta":{"desktop":{"background-color":"var(--ast-global-color-5)","background-image":"","background-repeat":"repeat","background-position":"center center","background-size":"auto","background-attachment":"scroll","background-type":"","background-media":"","overlay-type":"","overlay-color":"","overlay-opacity":"","overlay-gradient":""},"tablet":{"background-color":"var(--ast-global-color-5)","background-image":"","background-repeat":"repeat","background-position":"center center","background-size":"auto","background-attachment":"scroll","background-type":"","background-media":"","overlay-type":"","overlay-color":"","overlay-opacity":"","overlay-gradient":""},"mobile":{"background-color":"var(--ast-global-color-5)","background-image":"","background-repeat":"repeat","background-position":"center center","background-size":"auto","background-attachment":"scroll","background-type":"","background-media":"","overlay-type":"","overlay-color":"","overlay-opacity":"","overlay-gradient":""}},"footnotes":""},"class_list":["post-25956","page","type-page","status-publish","hentry"],"post_mailing_queue_ids":[],"_links":{"self":[{"href":"https:\/\/agora.xtec.cat\/ceiptibidabo\/wp-json\/wp\/v2\/pages\/25956","targetHints":{"allow":["GET"]}}],"collection":[{"href":"https:\/\/agora.xtec.cat\/ceiptibidabo\/wp-json\/wp\/v2\/pages"}],"about":[{"href":"https:\/\/agora.xtec.cat\/ceiptibidabo\/wp-json\/wp\/v2\/types\/page"}],"author":[{"embeddable":true,"href":"https:\/\/agora.xtec.cat\/ceiptibidabo\/wp-json\/wp\/v2\/users\/283"}],"replies":[{"embeddable":true,"href":"https:\/\/agora.xtec.cat\/ceiptibidabo\/wp-json\/wp\/v2\/comments?post=25956"}],"version-history":[{"count":4,"href":"https:\/\/agora.xtec.cat\/ceiptibidabo\/wp-json\/wp\/v2\/pages\/25956\/revisions"}],"predecessor-version":[{"id":26021,"href":"https:\/\/agora.xtec.cat\/ceiptibidabo\/wp-json\/wp\/v2\/pages\/25956\/revisions\/26021"}],"up":[{"embeddable":true,"href":"https:\/\/agora.xtec.cat\/ceiptibidabo\/wp-json\/wp\/v2\/pages\/25953"}],"wp:attachment":[{"href":"https:\/\/agora.xtec.cat\/ceiptibidabo\/wp-json\/wp\/v2\/media?parent=25956"}],"curies":[{"name":"wp","href":"https:\/\/api.w.org\/{rel}","templated":true}]}}