{"id":9398,"date":"2022-09-06T13:55:59","date_gmt":"2022-09-06T11:55:59","guid":{"rendered":"https:\/\/agora.xtec.cat\/ceiptiana\/?page_id=9398"},"modified":"2026-01-28T12:10:02","modified_gmt":"2026-01-28T11:10:02","slug":"equip-docent","status":"publish","type":"page","link":"https:\/\/agora.xtec.cat\/ceiptiana\/equip-docent\/","title":{"rendered":"Equip docent"},"content":{"rendered":"<ul>\n<li><span style=\"text-decoration: underline;\"><strong>EDUCACI\u00d3 INFANTIL:<\/strong><\/span><\/li>\n<\/ul>\n<p><strong>I3:<\/strong> CARMEN S\u00c1NCHEZ<\/p>\n<p><strong>I4:<\/strong> S\u00cdLVIA BELLIDO<\/p>\n<p><strong>I5:<\/strong> ANGIE CERVELL\u00d3<\/p>\n<p><strong>SUPORT INFANTIL: <\/strong>OLGA GARCIA, ANA MORILLO i REBECA GONZ\u00c1LEZ<\/p>\n<p><strong>VETLLADORA:<\/strong> RAQUEL P\u00c9REZ<\/p>\n<p><strong>T\u00c8CNICA INTEGRACI\u00d3 SOCIAL: <\/strong>ELISA L\u00d3PEZ<\/p>\n<ul>\n<li><span style=\"text-decoration: underline;\"><strong>1r CICLE:<\/strong><\/span><\/li>\n<\/ul>\n<p><strong>1r:<\/strong> RAQUEL P\u00c9REZ<\/p>\n<p><strong>2n:<\/strong> VANESSA ALONSO<\/p>\n<p><strong>3r:<\/strong> SANDRA TUDELA<\/p>\n<ul>\n<li><span style=\"text-decoration: underline;\"><strong>2n CICLE:<\/strong><\/span><\/li>\n<\/ul>\n<p><strong>4t: <\/strong>JUAN FIGUEROA<\/p>\n<p><strong>5\u00e8:<\/strong> \u00c0NGELS CALAVERA<\/p>\n<p><strong>6\u00e8:<\/strong> M\u00d2NICA SOTO<\/p>\n<ul>\n<li><span style=\"text-decoration: underline;\"><strong>ESPECIALITATS:<\/strong><\/span><\/li>\n<\/ul>\n<p><strong>PSICOMOTRICITAT<\/strong> (Ed. INFANTIL): OLGA GARCIA<\/p>\n<p>(1r i 2n): SISCU INGLADA<\/p>\n<p><strong>EDUCACI\u00d3 F\u00cdSICA <\/strong>(3r-6\u00e8)<strong>:<\/strong> SISCU INGLADA<\/p>\n<p><strong>EDUCACI\u00d3 ART\u00cdSTICA M\u00daSICAL:<\/strong> ANA MORILLO<\/p>\n<p><strong>PSICOLOGIA TERAP\u00c8UTICA:<\/strong> LLU\u00cfSA REVERTER<\/p>\n<p><strong>AULA D&#8217;ACOLLIDA:<\/strong> ORIOL RAMOS<\/p>\n<p><strong>LLENGUA ANGLESA<\/strong> (I5-1r-2n): REBECA GONZ\u00c1LEZ<\/p>\n<p>(3r-6\u00e8): MARTA FENOY<\/p>\n<p><strong>LLENGUA CASTELLANA<\/strong> (1r-3r): SARA ROVIRA<\/p>\n<p>(4t-6\u00e8): MAR ROMERO<\/p>\n<ul>\n<li><span style=\"text-decoration: underline;\"><strong>EQUIP DIRECTIU:<\/strong><\/span><\/li>\n<\/ul>\n<p><strong>DIRECTORA:<\/strong> OLGA GARCIA<\/p>\n<p><strong>CAP D&#8217;ESTUDIS:<\/strong> MAR ROMERO<\/p>\n<p><strong>SECRET\u00c0RIA:<\/strong> ANA MORILLO<\/p>\n<ul>\n<li><strong><span style=\"text-decoration: underline;\">PERSONAL DEPARTAMENT:<\/span><\/strong><\/li>\n<\/ul>\n<p><strong>EAP<\/strong> (PSICOPEDAGOGA): EVA BATILLER<\/p>\n<p><strong>CREDA<\/strong> (LOGOP\u00c8DIA): MAR SEMPERE<\/p>\n<p><strong>ADMINISTRATIVA<\/strong>: CRISTINA GARCIA<\/p>\n<ul>\n<li><span style=\"text-decoration: underline;\"><strong>CONSERGE<\/strong><\/span>: MARI CRUZ GARCIA<\/li>\n<\/ul>\n","protected":false},"excerpt":{"rendered":"<ul>\n<li>EDUCACI\u00d3 INFANTIL:<\/li>\n<\/ul>\n<p>I3: CARMEN S\u00c1NCHEZ<br \/>\nI4: S\u00cdLVIA BELLIDO<br \/>\nI5: ANGIE CERVELL\u00d3<br \/>\nSUPORT INFANTIL: OLGA GARCIA, ANA MORILLO i REBECA GONZ\u00c1LEZ<br \/>\nVETLLADORA: RAQUEL P\u00c9REZ<br \/>\nT\u00c8CNICA INTEGRACI\u00d3 SOCIAL: ELISA L\u00d3PEZ<\/p>\n<ul>\n<li>1r CICLE:<\/li>\n<\/ul>\n<p>1r: RAQUEL P\u00c9REZ<br \/>\n2n: VANESSA ALONSO<br \/>\n3r: SANDRA TUDELA<\/p>\n<ul>\n<li>2n CICLE:<\/li>\n<\/ul>\n<p>4t: JUAN FIGUEROA<br \/>\n5\u00e8: \u00c0NGELS CALAVERA<br \/>\n6\u00e8: M\u00d2NICA SOTO<\/p>\n<ul>\n<li>ESPECIALITATS:<\/li>\n<\/ul>\n<p>PSICOMOTRICITAT (Ed. INFANTIL): OLGA GARCIA<br \/>\n(1r i 2n): SISCU INGLADA<br \/>\nEDUCACI\u00d3 F\u00cdSICA&hellip;  <a href=\"https:\/\/agora.xtec.cat\/ceiptiana\/equip-docent\/\" title=\"Read Equip docent\">Llegeix m\u00e9s\u00bb<\/a><\/p>\n","protected":false},"author":1,"featured_media":0,"parent":0,"menu_order":0,"comment_status":"closed","ping_status":"closed","template":"","meta":{"_bbp_topic_count":0,"_bbp_reply_count":0,"_bbp_total_topic_count":0,"_bbp_total_reply_count":0,"_bbp_voice_count":0,"_bbp_anonymous_reply_count":0,"_bbp_topic_count_hidden":0,"_bbp_reply_count_hidden":0,"_bbp_forum_subforum_count":0,"footnotes":""},"class_list":["post-9398","page","type-page","status-publish","hentry"],"post_mailing_queue_ids":[],"_links":{"self":[{"href":"https:\/\/agora.xtec.cat\/ceiptiana\/wp-json\/wp\/v2\/pages\/9398","targetHints":{"allow":["GET"]}}],"collection":[{"href":"https:\/\/agora.xtec.cat\/ceiptiana\/wp-json\/wp\/v2\/pages"}],"about":[{"href":"https:\/\/agora.xtec.cat\/ceiptiana\/wp-json\/wp\/v2\/types\/page"}],"author":[{"embeddable":true,"href":"https:\/\/agora.xtec.cat\/ceiptiana\/wp-json\/wp\/v2\/users\/1"}],"replies":[{"embeddable":true,"href":"https:\/\/agora.xtec.cat\/ceiptiana\/wp-json\/wp\/v2\/comments?post=9398"}],"version-history":[{"count":6,"href":"https:\/\/agora.xtec.cat\/ceiptiana\/wp-json\/wp\/v2\/pages\/9398\/revisions"}],"predecessor-version":[{"id":9957,"href":"https:\/\/agora.xtec.cat\/ceiptiana\/wp-json\/wp\/v2\/pages\/9398\/revisions\/9957"}],"wp:attachment":[{"href":"https:\/\/agora.xtec.cat\/ceiptiana\/wp-json\/wp\/v2\/media?parent=9398"}],"curies":[{"name":"wp","href":"https:\/\/api.w.org\/{rel}","templated":true}]}}