{"id":9,"date":"2014-09-17T15:08:18","date_gmt":"2014-09-17T15:08:18","guid":{"rendered":"http:\/\/agora.xtec.cat\/ceiptiana\/?page_id=9"},"modified":"2025-07-01T08:54:52","modified_gmt":"2025-07-01T06:54:52","slug":"pagina-dinici-buida","status":"publish","type":"page","link":"https:\/\/agora.xtec.cat\/ceiptiana\/","title":{"rendered":"INFORMACIONS"},"content":{"rendered":"<h1 style=\"text-align: left;\"><img decoding=\"async\" style=\"border-width: 0;\" src=\"https:\/\/i.creativecommons.org\/l\/by-nc-sa\/4.0\/88x31.png\" alt=\"Llic\u00e8ncia de Creative Commons\" \/> \u00a0\u00a0 \u00a0\u00a0 \u00a0\u00a0 \u00a0\u00a0 \u00a0\u00a0 \u00a0\u00a0<em><strong><span style=\"color: #0000ff;\"><a style=\"color: #0000ff;\" href=\"https:\/\/drive.google.com\/drive\/folders\/13RJPC8wxFAVbXs7oCfuI9IH0ZF5sXk9P?usp=drive_link\">CURS 2025-26<\/a><\/span><\/strong><\/em><\/h1>\n<p><strong><a href=\"https:\/\/sites.google.com\/xtec.cat\/ensformem\/inici\">\u00a0<\/a><\/strong><strong><a href=\"https:\/\/www.educacio360.cat\/\"><img loading=\"lazy\" decoding=\"async\" class=\"alignnone wp-image-8995\" src=\"https:\/\/agora.xtec.cat\/ceiptiana\/wp-content\/uploads\/usu381\/2019\/05\/cropped-logo-1.jpg\" alt=\"\" width=\"199\" height=\"63\" srcset=\"https:\/\/agora.xtec.cat\/ceiptiana\/wp-content\/uploads\/usu381\/2019\/05\/cropped-logo-1.jpg 612w, https:\/\/agora.xtec.cat\/ceiptiana\/wp-content\/uploads\/usu381\/2019\/05\/cropped-logo-1-300x95.jpg 300w\" sizes=\"auto, (max-width: 199px) 100vw, 199px\" \/><\/a><\/strong><a href=\"https:\/\/www.educacio360.cat\/\">\u00a0<\/a><strong><br \/>\n<\/strong><\/p>\n<p><strong>La publicaci\u00f3 d\u2019imatges de l\u2019alumnat de l\u2019escola correspon \u00fanicament a la pr\u00f2pia escola. Per tant, \u00e9s prohibida la difusi\u00f3 o manipulaci\u00f3 en d\u2019altres espais p\u00fablics. Llei org\u00e0nica 1\/1982 de 5 de maig sobre el dret a l\u2019honor, a la pr\u00f2pia intimitat i la pr\u00f2pia imatge. <\/strong><\/p>\n","protected":false},"excerpt":{"rendered":"<p> \u00a0\u00a0 \u00a0\u00a0 \u00a0\u00a0 \u00a0\u00a0 \u00a0\u00a0 \u00a0\u00a0<a style=\"color: #0000ff;\" href=\"https:\/\/drive.google.com\/drive\/folders\/13RJPC8wxFAVbXs7oCfuI9IH0ZF5sXk9P?usp=drive_link\">CURS 2025-26<\/a><br \/>\n<a href=\"https:\/\/sites.google.com\/xtec.cat\/ensformem\/inici\">\u00a0<\/a><a href=\"https:\/\/www.educacio360.cat\/\"><\/a><a href=\"https:\/\/www.educacio360.cat\/\">\u00a0<\/a><\/p>\n<p>La publicaci\u00f3 d\u2019imatges de l\u2019alumnat de l\u2019escola correspon \u00fanicament a la pr\u00f2pia escola. Per tant, \u00e9s prohibida la difusi\u00f3 o manipulaci\u00f3 en d\u2019altres espais p\u00fablics. Llei org\u00e0nica 1\/1982 de 5 de maig&hellip;  <a href=\"https:\/\/agora.xtec.cat\/ceiptiana\/\" title=\"Read INFORMACIONS\">Llegeix m\u00e9s\u00bb<\/a><\/p>\n","protected":false},"author":2,"featured_media":0,"parent":7,"menu_order":0,"comment_status":"closed","ping_status":"closed","template":"page-templates\/front-page.php","meta":{"_bbp_topic_count":0,"_bbp_reply_count":0,"_bbp_total_topic_count":0,"_bbp_total_reply_count":0,"_bbp_voice_count":0,"_bbp_anonymous_reply_count":0,"_bbp_topic_count_hidden":0,"_bbp_reply_count_hidden":0,"_bbp_forum_subforum_count":0,"footnotes":""},"class_list":["post-9","page","type-page","status-publish","hentry"],"post_mailing_queue_ids":[],"_links":{"self":[{"href":"https:\/\/agora.xtec.cat\/ceiptiana\/wp-json\/wp\/v2\/pages\/9","targetHints":{"allow":["GET"]}}],"collection":[{"href":"https:\/\/agora.xtec.cat\/ceiptiana\/wp-json\/wp\/v2\/pages"}],"about":[{"href":"https:\/\/agora.xtec.cat\/ceiptiana\/wp-json\/wp\/v2\/types\/page"}],"author":[{"embeddable":true,"href":"https:\/\/agora.xtec.cat\/ceiptiana\/wp-json\/wp\/v2\/users\/2"}],"replies":[{"embeddable":true,"href":"https:\/\/agora.xtec.cat\/ceiptiana\/wp-json\/wp\/v2\/comments?post=9"}],"version-history":[{"count":6,"href":"https:\/\/agora.xtec.cat\/ceiptiana\/wp-json\/wp\/v2\/pages\/9\/revisions"}],"predecessor-version":[{"id":9939,"href":"https:\/\/agora.xtec.cat\/ceiptiana\/wp-json\/wp\/v2\/pages\/9\/revisions\/9939"}],"up":[{"embeddable":true,"href":"https:\/\/agora.xtec.cat\/ceiptiana\/wp-json\/wp\/v2\/pages\/7"}],"wp:attachment":[{"href":"https:\/\/agora.xtec.cat\/ceiptiana\/wp-json\/wp\/v2\/media?parent=9"}],"curies":[{"name":"wp","href":"https:\/\/api.w.org\/{rel}","templated":true}]}}