{"id":38,"date":"2014-09-18T12:34:08","date_gmt":"2014-09-18T12:34:08","guid":{"rendered":"http:\/\/agora.xtec.cat\/ceiptiana\/?page_id=38"},"modified":"2024-01-24T15:32:20","modified_gmt":"2024-01-24T14:32:20","slug":"salut","status":"publish","type":"page","link":"https:\/\/agora.xtec.cat\/ceiptiana\/lescola\/salut\/","title":{"rendered":"Salut"},"content":{"rendered":"<p>L\u2019<em>Escola Tiana<\/em> en col\u00b7laboraci\u00f3 amb l<em>\u2018Institut Catal\u00e0 de la Salut,<\/em>\u00a0\u00a0i a trav\u00e9s de la\u00a0<em>Regidoria de Salut P\u00fablica<\/em>\u00a0de l\u2019<em>Ajuntament de Ripollet,<\/em>\u00a0fem d\u2019intermediaris entre els\u00a0<em>Equips d\u2019Atenci\u00f3 Prim\u00e0ria<\/em> i l\u2019alumnat del nostre centre.<\/p>\n<p>El calendari de salut s\u2019actualitza cada curs i contempla:<\/p>\n<ul>\n<li><strong>Revisi\u00f3 bucodental<\/strong> per als alumnes de 1r d\u2019EB. Es duu a terme a l\u2019escola i t\u00e9 car\u00e0cter preventiu i assistencial.<\/li>\n<li><strong>Vacunaci\u00f3<\/strong> de l\u2019alumnat compr\u00e8s entre els 11 i els 12 anys (6\u00e8 EB). Es duu a terme a l\u2019escola, pr\u00e8via autoritzaci\u00f3 familiar, segons el calendari de Salut vigent. Podeu trobar les dades actualitzades a la <a href=\"http:\/\/www.aspb.cat\/quefem\/vacunacions.htm\" target=\"_blank\" rel=\"noopener noreferrer\">Web de l\u2019Ag\u00e8ncia de Salut P\u00fablica de Barcelona.\u00a0<\/a><\/li>\n<\/ul>\n<p><strong>MEDICAMENTS <\/strong><\/p>\n<p>No s\u2019administrar\u00e0 cap medicament als alumnes sense prescripci\u00f3 m\u00e8dica. Aquesta s\u2019ha de presentar per escrit amb els dies, l\u2019hora i la dosi corresponent. S\u2019ha de vetllar en la mesura que la malaltia ho permeti per tal que l\u2019administraci\u00f3 de medicaments no coincideixi amb l\u2019horari lectiu.<\/p>\n<p><strong>AL\u00b7L\u00c8RGIES<\/strong><\/p>\n<p>\u00c9s obligatori portar anualment l\u2019informe m\u00e8dic actualitzat .<\/p>\n<p><strong>ACCIDENTS ESCOLARS<\/strong><\/p>\n<p>Quan hi hagi un accident, l\u2019escola avisar\u00e0 els pares i aquests portaran el nen\/a al <strong>CAP \u201cLa Farigola\u201d<\/strong>.<\/p>\n<p><strong>LESIONS, MALALTIES I AL\u00b7L\u00c8RGIES<\/strong><\/p>\n<p>En cas de lesi\u00f3 o malaltia d\u2019un alumne\/a, el Centre es posar\u00e0 en contacte amb la fam\u00edlia perqu\u00e8 el vinguin a recollir.<\/p>\n<p>Si un alumne t\u00e9 una lesi\u00f3 puntual per la qual no pugui fer alguna activitat a l\u2019escola s\u2019ha de notificar a l\u2019agenda, i quan la fam\u00edlia o el metge autoritzi a tornar a realitzar aquesta activitat tamb\u00e9 s\u2019ha de notificar a l\u2019agenda. Sense aquesta notificaci\u00f3 cap alumne\/a realitzar\u00e0 l\u2019activitat.<\/p>\n<p>&nbsp;<\/p>\n<p>&nbsp;<\/p>\n<p>&nbsp;<\/p>\n<p>&nbsp;<\/p>\n","protected":false},"excerpt":{"rendered":"<p>L\u2019Escola Tiana en col\u00b7laboraci\u00f3 amb l\u2018Institut Catal\u00e0 de la Salut,\u00a0\u00a0i a trav\u00e9s de la\u00a0Regidoria de Salut P\u00fablica\u00a0de l\u2019Ajuntament de Ripollet,\u00a0fem d\u2019intermediaris entre els\u00a0Equips d\u2019Atenci\u00f3 Prim\u00e0ria i l\u2019alumnat del nostre centre.<br \/>\nEl calendari de salut s\u2019actualitza cada curs i contempla:<\/p>\n<ul>\n<li>Revisi\u00f3 bucodental per als alumnes de 1r d\u2019EB.&hellip;  <a href=\"https:\/\/agora.xtec.cat\/ceiptiana\/lescola\/salut\/\" title=\"Read Salut\">Llegeix m\u00e9s\u00bb<\/a><br \/>\n","protected":false},"author":2,"featured_media":0,"parent":22,"menu_order":80,"comment_status":"closed","ping_status":"closed","template":"page-templates\/side-menu.php","meta":{"_bbp_topic_count":0,"_bbp_reply_count":0,"_bbp_total_topic_count":0,"_bbp_total_reply_count":0,"_bbp_voice_count":0,"_bbp_anonymous_reply_count":0,"_bbp_topic_count_hidden":0,"_bbp_reply_count_hidden":0,"_bbp_forum_subforum_count":0,"footnotes":""},"class_list":["post-38","page","type-page","status-publish","hentry"],"post_mailing_queue_ids":[],"_links":{"self":[{"href":"https:\/\/agora.xtec.cat\/ceiptiana\/wp-json\/wp\/v2\/pages\/38","targetHints":{"allow":["GET"]}}],"collection":[{"href":"https:\/\/agora.xtec.cat\/ceiptiana\/wp-json\/wp\/v2\/pages"}],"about":[{"href":"https:\/\/agora.xtec.cat\/ceiptiana\/wp-json\/wp\/v2\/types\/page"}],"author":[{"embeddable":true,"href":"https:\/\/agora.xtec.cat\/ceiptiana\/wp-json\/wp\/v2\/users\/2"}],"replies":[{"embeddable":true,"href":"https:\/\/agora.xtec.cat\/ceiptiana\/wp-json\/wp\/v2\/comments?post=38"}],"version-history":[{"count":4,"href":"https:\/\/agora.xtec.cat\/ceiptiana\/wp-json\/wp\/v2\/pages\/38\/revisions"}],"predecessor-version":[{"id":9614,"href":"https:\/\/agora.xtec.cat\/ceiptiana\/wp-json\/wp\/v2\/pages\/38\/revisions\/9614"}],"up":[{"embeddable":true,"href":"https:\/\/agora.xtec.cat\/ceiptiana\/wp-json\/wp\/v2\/pages\/22"}],"wp:attachment":[{"href":"https:\/\/agora.xtec.cat\/ceiptiana\/wp-json\/wp\/v2\/media?parent=38"}],"curies":[{"name":"wp","href":"https:\/\/api.w.org\/{rel}","templated":true}]}}