{"id":34,"date":"2014-09-18T12:32:18","date_gmt":"2014-09-18T12:32:18","guid":{"rendered":"http:\/\/agora.xtec.cat\/ceiptiana\/?page_id=34"},"modified":"2024-01-17T16:39:08","modified_gmt":"2024-01-17T15:39:08","slug":"oferta-educativa","status":"publish","type":"page","link":"https:\/\/agora.xtec.cat\/ceiptiana\/lescola\/oferta-educativa\/","title":{"rendered":"Oferta educativa"},"content":{"rendered":"<p>Som una escola d&#8217;educaci\u00f3 infantil i b\u00e0sica. Els nostres alumnes inicien l&#8217;escolaritat als tres anys i la finalitzen als dotze.<\/p>\n<p>Educaci\u00f3 Infantil I3\u00a0 \u00a0 \u00a0 \u00a0 \u00a0 Educaci\u00f3 B\u00e0sica 1r\u00a0 \u00a0 \u00a0 \u00a0 Educaci\u00f3 B\u00e0sica 4t<\/p>\n<p>Educaci\u00f3 Infantil I4\u00a0 \u00a0 \u00a0 \u00a0 \u00a0 Educaci\u00f3 B\u00e0sica 2n\u00a0 \u00a0 \u00a0 \u00a0Educaci\u00f3 B\u00e0sica 5\u00e8<\/p>\n<p>Educaci\u00f3 Infantil I5\u00a0 \u00a0 \u00a0 \u00a0 \u00a0 Educaci\u00f3 B\u00e0sica 3r\u00a0 \u00a0 \u00a0 \u00a0 Educaci\u00f3 B\u00e0sica 6\u00e8<\/p>\n<p>&nbsp;<\/p>\n<p>&nbsp;<\/p>\n<p>&nbsp;<\/p>\n<p>&nbsp;<\/p>\n","protected":false},"excerpt":{"rendered":"<p>Som una escola d&#8217;educaci\u00f3 infantil i b\u00e0sica. Els nostres alumnes inicien l&#8217;escolaritat als tres anys i la finalitzen als dotze.<br \/>\nEducaci\u00f3 Infantil I3\u00a0 \u00a0 \u00a0 \u00a0 \u00a0 Educaci\u00f3 B\u00e0sica 1r\u00a0 \u00a0 \u00a0 \u00a0 Educaci\u00f3 B\u00e0sica 4t<br \/>\nEducaci\u00f3 Infantil I4\u00a0 \u00a0 \u00a0 \u00a0 \u00a0 Educaci\u00f3 B\u00e0sica 2n\u00a0 \u00a0&hellip;  <a href=\"https:\/\/agora.xtec.cat\/ceiptiana\/lescola\/oferta-educativa\/\" title=\"Read Oferta educativa\">Llegeix m\u00e9s\u00bb<\/a><\/p>\n","protected":false},"author":2,"featured_media":0,"parent":22,"menu_order":60,"comment_status":"closed","ping_status":"closed","template":"page-templates\/side-menu.php","meta":{"_bbp_topic_count":0,"_bbp_reply_count":0,"_bbp_total_topic_count":0,"_bbp_total_reply_count":0,"_bbp_voice_count":0,"_bbp_anonymous_reply_count":0,"_bbp_topic_count_hidden":0,"_bbp_reply_count_hidden":0,"_bbp_forum_subforum_count":0,"footnotes":""},"class_list":["post-34","page","type-page","status-publish","hentry"],"post_mailing_queue_ids":[],"_links":{"self":[{"href":"https:\/\/agora.xtec.cat\/ceiptiana\/wp-json\/wp\/v2\/pages\/34","targetHints":{"allow":["GET"]}}],"collection":[{"href":"https:\/\/agora.xtec.cat\/ceiptiana\/wp-json\/wp\/v2\/pages"}],"about":[{"href":"https:\/\/agora.xtec.cat\/ceiptiana\/wp-json\/wp\/v2\/types\/page"}],"author":[{"embeddable":true,"href":"https:\/\/agora.xtec.cat\/ceiptiana\/wp-json\/wp\/v2\/users\/2"}],"replies":[{"embeddable":true,"href":"https:\/\/agora.xtec.cat\/ceiptiana\/wp-json\/wp\/v2\/comments?post=34"}],"version-history":[{"count":5,"href":"https:\/\/agora.xtec.cat\/ceiptiana\/wp-json\/wp\/v2\/pages\/34\/revisions"}],"predecessor-version":[{"id":9613,"href":"https:\/\/agora.xtec.cat\/ceiptiana\/wp-json\/wp\/v2\/pages\/34\/revisions\/9613"}],"up":[{"embeddable":true,"href":"https:\/\/agora.xtec.cat\/ceiptiana\/wp-json\/wp\/v2\/pages\/22"}],"wp:attachment":[{"href":"https:\/\/agora.xtec.cat\/ceiptiana\/wp-json\/wp\/v2\/media?parent=34"}],"curies":[{"name":"wp","href":"https:\/\/api.w.org\/{rel}","templated":true}]}}