{"id":28,"date":"2014-09-18T12:29:35","date_gmt":"2014-09-18T12:29:35","guid":{"rendered":"http:\/\/agora.xtec.cat\/ceiptiana\/?page_id=28"},"modified":"2024-12-13T13:03:12","modified_gmt":"2024-12-13T12:03:12","slug":"consell-escolar","status":"publish","type":"page","link":"https:\/\/agora.xtec.cat\/ceiptiana\/lescola\/consell-escolar\/","title":{"rendered":"Consell Escolar"},"content":{"rendered":"<p style=\"text-align: justify;\">El Consell Escolar \u00e9s l\u2019\u00f2rgan de participaci\u00f3 de la comunitat escolar en el control i gesti\u00f3 dels centres docents, amb funcions en l\u2019\u00e0mbit de la programaci\u00f3 general i en el seguiment i avaluaci\u00f3 de les seves activitats. \u00c9s l\u2019\u00f2rgan de m\u00e0xima decisi\u00f3, on hi s\u00f3n representats tots els estaments de l&#8217;Escola: pares, mestres, personal no docent i un representant de l&#8217;Ajuntament. Els seus membres s\u00f3n escollits pels sectors corresponents i democr\u00e0ticament cada quatre anys.<\/p>\n<p>Composici\u00f3 actual del Consell Escolar:<\/p>\n<p><strong><u>Mestres<\/u><\/strong><strong>:\u00a0\u00a0\u00a0\u00a0\u00a0\u00a0\u00a0\u00a0\u00a0\u00a0\u00a0\u00a0\u00a0\u00a0\u00a0\u00a0\u00a0\u00a0\u00a0\u00a0\u00a0\u00a0\u00a0\u00a0\u00a0\u00a0\u00a0\u00a0\u00a0\u00a0\u00a0\u00a0\u00a0\u00a0\u00a0\u00a0\u00a0\u00a0\u00a0\u00a0\u00a0\u00a0\u00a0\u00a0\u00a0\u00a0 \u00a0\u00a0\u00a0\u00a0\u00a0\u00a0\u00a0 \u00a0\u00a0\u00a0\u00a0\u00a0\u00a0\u00a0\u00a0\u00a0 <u>Pares:<\/u>\u00a0 \u00a0 \u00a0 \u00a0 \u00a0 \u00a0 \u00a0 \u00a0 \u00a0 \u00a0 \u00a0 \u00a0 \u00a0 \u00a0 \u00a0 \u00a0 \u00a0 \u00a0 \u00a0 \u00a0 \u00a0 \u00a0 \u00a0 \u00a0 \u00a0<u>Representant de l&#8217;AMPA:<\/u><\/strong><\/p>\n<p>S\u00edlvia Bellido\u00a0 \u00a0 \u00a0 \u00a0 \u00a0 \u00a0 \u00a0 \u00a0 \u00a0 \u00a0 \u00a0 \u00a0 \u00a0 \u00a0 \u00a0 \u00a0 \u00a0 \u00a0 \u00a0 \u00a0 \u00a0 \u00a0 \u00a0 \u00a0 \u00a0 \u00a0 \u00a0 \u00a0 \u00a0<span style=\"font-family: inherit; font-size: 1em;\">\u00a0Juan Ib\u00e1\u00f1ez\u00a0 \u00a0 \u00a0 \u00a0 \u00a0 \u00a0 \u00a0 \u00a0 \u00a0 \u00a0 \u00a0 \u00a0 \u00a0 \u00a0 \u00a0 \u00a0 \u00a0 \u00a0 \u00a0 \u00a0 \u00a0\u00c1ngel P\u00e9rez<\/span><\/p>\n<p>Joan Figueroa\u00a0 \u00a0 \u00a0 \u00a0 \u00a0 \u00a0 \u00a0 \u00a0 \u00a0 \u00a0 \u00a0 \u00a0 \u00a0 \u00a0 \u00a0 \u00a0 \u00a0 \u00a0 \u00a0 \u00a0 \u00a0 \u00a0 \u00a0 \u00a0 \u00a0 \u00a0 \u00a0 \u00a0 Aurora Lacruz<\/p>\n<p>Francisco Inglada\u00a0 \u00a0 \u00a0 \u00a0 \u00a0 \u00a0 \u00a0 \u00a0 \u00a0 \u00a0 \u00a0 \u00a0 \u00a0 \u00a0 \u00a0 \u00a0 \u00a0 \u00a0 \u00a0 \u00a0 \u00a0 \u00a0 \u00a0 \u00a0 \u00a0 Ra\u00fal Lozano<\/p>\n<p>Luisa Reverter\u00a0 \u00a0 \u00a0 \u00a0 \u00a0 \u00a0 \u00a0 \u00a0 \u00a0 \u00a0 \u00a0 \u00a0 \u00a0 \u00a0 \u00a0 \u00a0 \u00a0 \u00a0 \u00a0 \u00a0 \u00a0 \u00a0 \u00a0 \u00a0 \u00a0 \u00a0 \u00a0 \u00a0 Maria del Carmen Ortigosa<\/p>\n<p>M\u00f2nica Soto<\/p>\n<p><strong><u>Equip directiu<\/u><\/strong><strong>: <\/strong><\/p>\n<p>Olga Garcia<\/p>\n<p>Mar Romero<\/p>\n<p>Ana Morillo<\/p>\n<p><strong><u>Personal no docent:<\/u><\/strong><\/p>\n<p>Cristina Garcia<\/p>\n<p><strong><u>Ajuntament<\/u><\/strong><strong>:<\/strong><\/p>\n<p>\u00d3scar L\u00f3pez<\/p>\n","protected":false},"excerpt":{"rendered":"<p>El Consell Escolar \u00e9s l\u2019\u00f2rgan de participaci\u00f3 de la comunitat escolar en el control i gesti\u00f3 dels centres docents, amb funcions en l\u2019\u00e0mbit de la programaci\u00f3 general i en el seguiment i avaluaci\u00f3 de les seves activitats. \u00c9s l\u2019\u00f2rgan de m\u00e0xima decisi\u00f3, on hi s\u00f3n&hellip;  <a href=\"https:\/\/agora.xtec.cat\/ceiptiana\/lescola\/consell-escolar\/\" title=\"Read Consell Escolar\">Llegeix m\u00e9s\u00bb<\/a><\/p>\n","protected":false},"author":2,"featured_media":0,"parent":22,"menu_order":30,"comment_status":"closed","ping_status":"closed","template":"page-templates\/side-menu.php","meta":{"_bbp_topic_count":0,"_bbp_reply_count":0,"_bbp_total_topic_count":0,"_bbp_total_reply_count":0,"_bbp_voice_count":0,"_bbp_anonymous_reply_count":0,"_bbp_topic_count_hidden":0,"_bbp_reply_count_hidden":0,"_bbp_forum_subforum_count":0,"footnotes":""},"class_list":["post-28","page","type-page","status-publish","hentry"],"post_mailing_queue_ids":[],"_links":{"self":[{"href":"https:\/\/agora.xtec.cat\/ceiptiana\/wp-json\/wp\/v2\/pages\/28","targetHints":{"allow":["GET"]}}],"collection":[{"href":"https:\/\/agora.xtec.cat\/ceiptiana\/wp-json\/wp\/v2\/pages"}],"about":[{"href":"https:\/\/agora.xtec.cat\/ceiptiana\/wp-json\/wp\/v2\/types\/page"}],"author":[{"embeddable":true,"href":"https:\/\/agora.xtec.cat\/ceiptiana\/wp-json\/wp\/v2\/users\/2"}],"replies":[{"embeddable":true,"href":"https:\/\/agora.xtec.cat\/ceiptiana\/wp-json\/wp\/v2\/comments?post=28"}],"version-history":[{"count":6,"href":"https:\/\/agora.xtec.cat\/ceiptiana\/wp-json\/wp\/v2\/pages\/28\/revisions"}],"predecessor-version":[{"id":9790,"href":"https:\/\/agora.xtec.cat\/ceiptiana\/wp-json\/wp\/v2\/pages\/28\/revisions\/9790"}],"up":[{"embeddable":true,"href":"https:\/\/agora.xtec.cat\/ceiptiana\/wp-json\/wp\/v2\/pages\/22"}],"wp:attachment":[{"href":"https:\/\/agora.xtec.cat\/ceiptiana\/wp-json\/wp\/v2\/media?parent=28"}],"curies":[{"name":"wp","href":"https:\/\/api.w.org\/{rel}","templated":true}]}}